{"id":1145,"date":"2024-06-25T03:04:54","date_gmt":"2024-06-25T02:04:54","guid":{"rendered":"https:\/\/innhanh.ai\/?post_type=product&#038;p=1145"},"modified":"2025-01-09T11:06:51","modified_gmt":"2025-01-09T11:06:51","slug":"in-nhanh-decal-tem-nhan-nong-san","status":"publish","type":"product","link":"https:\/\/innhanh.ai\/index.php\/product\/in-nhanh-decal-tem-nhan-nong-san\/","title":{"rendered":"IN NHANH DECAL TEM NH\u00c3N N\u00d4NG S\u1ea2N"},"content":{"rendered":"<h1 style=\"text-align: center;\"><span style=\"font-size: 110%; color: #000000;\"><strong>TH\u00d4NG TIN S\u1ea2N PH\u1ea8M :<\/strong><\/span><\/h1>\n<h3><span style=\"font-size: 110%; color: #000000;\"><strong><span id=\"Tem_nhan_la_gi_In_tem_nhan_la_gi\">Tem nh\u00e3n n\u00f4ng s\u1ea3n l\u00e0 g\u00ec?<\/span><\/strong><\/span><\/h3>\n<p><span style=\"font-size: 110%; color: #000000;\"><strong>Tem nh\u00e3n<\/strong>\u00a0L\u00e0 m\u1ed9t mi\u1ebfng c\u00f3 k\u00edch th\u01b0\u1edbc nh\u1ecf \u0111\u01b0\u1ee3c l\u00e0m t\u1eeb nh\u1eefng ch\u1ea5t li\u1ec7u decal nh\u01b0:\u00a0In decal s\u1eefa, decal gi\u1ea5y, decal ph\u1ea3n quang, decal xi b\u1ea1c, decal trong,\u2026 Th\u00f4ng th\u01b0\u1eddng tem nh\u00e3n \u0111\u01b0\u1ee3c d\u00e1n tr\u00ean c\u00e1c lo\u1ea1i s\u1ea3n ph\u1ea9m \u0111\u1ec3 cung c\u1ea5p th\u00f4ng tin v\u1ec1 s\u1ea3n ph\u1ea9m, th\u00f4ng tin c\u1ee7a c\u00f4ng ty, doanh nghi\u1ec7p cung c\u1ea5p s\u1ea3n ph\u1ea9m \u0111\u00f3. B\u00ean c\u1ea1nh \u0111\u00f3, tem nh\u00e3n c\u00f2n \u0111\u01b0\u1ee3c d\u00e1n trang tr\u00ed cho nh\u1eefng \u0111\u1ed3 v\u1eadt nh\u01b0: B\u00e0n h\u1ecdc, xe h\u01a1i, xe m\u00e1y, laptop, k\u00ednh, t\u01b0\u1eddng,\u2026 Ho\u1eb7c d\u00e1n l\u00ean c\u00e1nh tay, m\u1eb7t c\u1ee7a nh\u1eefng ng\u01b0\u1eddi tham gia s\u1ef1 ki\u1ec7n th\u1ec3 thao, sinh nh\u1eadt, \u0111\u00e1m c\u01b0\u1edbi,\u2026<\/span><\/p>\n<p><span style=\"font-size: 110%; color: #000000;\"><strong>In tem nh\u00e3n l\u00e0 g\u00ec?<\/strong> L\u00e0 qu\u00e1 tr\u00ecnh in nh\u1eefng v\u0103n b\u1ea3n, hoa v\u0103n, logo, h\u00ecnh \u1ea3nh l\u00ean c\u00e1c ch\u1ea5t li\u1ec7u decal b\u1eb1ng m\u00e1y in k\u1ef9 thu\u1eadt s\u1ed1, m\u00e1y in UV, m\u00e1y in Felxo, m\u00e1y in Offset ho\u1eb7c m\u00e1y in \u1ed1ng \u0111\u1ed3ng. Tem nh\u00e3n th\u01b0\u1eddng \u0111\u01b0\u1ee3c in tr\u00ean nh\u1eefng kh\u1ed5 decal c\u00f3 k\u00edch th\u01b0\u1edbc A4, A2, A0,\u2026 ho\u1eb7c l\u1edbn h\u01a1n, sau \u0111\u00f3 ti\u1ebfn h\u00e0nh b\u1ebf r\u1eddi ho\u1eb7c b\u1ebf \u0111\u1ee9t \u0111\u1ec3 d\u1ec5 b\u00f3c t\u00e1ch s\u1eed d\u1ee5ng, \u0111\u1ed3ng th\u1eddi gi\u00fap cho s\u1ea3n ph\u1ea9m in \u0111\u01b0\u1ee3c tr\u1edf n\u00ean ho\u00e0n thi\u1ec7n h\u01a1n.<\/span><\/p>\n<p><span style=\"font-size: 110%; color: #000000;\"><strong>TEM NH\u00c3N N\u00d4NG S\u1ea2N<\/strong> l\u00e0 ph\u01b0\u01a1ng ti\u00ean tr\u1ef1c ti\u1ebfp truy\u1ec1n t\u1ea3i th\u00f4ng tin c\u0169ng nh\u01b0 t\u00ednh minh b\u1ea1ch c\u1ee7a m\u1eb7t h\u00e0ng n\u00f4ng s\u1ea3n c\u1ee7a b\u1ea1n t\u1edbi kh\u00e1ch h\u00e0ng nh\u1eb1m t\u0103ng \u0111\u1ed9 tin c\u1eady v\u00e0 x\u00e2y d\u1ef1ng l\u00f2ng tin \u1edf ng\u01b0\u1eddi ti\u00eau d\u00f9ng. Kh\u00f4ng ch\u1ec9 th\u1ebf, tem nh\u00e3n n\u00f4ng s\u1ea3n c\u00f2n gi\u00fap kh\u00e1ch h\u00e0ng l\u01b0u tr\u1eef th\u00f4ng tin ng\u01b0\u1eddi cung c\u1ea5p \u0111\u1ec3 ti\u1ec7n cho vi\u1ec7c li\u00ean h\u1ec7 v\u00e0 mua b\u00e1n sau n\u00e0y.<\/span><\/p>\n<p><img decoding=\"async\" loading=\"lazy\" class=\"alignnone wp-image-1897\" src=\"http:\/\/innhanh.ai\/wp-content\/uploads\/2024\/06\/449454384_122113662518344837_4590937213812684917_n.jpg\" alt=\"\" width=\"393\" height=\"393\" \/> <img decoding=\"async\" loading=\"lazy\" class=\"alignnone wp-image-1898\" src=\"http:\/\/innhanh.ai\/wp-content\/uploads\/2024\/06\/449216707_122113662542344837_2909873462673542071_n.jpg\" alt=\"\" width=\"396\" height=\"396\" \/> <img decoding=\"async\" loading=\"lazy\" class=\"alignnone wp-image-1899\" src=\"http:\/\/innhanh.ai\/wp-content\/uploads\/2024\/06\/449031830_122113662008344837_2044563798855585253_n.jpg\" alt=\"\" width=\"393\" height=\"393\" \/><\/p>\n<p><span style=\"font-size: 110%; color: #000000;\"><img decoding=\"async\" loading=\"lazy\" class=\"alignnone wp-image-1779\" src=\"http:\/\/innhanh.ai\/wp-content\/uploads\/2024\/06\/giai-phap-tem-nhan-mac-cho-nong-san-1.jpg\" alt=\"\" width=\"1239\" height=\"929\" \/><\/span><\/p>\n<h3><span style=\"font-size: 110%; color: #000000;\"><strong>VAI TR\u00d2 C\u1ee6A TEM N\u00d4NG S\u1ea2N:<\/strong><\/span><\/h3>\n<p><span style=\"font-size: 110%; color: #000000;\"><strong>Tem n\u00f4ng s\u1ea3n<\/strong> \u0111\u00f3ng vai tr\u00f2 quan tr\u1ecdng trong vi\u1ec7c \u0111\u1ea3m b\u1ea3o ch\u1ea5t l\u01b0\u1ee3ng, an to\u00e0n th\u1ef1c ph\u1ea9m v\u00e0 b\u1ea3o v\u1ec7 quy\u1ec1n l\u1ee3i ng\u01b0\u1eddi ti\u00eau d\u00f9ng cung nh\u01b0 l\u00e0 qu\u00e3ng b\u00e1 h\u00ecnh \u1ea3nh th\u01b0\u01a1ng hi\u1ec7u t\u1edbi ng\u01b0\u1eddi ti\u00eau d\u1ee5ng m\u1ed9t c\u00e1ch hi\u1ec7u qu\u1ea3 nh\u1ea5t. D\u01b0\u1edbi \u0111\u00e2y l\u00e0 m\u1ed9t s\u1ed1 vai tr\u00f2 c\u1ee5 th\u1ec3:<\/span><\/p>\n<p><span style=\"font-size: 110%; color: #000000;\"><img decoding=\"async\" loading=\"lazy\" class=\"alignnone wp-image-1780\" src=\"http:\/\/innhanh.ai\/wp-content\/uploads\/2024\/06\/262819369_1090957528308147_1733091843170250877_n-3.jpg\" alt=\"\" width=\"543\" height=\"594\" \/><img decoding=\"async\" loading=\"lazy\" class=\"alignnone wp-image-1778\" src=\"http:\/\/innhanh.ai\/wp-content\/uploads\/2024\/06\/tem-dan-hu-nhua-3.jpg\" alt=\"\" width=\"660\" height=\"594\" \/><\/span><\/p>\n<h4><span style=\"font-size: 110%; color: #000000;\"><strong>\u0110\u1ed0I V\u1edaI NG\u01af\u1edcI TI\u00caU D\u00d9NG:<\/strong><\/span><\/h4>\n<ul>\n<li><span style=\"font-size: 110%; color: #000000;\"><strong>T\u0103ng c\u01b0\u1eddng ni\u1ec1m tin v\u00e0o ch\u1ea5t l\u01b0\u1ee3ng s\u1ea3n ph\u1ea9m:<\/strong> Tem n\u00f4ng s\u1ea3n gi\u00fap ng\u01b0\u1eddi ti\u00eau d\u00f9ng c\u00f3 th\u1ec3 truy c\u1eadp th\u00f4ng tin chi ti\u1ebft v\u1ec1 s\u1ea3n ph\u1ea9m nh\u01b0 ngu\u1ed3n g\u1ed1c xu\u1ea5t x\u1ee9, quy tr\u00ecnh s\u1ea3n xu\u1ea5t, thu ho\u1ea1ch, b\u1ea3o qu\u1ea3n, ph\u00e2n ph\u1ed1i,\u2026 t\u1eeb \u0111\u00f3 \u0111\u01b0a ra l\u1ef1a ch\u1ecdn mua h\u00e0ng s\u00e1ng su\u1ed1t v\u00e0 an t\u00e2m h\u01a1n.<\/span><\/li>\n<\/ul>\n<p><span style=\"font-size: 110%; color: #000000;\"><img decoding=\"async\" loading=\"lazy\" class=\"alignnone wp-image-1781\" src=\"http:\/\/innhanh.ai\/wp-content\/uploads\/2024\/06\/WIN_20211121_21_23_38_Pro.jpg\" alt=\"\" width=\"1316\" height=\"964\" \/><img decoding=\"async\" loading=\"lazy\" class=\"alignnone wp-image-1786\" src=\"http:\/\/innhanh.ai\/wp-content\/uploads\/2024\/06\/hop_nhua_dung_3_trai_tao_1_8d42974282e144aaaf03e4107e8e9946_master.jpg\" alt=\"\" width=\"1320\" height=\"701\" \/> <img decoding=\"async\" loading=\"lazy\" class=\"alignnone wp-image-1787\" src=\"http:\/\/innhanh.ai\/wp-content\/uploads\/2024\/06\/96204_tao-envy-size-70-1566815758-1.jpg\" alt=\"\" width=\"1362\" height=\"1362\" \/><\/span><\/p>\n<ul>\n<li><span style=\"font-size: 110%; color: #000000;\"><strong>B\u1ea3o v\u1ec7 s\u1ee9c kh\u1ecfe:<\/strong> Tem n\u00f4ng s\u1ea3n ng\u01b0\u1eddi ti\u00eau d\u00f9ng d\u1ec5 d\u00e0ng nh\u1eadn bi\u1ebft v\u00e0 tr\u00e1nh mua ph\u1ea3i h\u00e0ng gi\u1ea3, h\u00e0ng nh\u00e1i, h\u00e0ng k\u00e9m ch\u1ea5t l\u01b0\u1ee3ng, h\u00e0ng kh\u00f4ng r\u00f5 ngu\u1ed3n g\u1ed1c xu\u1ea5t x\u1ee9, \u0111\u1ea3m b\u1ea3o an to\u00e0n cho s\u1ee9c kh\u1ecfe.<\/span><\/li>\n<li><span style=\"font-size: 110%; color: #000000;\"><strong>G\u00f3p ph\u1ea7n b\u1ea3o v\u1ec7 m\u00f4i tr\u01b0\u1eddng:<\/strong> Tem n\u00f4ng s\u1ea3n gi\u00fap truy xu\u1ea5t ngu\u1ed3n g\u1ed1c s\u1ea3n ph\u1ea9m, t\u1eeb \u0111\u00f3 c\u00f3 th\u1ec3 x\u1eed l\u00fd vi ph\u1ea1m v\u1ec1 an to\u00e0n th\u1ef1c ph\u1ea9m, b\u1ea3o v\u1ec7 m\u00f4i tr\u01b0\u1eddng m\u1ed9t c\u00e1ch hi\u1ec7u qu\u1ea3.<\/span><\/li>\n<li><span style=\"font-size: 110%; color: #000000;\"><strong>Qu\u1ea3ng b\u00e1 h\u00ecnh \u1ea3nh<\/strong> th\u01b0\u01a1ng hi\u1ec7u s\u1ea3n ph\u1ea9m n\u00f4ng s\u1ea3n m\u1ed9t c\u00e1ch nhanh ch\u00f3ng v\u00e0 hi\u1ec7u qu\u1ea3.<\/span><\/li>\n<li><span style=\"font-size: 110%; color: #000000;\"><b>Thu h\u00fat ng\u01b0\u1eddi ti\u00eau d\u00f9ng<\/b>M\u1ed9t nghi\u00ean c\u1ee9u cho th\u1ea5y c\u00f3 \u0111\u1ebfn 72% kh\u00e1ch h\u00e0ng n\u00f3i r\u1eb1ng h\u1ecd ch\u1ea5p nh\u1eadn tr\u1ea3 20% cao h\u01a1n so v\u1edbi th\u01b0\u01a1ng hi\u1ec7u kh\u00e1c khi h\u1ecd ch\u1ecdn mua th\u01b0\u01a1ng hi\u1ec7u m\u00e0 h\u1ecd y\u00eau th\u00edch. Trong khi 50% kh\u00e1ch h\u00e0ng ch\u1ea5p nh\u1eadn tr\u1ea3 25% cao h\u01a1n v\u00e0 40% kh\u00e1ch h\u00e0ng ch\u1ecbu tr\u1ea3 \u0111\u1ebfn 30% cao h\u01a1n. 25% kh\u00e1ch h\u00e0ng n\u00f3i gi\u00e1 c\u1ea3 kh\u00f4ng th\u00e0nh v\u1ea5n \u0111\u1ec1 m\u1ed9t khi h\u1ecd \u0111\u00e3 t\u00edn nhi\u1ec7m v\u00e0 trung th\u00e0nh v\u1edbi m\u1ed9t th\u01b0\u01a1ng hi\u1ec7u. H\u01a1n 70% kh\u00e1ch h\u00e0ng n\u00f3i th\u01b0\u01a1ng hi\u1ec7u l\u00e0 m\u1ed9t trong nh\u1eefng y\u1ebfu t\u1ed1 m\u00e0 h\u1ecd c\u00e2n nh\u1eafc khi ch\u1ecdn mua m\u1ed9t s\u1ea3n ph\u1ea9m, d\u1ecbch v\u1ee5 v\u00e0 h\u01a1n 50% th\u01b0\u01a1ng v\u1ee5 th\u1ef1c s\u1ef1 l\u00e0 do s\u1ef1 l\u1ef1a ch\u1ecdn th\u01b0\u01a1ng hi\u1ec7u.<\/span><br \/>\n<span style=\"font-size: 110%; color: #000000;\">30% s\u1ed1 th\u01b0\u01a1ng v\u1ee5 \u0111\u01b0\u1ee3c ho\u00e0n t\u1ea5t d\u1ef1a tr\u00ean s\u1ef1 gi\u1edbi thi\u1ec7u c\u1ee7a \u0111\u1ed3ng nghi\u1ec7p.- 50% ng\u01b0\u1eddi ti\u00eau d\u00f9ng tin r\u1eb1ng s\u1ef1 th\u00e0nh c\u00f4ng c\u1ee7a m\u1ed9t th\u01b0\u01a1ng hi\u1ec7u m\u1ea1nh l\u00e0 l\u1ee3i th\u1ebf \u0111\u1ed1i v\u1edbi vi\u1ec7c \u0111\u01b0a ra th\u1ecb tr\u01b0\u1eddng th\u00eam s\u1ea3n ph\u1ea9m m\u1edbi v\u00e0 h\u1ecd s\u1eb5n s\u00e0ng d\u00f9ng th\u1eed s\u1ea3n ph\u1ea9m m\u1edbi c\u1ee7a m\u1ed9t th\u01b0\u01a1ng hi\u1ec7u m\u00e0 h\u1ecd \u0111\u00e3 t\u00edn nhi\u1ec7m.<\/span><\/li>\n<\/ul>\n<p><span style=\"font-size: 110%; color: #000000;\"><img decoding=\"async\" loading=\"lazy\" class=\"alignnone wp-image-1147\" src=\"http:\/\/innhanh.ai\/wp-content\/uploads\/2024\/06\/in-tem-nhan-dan-1-1.jpg\" alt=\"\" width=\"1579\" height=\"656\" \/><\/span><\/p>\n<p><span style=\"font-size: 110%; color: #000000;\"><strong>\u2013 Ch\u1ea5t li\u1ec7u<\/strong> gi\u1ea5y decal c\u00f3 \u0111\u1ed9 b\u00e1m d\u00ednh t\u1ed1t.<\/span><\/p>\n<p><span style=\"font-size: 110%; color: #000000;\"><b>\u2013\u00a0<span lang=\"VI\">In Decal gi\u1ea5y<\/span><\/b>\u00a0\u0111\u01b0\u1ee3c in v\u1edbi k\u1ef9 thu\u1eadt in nhanh tr\u00ean c\u00e1c d\u00f2ng m\u00e1y in nhanh hi\u1ec7n \u0111\u1ea1i m\u00e0u s\u1eafc chu\u1ea9n .<\/span><\/p>\n<p><span style=\"font-size: 110%; color: #000000;\"><b>\u2013\u00a0<span lang=\"VI\">C\u00e1n M\u00e0ng\u00a0 <\/span><\/b>decal sau khi in xong s\u1ebd \u0111\u01b0\u1ee3c c\u00e1n m\u00e0ng m\u1edd,<span lang=\"VI\">\u00a0c\u00e1n m\u00e0ng b\u00f3ng theo y\u00eau c\u1ea7u c\u1ee7a kh\u00e1ch h\u00e0ng\u00a0<\/span>\u00a0gi\u00fap t\u0103ng \u0111\u1ed9 b\u1ec1n c\u0169ng nh\u01b0 v\u1ebb \u0111\u1eb9p cho\u00a0<span lang=\"VI\">nh\u00e3n d\u00e1n<\/span>.<\/span><\/p>\n<p><span style=\"font-size: 110%; color: #000000;\"><strong><b>\u2013\u00a0 <\/b>B\u1ebf Bemi<\/strong>\u00a0theo y\u00eau c\u1ea7u gi\u00fap kh\u00e1ch h\u00e0ng d\u1ec5 d\u00e0ng b\u00f3c t\u00e1ch ra \u0111\u1ec3 d\u00e1n l\u00ean s\u1ea3n ph\u1ea9m m\u1ed9t c\u00e1ch nhanh nh\u1ea5t .<\/span><\/p>\n<ul>\n<li><span style=\"font-size: 110%; color: #000000;\">B\u1ebf theo d\u1ea1ng\u00a0 h\u00ecnh tr\u00f2n:\u00a0<img decoding=\"async\" loading=\"lazy\" class=\"alignnone wp-image-797\" src=\"http:\/\/innhanh.ai\/wp-content\/uploads\/2023\/09\/hinh-tron-aiprint.png\" alt=\"\" width=\"49\" height=\"49\" \/>\u00a0 K\u00edch th\u01b0\u1edbc (cm) : 2\u00d72; 3\u00d73; 4\u00d74; 5\u00d75; 6\u00d76;\u2026 k\u00edch th\u01b0\u1edbc theo file.<\/span><\/li>\n<li><span style=\"font-size: 110%; color: #000000;\">B\u1ebf theo d\u1ea1ng\u00a0 h\u00ecnh vu\u00f4ng :\u00a0<img decoding=\"async\" loading=\"lazy\" class=\"alignnone wp-image-798\" src=\"http:\/\/innhanh.ai\/wp-content\/uploads\/2023\/09\/hinh-vuong-aiprint.png\" alt=\"\" width=\"52\" height=\"52\" \/>\u00a0 \u00a0 K\u00edch th\u01b0\u1edbc (cm) : 2\u00d72; 3\u00d73; 4\u00d74; 5\u00d75; 6\u00d76;\u2026 k\u00edch th\u01b0\u1edbc theo file.<\/span><\/li>\n<li><span style=\"font-size: 110%; color: #000000;\">B\u1ebf theo d\u1ea1ng\u00a0 h\u00ecnh ch\u1eef nh\u1eadt :<img decoding=\"async\" loading=\"lazy\" class=\"alignnone wp-image-799\" src=\"http:\/\/innhanh.ai\/wp-content\/uploads\/2023\/09\/hinh-chu-nhat-aiprint.png\" alt=\"\" width=\"55\" height=\"55\" \/>\u00a0 K\u00edch th\u01b0\u1edbc : (cm) 11\u00d77; 12\u00d77; 14.5\u00d79; 19\u00d712; 4\u00d72; 5\u00d73; 6\u00d74; 7\u00d75; ;7\u00d72; 8\u00d76 ..<\/span><\/li>\n<li><span style=\"font-size: 110%; color: #000000;\">B\u1ebf\u00a0 h\u00ecnh theo file kh\u00e1ch h\u00e0ng\u00a0 :\u00a0\u00a0<img decoding=\"async\" loading=\"lazy\" class=\"alignnone wp-image-800\" src=\"http:\/\/innhanh.ai\/wp-content\/uploads\/2023\/09\/hinh-theo-file-aiprint.png\" alt=\"\" width=\"72\" height=\"72\" \/>\u00a0k\u00edch th\u01b0\u1edbc (cm) : theo y\u00eau c\u1ea7u.<\/span><\/li>\n<\/ul>\n<p><img decoding=\"async\" loading=\"lazy\" class=\"alignnone size-full wp-image-2453\" src=\"http:\/\/innhanh.ai\/wp-content\/uploads\/2024\/07\/tran-vien-01.jpg\" alt=\"\" width=\"2481\" height=\"1589\" \/><\/p>\n<p><span style=\"font-size: 110%; color: #000000;\"><img decoding=\"async\" loading=\"lazy\" class=\"alignnone wp-image-1782\" src=\"http:\/\/innhanh.ai\/wp-content\/uploads\/2024\/06\/thiet-ke-in-tem-dan-trai-cay-an-tuong.jpg\" alt=\"\" width=\"1429\" height=\"930\" \/><\/span><\/p>\n<h3><span id=\"Quy_trinh_in_tem_nhan\" style=\"font-size: 110%; color: #000000;\">Quy tr\u00ecnh in tem nh\u00e3n<\/span><\/h3>\n<p><span style=\"font-size: 110%; color: #000000;\">D\u01b0\u1edbi \u0111\u00e2y l\u00e0 quy tr\u00ecnh s\u1ea3n xu\u1ea5t tem nh\u00e3n tr\u00ean nh\u1eefng lo\u1ea1i m\u00e1y in \u0111\u01b0\u1ee3c s\u1eed d\u1ee5ng ph\u1ed5 bi\u1ebfn:<\/span><\/p>\n<h4><span style=\"font-size: 110%; color: #000000;\"><span id=\"1_May_in_ky_thuat_so\">&#8211; M\u00e1y in k\u1ef9 thu\u1eadt s\u1ed1: <\/span>Qu\u00e1 tr\u00ecnh in tem nh\u00e3n tr\u00ean m\u00e1y in k\u1ef9 thu\u1eadt s\u1ed1 th\u01b0\u1eddng \u0111\u01b0\u1ee3c di\u1ec5n ra kh\u00e1 nhanh ch\u00f3ng:<\/span><\/h4>\n<ul>\n<li><span style=\"font-size: 110%; color: #000000;\"><strong>B\u01b0\u1edbc 1:<\/strong>\u00a0Chu\u1ea9n b\u1ecb m\u1eabu file in tem nh\u00e3n.<\/span><\/li>\n<li><span style=\"font-size: 110%; color: #000000;\"><strong>B\u01b0\u1edbc 2:<\/strong>\u00a0Chu\u1ea9n b\u1ecb ch\u1ea5t li\u1ec7u in tem nh\u00e3n:\u00a0In decal trong, decal nh\u1ef1a, decal ph\u1ea3n quang, decal s\u1eefa,\u2026<\/span><\/li>\n<li><span style=\"font-size: 110%; color: #000000;\"><strong>B\u01b0\u1edbc 3:<\/strong> Chu\u1ea9n b\u1ecb m\u1ef1c in: M\u1ef1c d\u1ea7u, m\u1ef1c n\u01b0\u1edbc, m\u1ef1c b\u1ed9t laser ..<\/span><\/li>\n<li><span style=\"font-size: 110%; color: #000000;\"><strong>B\u01b0\u1edbc 4:<\/strong>\u00a0K\u1ebft n\u1ed1i m\u1eabu file in tem nh\u00e3n \u0111\u1ebfn m\u00e1y in, \u0111i\u1ec1u ch\u1ec9nh v\u1ecb tr\u00ed ch\u1ea5t li\u1ec7u decal \u1edf m\u00e1y in sao cho ph\u00f9 h\u1ee3p, n\u1ea1p m\u1ef1c in v\u00e0o m\u00e1y.<\/span><\/li>\n<li><span style=\"font-size: 110%; color: #000000;\"><strong>B\u01b0\u1edbc 5:<\/strong>\u00a0Nh\u00e2n vi\u00ean c\u00e0i \u0111\u1eb7t ch\u1ebf \u0111\u1ed9 in \u1ea5n v\u1ec1 s\u1ed1 l\u01b0\u1ee3ng in, k\u00edch th\u01b0\u1edbc in tem nh\u00e3n,\u2026 sau \u0111\u00f3 \u0111\u1eb7t l\u1ec7nh in. M\u00e1y\u00a0in k\u1ef9 thu\u1eadt s\u1ed1\u00a0s\u1ebd ti\u1ebfn h\u00e0nh ph\u00e2n t\u00edch m\u00e0u, pha m\u00e0u CMYK m\u1ed9t c\u00e1ch t\u1ef1 \u0111\u1ed9ng, x\u1eed l\u00fd m\u1eabu file in tem nh\u00e3n,\u2026 sau \u0111\u00f3 ti\u1ebfn h\u00e0nh in \u1ea5n.<\/span><\/li>\n<li><span style=\"font-size: 110%; color: #000000;\"><strong>B\u01b0\u1edbc 6:<\/strong>\u00a0Trong qu\u00e1 tr\u00ecnh m\u00e1y in k\u1ef9 thu\u1eadt s\u1ed1 s\u1ea3n xu\u1ea5t tem nh\u00e3n, nh\u00e2n vi\u00ean in \u1ea5n s\u1ebd ki\u1ec3m tra v\u00e0 gi\u00e1m s\u00e1t m\u00e1y in, \u0111\u1ec3 \u0111\u1ea3m b\u1ea3o qu\u00e1 tr\u00ecnh in tem nh\u00e3n \u0111\u01b0\u1ee3c di\u1ec5n ra thu\u1eadn l\u1ee3i v\u00e0 su\u00f4n s\u1ebb.<\/span><\/li>\n<li><span style=\"font-size: 110%; color: #000000;\"><strong>B\u01b0\u1edbc 7:<\/strong>\u00a0\u0110\u1ec3 m\u1ef1c d\u1ea7u ho\u1eb7c m\u1ef1c n\u01b0\u1edbc tr\u00ean b\u1ec1 m\u1eb7t ch\u1ea5t li\u1ec7u decal \u0111\u01b0\u1ee3c kh\u00f4 th\u00ec nh\u00e2n vi\u00ean in \u1ea5n s\u1ebd \u0111\u1ec3 m\u1ef1c in kh\u00f4 b\u1eb1ng c\u00e1ch bay h\u01a1i, ho\u1eb7c s\u1ea5y kh\u00f4 m\u1ef1c in b\u1eb1ng nh\u1eefng thi\u1ebft b\u1ecb s\u1ea5y kh\u00f4 m\u1ef1c chuy\u00ean d\u1ee5ng.<\/span><\/li>\n<\/ul>\n<p><span style=\"font-size: 110%; color: #000000;\"><img decoding=\"async\" loading=\"lazy\" class=\"alignnone wp-image-1148\" src=\"http:\/\/innhanh.ai\/wp-content\/uploads\/2024\/06\/170157-lam-dong-xuat-khau-hon-70-tan-sau-rieng-dau-tien-sang-trung-quoc.jpg\" alt=\"\" width=\"1566\" height=\"990\" \/><img decoding=\"async\" loading=\"lazy\" class=\"alignnone wp-image-1151\" src=\"http:\/\/innhanh.ai\/wp-content\/uploads\/2024\/06\/tem-nhan-dua-xiem-1.png\" alt=\"\" width=\"368\" height=\"367\" \/>\u00a0<img decoding=\"async\" loading=\"lazy\" class=\"alignnone wp-image-1150\" src=\"http:\/\/innhanh.ai\/wp-content\/uploads\/2024\/06\/Untitled-2.png\" alt=\"\" width=\"405\" height=\"405\" \/><img decoding=\"async\" loading=\"lazy\" class=\"alignnone wp-image-1149\" src=\"http:\/\/innhanh.ai\/wp-content\/uploads\/2024\/06\/Untitled-21Q.png\" alt=\"\" width=\"429\" height=\"429\" \/><\/span><\/p>\n<p><span style=\"font-size: 110%; color: #000000;\">Nh\u01b0 v\u1eady,\u00a0<b>In<\/b>\u00a0<b>tem decal n\u00f4ng s\u1ea3n<\/b>\u00a0l\u00e0 m\u1ed9t ph\u1ea7n trong c\u00e1c chi\u1ebfn d\u1ecbch marketing, thu h\u00fat \u00e1nh m\u1eaft ng\u01b0\u1eddi ti\u00eau d\u00f9ng v\u00e0 h\u01b0\u1edbng t\u1edbi h\u00e0nh vi mua h\u00e0ng.<\/span><\/p>\n<p><span style=\"font-size: 110%; color: #000000;\"><b>Tem nh\u00e3n<\/b> <b>n\u00f4ng s\u1ea3n <\/b>c\u00f2n nh\u01b0 c\u00e1nh tay ph\u1ea3i h\u1ed7 tr\u1ee3 \u0111\u1eafc l\u1ef1c cho vi\u1ec7c kinh doanh s\u1ea3n xu\u1ea5t; ki\u1ec3m so\u00e1t h\u00e0ng h\u00f3a t\u1ed3n kho, l\u01b0u kho, ng\u00e0y xu\u1ea5t nh\u1eadp; qu\u1ea3n l\u00fd ch\u1eb7t ch\u1ebd v\u1ec1 c\u00e1c ch\u1ebf \u0111\u1ed9 b\u1ea3o h\u00e0nh s\u1ea3n ph\u1ea9m; ni\u00eam phong h\u00e0ng h\u00f3a hay c\u00e1c t\u00e0i nguy\u00ean m\u00e0 b\u1ea1n kh\u00f4ng mu\u1ed1n b\u1ecb b\u1ea5t c\u1ee9 ai t\u00e1c \u0111\u1ed9ng, can thi\u1ec7p; \u0111\u00e1nh d\u1ea5u s\u1ea3n ph\u1ea9m b\u1ecb h\u01b0 h\u00f2ng, d\u1eadp n\u00e1t hay qu\u00e1 h\u1ea1n; ch\u1ed1ng c\u00e1c h\u00e0nh vi gi\u1ea3 m\u1ea1o, b\u1ea3o v\u1ec7 th\u01b0\u01a1ng hi\u1ec7u doanh nghi\u1ec7p.<\/span><\/p>\n<p><span style=\"font-size: 110%; color: #000000;\"><img decoding=\"async\" loading=\"lazy\" class=\"alignnone wp-image-1785\" src=\"http:\/\/innhanh.ai\/wp-content\/uploads\/2024\/06\/1672994407_Hop_nhua_dung_le_27.jpg\" alt=\"\" width=\"1425\" height=\"881\" \/><\/span><\/p>\n<p><span style=\"font-size: 110%; color: #000000;\">Hi\u1ec7n nay t\u00ecnh h\u00ecnh an to\u00e0n s\u1ee9c kh\u1ecfe di\u1ec5n bi\u1ebfn kh\u00e1 ph\u1ee9c t\u1ea1p, nh\u1eefng s\u1ea3n ph\u1ea9m v\u1ec1 th\u1ef1c ph\u1ea9m y\u00eau c\u1ea7n c\u1ea7n ph\u1ea3i c\u00f3 nh\u1eefng th\u00f4ng s\u1ed1 v\u1ec1 s\u1ea3n ph\u1ea9m c\u1ea7n r\u00f5 r\u00e0ng, ch\u00ednh x\u00e1c cung c\u1ea5p \u0111\u1ea7y \u0111\u1ee7 th\u00f4ng tin v\u1ec1 s\u1ea3n ph\u1ea9m, c\u0169ng nh\u01b0 nh\u00e0 s\u1ea3n xu\u1ea5t.<\/span><br \/>\n<span style=\"font-size: 110%; color: #000000;\">Theo \u0111\u00f3, b\u1ea3n th\u00e2n ng\u01b0\u1eddi ti\u00eau d\u00f9ng th\u00f4ng qua c\u00e1c lo\u1ea1i\u00a0<b>tem nh\u00e3n n\u00f4ng s\u1ea3n<\/b> \u0111\u01b0\u1ee3c d\u00e1n tr\u00ean th\u1ef1c ph\u1ea9m, h\u00e0ng h\u00f3a c\u00f3 th\u1ec3 bi\u1ebft \u0111\u01b0\u1ee3c gi\u00e1 s\u1ea3n ph\u1ea9m, ng\u00e0y s\u1ea3n xu\u1ea5t, h\u1ea1n s\u1eed d\u1ee5ng c\u0169ng nh\u01b0 t\u00ean c\u00f4ng ty ph\u00e2n ph\u1ed1i s\u1ea3n xu\u1ea5t nh\u1eefng m\u1eb7t h\u00e0ng n\u00f4ng s\u1ea3n \u0111\u00f3.<\/span><\/p>\n<p><span style=\"font-size: 110%; color: #000000;\"><img decoding=\"async\" loading=\"lazy\" class=\"alignnone wp-image-1783\" src=\"http:\/\/innhanh.ai\/wp-content\/uploads\/2024\/06\/33076205_1954045301272814_7943024397378387968_n.jpg\" alt=\"\" width=\"621\" height=\"251\" \/> <img decoding=\"async\" loading=\"lazy\" class=\"alignnone wp-image-1784\" src=\"http:\/\/innhanh.ai\/wp-content\/uploads\/2024\/06\/51626500_1146445985524617_676525432941576192_n.jpg\" alt=\"\" width=\"595\" height=\"252\" \/><\/span><\/p>\n<p><span style=\"font-size: 110%; color: #000000;\"><strong>\u00a0\u2014\u2014\u2014\u2014\u2014\u2014\u2014\u2014\u2014\u2014\u2014\u2014\u2014\u2014\u2014\u2014\u2014\u2014\u2014\u2014\u2014\u2014\u2014\u2014\u2014\u2014\u2014\u2014\u2014\u2014\u2014\u2014\u2014\u2014\u2014\u2014\u2013<\/strong><\/span><\/p>\n<p><span style=\"font-size: 110%; color: #000000;\"><strong>LI\u00caN H\u1ec6 D\u1ecaCH V\u1ee4 IN NHANH DECAL TEM N\u00d4NG S\u1ea2N GI\u00c1 R\u1eba T\u1ea0I TP HCM.<\/strong><\/span><\/p>\n<ul>\n<li><span style=\"font-size: 110%; color: #000000;\"><b>D\u1ecaCH V\u1ee4 IN NHANH AIPRINT\u00a0<\/b><\/span><\/li>\n<li><span style=\"font-size: 110%; color: #000000;\"><strong>Hotline:<\/strong>\u00a008 2828 3366 \u2013 083 850 3366<\/span><\/li>\n<li><span style=\"font-size: 110%; color: #000000;\"><strong>Website:<\/strong>\u00a0<a style=\"color: #000000;\" href=\"https:\/\/innhanh.ai\/\">www.innhanh.ai<\/a>\u00a0\u2013\u00a0<a style=\"color: #000000;\" href=\"https:\/\/aiprint.vn\/\">www.aiprint.vn<\/a><\/span><\/li>\n<li><span style=\"font-size: 110%; color: #000000;\"><strong>Email:<\/strong>\u00a0lienhe@innhanh.Ai \u2013 aiprint.vn@gmail.com<\/span><\/li>\n<li><span style=\"font-size: 110%; color: #000000;\"><strong>Fanpage:<\/strong>\u00a0<a style=\"color: #000000;\" href=\"https:\/\/www.facebook.com\/aiprint.vn\/\">https:\/\/www.facebook.com\/aiprint.vn<\/a><\/span><\/li>\n<li><span style=\"font-size: 110%; color: #000000;\"><strong>\u0110\u1ecba ch\u1ec9:\u00a0<\/strong>\u00a057 V\u0169 Tr\u1ecdng Ph\u1ee5ng, Ph\u01b0\u1eddng T\u00e2n Th\u00e0nh, Qu\u1eadn T\u00e2n Ph\u00fa, TP. H\u1ed3 Ch\u00ed Minh.<\/span><\/li>\n<\/ul>\n<p><span style=\"font-size: 110%; color: #000000;\"><img decoding=\"async\" loading=\"lazy\" class=\"alignnone size-full wp-image-1152\" src=\"http:\/\/innhanh.ai\/wp-content\/uploads\/2024\/06\/1134-01-1.jpg\" alt=\"\" width=\"1922\" height=\"401\" \/><\/span><\/p>\n","protected":false},"excerpt":{"rendered":"<div class=\"box-price-details\"><span class=\"new-price-details\"><span class=\"p-from\"><strong>IN NHANH<\/strong>\u00a0Gi\u00e1 Ch\u1ec9 t\u1eeb<\/span>\u00a0<strong>200\u0111\/con tem.<\/strong><\/span><\/div>\n<div>\n<div class=\"block-price-details\">\n<div class=\"box-price-details\">\n<table class=\"table table-bordered\" width=\"562\">\n<tbody>\n<tr>\n<td><b><img decoding=\"async\" class=\"emoji\" role=\"img\" draggable=\"false\" src=\"https:\/\/s.w.org\/images\/core\/emoji\/14.0.0\/svg\/2705.svg\" alt=\"\u2705\" \/>\u00a0Ch\u1ea5t Li\u1ec7u<\/b><\/td>\n<td><img decoding=\"async\" class=\"emoji\" role=\"img\" draggable=\"false\" src=\"https:\/\/s.w.org\/images\/core\/emoji\/14.0.0\/svg\/2b50.svg\" alt=\"\u2b50\" \/>Decal Gi\u1ea5y, &#8230;<\/td>\n<\/tr>\n<tr>\n<td><b><img decoding=\"async\" class=\"emoji\" role=\"img\" draggable=\"false\" src=\"https:\/\/s.w.org\/images\/core\/emoji\/14.0.0\/svg\/2705.svg\" alt=\"\u2705\" \/>\u00a0Thi\u1ebft K\u1ebf<\/b><\/td>\n<td><img decoding=\"async\" class=\"emoji\" role=\"img\" draggable=\"false\" src=\"https:\/\/s.w.org\/images\/core\/emoji\/14.0.0\/svg\/2b50.svg\" alt=\"\u2b50\" \/>\u00a0Chuy\u00ean nghi\u1ec7p, tu\u1ef3 ch\u1ec9nh theo nhu c\u1ea7u kh\u00e1ch h\u00e0ng<\/td>\n<\/tr>\n<tr>\n<td><b><img decoding=\"async\" class=\"emoji\" role=\"img\" draggable=\"false\" src=\"https:\/\/s.w.org\/images\/core\/emoji\/14.0.0\/svg\/2705.svg\" alt=\"\u2705\" \/>\u00a0Gia C\u00f4ng<\/b><\/td>\n<td><img decoding=\"async\" class=\"emoji\" role=\"img\" draggable=\"false\" src=\"https:\/\/s.w.org\/images\/core\/emoji\/14.0.0\/svg\/2b50.svg\" alt=\"\u2b50\" \/>\u00a0C\u00e1n m\u00e0ng b\u00f3ng, c\u00e1n m\u00e0ng m\u1edd, c\u1eaft b\u1ebf, \u00e9p,\u2026<\/td>\n<\/tr>\n<tr>\n<td><b><img decoding=\"async\" class=\"emoji\" role=\"img\" draggable=\"false\" src=\"https:\/\/s.w.org\/images\/core\/emoji\/14.0.0\/svg\/2705.svg\" alt=\"\u2705\" \/>\u00a0K\u00edch Th\u01b0\u1edbc<\/b><\/td>\n<td><img decoding=\"async\" class=\"emoji\" role=\"img\" draggable=\"false\" src=\"https:\/\/s.w.org\/images\/core\/emoji\/14.0.0\/svg\/2b50.svg\" alt=\"\u2b50\" \/>\u00a0\u0110a d\u1ea1ng, \u0111i\u1ec1u ch\u1ec9nh theo y\u00eau c\u1ea7u c\u1ee7a kh\u00e1ch h\u00e0ng<\/td>\n<\/tr>\n<tr>\n<td><b><img decoding=\"async\" class=\"emoji\" role=\"img\" draggable=\"false\" src=\"https:\/\/s.w.org\/images\/core\/emoji\/14.0.0\/svg\/2705.svg\" alt=\"\u2705\" \/>\u00a0Chi Ph\u00ed<\/b><\/td>\n<td><img decoding=\"async\" class=\"emoji\" role=\"img\" draggable=\"false\" src=\"https:\/\/s.w.org\/images\/core\/emoji\/14.0.0\/svg\/2b50.svg\" alt=\"\u2b50\" \/>\u00a0Gi\u00e1 c\u1ea3 c\u1ea1nh tranh, ti\u1ebft ki\u1ec7m<\/td>\n<\/tr>\n<tr>\n<td><b><img decoding=\"async\" class=\"emoji\" role=\"img\" draggable=\"false\" src=\"https:\/\/s.w.org\/images\/core\/emoji\/14.0.0\/svg\/2705.svg\" alt=\"\u2705\" \/>\u00a0Giao H\u00e0ng<\/b><\/td>\n<td><img decoding=\"async\" class=\"emoji\" role=\"img\" draggable=\"false\" src=\"https:\/\/s.w.org\/images\/core\/emoji\/14.0.0\/svg\/2b50.svg\" alt=\"\u2b50\" \/>\u00a0Nhanh ch\u00f3ng<\/td>\n<\/tr>\n<\/tbody>\n<\/table>\n<ul>\n<li><span style=\"color: #800000; font-size: 110%;\"><span style=\"color: #ff0000;\">\u0110\u1eb7t In : 0828283366 &#8211; 0868503366<\/span><\/span><\/li>\n<li><span style=\"color: #0000ff; font-size: 110%;\">Email: lienhe@innhanh.ai<\/span><\/li>\n<\/ul>\n<\/div>\n<\/div>\n<\/div>\n","protected":false},"featured_media":1149,"comment_status":"closed","ping_status":"closed","template":"","meta":{"_monsterinsights_skip_tracking":false,"_monsterinsights_sitenote_active":false,"_monsterinsights_sitenote_note":"","_monsterinsights_sitenote_category":0},"product_cat":[46],"product_tag":[],"aioseo_notices":[],"_links":{"self":[{"href":"https:\/\/innhanh.ai\/index.php\/wp-json\/wp\/v2\/product\/1145"}],"collection":[{"href":"https:\/\/innhanh.ai\/index.php\/wp-json\/wp\/v2\/product"}],"about":[{"href":"https:\/\/innhanh.ai\/index.php\/wp-json\/wp\/v2\/types\/product"}],"replies":[{"embeddable":true,"href":"https:\/\/innhanh.ai\/index.php\/wp-json\/wp\/v2\/comments?post=1145"}],"wp:featuredmedia":[{"embeddable":true,"href":"https:\/\/innhanh.ai\/index.php\/wp-json\/wp\/v2\/media\/1149"}],"wp:attachment":[{"href":"https:\/\/innhanh.ai\/index.php\/wp-json\/wp\/v2\/media?parent=1145"}],"wp:term":[{"taxonomy":"product_cat","embeddable":true,"href":"https:\/\/innhanh.ai\/index.php\/wp-json\/wp\/v2\/product_cat?post=1145"},{"taxonomy":"product_tag","embeddable":true,"href":"https:\/\/innhanh.ai\/index.php\/wp-json\/wp\/v2\/product_tag?post=1145"}],"curies":[{"name":"wp","href":"https:\/\/api.w.org\/{rel}","templated":true}]}}