{"id":1876,"date":"2024-07-01T03:51:57","date_gmt":"2024-07-01T02:51:57","guid":{"rendered":"https:\/\/innhanh.ai\/?post_type=product&#038;p=1876"},"modified":"2025-01-16T06:49:08","modified_gmt":"2025-01-16T06:49:08","slug":"in-nhanh-tem-decal-dan-ly-dan-chai","status":"publish","type":"product","link":"https:\/\/innhanh.ai\/index.php\/product\/in-nhanh-tem-decal-dan-ly-dan-chai\/","title":{"rendered":"IN NHANH TEM DECAL D\u00c1N LY &#8211; D\u00c1N CHAI"},"content":{"rendered":"<h1 dir=\"ltr\" style=\"text-align: center;\"><span style=\"font-size: 110%; color: #000000;\"><strong> TEM DECAL D\u00c1N LY &#8211; D\u00c1N CHAI<\/strong><\/span><\/h1>\n<h3 dir=\"ltr\"><span style=\"font-size: 110%; color: #000000;\"><strong>In tem nh\u00e3n d\u00e1n ly &#8211; Chai l\u00e0 g\u00ec?<\/strong><\/span><\/h3>\n<p dir=\"ltr\"><span style=\"font-size: 110%; color: #000000;\"><strong>In tem nh\u00e3n d\u00e1n ly &#8211; d\u00e1n chai <\/strong>l\u00e0 quy tr\u00ecnh s\u1ea3n xu\u1ea5t tem nh\u00e3n c\u00f3 th\u1ec3 d\u00e1n tr\u1ef1c ti\u1ebfp l\u00ean b\u1ec1 m\u1eb7t c\u1ee7a ly &#8211; chai. Qu\u00e1 tr\u00ecnh n\u00e0y th\u01b0\u1eddng s\u1eed d\u1ee5ng c\u00e1c c\u00f4ng ngh\u1ec7 in \u1ea5n \u0111\u1ec3 chuy\u1ec3n h\u00ecnh \u1ea3nh, th\u00f4ng tin, ho\u1eb7c m\u1eabu thi\u1ebft k\u1ebf t\u1eeb m\u00e1y in xu\u1ed1ng l\u1edbp nh\u00e3n, sau \u0111\u00f3 d\u00e1n l\u00ean ly &#8211; chai. \u0110i\u1ec1u n\u00e0y gi\u00fap t\u1ea1o ra s\u1ea3n ph\u1ea9m cu\u1ed1i c\u00f9ng v\u1edbi nhi\u1ec1u t\u00ednh n\u0103ng v\u00e0 \u01b0u \u0111i\u1ec3m, \u0111\u1eb7c bi\u1ec7t l\u00e0 trong vi\u1ec7c qu\u1ea3ng b\u00e1 th\u01b0\u01a1ng hi\u1ec7u v\u00e0 n\u00e2ng cao gi\u00e1 tr\u1ecb s\u1ea3n ph\u1ea9m c\u0169ng nh\u01b0 t\u1ea1o cho h\u00ecnh \u1ea3nh th\u01b0\u01a1ng hi\u1ec7u th\u00eam \u0111\u1eb7c bi\u1ec7t v\u00e0 thu h\u00fat kh\u00e1ch h\u00e0ng.<\/span><\/p>\n<p dir=\"ltr\"><span style=\"font-size: 110%; color: #000000;\"><img decoding=\"async\" loading=\"lazy\" class=\"alignnone wp-image-1884\" src=\"http:\/\/innhanh.ai\/wp-content\/uploads\/2024\/07\/adfc1.jpg\" alt=\"\" width=\"1393\" height=\"1393\" \/> <img decoding=\"async\" loading=\"lazy\" class=\"alignnone wp-image-1883\" src=\"http:\/\/innhanh.ai\/wp-content\/uploads\/2024\/07\/adfc2.jpg\" alt=\"\" width=\"1371\" height=\"1371\" \/><\/span><\/p>\n<h3 dir=\"ltr\"><span style=\"font-size: 110%; color: #000000;\"><strong>Gi\u00fap th\u01b0\u01a1ng hi\u1ec7u d\u1ec5 nh\u1eadn di\u1ec7n h\u01a1n<\/strong><\/span><\/h3>\n<p dir=\"ltr\"><span style=\"font-size: 110%; color: #000000;\">\u00a0 \u00a0 \u00a0 Tem nh\u00e3n d\u00e1n ly &#8211; chai l\u00e0 c\u00f4ng c\u1ee5 hi\u1ec7u qu\u1ea3 \u0111\u1ec3 t\u0103ng c\u01b0\u1eddng nh\u1eadn th\u1ee9c th\u01b0\u01a1ng hi\u1ec7u. Vi\u1ec7c in logo, th\u00f4ng \u0111i\u1ec7p qu\u1ea3ng c\u00e1o, ho\u1eb7c thi\u1ebft k\u1ebf \u0111\u1eb7c tr\u01b0ng l\u00ean tem nh\u00e3n gi\u00fap t\u1ea1o \u1ea5n t\u01b0\u1ee3ng m\u1ea1nh m\u1ebd trong t\u00e2m tr\u00ed kh\u00e1ch h\u00e0ng. S\u1ef1 nh\u1eadn di\u1ec7n th\u01b0\u01a1ng hi\u1ec7u n\u00e0y l\u00e0 quan tr\u1ecdng trong vi\u1ec7c x\u00e2y d\u1ef1ng l\u00f2ng tin v\u00e0 trung th\u00e0nh t\u1eeb ph\u00eda kh\u00e1ch h\u00e0ng.<\/span><\/p>\n<p dir=\"ltr\"><span style=\"font-size: 110%; color: #000000;\"><img decoding=\"async\" loading=\"lazy\" class=\"alignnone wp-image-1892\" src=\"http:\/\/innhanh.ai\/wp-content\/uploads\/2024\/07\/1-in-tem-dan-chai-nhua-dep.jpg\" alt=\"\" width=\"1432\" height=\"952\" \/><img decoding=\"async\" loading=\"lazy\" class=\"alignnone size-full wp-image-1877\" src=\"http:\/\/innhanh.ai\/wp-content\/uploads\/2024\/07\/6b850040336131.577ba56152daa-scaled.jpg\" alt=\"\" width=\"2560\" height=\"1707\" \/><\/span><\/p>\n<h3 dir=\"ltr\"><span style=\"font-size: 110%; color: #000000;\"><strong>Ti\u1ebft ki\u1ec7m chi ph\u00ed in \u1ea5n so v\u1edbi in tr\u1ef1c ti\u1ebfp l\u00ean ly<\/strong><\/span><\/h3>\n<p dir=\"ltr\"><span style=\"font-size: 110%; color: #000000;\">\u00a0 \u00a0 \u00a0 In tem nh\u00e3n d\u00e1n ly nh\u1ef1a th\u01b0\u1eddng ti\u1ebft ki\u1ec7m chi ph\u00ed so v\u1edbi vi\u1ec7c in tr\u1ef1c ti\u1ebfp l\u00ean ly nh\u1ef1a, \u0111\u1eb7c bi\u1ec7t khi s\u1ea3n xu\u1ea5t s\u1ed1 l\u01b0\u1ee3ng \u00edt. \u0110i\u1ec1u n\u00e0y l\u00e0m cho d\u1ecbch v\u1ee5 in tem nh\u00e3n tr\u1edf n\u00ean tr\u1ef1c ti\u1ebfp h\u1ea5p d\u1eabn \u0111\u1ed1i v\u1edbi doanh nghi\u1ec7p c\u00f3 ng\u00e2n s\u00e1ch h\u1ea1n ch\u1ebf, nh\u1ea5t l\u00e0 nh\u1eefng c\u1eeda h\u00e0ng m\u1edbi mu\u1ed1n th\u1eed nghi\u1ec7m th\u1ecb tr\u01b0\u1eddng.<\/span><\/p>\n<h3 dir=\"ltr\"><span style=\"font-size: 110%; color: #000000;\"><strong>C\u00f3 th\u1ec3 thay \u0111\u1ed5i thi\u1ebft k\u1ebf d\u1ec5 d\u00e0ng m\u00e0 kh\u00f4ng l\u00e3ng ph\u00ed ly c\u0169, chai c\u0169<\/strong><\/span><\/h3>\n<p dir=\"ltr\"><span style=\"font-size: 110%; color: #000000;\">\u00a0 \u00a0 \u00a0M\u1ed9t trong nh\u1eefng \u01b0u \u0111i\u1ec3m l\u1edbn c\u1ee7a in tem nh\u00e3n d\u00e1n ly nh\u1ef1a l\u00e0 kh\u1ea3 n\u0103ng linh ho\u1ea1t trong vi\u1ec7c thay \u0111\u1ed5i thi\u1ebft k\u1ebf m\u00e0 kh\u00f4ng l\u00e0m l\u00e3ng ph\u00ed ly nh\u1ef1a. B\u1ea1n c\u00f3 th\u1ec3 th\u1eed nghi\u1ec7m m\u1ecdi th\u1ee9 t\u1eeb m\u1ed9t bi\u1ec3u tr\u01b0ng m\u1edbi \u0111\u1ebfn ch\u01b0\u01a1ng tr\u00ecnh khuy\u1ebfn m\u00e3i m\u00e0 kh\u00f4ng c\u1ea7n ph\u1ea3i thay \u0111\u1ed5i to\u00e0n b\u1ed9 s\u1ea3n xu\u1ea5t ly nh\u1ef1a.<\/span><\/p>\n<p><span style=\"font-size: 110%; color: #000000;\"><img decoding=\"async\" loading=\"lazy\" class=\"size-full wp-image-1887\" src=\"http:\/\/innhanh.ai\/wp-content\/uploads\/2024\/07\/quy-cach-01-scaled.jpg\" alt=\"\" width=\"2560\" height=\"1642\" \/><\/span><\/p>\n<p><span style=\"font-size: 110%; color: #000000;\"><strong>\u2013 Ch\u1ea5t li\u1ec7u<\/strong> gi\u1ea5y decal nh\u1ef1a s\u1eefa ho\u1eb7c deal trong l\u00e0 d\u1ea1ng decal kh\u00f4ng b\u1ecb th\u1ea5m n\u01b0\u1edbc, k b\u1ecb bong tr\u00f3c khi g\u1eb7p n\u01b0\u1edbc ho\u1eb7c th\u1eddi ti\u1ebft kh\u1eafc nhi\u1ec7t, kh\u00f4ng c\u00f3 \u0111\u1ed9 co d\u00e3n,, c\u00f3 \u0111\u1ed9 b\u00e1m d\u00ednh c\u1ef1c t\u1ed1t. Ph\u00f9 h\u1ee3p cho vi\u1ec7c d\u00e1n l\u00ean c\u00e1c d\u1ea1ng ly, chai, c\u1ed1c, h\u1ed9p,&#8230;<\/span><\/p>\n<p><span style=\"font-size: 110%; color: #000000;\"><b>\u2013\u00a0<span lang=\"VI\">In Decal d\u00e1n ly &#8211; chai<\/span><\/b>\u00a0\u0111\u01b0\u1ee3c in v\u1edbi k\u1ef9 thu\u1eadt in nhanh tr\u00ean c\u00e1c d\u00f2ng m\u00e1y in nhanh hi\u1ec7n \u0111\u1ea1i m\u00e0u s\u1eafc chu\u1ea9n .<\/span><\/p>\n<p><span style=\"font-size: 110%; color: #000000;\"><b>\u2013 <\/b><strong>B\u1ebf Bemi<\/strong>\u00a0theo y\u00eau c\u1ea7u gi\u00fap kh\u00e1ch h\u00e0ng d\u1ec5 d\u00e0ng b\u00f3c t\u00e1ch ra \u0111\u1ec3 d\u00e1n l\u00ean s\u1ea3n ph\u1ea9m m\u1ed9t c\u00e1ch nhanh nh\u1ea5t .<\/span><\/p>\n<ul>\n<li><span style=\"font-size: 110%; color: #000000;\">B\u1ebf theo d\u1ea1ng\u00a0 h\u00ecnh tr\u00f2n:\u00a0<img decoding=\"async\" loading=\"lazy\" class=\"alignnone wp-image-797\" src=\"http:\/\/innhanh.ai\/wp-content\/uploads\/2023\/09\/hinh-tron-aiprint.png\" alt=\"\" width=\"49\" height=\"49\" \/>\u00a0 K\u00edch th\u01b0\u1edbc (cm) : 2\u00d72; 3\u00d73; 4\u00d74; 5\u00d75; 6\u00d76;\u2026 k\u00edch th\u01b0\u1edbc theo file.<\/span><\/li>\n<li><span style=\"font-size: 110%; color: #000000;\">B\u1ebf theo d\u1ea1ng\u00a0 h\u00ecnh vu\u00f4ng :\u00a0<img decoding=\"async\" loading=\"lazy\" class=\"alignnone wp-image-798\" src=\"http:\/\/innhanh.ai\/wp-content\/uploads\/2023\/09\/hinh-vuong-aiprint.png\" alt=\"\" width=\"52\" height=\"52\" \/>\u00a0 \u00a0 K\u00edch th\u01b0\u1edbc (cm) : 2\u00d72; 3\u00d73; 4\u00d74; 5\u00d75; 6\u00d76;\u2026 k\u00edch th\u01b0\u1edbc theo file.<\/span><\/li>\n<li><span style=\"font-size: 110%; color: #000000;\">B\u1ebf theo d\u1ea1ng\u00a0 h\u00ecnh ch\u1eef nh\u1eadt :<img decoding=\"async\" loading=\"lazy\" class=\"alignnone wp-image-799\" src=\"http:\/\/innhanh.ai\/wp-content\/uploads\/2023\/09\/hinh-chu-nhat-aiprint.png\" alt=\"\" width=\"55\" height=\"55\" \/>\u00a0 K\u00edch th\u01b0\u1edbc : (cm) 11\u00d77; 12\u00d77; 14.5\u00d79; 19\u00d712; 4\u00d72; 5\u00d73; 6\u00d74; 7\u00d75; ;7\u00d72; 8\u00d76 ..<\/span><\/li>\n<li><span style=\"font-size: 110%; color: #000000;\">B\u1ebf\u00a0 h\u00ecnh theo file kh\u00e1ch h\u00e0ng\u00a0 :\u00a0\u00a0<img decoding=\"async\" loading=\"lazy\" class=\"alignnone wp-image-800\" src=\"http:\/\/innhanh.ai\/wp-content\/uploads\/2023\/09\/hinh-theo-file-aiprint.png\" alt=\"\" width=\"72\" height=\"72\" \/>\u00a0k\u00edch th\u01b0\u1edbc (cm) : theo y\u00eau c\u1ea7u.<\/span><\/li>\n<\/ul>\n<p><img decoding=\"async\" loading=\"lazy\" class=\"alignnone size-full wp-image-2453\" src=\"http:\/\/innhanh.ai\/wp-content\/uploads\/2024\/07\/tran-vien-01.jpg\" alt=\"\" width=\"2481\" height=\"1589\" \/><\/p>\n<p><span style=\"font-size: 110%; color: #000000;\"><img decoding=\"async\" loading=\"lazy\" class=\"alignnone size-full wp-image-1889\" src=\"http:\/\/innhanh.ai\/wp-content\/uploads\/2024\/07\/in-logo-dan-ly-tra-sua-9.jpg\" alt=\"\" width=\"1920\" height=\"1295\" \/><\/span><\/p>\n<h3><span id=\"Quy_trinh_in_tem_nhan\" style=\"font-size: 110%; color: #000000;\">Quy tr\u00ecnh in tem nh\u00e3n<\/span><\/h3>\n<p><span style=\"font-size: 110%; color: #000000;\">D\u01b0\u1edbi \u0111\u00e2y l\u00e0 quy tr\u00ecnh s\u1ea3n xu\u1ea5t tem nh\u00e3n tr\u00ean nh\u1eefng lo\u1ea1i m\u00e1y in \u0111\u01b0\u1ee3c s\u1eed d\u1ee5ng ph\u1ed5 bi\u1ebfn:<\/span><\/p>\n<h4><span style=\"font-size: 110%; color: #000000;\"><span id=\"1_May_in_ky_thuat_so\">\u2013 M\u00e1y in k\u1ef9 thu\u1eadt s\u1ed1:\u00a0<\/span>Qu\u00e1 tr\u00ecnh in tem nh\u00e3n tr\u00ean m\u00e1y in k\u1ef9 thu\u1eadt s\u1ed1 th\u01b0\u1eddng \u0111\u01b0\u1ee3c di\u1ec5n ra kh\u00e1 nhanh ch\u00f3ng:<\/span><\/h4>\n<ul>\n<li><span style=\"font-size: 110%; color: #000000;\"><strong>B\u01b0\u1edbc 1:<\/strong>\u00a0Chu\u1ea9n b\u1ecb m\u1eabu file in tem nh\u00e3n.<\/span><\/li>\n<li><span style=\"font-size: 110%; color: #000000;\"><strong>B\u01b0\u1edbc 2:<\/strong>\u00a0Chu\u1ea9n b\u1ecb ch\u1ea5t li\u1ec7u in tem nh\u00e3n:\u00a0In decal trong, decal nh\u1ef1a, decal ph\u1ea3n quang, decal s\u1eefa,\u2026<\/span><\/li>\n<li><span style=\"font-size: 110%; color: #000000;\"><strong>B\u01b0\u1edbc 3:<\/strong>\u00a0Chu\u1ea9n b\u1ecb m\u1ef1c in: M\u1ef1c d\u1ea7u, m\u1ef1c n\u01b0\u1edbc, m\u1ef1c b\u1ed9t laser ..<\/span><\/li>\n<li><span style=\"font-size: 110%; color: #000000;\"><strong>B\u01b0\u1edbc 4:<\/strong>\u00a0K\u1ebft n\u1ed1i m\u1eabu file in tem nh\u00e3n \u0111\u1ebfn m\u00e1y in, \u0111i\u1ec1u ch\u1ec9nh v\u1ecb tr\u00ed ch\u1ea5t li\u1ec7u decal \u1edf m\u00e1y in sao cho ph\u00f9 h\u1ee3p, n\u1ea1p m\u1ef1c in v\u00e0o m\u00e1y.<\/span><\/li>\n<li><span style=\"font-size: 110%; color: #000000;\"><strong>B\u01b0\u1edbc 5:<\/strong>\u00a0Nh\u00e2n vi\u00ean c\u00e0i \u0111\u1eb7t ch\u1ebf \u0111\u1ed9 in \u1ea5n v\u1ec1 s\u1ed1 l\u01b0\u1ee3ng in, k\u00edch th\u01b0\u1edbc in tem nh\u00e3n,\u2026 sau \u0111\u00f3 \u0111\u1eb7t l\u1ec7nh in. M\u00e1y\u00a0in k\u1ef9 thu\u1eadt s\u1ed1\u00a0s\u1ebd ti\u1ebfn h\u00e0nh ph\u00e2n t\u00edch m\u00e0u, pha m\u00e0u CMYK m\u1ed9t c\u00e1ch t\u1ef1 \u0111\u1ed9ng, x\u1eed l\u00fd m\u1eabu file in tem nh\u00e3n,\u2026 sau \u0111\u00f3 ti\u1ebfn h\u00e0nh in \u1ea5n.<\/span><\/li>\n<li><span style=\"font-size: 110%; color: #000000;\"><strong>B\u01b0\u1edbc 6:<\/strong>\u00a0Trong qu\u00e1 tr\u00ecnh m\u00e1y in k\u1ef9 thu\u1eadt s\u1ed1 s\u1ea3n xu\u1ea5t tem nh\u00e3n, nh\u00e2n vi\u00ean in \u1ea5n s\u1ebd ki\u1ec3m tra v\u00e0 gi\u00e1m s\u00e1t m\u00e1y in, \u0111\u1ec3 \u0111\u1ea3m b\u1ea3o qu\u00e1 tr\u00ecnh in tem nh\u00e3n \u0111\u01b0\u1ee3c di\u1ec5n ra thu\u1eadn l\u1ee3i v\u00e0 su\u00f4n s\u1ebb.<\/span><\/li>\n<li><span style=\"font-size: 110%; color: #000000;\"><strong>B\u01b0\u1edbc 7:<\/strong>\u00a0\u0110\u1ec3 m\u1ef1c d\u1ea7u ho\u1eb7c m\u1ef1c n\u01b0\u1edbc tr\u00ean b\u1ec1 m\u1eb7t ch\u1ea5t li\u1ec7u decal \u0111\u01b0\u1ee3c kh\u00f4 th\u00ec nh\u00e2n vi\u00ean in \u1ea5n s\u1ebd \u0111\u1ec3 m\u1ef1c in kh\u00f4 b\u1eb1ng c\u00e1ch bay h\u01a1i, ho\u1eb7c s\u1ea5y kh\u00f4 m\u1ef1c in b\u1eb1ng nh\u1eefng thi\u1ebft b\u1ecb s\u1ea5y kh\u00f4 m\u1ef1c chuy\u00ean d\u1ee5ng.<\/span><\/li>\n<\/ul>\n<p><span style=\"font-size: 110%; color: #000000;\"><img decoding=\"async\" loading=\"lazy\" class=\"alignnone wp-image-1882\" src=\"http:\/\/innhanh.ai\/wp-content\/uploads\/2024\/07\/z5424142518349_910d7429dd8050ba74afe56cf042a912.jpg\" alt=\"\" width=\"746\" height=\"546\" \/><img decoding=\"async\" loading=\"lazy\" class=\"alignnone wp-image-1881\" src=\"http:\/\/innhanh.ai\/wp-content\/uploads\/2024\/07\/z5424142529028_789c547fbac346b7b4053cf9ad9d225c.jpg\" alt=\"\" width=\"437\" height=\"546\" \/><\/span><\/p>\n<p><span style=\"font-size: 110%; color: #000000;\"><strong>\u00a0\u2014\u2014\u2014\u2014\u2014\u2014\u2014\u2014\u2014\u2014\u2014\u2014\u2014\u2014\u2014\u2014\u2014\u2014\u2014\u2014\u2014\u2014\u2014\u2014\u2014\u2014\u2014\u2014\u2014\u2014\u2014\u2014\u2014\u2014\u2014\u2014\u2013<\/strong><\/span><\/p>\n<p><span style=\"font-size: 110%; color: #000000;\"><strong>LI\u00caN H\u1ec6 D\u1ecaCH V\u1ee4 IN NHANH DECAL TEM D\u00c1N LY &#8211; D\u00c1N CHAI GI\u00c1 R\u1eba T\u1ea0I TP HCM.<\/strong><\/span><\/p>\n<ul>\n<li><span style=\"font-size: 110%; color: #000000;\"><b>D\u1ecaCH V\u1ee4 IN NHANH AIPRINT\u00a0<\/b><\/span><\/li>\n<li><span style=\"font-size: 110%; color: #000000;\"><strong>Hotline:<\/strong>\u00a008 2828 3366 \u2013 083 850 3366<\/span><\/li>\n<li><span style=\"font-size: 110%; color: #000000;\"><strong>Website:<\/strong>\u00a0<a style=\"color: #000000;\" href=\"https:\/\/innhanh.ai\/\">www.innhanh.ai<\/a>\u00a0\u2013\u00a0<a style=\"color: #000000;\" href=\"https:\/\/aiprint.vn\/\">www.aiprint.vn<\/a><\/span><\/li>\n<li><span style=\"font-size: 110%; color: #000000;\"><strong>Email:<\/strong>\u00a0lienhe@innhanh.Ai \u2013 aiprint.vn@gmail.com<\/span><\/li>\n<li><span style=\"font-size: 110%; color: #000000;\"><strong>Fanpage:<\/strong>\u00a0<a style=\"color: #000000;\" href=\"https:\/\/www.facebook.com\/aiprint.vn\/\">https:\/\/www.facebook.com\/aiprint.vn<\/a><\/span><\/li>\n<\/ul>\n<p><span style=\"font-size: 110%; color: #000000;\"><span style=\"font-size: 110%; color: #000000;\"><strong>\u0110\u1ecba ch\u1ec9:\u00a0<\/strong>\u00a057 V\u0169 Tr\u1ecdng Ph\u1ee5ng, Ph\u01b0\u1eddng T\u00e2n Th\u00e0nh, Qu\u1eadn T\u00e2n Ph\u00fa, TP. H\u1ed3 Ch\u00ed Minh.<\/span><\/span><\/p>\n<p><span style=\"font-size: 110%; color: #000000;\"><img decoding=\"async\" loading=\"lazy\" class=\"alignnone size-full wp-image-1138\" src=\"http:\/\/innhanh.ai\/wp-content\/uploads\/2023\/09\/1134-01.jpg\" alt=\"\" width=\"1922\" height=\"401\" \/><\/span><\/p>\n","protected":false},"excerpt":{"rendered":"<div class=\"box-price-details\"><span class=\"new-price-details\"><span class=\"p-from\"><strong>IN NHANH<\/strong>\u00a0Gi\u00e1 Ch\u1ec9 t\u1eeb<\/span>\u00a0<strong>100\u0111\/con tem.<\/strong><\/span><\/div>\n<div>\n<div class=\"block-price-details\">\n<div class=\"box-price-details\">\n<table class=\"table table-bordered\" width=\"562\">\n<tbody>\n<tr>\n<td><b><img decoding=\"async\" class=\"emoji\" role=\"img\" draggable=\"false\" src=\"https:\/\/s.w.org\/images\/core\/emoji\/14.0.0\/svg\/2705.svg\" alt=\"\u2705\" \/>\u00a0Ch\u1ea5t Li\u1ec7u<\/b><\/td>\n<td><img decoding=\"async\" class=\"emoji\" role=\"img\" draggable=\"false\" src=\"https:\/\/s.w.org\/images\/core\/emoji\/14.0.0\/svg\/2b50.svg\" alt=\"\u2b50\" \/>Decal gi\u1ea5y, decal Nh\u1ef1a, ..<\/td>\n<\/tr>\n<tr>\n<td><b><img decoding=\"async\" class=\"emoji\" role=\"img\" draggable=\"false\" src=\"https:\/\/s.w.org\/images\/core\/emoji\/14.0.0\/svg\/2705.svg\" alt=\"\u2705\" \/>\u00a0Thi\u1ebft K\u1ebf<\/b><\/td>\n<td><img decoding=\"async\" class=\"emoji\" role=\"img\" draggable=\"false\" src=\"https:\/\/s.w.org\/images\/core\/emoji\/14.0.0\/svg\/2b50.svg\" alt=\"\u2b50\" \/>\u00a0Chuy\u00ean nghi\u1ec7p, tu\u1ef3 ch\u1ec9nh theo nhu c\u1ea7u kh\u00e1ch h\u00e0ng<\/td>\n<\/tr>\n<tr>\n<td><b><img decoding=\"async\" class=\"emoji\" role=\"img\" draggable=\"false\" src=\"https:\/\/s.w.org\/images\/core\/emoji\/14.0.0\/svg\/2705.svg\" alt=\"\u2705\" \/>\u00a0Gia C\u00f4ng<\/b><\/td>\n<td><img decoding=\"async\" class=\"emoji\" role=\"img\" draggable=\"false\" src=\"https:\/\/s.w.org\/images\/core\/emoji\/14.0.0\/svg\/2b50.svg\" alt=\"\u2b50\" \/>\u00a0C\u00e1n m\u00e0ng b\u00f3ng, c\u00e1n m\u00e0ng m\u1edd, c\u1eaft b\u1ebf, \u00e9p,\u2026<\/td>\n<\/tr>\n<tr>\n<td><b><img decoding=\"async\" class=\"emoji\" role=\"img\" draggable=\"false\" src=\"https:\/\/s.w.org\/images\/core\/emoji\/14.0.0\/svg\/2705.svg\" alt=\"\u2705\" \/>\u00a0K\u00edch Th\u01b0\u1edbc<\/b><\/td>\n<td><img decoding=\"async\" class=\"emoji\" role=\"img\" draggable=\"false\" src=\"https:\/\/s.w.org\/images\/core\/emoji\/14.0.0\/svg\/2b50.svg\" alt=\"\u2b50\" \/>\u00a0\u0110a d\u1ea1ng, \u0111i\u1ec1u ch\u1ec9nh theo y\u00eau c\u1ea7u c\u1ee7a kh\u00e1ch h\u00e0ng<\/td>\n<\/tr>\n<tr>\n<td><b><img decoding=\"async\" class=\"emoji\" role=\"img\" draggable=\"false\" src=\"https:\/\/s.w.org\/images\/core\/emoji\/14.0.0\/svg\/2705.svg\" alt=\"\u2705\" \/>\u00a0Chi Ph\u00ed<\/b><\/td>\n<td><img decoding=\"async\" class=\"emoji\" role=\"img\" draggable=\"false\" src=\"https:\/\/s.w.org\/images\/core\/emoji\/14.0.0\/svg\/2b50.svg\" alt=\"\u2b50\" \/>\u00a0Gi\u00e1 c\u1ea3 c\u1ea1nh tranh, ti\u1ebft ki\u1ec7m<\/td>\n<\/tr>\n<tr>\n<td><b><img decoding=\"async\" class=\"emoji\" role=\"img\" draggable=\"false\" src=\"https:\/\/s.w.org\/images\/core\/emoji\/14.0.0\/svg\/2705.svg\" alt=\"\u2705\" \/>\u00a0Giao H\u00e0ng<\/b><\/td>\n<td><img decoding=\"async\" class=\"emoji\" role=\"img\" draggable=\"false\" src=\"https:\/\/s.w.org\/images\/core\/emoji\/14.0.0\/svg\/2b50.svg\" alt=\"\u2b50\" \/>\u00a0Nhanh ch\u00f3ng<\/td>\n<\/tr>\n<\/tbody>\n<\/table>\n<ul>\n<li>\u0110\u1eb7t In : 0828283366 &#8211; 0838503366<\/li>\n<li>Email: lienhe@innhanh.ai<\/li>\n<\/ul>\n<\/div>\n<\/div>\n<\/div>\n","protected":false},"featured_media":1886,"comment_status":"closed","ping_status":"closed","template":"","meta":{"_monsterinsights_skip_tracking":false,"_monsterinsights_sitenote_active":false,"_monsterinsights_sitenote_note":"","_monsterinsights_sitenote_category":0},"product_cat":[46],"product_tag":[],"aioseo_notices":[],"_links":{"self":[{"href":"https:\/\/innhanh.ai\/index.php\/wp-json\/wp\/v2\/product\/1876"}],"collection":[{"href":"https:\/\/innhanh.ai\/index.php\/wp-json\/wp\/v2\/product"}],"about":[{"href":"https:\/\/innhanh.ai\/index.php\/wp-json\/wp\/v2\/types\/product"}],"replies":[{"embeddable":true,"href":"https:\/\/innhanh.ai\/index.php\/wp-json\/wp\/v2\/comments?post=1876"}],"wp:featuredmedia":[{"embeddable":true,"href":"https:\/\/innhanh.ai\/index.php\/wp-json\/wp\/v2\/media\/1886"}],"wp:attachment":[{"href":"https:\/\/innhanh.ai\/index.php\/wp-json\/wp\/v2\/media?parent=1876"}],"wp:term":[{"taxonomy":"product_cat","embeddable":true,"href":"https:\/\/innhanh.ai\/index.php\/wp-json\/wp\/v2\/product_cat?post=1876"},{"taxonomy":"product_tag","embeddable":true,"href":"https:\/\/innhanh.ai\/index.php\/wp-json\/wp\/v2\/product_tag?post=1876"}],"curies":[{"name":"wp","href":"https:\/\/api.w.org\/{rel}","templated":true}]}}