{"id":2171,"date":"2024-07-11T04:52:13","date_gmt":"2024-07-11T03:52:13","guid":{"rendered":"https:\/\/innhanh.ai\/?post_type=product&#038;p=2171"},"modified":"2024-09-06T11:17:30","modified_gmt":"2024-09-06T10:17:30","slug":"in-nhan-canh-bao-in-nhanh-aiprint","status":"publish","type":"product","link":"https:\/\/innhanh.ai\/index.php\/product\/in-nhan-canh-bao-in-nhanh-aiprint\/","title":{"rendered":"IN NHANH NH\u00c3N C\u1ea2NH B\u00c1O\u00a0&#8211; WARNING LABEL"},"content":{"rendered":"<h1 style=\"font-weight: 500; text-align: center;\"><span style=\"font-size: 110%; color: #000000;\"><strong>NH\u00c3N C\u1ea2NH B\u00c1O\u00a0&#8211; WARNING LABEL<\/strong><\/span><\/h1>\n<p style=\"font-weight: 400;\"><span style=\"font-weight: 400; font-size: 110%; color: #000000;\"><b><strong>Trong xu h\u01b0\u1edbng kinh doanh hi\u1ec7n \u0111\u1ea1i, Tem nh\u00e3n s\u1ea3n ph\u1ea9m kh\u00f4ng ch\u1ec9 d\u1eebng l\u1ea1i \u1edf vi\u1ec7c ghi ch\u00fa th\u00f4ng tin nh\u01b0: T\u00ean c\u00f4ng ty, \u0111\u1ecba ch\u1ec9, h\u01b0\u1edbng d\u1eabn s\u1eed d\u1ee5ng,\u2026 m\u00e0 \u0111\u00e2y c\u00f2n l\u00e0 m\u1ed9t trong nh\u1eefng y\u1ebfu t\u1ed1 t\u1ea1o c\u1ea3m x\u00fac cho kh\u00e1ch h\u00e0ng, gi\u00fap gia t\u0103ng t\u1ef7 l\u1ec7 chuy\u1ec3n \u0111\u1ed5i cao h\u01a1n cho s\u1ea3n ph\u1ea9m. V\u1edbi s\u1ef1 b\u00f9ng n\u1ed5 c\u1ee7a kinh doanh online, \u0111\u00e3 k\u00e9o theo v\u00f4 v\u00e0n c\u00e1c n\u1ed9i dung &amp; m\u1ee5c \u0111\u00edch s\u1eed d\u1ee5ng c\u1ee7a Tem nh\u00e3n: t\u1eeb tem c\u1ea3nh b\u00e1o, tem ch\u1ed1ng h\u00e0ng gi\u1ea3, tem c\u1ea3m \u01a1n, tem th\u1ec3 hi\u1ec7n m\u1ed9t bi\u1ec3u t\u01b0\u1ee3ng vui nh\u1ed9n hay \u0111\u01a1n gi\u1ea3n ch\u1ec9 l\u00e0 m\u1ed9t logo th\u01b0\u01a1ng hi\u1ec7u. Ch\u1ea5t li\u1ec7u l\u00e0m tem d\u00e1n n\u00e0y c\u00f3 kh\u1ea3 n\u0103ng b\u00e1m d\u00ednh l\u00ean chai, kh\u1ea3 n\u0103ng ch\u1ecbu n\u01b0\u1edbc, ch\u1ecbu nhi\u1ec7t t\u1ed1t. Vi\u1ec7c in logo d\u00e1n n\u00e0y g\u00f3p ph\u1ea7n x\u00e2y d\u1ef1ng h\u00ecnh \u1ea3nh c\u1eeda h\u00e0ng trong t\u00e2m tr\u00ed kh\u00e1ch h\u00e0ng, l\u00e0 m\u1ed9t trong nh\u1eefng ph\u01b0\u01a1ng ph\u00e1p marketing hi\u1ec7u qu\u1ea3.<\/strong><\/b><\/span><\/p>\n<p><span style=\"font-size: 110%; color: #000000;\"><img decoding=\"async\" loading=\"lazy\" class=\"\" src=\"https:\/\/bizweb.dktcdn.net\/100\/503\/497\/files\/canhbao2.jpg?v=1714638082322\" width=\"1280\" height=\"1272\" \/><\/span><\/p>\n<p style=\"font-weight: 400;\"><span style=\"font-weight: 400; font-size: 110%; color: #000000;\"><b><strong>H\u00e3y c\u00f9ng tham kh\u1ea3o th\u00f4ng tin c\u1ee7a\u00a0<\/strong><\/b><b><strong>decal c\u1ea3nh b\u00e1o\u00a0t\u1ea1i In nhanh Aiprint nh\u00e9!<\/strong><\/b><\/span><\/p>\n<p style=\"font-weight: 400;\"><span style=\"font-weight: 400; font-size: 110%; color: #000000;\">K\u1ef9 thu\u1eadt in, k\u00edch th\u01b0\u1edbc v\u00e0 ch\u1ea5t li\u1ec7u\u00a0<b><strong>c\u1ee7a nh\u00e3n c\u1ea3nh b\u00e1o<\/strong><\/b><\/span><\/p>\n<p style=\"font-weight: 400;\"><span style=\"font-weight: 400; font-size: 110%; color: #000000;\">&#8211;\u00a0In nh\u00e3n c\u1ea3nh b\u00e1o:<b><strong>\u00a0<\/strong><\/b>\u0111\u01b0\u1ee3c in v\u1edbi k\u1ef9 thu\u1eadt in nhanh hi\u1ec7n \u0111\u1ea1i ph\u1ed5 bi\u1ebfn nh\u1ea5t cho ra s\u1ea3n ph\u1ea9m m\u00e0u s\u1eafc \u0111\u1eb9p.<\/span><\/p>\n<p style=\"font-weight: 400;\"><span style=\"font-weight: 400; font-size: 110%; color: #000000;\"><em>&#8211; K\u00edch th\u01b0\u1edbc in\u00a0<\/em><em>Nh\u00e3n c\u1ea3nh b\u00e1o\u00a0<\/em>\u00a0th\u00e0nh ph\u1ea9m l\u00e0 5x5cm,5x10cm,10x10cm, 15x10cm v\u00e0 15x15cm.<\/span><\/p>\n<p><span style=\"font-size: 110%; color: #000000;\"><img decoding=\"async\" loading=\"lazy\" class=\"alignnone wp-image-2174\" src=\"http:\/\/innhanh.ai\/wp-content\/uploads\/2024\/07\/tem-dan-hang-de-vo-01.jpg\" alt=\"\" width=\"1319\" height=\"948\" \/><\/span><\/p>\n<p><span style=\"font-size: 110%; color: #000000;\"><strong>\u2013 Ch\u1ea5t li\u1ec7u<\/strong> gi\u1ea5y decal s\u1eefa<\/span><\/p>\n<p><span style=\"font-size: 110%; color: #000000;\"><b>\u2013\u00a0<span lang=\"VI\">In Decal<\/span><\/b>\u00a0\u0111\u01b0\u1ee3c in v\u1edbi k\u1ef9 thu\u1eadt in nhanh tr\u00ean c\u00e1c d\u00f2ng m\u00e1y in nhanh hi\u1ec7n \u0111\u1ea1i m\u00e0u s\u1eafc chu\u1ea9n .<\/span><\/p>\n<p><span style=\"font-size: 110%; color: #000000;\"><b>\u2013\u00a0<span lang=\"VI\">C\u00e1n M\u00e0ng<\/span><\/b>\u00a0decal sau khi in xong s\u1ebd \u0111\u01b0\u1ee3c c\u00e1n m\u00e0ng m\u1edd,<span lang=\"VI\">\u00a0c\u00e1n m\u00e0ng b\u00f3ng theo y\u00eau c\u1ea7u c\u1ee7a kh\u00e1ch h\u00e0ng\u00a0<\/span>\u00a0gi\u00fap t\u0103ng \u0111\u1ed9 b\u1ec1n c\u0169ng nh\u01b0 v\u1ebb \u0111\u1eb9p cho\u00a0<span lang=\"VI\">nh\u00e3n d\u00e1n<\/span>.<\/span><\/p>\n<p><span style=\"font-size: 110%; color: #000000;\"><strong><b>\u2013\u00a0<\/b>B\u1ebf Bemi<\/strong>\u00a0theo y\u00eau c\u1ea7u gi\u00fap kh\u00e1ch h\u00e0ng d\u1ec5 d\u00e0ng b\u00f3c t\u00e1ch ra \u0111\u1ec3 d\u00e1n l\u00ean s\u1ea3n ph\u1ea9m m\u1ed9t c\u00e1ch nhanh nh\u1ea5t .<\/span><\/p>\n<ul>\n<li><span style=\"font-size: 110%; color: #000000;\">B\u1ebf theo d\u1ea1ng\u00a0 h\u00ecnh tr\u00f2n:\u00a0<img decoding=\"async\" loading=\"lazy\" class=\"alignnone wp-image-797\" src=\"http:\/\/innhanh.ai\/wp-content\/uploads\/2023\/09\/hinh-tron-aiprint.png\" alt=\"\" width=\"49\" height=\"49\" \/>\u00a0K\u00edch th\u01b0\u1edbc (cm) : 2\u00d72; 3\u00d73; 4\u00d74; 5\u00d75; 6\u00d76;\u2026 k\u00edch th\u01b0\u1edbc theo file.<\/span><\/li>\n<li><span style=\"font-size: 110%; color: #000000;\">B\u1ebf theo d\u1ea1ng\u00a0 h\u00ecnh vu\u00f4ng :\u00a0<img decoding=\"async\" loading=\"lazy\" class=\"alignnone wp-image-798\" src=\"http:\/\/innhanh.ai\/wp-content\/uploads\/2023\/09\/hinh-vuong-aiprint.png\" alt=\"\" width=\"52\" height=\"52\" \/>\u00a0 K\u00edch th\u01b0\u1edbc (cm) : 2\u00d72; 3\u00d73; 4\u00d74; 5\u00d75; 6\u00d76;\u2026 k\u00edch th\u01b0\u1edbc theo file.<\/span><\/li>\n<li><span style=\"font-size: 110%; color: #000000;\">B\u1ebf theo d\u1ea1ng\u00a0 h\u00ecnh ch\u1eef nh\u1eadt :<img decoding=\"async\" loading=\"lazy\" class=\"alignnone wp-image-799\" src=\"http:\/\/innhanh.ai\/wp-content\/uploads\/2023\/09\/hinh-chu-nhat-aiprint.png\" alt=\"\" width=\"55\" height=\"55\" \/>\u00a0K\u00edch th\u01b0\u1edbc : (cm) 11\u00d77; 12\u00d77; 14.5\u00d79; 19\u00d712; 4\u00d72; 5\u00d73; 6\u00d74; 7\u00d75; ;7\u00d72; 8\u00d76 .<\/span><\/li>\n<li><span style=\"font-size: 110%; color: #000000;\">B\u1ebf\u00a0 h\u00ecnh theo file kh\u00e1ch h\u00e0ng\u00a0 :\u00a0\u00a0<img decoding=\"async\" loading=\"lazy\" class=\"alignnone wp-image-800\" src=\"http:\/\/innhanh.ai\/wp-content\/uploads\/2023\/09\/hinh-theo-file-aiprint.png\" alt=\"\" width=\"72\" height=\"72\" \/>\u00a0k\u00edch th\u01b0\u1edbc (cm) : theo y\u00eau c\u1ea7u<\/span><\/li>\n<\/ul>\n<p><img decoding=\"async\" loading=\"lazy\" class=\"alignnone size-full wp-image-2453\" src=\"http:\/\/innhanh.ai\/wp-content\/uploads\/2024\/07\/tran-vien-01.jpg\" alt=\"\" width=\"2481\" height=\"1589\" \/><\/p>\n<p><span style=\"font-size: 110%; color: #000000;\"><img decoding=\"async\" loading=\"lazy\" class=\"alignnone wp-image-2180\" src=\"http:\/\/innhanh.ai\/wp-content\/uploads\/2024\/07\/tem-nhan-hang-de-vo-9.jpg\" alt=\"\" width=\"516\" height=\"507\" \/><img decoding=\"async\" loading=\"lazy\" class=\"\" src=\"https:\/\/bizweb.dktcdn.net\/100\/503\/497\/files\/in-tem-canh-bao-1.jpg?v=1714638104643\" width=\"691\" height=\"509\" \/><\/span><\/p>\n<p style=\"font-weight: 400;\"><span style=\"font-weight: 400; font-size: 110%; color: #000000;\">&#8211; Ch\u1ea5t li\u1ec7u\u00a0decal\u00a0khi b\u1ea1n s\u1eed d\u1ee5ng d\u00e1n c\u1ea3nh b\u00e1o:<\/span><\/p>\n<ul style=\"font-weight: 400;\">\n<li><span style=\"font-size: 110%; color: #000000;\">Decal gi\u1ea5y: D\u1ec5 in \u1ea5n, d\u1ec5 l\u00ean m\u00e0u, in \u0111\u01b0\u1ee3c nhi\u1ec1u m\u00e0u s\u1eafc kh\u00e1c nhau, gi\u00e1 r\u1ebb nh\u1ea5t. Th\u01b0\u1eddng decal gi\u1ea5y s\u1eed d\u1ee5ng d\u00e1n tr\u00ean c\u00e1c h\u1ed9p m\u1ef9 ph\u1ea9m, h\u1ed9p thu\u1ed1c ho\u1eb7c h\u1ed9p \u0111\u1ef1ng c\u00e1c \u0111\u1ed3 trong \u0111i\u1ec1u ki\u1ec7n b\u1ea3o qu\u1ea3n b\u00ecnh th\u01b0\u1eddng, kh\u00f4ng kh\u1eafc nghi\u1ec7t. L\u00fd do b\u1edfi tem gi\u1ea5y r\u1ea5t d\u1ec5 r\u00e1ch v\u00e0 th\u1ea5m n\u01b0\u1edbc n\u00ean kh\u00f4ng ph\u00f9 h\u1ee3p \u0111\u1ec3 d\u00f9ng cho c\u00e1c s\u1ea3n ph\u1ea9m \u0111\u00f4ng l\u1ea1nh ho\u1eb7c ti\u1ebfp x\u00fac nhi\u1ec1u v\u1edbi n\u01b0\u1edbc\u2026<\/span><\/li>\n<li><span style=\"font-size: 110%; color: #000000;\">Decal nh\u1ef1a: \u0110\u1ed1i v\u1edbi c\u00e1c d\u00f2ng s\u1ea3n ph\u1ea9m \u0111\u00f3ng h\u1ed9p: th\u1ee7y h\u1ea3i s\u1ea3n, tr\u00e1i c\u00e2y, kem\u2026 \u0111\u01b0\u1ee3c b\u1ea3o qu\u1ea3n trong m\u00f4i tr\u01b0\u1eddng nh\u01b0 t\u1ee7 l\u1ea1nh, hay trong m\u00f4i tr\u01b0\u1eddng n\u01b0\u1edbc th\u00ec l\u1ef1a ch\u1ecdn decal nh\u1ef1a PVC l\u00e0 gi\u1ea3i ph\u00e1p t\u1ed1i \u01b0u. Vi\u1ec7c n\u00e0y tr\u00e1nh cho nh\u00e3n d\u00e1n kh\u00f4ng b\u1ecb bay hay nh\u00f2e m\u00e0u, kh\u00f4ng b\u1ecb bong. N\u00ean l\u1ef1a ch\u1ecdn lo\u1ea1i \u0111\u1ebf d\u00e0y, keo kh\u00f4. Kh\u00f4ng n\u00ean v\u00ec ham in tem decal gi\u00e1 r\u1ebb m\u00e0 l\u1ef1a ch\u1ecdn lo\u1ea1i decal k\u00e9m ch\u1ea5t l\u01b0\u1ee3ng.<\/span><\/li>\n<li><span style=\"font-size: 110%; color: #000000;\">Decal PVC ho\u1eb7c BOPP cho \u0111\u1ed9 dai, ch\u1ed1ng r\u00e1ch trong qu\u00e1 tr\u00ecnh v\u1eadn chuy\u1ec3n.<\/span><\/li>\n<\/ul>\n<p><span style=\"font-size: 110%; color: #000000;\"><img decoding=\"async\" loading=\"lazy\" class=\"size-full wp-image-2177 aligncenter\" src=\"http:\/\/innhanh.ai\/wp-content\/uploads\/2024\/07\/8ac74f8266911fab0ebe55fdbed8d0ba.jpg\" alt=\"\" width=\"564\" height=\"934\" \/><\/span><\/p>\n<p><span style=\"font-size: 110%; color: #000000;\"><img decoding=\"async\" loading=\"lazy\" class=\" wp-image-2178 aligncenter\" src=\"http:\/\/innhanh.ai\/wp-content\/uploads\/2024\/07\/eeb431df732ce015f7fd12e979bc289a.jpg\" alt=\"\" width=\"535\" height=\"1358\" \/><\/span><\/p>\n<p style=\"font-weight: 400;\"><span style=\"font-weight: 400; font-size: 110%; color: #000000;\"><b><strong>&#8211;\u00a0Quy c\u00e1ch in:<\/strong><\/b>\u00a0L\u1ef1a ch\u1ecdn c\u00e1n b\u00f3ng ho\u1eb7c c\u00e1n m\u1edd: C\u00e1n m\u1edd ho\u1eb7c laminate mang l\u1ea1i c\u00e1i nh\u00ecn sang tr\u1ecdng, c\u1ed5 \u0111i\u1ec3n v\u00e0 d\u1ec5 \u0111\u1ecdc, trong khi l\u1edbp m\u00e0ng b\u00f3ng s\u1ebd b\u1ed5 sung th\u00eam m\u1ed9t s\u1ed1 hi\u1ec7u \u1ee9ng ph\u1ee5 cho nh\u00e3n, l\u00e0m cho nh\u00e3n s\u00e1ng b\u00f3ng v\u00e0 ph\u1ea3n chi\u1ebfu m\u1ecdi \u00e1nh nh\u00ecn.<\/span><\/p>\n<p style=\"font-weight: 400;\"><span style=\"font-weight: 400; font-size: 110%; color: #000000;\">C\u00e1c h\u00ecnh d\u1ea1ng c\u1ee7a\u00a0<em>in nh\u00e3n c\u1ea3nh b\u00e1o<\/em>\u00a0th\u01b0\u1eddng l\u00e0 h\u00ecnh vu\u00f4ng, h\u00ecnh tr\u00f2n, h\u00ecnh elip, b\u1ea1n c\u1ea7n g\u1edfi file k\u00e8m k\u00edch th\u01b0\u1edbc v\u00e0 s\u1ed1 l\u01b0\u1ee3ng in\u00a0<b><strong>In nhanh Aiprint<\/strong><\/b>\u00a0s\u1ebd t\u00ednh gi\u00e1 v\u00e0 b\u00e1o th\u1eddi gian giao h\u00e0ng nhanh nh\u1ea5t.<\/span><\/p>\n<p><img decoding=\"async\" loading=\"lazy\" class=\"alignnone wp-image-2175\" src=\"http:\/\/innhanh.ai\/wp-content\/uploads\/2024\/07\/tem-nhan-hang-de-vo-11.jpg\" alt=\"\" width=\"1267\" height=\"662\" \/><\/p>\n<p style=\"font-weight: 400;\"><span style=\"font-weight: 400; font-size: 110%; color: #000000;\"><b><strong>In<\/strong><\/b>\u00a0<b><strong>decal c\u1ea3nh b\u00e1o<\/strong><\/b><b><strong>\u00a0<\/strong><\/b><b><strong>c\u00f3 t\u00e1c d\u1ee5ng g\u00ec?<\/strong><\/b><\/span><\/p>\n<ul style=\"font-weight: 400;\">\n<li><span style=\"font-size: 110%; color: #000000;\">L\u1edbp keo ch\u1eafc ch\u1eafn c\u00f3 \u0111\u1ed9 b\u1ec1n cao v\u00e0 kh\u00f4ng d\u1ec5 x\u00e9 r\u00e1ch v\u00e0 ch\u1ed1ng n\u01b0\u1edbc.<\/span><\/li>\n<li><span style=\"font-size: 110%; color: #000000;\">M\u00e0u in n\u00e0y b\u00e1m ch\u1eafc tr\u00ean nhi\u1ec1u ch\u1ea5t li\u1ec7u kh\u00e1c nhau, N\u00f3 l\u00ean m\u00e0u \u0111\u1eb9p, \u0111\u1eadm, \u0111\u1ec1u, kh\u00f4ng thay \u0111\u1ed5i \u0111\u1ed9 \u0111\u1eadm nh\u1ea1t tr\u00ean c\u00e1c b\u1ea3n in kh\u00e1c nhau.<\/span><\/li>\n<li><span style=\"font-size: 110%; color: #000000;\">Qu\u1ea3ng b\u00e1 h\u00ecnh \u1ea3nh doanh nghi\u1ec7p, th\u1ec3 hi\u1ec7n s\u1ef1 chuy\u00ean nghi\u1ec7p trong kinh doanh.<\/span><\/li>\n<li><span style=\"font-size: 110%; color: #000000;\">T\u1ea1o s\u1ef1 c\u1ea1nh tranh cho s\u1ea3n ph\u1ea9m v\u1edbi c\u00e1c th\u01b0\u01a1ng hi\u1ec7u kh\u00e1c tr\u00ean th\u1ecb tr\u01b0\u1eddng.<\/span><\/li>\n<li><span style=\"font-size: 110%; color: #000000;\">Kh\u1eb3ng \u0111\u1ecbnh gi\u00e1 tr\u1ecb\u00a0th\u01b0\u01a1ng hi\u1ec7u v\u00e0 th\u00fac \u0111\u1ea9y s\u1ef1 l\u1ef1a ch\u1ecdn c\u1ee7a ng\u01b0\u1eddi ti\u00eau d\u00f9ng.<\/span><\/li>\n<\/ul>\n<p><span style=\"font-size: 110%; color: #000000;\"><img decoding=\"async\" loading=\"lazy\" class=\"alignnone wp-image-2176\" src=\"http:\/\/innhanh.ai\/wp-content\/uploads\/2024\/07\/Den-quay-canh-bao-warning-light-KYE-KTD-1101-1024x1024-1.jpg\" alt=\"\" width=\"1266\" height=\"1266\" \/>\u00a0<\/span><\/p>\n<p><span style=\"font-size: 110%; color: #000000;\"><strong>\u2014\u2014\u2014\u2014\u2014\u2014\u2014\u2014\u2014\u2014\u2014\u2014\u2014\u2014\u2014\u2014\u2014<\/strong><\/span><\/p>\n<ul>\n<li><span style=\"font-size: 110%; color: #000000;\"><b>D\u1ecaCH V\u1ee4 IN NHANH AIPRINT\u00a0<\/b><\/span><\/li>\n<li><span style=\"font-size: 110%; color: #000000;\"><strong>Hotline:<\/strong>\u00a008 2828 3366 \u2013 083 850 3366<\/span><\/li>\n<li><span style=\"font-size: 110%; color: #000000;\"><strong>Website:<\/strong>\u00a0<a style=\"color: #000000;\" href=\"https:\/\/innhanh.ai\/\">www.innhanh.ai<\/a>\u00a0\u2013\u00a0<a style=\"color: #000000;\" href=\"https:\/\/aiprint.vn\/\">www.aiprint.vn<\/a><\/span><\/li>\n<li><span style=\"font-size: 110%; color: #000000;\"><strong>Email:<\/strong>\u00a0lienhe@innhanh.Ai \u2013 aiprint.vn@gmail.com<\/span><\/li>\n<li><span style=\"font-size: 110%; color: #000000;\"><strong>Fanpage:<\/strong>\u00a0<a style=\"color: #000000;\" href=\"https:\/\/www.facebook.com\/aiprint.vn\/\">https:\/\/www.facebook.com\/aiprint.vn<\/a><\/span><\/li>\n<li><span style=\"font-size: 110%; color: #000000;\"><strong>\u0110\u1ecba ch\u1ec9:\u00a0<\/strong>\u00a057 V\u0169 Tr\u1ecdng Ph\u1ee5ng, Ph\u01b0\u1eddng T\u00e2n Th\u00e0nh, Qu\u1eadn T\u00e2n Ph\u00fa, TP. H\u1ed3 Ch\u00ed Minh.<\/span><\/li>\n<\/ul>\n<p><span style=\"font-size: 110%; color: #000000;\"><img decoding=\"async\" loading=\"lazy\" class=\"alignnone size-full wp-image-1138\" src=\"http:\/\/innhanh.ai\/wp-content\/uploads\/2023\/09\/1134-01.jpg\" alt=\"\" width=\"1922\" height=\"401\" \/><\/span><\/p>\n","protected":false},"excerpt":{"rendered":"<div class=\"block-price-details\">\n<div class=\"box-price-details\">\n<p><span class=\"new-price-details\"><span class=\"p-from\"><span style=\"color: #0000ff;\">IN NHANH<\/span> Gi\u00e1 ch\u1ec9 t\u1eeb <\/span>\u00a0<strong><span style=\"color: #ff0000;\">200<\/span><\/strong><span style=\"color: #0000ff;\">\/con tem.<\/span><\/span><\/p>\n<table class=\"table table-bordered\" style=\"height: 192px;\" width=\"562\">\n<tbody>\n<tr>\n<td><b>\u2705 Ch\u1ea5t Li\u1ec7u<\/b><\/td>\n<td>\u2b50Decal gi\u1ea5y, decal nh\u1ef1a,..<\/td>\n<\/tr>\n<tr>\n<td><b>\u2705 Thi\u1ebft K\u1ebf<\/b><\/td>\n<td>\u2b50 Chuy\u00ean nghi\u1ec7p, tu\u1ef3 ch\u1ec9nh theo nhu c\u1ea7u kh\u00e1ch h\u00e0ng<\/td>\n<\/tr>\n<tr>\n<td><b>\u2705 Gia C\u00f4ng<\/b><\/td>\n<td>\u2b50\u00a0C\u00e1n m\u00e0ng b\u00f3ng, c\u00e1n m\u00e0ng m\u1edd, c\u1eaft b\u1ebf, \u00e9p,&#8230;<\/td>\n<\/tr>\n<tr>\n<td><b>\u2705 K\u00edch Th\u01b0\u1edbc<\/b><\/td>\n<td>\u2b50 \u0110a d\u1ea1ng, \u0111i\u1ec1u ch\u1ec9nh theo y\u00eau c\u1ea7u c\u1ee7a kh\u00e1ch h\u00e0ng<\/td>\n<\/tr>\n<tr>\n<td><b>\u2705 Chi Ph\u00ed<\/b><\/td>\n<td>\u2b50 Gi\u00e1 c\u1ea3 c\u1ea1nh tranh, ti\u1ebft ki\u1ec7m<\/td>\n<\/tr>\n<tr>\n<td><b>\u2705 Giao H\u00e0ng<\/b><\/td>\n<td>\u2b50 Nhanh ch\u00f3ng<\/td>\n<\/tr>\n<\/tbody>\n<\/table>\n<\/div>\n<\/div>\n<ul>\n<li><span style=\"color: #800000; font-size: 110%;\"><span style=\"color: #ff0000;\">\u0110\u1eb7t In : 0828283366 &#8211; 0838503366<\/span><\/span><\/li>\n<li><span style=\"color: #0000ff; font-size: 110%;\">Email: lienhe@innhanh.ai<\/span><\/li>\n<\/ul>\n","protected":false},"featured_media":2179,"comment_status":"closed","ping_status":"closed","template":"","meta":{"_monsterinsights_skip_tracking":false,"_monsterinsights_sitenote_active":false,"_monsterinsights_sitenote_note":"","_monsterinsights_sitenote_category":0},"product_cat":[36],"product_tag":[],"aioseo_notices":[],"_links":{"self":[{"href":"https:\/\/innhanh.ai\/index.php\/wp-json\/wp\/v2\/product\/2171"}],"collection":[{"href":"https:\/\/innhanh.ai\/index.php\/wp-json\/wp\/v2\/product"}],"about":[{"href":"https:\/\/innhanh.ai\/index.php\/wp-json\/wp\/v2\/types\/product"}],"replies":[{"embeddable":true,"href":"https:\/\/innhanh.ai\/index.php\/wp-json\/wp\/v2\/comments?post=2171"}],"wp:featuredmedia":[{"embeddable":true,"href":"https:\/\/innhanh.ai\/index.php\/wp-json\/wp\/v2\/media\/2179"}],"wp:attachment":[{"href":"https:\/\/innhanh.ai\/index.php\/wp-json\/wp\/v2\/media?parent=2171"}],"wp:term":[{"taxonomy":"product_cat","embeddable":true,"href":"https:\/\/innhanh.ai\/index.php\/wp-json\/wp\/v2\/product_cat?post=2171"},{"taxonomy":"product_tag","embeddable":true,"href":"https:\/\/innhanh.ai\/index.php\/wp-json\/wp\/v2\/product_tag?post=2171"}],"curies":[{"name":"wp","href":"https:\/\/api.w.org\/{rel}","templated":true}]}}