{"id":2185,"date":"2024-07-11T08:16:01","date_gmt":"2024-07-11T07:16:01","guid":{"rendered":"https:\/\/innhanh.ai\/?post_type=product&#038;p=2185"},"modified":"2025-01-16T06:49:18","modified_gmt":"2025-01-16T06:49:18","slug":"in-nhanh-tem-nhan-danh-thiep-business-card-label","status":"publish","type":"product","link":"https:\/\/innhanh.ai\/index.php\/product\/in-nhanh-tem-nhan-danh-thiep-business-card-label\/","title":{"rendered":"IN NHANH TEM NH\u00c3N DANH THI\u1ebeP &#8211; BUSINESS CARD LABEL"},"content":{"rendered":"<h1 style=\"text-align: center;\"><strong> TEM NH\u00c3N DANH THI\u1ebeP &#8211; BUSINESS CARD LABEL<\/strong><\/h1>\n<p><img decoding=\"async\" src=\"https:\/\/cms.cloudinary.vpsvc.com\/images\/c_scale,dpr_auto,f_auto,q_auto:best,t_productPageHeroGalleryTransformation_v2,w_auto\/legacy_dam\/en-us\/S001636175\/NPIB-7755-BC-stickers-Marquee-003?cb=d359a3fc051215a38afdc7573ced024f1074bdbd\" alt=\"Business Card Stickers | VistaPrint\" \/><\/p>\n<p><b><span lang=\"VI\">Nh\u00e3n danh thi\u1ebfp l\u00e0 s\u1ea3n ph\u1ea9m \u0111\u01b0\u1ee3c nhi\u1ec1u kh\u00e1ch h\u00e0ng l\u1ef1a ch\u1ecdn s\u1eed d\u1ee5ng trong vi\u1ec7c b\u00e1n h\u00e0ng. M\u1ecdi th\u00f4ng tin li\u00ean h\u1ec7 c\u1ee7a b\u1ea1n \u0111\u01b0\u1ee3c \u0111\u00ednh k\u00e8m tr\u00ean c\u00e1c t\u00e0i li\u1ec7u, h\u1ed3 s\u01a1 hay h\u00e0ng m\u1eabu b\u1ea1n g\u1eedi \u0111\u1ebfn kh\u00e1ch s\u1ebd \u0111\u01b0\u1ee3c l\u01b0u gi\u1eef t\u1ed1t nh\u1ea5t. Ch\u1ea5t li\u1ec7u l\u00e0m tem d\u00e1n n\u00e0y<\/span>\u00a0c\u0169ng l\u00e0 b\u01b0\u1edbc l\u1ef1a ch\u1ecdn v\u00f4 c\u00f9ng quan tr\u1ecdng<span lang=\"VI\">\u00a0ch\u1ee7 y\u1ebfu l\u00e0 d\u00f2ng Decal gi\u1ea5y Fasson c\u00f3 kh\u1ea3 n\u0103ng b\u00e1m d\u00ednh l\u00ean t\u00e0i li\u1ec7u, b\u00e1o gi\u00e1 \u0111\u1ebfn kh\u00e1ch h\u00e0ng th\u00ec vi\u1ec7c g\u1eedi k\u00e8m th\u00f4ng tin v\u00e0o c\u00e1c b\u1ed9 h\u1ed3 s\u01a1, t\u00e0i li\u1ec7u v\u1eeba ti\u1ec7n l\u1ee3i, tinh t\u1ebf v\u00e0 l\u00e0m kh\u00e1ch h\u00e0ng \u1ea5n t\u01b0\u1ee3ng \u0111\u1ebfn b\u1ea1n. Vi\u1ec7c in logo d\u00e1n n\u00e0y g\u00f3p ph\u1ea7n x\u00e2y d\u1ef1ng h\u00ecnh \u1ea3nh c\u1eeda h\u00e0ng trong t\u00e2m tr\u00ed kh\u00e1ch h\u00e0ng, l\u00e0 m\u1ed9t trong nh\u1eefng ph\u01b0\u01a1ng ph\u00e1p marketing hi\u1ec7u qu\u1ea3.<\/span><\/b><\/p>\n<p><img decoding=\"async\" loading=\"lazy\" class=\"alignnone wp-image-2192\" src=\"http:\/\/innhanh.ai\/wp-content\/uploads\/2024\/07\/IN_visiting_card_stickers_002.jpg\" alt=\"\" width=\"1356\" height=\"670\" \/><\/p>\n<p><strong>\u2013 Ch\u1ea5t li\u1ec7u<\/strong> gi\u1ea5y decal gi\u1ea5y, decal nh\u1ef1a,&#8230;<\/p>\n<p><b>\u2013\u00a0<span lang=\"VI\">In Decal gi\u1ea5y<\/span><\/b>\u00a0\u0111\u01b0\u1ee3c in v\u1edbi k\u1ef9 thu\u1eadt in nhanh tr\u00ean c\u00e1c d\u00f2ng m\u00e1y in nhanh hi\u1ec7n \u0111\u1ea1i m\u00e0u s\u1eafc chu\u1ea9n .<\/p>\n<p><b>\u2013\u00a0<span lang=\"VI\">C\u00e1n M\u00e0ng\u00a0\u00a0<\/span><\/b>\u00a0decal sau khi in xong s\u1ebd \u0111\u01b0\u1ee3c c\u00e1n m\u00e0ng m\u1edd,<span lang=\"VI\">\u00a0c\u00e1n m\u00e0ng b\u00f3ng theo y\u00eau c\u1ea7u c\u1ee7a kh\u00e1ch h\u00e0ng\u00a0<\/span>\u00a0gi\u00fap t\u0103ng \u0111\u1ed9 b\u1ec1n c\u0169ng nh\u01b0 v\u1ebb \u0111\u1eb9p cho\u00a0<span lang=\"VI\">nh\u00e3n d\u00e1n<\/span>.<\/p>\n<p><strong>-B\u1ebf Bemi<\/strong>\u00a0theo y\u00eau c\u1ea7u gi\u00fap kh\u00e1ch h\u00e0ng d\u1ec5 d\u00e0ng b\u00f3c t\u00e1ch ra \u0111\u1ec3 d\u00e1n l\u00ean s\u1ea3n ph\u1ea9m m\u1ed9t c\u00e1ch nhanh nh\u1ea5t.<\/p>\n<ul>\n<li>B\u1ebf theo d\u1ea1ng\u00a0 h\u00ecnh tr\u00f2n:\u00a0<img decoding=\"async\" loading=\"lazy\" class=\"alignnone wp-image-797\" src=\"http:\/\/innhanh.ai\/wp-content\/uploads\/2023\/09\/hinh-tron-aiprint.png\" alt=\"\" width=\"49\" height=\"49\" \/>\u00a0K\u00edch th\u01b0\u1edbc (cm) : 2\u00d72; 3\u00d73; 4\u00d74; 5\u00d75; 6\u00d76;\u2026 k\u00edch th\u01b0\u1edbc theo file.<\/li>\n<li>B\u1ebf theo d\u1ea1ng\u00a0 h\u00ecnh vu\u00f4ng :\u00a0<img decoding=\"async\" loading=\"lazy\" class=\"alignnone wp-image-798\" src=\"http:\/\/innhanh.ai\/wp-content\/uploads\/2023\/09\/hinh-vuong-aiprint.png\" alt=\"\" width=\"52\" height=\"52\" \/>\u00a0 K\u00edch th\u01b0\u1edbc (cm) : 2\u00d72; 3\u00d73; 4\u00d74; 5\u00d75; 6\u00d76;\u2026 k\u00edch th\u01b0\u1edbc theo file.<\/li>\n<li>B\u1ebf theo d\u1ea1ng\u00a0 h\u00ecnh ch\u1eef nh\u1eadt :<img decoding=\"async\" loading=\"lazy\" class=\"alignnone wp-image-799\" src=\"http:\/\/innhanh.ai\/wp-content\/uploads\/2023\/09\/hinh-chu-nhat-aiprint.png\" alt=\"\" width=\"55\" height=\"55\" \/>\u00a0K\u00edch th\u01b0\u1edbc : (cm) 11\u00d77; 12\u00d77; 14.5\u00d79; 19\u00d712; 4\u00d72; 5\u00d73; 6\u00d74; 7\u00d75; ;7\u00d72; 8\u00d76 .<\/li>\n<li>B\u1ebf\u00a0 h\u00ecnh theo file kh\u00e1ch h\u00e0ng\u00a0 :\u00a0\u00a0<img decoding=\"async\" loading=\"lazy\" class=\"alignnone wp-image-800\" src=\"http:\/\/innhanh.ai\/wp-content\/uploads\/2023\/09\/hinh-theo-file-aiprint.png\" alt=\"\" width=\"72\" height=\"72\" \/>\u00a0k\u00edch th\u01b0\u1edbc (cm) : theo y\u00eau c\u1ea7u<\/li>\n<\/ul>\n<p><img decoding=\"async\" loading=\"lazy\" class=\"alignnone size-full wp-image-2453\" src=\"http:\/\/innhanh.ai\/wp-content\/uploads\/2024\/07\/tran-vien-01.jpg\" alt=\"\" width=\"2481\" height=\"1589\" \/><\/p>\n<p><a><b>H\u00e3y c\u00f9ng tham kh\u1ea3o th\u00f4ng tin c\u1ee7a\u00a0<\/b><\/a><b><span lang=\"VI\">in nh\u00e3n danh thi\u1ebfp<\/span><\/b><b>\u00a0t\u1ea1i In nhanh Aiprint nh\u00e9!<\/b><\/p>\n<p>K\u1ef9 thu\u1eadt in, k\u00edch th\u01b0\u1edbc v\u00e0 ch\u1ea5t li\u1ec7u\u00a0<b><span lang=\"VI\">c\u1ee7a decal\u00a0<\/span><\/b><b>danh thi\u1ebfp<\/b><\/p>\n<p>&#8211;\u00a0<span lang=\"VI\">In nh\u00e3n danh thi\u1ebfp:<b>\u00a0<\/b>\u0111\u01b0\u1ee3c in v\u1edbi k\u1ef9 thu\u1eadt in offset \u2013 k\u1ef9 thu\u1eadt in hi\u1ec7n \u0111\u1ea1i ph\u1ed5 bi\u1ebfn nh\u1ea5t cho ra s\u1ea3n ph\u1ea9m m\u00e0u s\u1eafc \u0111\u1eb9p.<\/span><\/p>\n<p><i>&#8211; K\u00edch th\u01b0\u1edbc in\u00a0<\/i><i><span lang=\"VI\">Nh\u00e3n danh thi\u1ebfp\u00a0<\/span><\/i>\u00a0th\u00e0nh ph\u1ea9m l\u00e0 5x5cm<span lang=\"VI\">,<\/span>5x10cm<span lang=\"VI\">,<\/span>10x10cm<span lang=\"VI\">, 15x10cm v\u00e0 15x15cm<\/span>.<\/p>\n<p>&#8211; Ch\u1ea5t li\u1ec7u<span lang=\"VI\">\u00a0decal<\/span>\u00a0<span lang=\"VI\">khi b\u1ea1n s\u1eed d\u1ee5ng d\u00e1n h\u1ed9p:<\/span><\/p>\n<ul>\n<li><span lang=\"VI\">Decal gi\u1ea5y: D\u1ec5 in \u1ea5n, d\u1ec5 l\u00ean m\u00e0u, in \u0111\u01b0\u1ee3c nhi\u1ec1u m\u00e0u s\u1eafc kh\u00e1c nhau, gi\u00e1 r\u1ebb nh\u1ea5t. Th\u01b0\u1eddng decal gi\u1ea5y s\u1eed d\u1ee5ng d\u00e1n tr\u00ean c\u00e1c h\u1ed9p m\u1ef9 ph\u1ea9m, h\u1ed9p thu\u1ed1c, h\u1ed9p \u0111\u1ef1ng c\u00e1c \u0111\u1ed3 trong \u0111i\u1ec1u ki\u1ec7n b\u1ea3o qu\u1ea3n b\u00ecnh th\u01b0\u1eddng<\/span>\u00a0<span lang=\"VI\">ho\u1eb7c \u0111\u01b0\u1ee3c \u0111\u00ednh k\u00e8m tr\u00ean c\u00e1c t\u00e0i li\u1ec7u, h\u1ed3 s\u01a1 hay h\u00e0ng m\u1eabu b\u1ea1n g\u1eedi \u0111\u1ebfn kh\u00e1ch s\u1ebd \u0111\u01b0\u1ee3c l\u01b0u gi\u1eef t\u1ed1t nh\u1ea5t, kh\u00f4ng kh\u1eafc nghi\u1ec7t. L\u00fd do b\u1edfi tem gi\u1ea5y r\u1ea5t d\u1ec5 r\u00e1ch v\u00e0 th\u1ea5m n\u01b0\u1edbc n\u00ean kh\u00f4ng ph\u00f9 h\u1ee3p \u0111\u1ec3 d\u00f9ng cho c\u00e1c s\u1ea3n ph\u1ea9m \u0111\u00f4ng l\u1ea1nh ho\u1eb7c ti\u1ebfp x\u00fac nhi\u1ec1u v\u1edbi n\u01b0\u1edbc.<\/span><\/li>\n<\/ul>\n<p><img decoding=\"async\" loading=\"lazy\" class=\"alignnone size-full wp-image-2188\" src=\"http:\/\/innhanh.ai\/wp-content\/uploads\/2024\/07\/65923-scaled.jpg\" alt=\"\" width=\"2560\" height=\"1673\" \/><\/p>\n<p><b>&#8211;\u00a0<span lang=\"VI\">Quy c\u00e1ch in:<\/span><\/b>\u00a0<span lang=\"VI\">L\u1ef1a ch\u1ecdn c\u00e1n b\u00f3ng ho\u1eb7c c\u00e1n m\u1edd: C\u00e1n m\u1edd ho\u1eb7c laminate mang l\u1ea1i c\u00e1i nh\u00ecn sang tr\u1ecdng, c\u1ed5 \u0111i\u1ec3n v\u00e0 d\u1ec5 \u0111\u1ecdc, trong khi l\u1edbp m\u00e0ng b\u00f3ng s\u1ebd b\u1ed5 sung th\u00eam m\u1ed9t s\u1ed1 hi\u1ec7u \u1ee9ng ph\u1ee5 cho nh\u00e3n, l\u00e0m cho nh\u00e3n s\u00e1ng b\u00f3ng v\u00e0 ph\u1ea3n chi\u1ebfu m\u1ecdi \u00e1nh nh\u00ecn<\/span><\/p>\n<p><span lang=\"VI\">C\u00e1c h\u00ecnh d\u1ea1ng c\u1ee7a\u00a0<i>in nh\u00e3n danh thi\u1ebfp<\/i>\u00a0th\u01b0\u1eddng l\u00e0 h\u00ecnh vu\u00f4ng, h\u00ecnh tr\u00f2n, h\u00ecnh elip,<\/span>&#8230;<span lang=\"VI\">\u00a0b\u1ea1n c\u1ea7n g\u1edfi file k\u00e8m k\u00edch th\u01b0\u1edbc v\u00e0 s\u1ed1 l\u01b0\u1ee3ng in\u00a0<b>In nhanh Aiprint<\/b>\u00a0s\u1ebd t\u00ednh gi\u00e1 v\u00e0 b\u00e1o th\u1eddi gian giao h\u00e0ng nhanh nh\u1ea5t.<\/span><\/p>\n<p><b>In<\/b>\u00a0<b><span lang=\"VI\">nh\u00e3n danh thi\u1ebfp<\/span><\/b><b>\u00a0<\/b>c\u00f3 t\u00e1c d\u1ee5ng g\u00ec?<\/p>\n<ul>\n<li><span lang=\"VI\">L\u1edbp keo ch\u1eafc ch\u1eafn c\u00f3 \u0111\u1ed9 b\u1ec1n cao v\u00e0 kh\u00f4ng d\u1ec5 x\u00e9 r\u00e1ch v\u00e0 ch\u1ed1ng n\u01b0\u1edbc.<\/span><\/li>\n<li>M\u00e0u in n\u00e0y b\u00e1m ch\u1eafc tr\u00ean nhi\u1ec1u ch\u1ea5t li\u1ec7u kh\u00e1c nhau, N\u00f3 l\u00ean m\u00e0u \u0111\u1eb9p, \u0111\u1eadm, \u0111\u1ec1u, kh\u00f4ng thay \u0111\u1ed5i \u0111\u1ed9 \u0111\u1eadm nh\u1ea1t tr\u00ean c\u00e1c b\u1ea3n in kh\u00e1c nhau.<\/li>\n<li>Qu\u1ea3ng b\u00e1 h\u00ecnh \u1ea3nh doanh nghi\u1ec7p<span lang=\"VI\">, th\u1ec3 hi\u1ec7n s\u1ef1 chuy\u00ean nghi\u1ec7p trong kinh doanh.<\/span><\/li>\n<li>T\u1ea1o s\u1ef1 c\u1ea1nh tranh cho s\u1ea3n ph\u1ea9m v\u1edbi c\u00e1c th\u01b0\u01a1ng hi\u1ec7u kh\u00e1c tr\u00ean th\u1ecb tr\u01b0\u1eddng<span lang=\"VI\">.<\/span><\/li>\n<li><span lang=\"VI\">Kh\u1eb3ng \u0111\u1ecbnh gi\u00e1 tr\u1ecb<\/span>\u00a0th\u01b0\u01a1ng hi\u1ec7u v\u00e0 th\u00fac \u0111\u1ea9y s\u1ef1 l\u1ef1a ch\u1ecdn c\u1ee7a ng\u01b0\u1eddi ti\u00eau d\u00f9n<span lang=\"VI\">g.<\/span><\/li>\n<\/ul>\n<p><img decoding=\"async\" loading=\"lazy\" class=\"alignnone wp-image-2194\" src=\"http:\/\/innhanh.ai\/wp-content\/uploads\/2024\/07\/sticker-business-cards.jpg\" alt=\"\" width=\"1308\" height=\"673\" \/><\/p>\n<p><strong>\u00a0\u2014\u2014\u2014\u2014\u2014\u2014\u2014\u2014\u2014\u2014\u2014\u2014\u2014\u2014\u2014\u2014\u2014<\/strong><\/p>\n<ul>\n<li><b>D\u1ecaCH V\u1ee4 IN NHANH AIPRINT\u00a0<\/b><\/li>\n<li><strong>Hotline:<\/strong>\u00a008 2828 3366 \u2013 083 850 3366<\/li>\n<li><strong>Website:<\/strong>\u00a0<a href=\"https:\/\/innhanh.ai\/\">www.innhanh.ai<\/a>\u00a0\u2013\u00a0<a href=\"https:\/\/aiprint.vn\/\">www.aiprint.vn<\/a><\/li>\n<li><strong>Email:<\/strong>\u00a0lienhe@innhanh.Ai \u2013 aiprint.vn@gmail.com<\/li>\n<li><strong>Fanpage:<\/strong>\u00a0<a href=\"https:\/\/www.facebook.com\/aiprint.vn\/\">https:\/\/www.facebook.com\/aiprint.vn<\/a><\/li>\n<li><strong>\u0110\u1ecba ch\u1ec9:\u00a0<\/strong>\u00a057 V\u0169 Tr\u1ecdng Ph\u1ee5ng, Ph\u01b0\u1eddng T\u00e2n Th\u00e0nh, Qu\u1eadn T\u00e2n Ph\u00fa, TP. H\u1ed3 Ch\u00ed Minh.<\/li>\n<\/ul>\n<p><img decoding=\"async\" loading=\"lazy\" class=\"alignnone size-full wp-image-1138\" src=\"http:\/\/innhanh.ai\/wp-content\/uploads\/2023\/09\/1134-01.jpg\" alt=\"\" width=\"1922\" height=\"401\" \/><\/p>\n","protected":false},"excerpt":{"rendered":"<div class=\"box-price-details\"><span class=\"new-price-details\"><span class=\"p-from\"><strong>IN NHANH<\/strong>\u00a0Gi\u00e1 Ch\u1ec9 t\u1eeb<\/span>\u00a0<strong>50\u0111\/con tem.<\/strong><\/span><\/div>\n<div>\n<div class=\"block-price-details\">\n<div class=\"box-price-details\">\n<table class=\"table table-bordered\" width=\"562\">\n<tbody>\n<tr>\n<td><b><img decoding=\"async\" class=\"emoji\" role=\"img\" draggable=\"false\" src=\"https:\/\/s.w.org\/images\/core\/emoji\/14.0.0\/svg\/2705.svg\" alt=\"\u2705\" \/>\u00a0Ch\u1ea5t Li\u1ec7u<\/b><\/td>\n<td><img decoding=\"async\" class=\"emoji\" role=\"img\" draggable=\"false\" src=\"https:\/\/s.w.org\/images\/core\/emoji\/14.0.0\/svg\/2b50.svg\" alt=\"\u2b50\" \/>Decal Gi\u1ea5y, decal nh\u1ef1a, \u2026<\/td>\n<\/tr>\n<tr>\n<td><b><img decoding=\"async\" class=\"emoji\" role=\"img\" draggable=\"false\" src=\"https:\/\/s.w.org\/images\/core\/emoji\/14.0.0\/svg\/2705.svg\" alt=\"\u2705\" \/>\u00a0Thi\u1ebft K\u1ebf<\/b><\/td>\n<td><img decoding=\"async\" class=\"emoji\" role=\"img\" draggable=\"false\" src=\"https:\/\/s.w.org\/images\/core\/emoji\/14.0.0\/svg\/2b50.svg\" alt=\"\u2b50\" \/>\u00a0Chuy\u00ean nghi\u1ec7p, tu\u1ef3 ch\u1ec9nh theo nhu c\u1ea7u kh\u00e1ch h\u00e0ng<\/td>\n<\/tr>\n<tr>\n<td><b><img decoding=\"async\" class=\"emoji\" role=\"img\" draggable=\"false\" src=\"https:\/\/s.w.org\/images\/core\/emoji\/14.0.0\/svg\/2705.svg\" alt=\"\u2705\" \/>\u00a0Gia C\u00f4ng<\/b><\/td>\n<td><img decoding=\"async\" class=\"emoji\" role=\"img\" draggable=\"false\" src=\"https:\/\/s.w.org\/images\/core\/emoji\/14.0.0\/svg\/2b50.svg\" alt=\"\u2b50\" \/>\u00a0C\u00e1n m\u00e0ng b\u00f3ng, c\u00e1n m\u00e0ng m\u1edd, c\u1eaft b\u1ebf, \u00e9p,\u2026<\/td>\n<\/tr>\n<tr>\n<td><b><img decoding=\"async\" class=\"emoji\" role=\"img\" draggable=\"false\" src=\"https:\/\/s.w.org\/images\/core\/emoji\/14.0.0\/svg\/2705.svg\" alt=\"\u2705\" \/>\u00a0K\u00edch Th\u01b0\u1edbc<\/b><\/td>\n<td><img decoding=\"async\" class=\"emoji\" role=\"img\" draggable=\"false\" src=\"https:\/\/s.w.org\/images\/core\/emoji\/14.0.0\/svg\/2b50.svg\" alt=\"\u2b50\" \/>\u00a0\u0110a d\u1ea1ng, \u0111i\u1ec1u ch\u1ec9nh theo y\u00eau c\u1ea7u c\u1ee7a kh\u00e1ch h\u00e0ng<\/td>\n<\/tr>\n<tr>\n<td><b><img decoding=\"async\" class=\"emoji\" role=\"img\" draggable=\"false\" src=\"https:\/\/s.w.org\/images\/core\/emoji\/14.0.0\/svg\/2705.svg\" alt=\"\u2705\" \/>\u00a0Chi Ph\u00ed<\/b><\/td>\n<td><img decoding=\"async\" class=\"emoji\" role=\"img\" draggable=\"false\" src=\"https:\/\/s.w.org\/images\/core\/emoji\/14.0.0\/svg\/2b50.svg\" alt=\"\u2b50\" \/>\u00a0Gi\u00e1 c\u1ea3 c\u1ea1nh tranh, ti\u1ebft ki\u1ec7m<\/td>\n<\/tr>\n<tr>\n<td><b><img decoding=\"async\" class=\"emoji\" role=\"img\" draggable=\"false\" src=\"https:\/\/s.w.org\/images\/core\/emoji\/14.0.0\/svg\/2705.svg\" alt=\"\u2705\" \/>\u00a0Giao H\u00e0ng<\/b><\/td>\n<td><img decoding=\"async\" class=\"emoji\" role=\"img\" draggable=\"false\" src=\"https:\/\/s.w.org\/images\/core\/emoji\/14.0.0\/svg\/2b50.svg\" alt=\"\u2b50\" \/>\u00a0Nhanh ch\u00f3ng<\/td>\n<\/tr>\n<\/tbody>\n<\/table>\n<\/div>\n<\/div>\n<ul>\n<li>\u0110\u1eb7t In : 0828283366 \u2013 0838503366<\/li>\n<li>Email: lienhe@innhanh.ai<\/li>\n<\/ul>\n<\/div>\n","protected":false},"featured_media":2186,"comment_status":"closed","ping_status":"closed","template":"","meta":{"_monsterinsights_skip_tracking":false,"_monsterinsights_sitenote_active":false,"_monsterinsights_sitenote_note":"","_monsterinsights_sitenote_category":0},"product_cat":[46],"product_tag":[],"aioseo_notices":[],"_links":{"self":[{"href":"https:\/\/innhanh.ai\/index.php\/wp-json\/wp\/v2\/product\/2185"}],"collection":[{"href":"https:\/\/innhanh.ai\/index.php\/wp-json\/wp\/v2\/product"}],"about":[{"href":"https:\/\/innhanh.ai\/index.php\/wp-json\/wp\/v2\/types\/product"}],"replies":[{"embeddable":true,"href":"https:\/\/innhanh.ai\/index.php\/wp-json\/wp\/v2\/comments?post=2185"}],"wp:featuredmedia":[{"embeddable":true,"href":"https:\/\/innhanh.ai\/index.php\/wp-json\/wp\/v2\/media\/2186"}],"wp:attachment":[{"href":"https:\/\/innhanh.ai\/index.php\/wp-json\/wp\/v2\/media?parent=2185"}],"wp:term":[{"taxonomy":"product_cat","embeddable":true,"href":"https:\/\/innhanh.ai\/index.php\/wp-json\/wp\/v2\/product_cat?post=2185"},{"taxonomy":"product_tag","embeddable":true,"href":"https:\/\/innhanh.ai\/index.php\/wp-json\/wp\/v2\/product_tag?post=2185"}],"curies":[{"name":"wp","href":"https:\/\/api.w.org\/{rel}","templated":true}]}}