{"id":2196,"date":"2024-07-11T12:19:17","date_gmt":"2024-07-11T11:19:17","guid":{"rendered":"https:\/\/innhanh.ai\/?post_type=product&#038;p=2196"},"modified":"2024-07-12T08:30:19","modified_gmt":"2024-07-12T07:30:19","slug":"in-nhanh-pp-in-pp-boi-formex","status":"publish","type":"product","link":"https:\/\/innhanh.ai\/index.php\/product\/in-nhanh-pp-in-pp-boi-formex\/","title":{"rendered":"IN PP &#8211; IN PP B\u1ed2I FORMEX"},"content":{"rendered":"<h1 style=\"text-align: center;\"><strong>IN PP &#8211; IN PP B\u1ed2I FORMEX<\/strong><\/h1>\n<p><span style=\"font-size: 110%; color: #000000;\"><img decoding=\"async\" loading=\"lazy\" class=\"size-full wp-image-2203\" src=\"http:\/\/innhanh.ai\/wp-content\/uploads\/2024\/07\/phuong-phap-in-pp-la-gi.jpg\" alt=\"\" width=\"1280\" height=\"950\" \/><\/span><\/p>\n<h3 class=\"wp-block-heading\"><span style=\"font-size: 110%; color: #000000;\"><strong><span id=\"In_pp_la_gi\">IN PP L\u00c0 G\u00cc?<\/span><\/strong><\/span><\/h3>\n<p><span style=\"font-size: 110%; color: #000000;\"><strong>In pp<\/strong>\u00a0l\u00e0 m\u1ed9t m\u1ea3ng in r\u1ea5t th\u00f4ng d\u1ee5ng trong ng\u00e0nh in k\u1ef9 thu\u1eadt s\u1ed1, ph\u01b0\u01a1ng ph\u00e1p in n\u00e0y s\u1eed d\u1ee5ng v\u1eadt li\u1ec7u in l\u00e0 gi\u1ea5y PP (t\u00ean ti\u1ebfng anh l\u00e0\u00a0<strong>Polypropylen<\/strong>), b\u1ec1 m\u1eb7t c\u1ee7a gi\u1ea5y PP d\u00e0y, c\u00f3 kh\u1ea3 n\u0103ng b\u00e1m m\u1ef1c r\u1ea5t t\u1ed1t. Gi\u1ea5y PP ch\u1ec9 d\u00f9ng \u0111\u1ec3 in m\u1ed9t m\u1eb7t tr\u01b0\u1edbc, m\u1eb7t sau gi\u1ea5y PP c\u00f3 2 lo\u1ea1i c\u00f3 keo ho\u1eb7c kh\u00f4ng keo. Gi\u1ea5y PP khi in xong c\u00f3 th\u1ec3 \u0111\u01b0\u1ee3c c\u00e1n m\u00e0ng b\u00f3ng ho\u1eb7c c\u00e1n m\u00e0ng m\u1edd t\u00f9y v\u00e0o m\u1ee5c \u0111\u00edch s\u1eed d\u1ee5ng c\u1ee7a ng\u01b0\u1eddi d\u00f9ng.<\/span><\/p>\n<p><span style=\"font-size: 110%; color: #000000;\"><img decoding=\"async\" loading=\"lazy\" class=\"alignnone wp-image-2235\" src=\"http:\/\/innhanh.ai\/wp-content\/uploads\/2024\/07\/loi-ich-cua-in-pp-trong-doi-song-hien-nay.jpg\" alt=\"\" width=\"653\" height=\"280\" \/><img decoding=\"async\" loading=\"lazy\" class=\"alignnone wp-image-2240\" src=\"http:\/\/innhanh.ai\/wp-content\/uploads\/2024\/07\/in-pp-can-mo-2-1.jpg\" alt=\"\" width=\"573\" height=\"279\" \/><\/span><\/p>\n<h3><span style=\"font-size: 110%; color: #000000;\"><strong>\u00a0IN PP B\u1ed2I FORMEX L\u00c0 G\u00cc?<\/strong><\/span><\/h3>\n<p><span style=\"font-size: 110%; color: #000000;\">&#8211; Gi\u1ea5y PP v\u00e0 t\u1ea5m formex l\u00e0 nh\u1eefng ch\u1ea5t li\u1ec7u \u0111\u01b0\u1ee3c s\u1eed d\u1ee5ng ph\u1ed5 bi\u1ebfn trong ng\u00e0nh in \u1ea5n, \u0111\u01b0\u1ee3c nhi\u1ec1u ng\u01b0\u1eddi l\u1ef1a ch\u1ecdn cho vi\u1ec7c\u00a0marketing hay c\u00e1c event qu\u1ea3ng c\u00e1o s\u1ea3n ph\u1ea9m c\u1ee7a h\u1ecd.<\/span><\/p>\n<p><span style=\"font-size: 110%; color: #000000;\"><img decoding=\"async\" loading=\"lazy\" class=\"alignnone wp-image-2202\" src=\"http:\/\/innhanh.ai\/wp-content\/uploads\/2024\/07\/in-decal-pp-01_1587692209.jpg\" alt=\"\" width=\"1293\" height=\"1034\" \/><\/span><\/p>\n<h3><span style=\"font-size: 110%; color: #000000;\"><span id=\"Dac_diem_cua_chat_lieu_In_PP\" class=\"ez-toc-section\"><\/span><b>\u0110\u1eb7c \u0111i\u1ec3m c\u1ee7a ch\u1ea5t li\u1ec7u In PP<\/b><\/span><\/h3>\n<p><span style=\"font-size: 110%; color: #000000;\"><strong>\u0110\u1eb7c \u0111i\u1ec3m v\u1eadt l\u00fd:<\/strong>\u00a0Ch\u1ea5t li\u1ec7u in PP c\u00f3 \u0111\u1ed9 b\u1ec1n cao v\u00e0 kh\u00f3 b\u1ecb x\u00e9 r\u00e1ch, gi\u00fap n\u00f3 duy tr\u00ec h\u00ecnh d\u1ea1ng t\u1ed1t v\u00e0 kh\u00f4ng b\u1ecb bi\u1ebfn d\u1ea1ng d\u01b0\u1edbi t\u00e1c \u0111\u1ed9ng c\u1ee7a th\u1eddi ti\u1ebft ho\u1eb7c m\u00f4i tr\u01b0\u1eddng. Ch\u1ea5t li\u1ec7u n\u00e0y l\u00e0 l\u1ef1a ch\u1ecdn l\u00fd t\u01b0\u1edfng cho c\u00e1c s\u1ea3n ph\u1ea9m in \u1ea5n \u0111\u00f2i h\u1ecfi s\u1ef1 \u1ed5n \u0111\u1ecbnh cao.<\/span><\/p>\n<p><span style=\"font-size: 110%; color: #000000;\"><strong>\u0110\u1eb7c \u0111i\u1ec3m h\u00f3a h\u1ecdc:<\/strong>\u00a0Ch\u1ea5t li\u1ec7u v\u00e0 m\u1ef1c in ho\u00e0n to\u00e0n kh\u00f4ng \u0111\u1ed9c h\u1ea1i, l\u00e0m cho ch\u1ea5t li\u1ec7u n\u00e0y an to\u00e0n v\u1edbi s\u1ee9c kh\u1ecfe c\u1ee7a con ng\u01b0\u1eddi v\u00e0 m\u00f4i tr\u01b0\u1eddng. Tuy nhi\u00ean, ch\u1ea5t li\u1ec7u in PP r\u1ea5t d\u1ec5 th\u1ea5m n\u01b0\u1edbc v\u00e0 kh\u00f4ng ch\u1ecbu \u0111\u1ef1ng \u0111\u01b0\u1ee3c \u0111\u1ed9 \u1ea9m cao n\u00ean c\u1ea7n c\u00e2n nh\u1eafc k\u1ef9 l\u01b0\u1ee1ng tr\u01b0\u1edbc khi d\u00f9ng.<\/span><\/p>\n<p><span style=\"font-size: 110%; color: #000000;\"><img decoding=\"async\" loading=\"lazy\" class=\"alignnone size-full wp-image-2238\" src=\"http:\/\/innhanh.ai\/wp-content\/uploads\/2024\/07\/The_gioi_in_an_tin_imagebanner_20200220095702164-1.jpg\" alt=\"\" width=\"1930\" height=\"1930\" \/><\/span><\/p>\n<h3><span style=\"font-size: 110%; color: #000000;\"><span id=\"Phan_loai\" class=\"ez-toc-section\"><\/span><b>Ph\u00e2n lo\u1ea1i<\/b><\/span><\/h3>\n<p><span style=\"font-size: 110%; color: #000000;\">Ta c\u00f3 th\u1ec3 d\u1ef1a v\u00e0o 2 y\u1ebfu t\u1ed1 sau \u0111\u1ec3 ti\u1ebfn h\u00e0nh ph\u00e2n lo\u1ea1i ch\u1ea5t li\u1ec7u in PP:<\/span><\/p>\n<p><span style=\"font-size: 110%; color: #000000;\"><b>Theo m\u1ee5c \u0111\u00edch s\u1eed d\u1ee5ng<\/b><\/span><\/p>\n<ul>\n<li><span style=\"font-size: 110%; color: #000000;\"><strong>In PP trong nh\u00e0:<\/strong>\u00a0ch\u1ec9 \u0111\u01b0\u1ee3c s\u1eed d\u1ee5ng v\u1edbi m\u1ee5c \u0111\u00edch trang tr\u00ed v\u00ec d\u1ec5 b\u1ecb h\u1ecfng khi g\u1eb7p n\u01b0\u1edbc ho\u1eb7c \u0111\u1ed9 \u1ea9m cao, phai m\u00e0u khi \u0111\u1ec3 ngo\u00e0i tr\u1eddi.<\/span><\/li>\n<\/ul>\n<p><span style=\"font-size: 110%; color: #000000;\"><img decoding=\"async\" loading=\"lazy\" class=\"alignnone wp-image-2241\" src=\"http:\/\/innhanh.ai\/wp-content\/uploads\/2024\/07\/in-pp-can-bong-can-mo-e1631603396730-4509b37b.jpeg\" alt=\"\" width=\"1267\" height=\"946\" \/><\/span><\/p>\n<p><span style=\"font-size: 110%; color: #000000;\"><img decoding=\"async\" loading=\"lazy\" class=\"alignnone wp-image-2243\" src=\"http:\/\/innhanh.ai\/wp-content\/uploads\/2024\/07\/In_PP_can_format.jpg\" alt=\"\" width=\"1267\" height=\"831\" \/><\/span><\/p>\n<ul>\n<li><span style=\"font-size: 110%; color: #000000;\"><strong>In PP ngo\u00e0i tr\u1eddi:<\/strong>\u00a0in b\u1eb1ng m\u1ef1c d\u1ea7u n\u00ean c\u00f3 \u0111\u1ed9 b\u1ec1n cao, th\u1eddi gian s\u1eed d\u1ee5ng c\u00f3 th\u1ec3 l\u00ean \u0111\u1ebfn 6 th\u00e1ng.<\/span><\/li>\n<\/ul>\n<p><span style=\"font-size: 110%; color: #000000;\"><img decoding=\"async\" loading=\"lazy\" class=\"alignnone wp-image-2242\" src=\"http:\/\/innhanh.ai\/wp-content\/uploads\/2024\/07\/Vietadv-4-37.jpg\" alt=\"\" width=\"1258\" height=\"853\" \/><\/span><\/p>\n<p><span style=\"font-size: 110%; color: #000000;\"><img decoding=\"async\" loading=\"lazy\" class=\"alignnone wp-image-1368\" src=\"http:\/\/innhanh.ai\/wp-content\/uploads\/2023\/12\/dfbad865d1a4f7a16a1ac7017d24ed46.jpg\" alt=\"\" width=\"615\" height=\"461\" \/> <img decoding=\"async\" loading=\"lazy\" class=\"alignnone wp-image-1350\" src=\"http:\/\/innhanh.ai\/wp-content\/uploads\/2023\/12\/40dd0740187d2c0dbde5c46c0616455f.jpg\" alt=\"\" width=\"616\" height=\"462\" \/><\/span><\/p>\n<p><span style=\"font-size: 110%; color: #000000;\"><b>Theo k\u00edch th\u01b0\u1edbc<\/b><\/span><\/p>\n<table>\n<tbody>\n<tr>\n<td><span style=\"font-size: 110%; color: #000000;\">Kh\u1ed5<\/span><\/td>\n<td><span style=\"font-size: 110%; color: #000000;\">Chi\u1ec1u r\u1ed9ng (m)<\/span><\/td>\n<td><span style=\"font-size: 110%; color: #000000;\">Chi\u1ec1u d\u00e0i (m)<\/span><\/td>\n<\/tr>\n<tr>\n<td><span style=\"font-size: 110%; color: #000000;\">Kh\u1ed5 1<\/span><\/td>\n<td><span style=\"font-size: 110%; color: #000000;\">0,914<\/span><\/td>\n<td><span style=\"font-size: 110%; color: #000000;\">50<\/span><\/td>\n<\/tr>\n<tr>\n<td><span style=\"font-size: 110%; color: #000000;\">Kh\u1ed5 2<\/span><\/td>\n<td><span style=\"font-size: 110%; color: #000000;\">1,07<\/span><\/td>\n<td><span style=\"font-size: 110%; color: #000000;\">50<\/span><\/td>\n<\/tr>\n<tr>\n<td><span style=\"font-size: 110%; color: #000000;\">Kh\u1ed5 3<\/span><\/td>\n<td><span style=\"font-size: 110%; color: #000000;\">1,27<\/span><\/td>\n<td><span style=\"font-size: 110%; color: #000000;\">50<\/span><\/td>\n<\/tr>\n<tr>\n<td><span style=\"font-size: 110%; color: #000000;\">Kh\u1ed5 4<\/span><\/td>\n<td><span style=\"font-size: 110%; color: #000000;\">1,52<\/span><\/td>\n<td><span style=\"font-size: 110%; color: #000000;\">50<\/span><\/td>\n<\/tr>\n<\/tbody>\n<\/table>\n<h3><span style=\"font-size: 110%; color: #000000;\"><span id=\"Ung_dung_thuc_te_cua_chat_lieu_in_PP\" class=\"ez-toc-section\"><\/span><b>\u1ee8ng d\u1ee5ng th\u1ef1c t\u1ebf c\u1ee7a ch\u1ea5t li\u1ec7u in PP<\/b><\/span><\/h3>\n<p><span style=\"font-size: 110%; color: #000000;\">M\u1ed9t s\u1ed1 \u1ee9ng d\u1ee5ng c\u1ee5 th\u1ec3 c\u1ee7a ch\u1ea5t li\u1ec7u n\u00e0y trong cu\u1ed9c s\u1ed1ng h\u00e0ng ng\u00e0y l\u00e0:<\/span><\/p>\n<ul>\n<li><span style=\"font-size: 110%; color: #000000;\"><strong>S\u1ea3n ph\u1ea9m in PP kh\u00f4ng keo:<\/strong>\u00a0standee, ch\u00e2n d\u1ef1ng trong s\u1ef1 ki\u1ec7n, ch\u01b0\u01a1ng tr\u00ecnh khuy\u1ebfn m\u00e3i,\u2026<\/span><\/li>\n<\/ul>\n<p><span style=\"font-size: 110%; color: #000000;\"><img decoding=\"async\" loading=\"lazy\" class=\"alignnone size-full wp-image-1342\" src=\"http:\/\/innhanh.ai\/wp-content\/uploads\/2024\/06\/can-mua-chan-standee-cuon-hao-hoa.jpg\" alt=\"\" width=\"1406\" height=\"950\" \/> <img decoding=\"async\" loading=\"lazy\" class=\"alignnone size-full wp-image-1323\" src=\"http:\/\/innhanh.ai\/wp-content\/uploads\/2024\/06\/Roll-Up-Banner-Printing-Retractable-Banner-Stand-With-Vinyl-Banner-printing-Roll-up-Standee-at-best-price-Aluminium-Standee-Printing-Retractable-Banner-Displays-Printing-with-Roll-Up-Stand.webp\" alt=\"\" width=\"2500\" height=\"1875\" \/><\/span><\/p>\n<ul>\n<li><span style=\"font-size: 110%; color: #000000;\"><strong>S\u1ea3n ph\u1ea9m in PP c\u00f3 keo:<\/strong>\u00a0tranh ngh\u1ec7 thu\u1eadt, tranh d\u00e1n t\u01b0\u1eddng, m\u00f4 h\u00ecnh d\u1ef1ng,\u2026<\/span><\/li>\n<\/ul>\n<p><span style=\"font-size: 110%; color: #000000;\"><img decoding=\"async\" loading=\"lazy\" class=\"alignnone wp-image-1362\" src=\"http:\/\/innhanh.ai\/wp-content\/uploads\/2023\/12\/poster-truyencamhung.jpg\" alt=\"\" width=\"583\" height=\"583\" \/><img decoding=\"async\" loading=\"lazy\" class=\"alignnone wp-image-2239\" src=\"http:\/\/innhanh.ai\/wp-content\/uploads\/2024\/07\/khung-treo-standee-menu-1.jpg\" alt=\"\" width=\"587\" height=\"578\" \/><\/span><\/p>\n<h3><span style=\"font-size: 110%; color: #000000;\"><span id=\"Uu_nhuoc_diem_cua_chat_lieu_in_PP\" class=\"ez-toc-section\"><\/span><b>\u01afu nh\u01b0\u1ee3c \u0111i\u1ec3m c\u1ee7a ch\u1ea5t li\u1ec7u in PP<\/b><\/span><\/h3>\n<p><span style=\"font-size: 110%; color: #000000;\"><b>\u01afu \u0111i\u1ec3m<\/b><\/span><\/p>\n<ul>\n<li><span style=\"font-size: 110%; color: #000000;\">Ch\u1ea5t li\u1ec7u in PP c\u00f3 chi ph\u00ed in \u1ea5n th\u1ea5p h\u01a1n so v\u1edbi c\u00e1c ph\u01b0\u01a1ng ph\u00e1p in kh\u00e1c.<\/span><\/li>\n<li><span style=\"font-size: 110%; color: #000000;\">S\u1ea3n ph\u1ea9m \u0111\u01b0\u1ee3c t\u1ea1o ra c\u00f3 m\u00e0u tr\u1eafng \u0111\u1eb9p m\u1eaft v\u00e0 t\u1ea1o \u1ea5n t\u01b0\u1ee3ng t\u00edch c\u1ef1c \u0111\u1ed1i v\u1edbi ng\u01b0\u1eddi xem.<\/span><\/li>\n<li><span style=\"font-size: 110%; color: #000000;\">T\u00ednh th\u1ea9m m\u1ef9 cao, ph\u00f9 h\u1ee3p khi c\u1ea7n trang tr\u00ed nh\u00e0 c\u1eeda, trung t\u00e2m th\u01b0\u01a1ng m\u1ea1i,\u2026<\/span><\/li>\n<li><span style=\"font-size: 110%; color: #000000;\">Ch\u1ea5t li\u1ec7u PP kh\u00f4ng ch\u1ec9 th\u00e2n thi\u1ec7n v\u1edbi m\u00f4i tr\u01b0\u1eddng m\u00e0 c\u00f2n c\u00f3 \u0111\u1ed9 b\u1ec1n cao, th\u1eddi gian s\u1eed d\u1ee5ng t\u1eeb 6 th\u00e1ng \u0111\u1ebfn 1 n\u0103m.<\/span><\/li>\n<li><span style=\"font-size: 110%; color: #000000;\">C\u00f3 th\u1ec3 l\u1ea5y ngay m\u00e0 kh\u00f4ng \u0111\u00f2i h\u1ecfi th\u1eddi gian ch\u1edd \u0111\u1ee3i. \u0110i\u1ec1u n\u00e0y gi\u00fap t\u1ed1i \u01b0u h\u00f3a quy tr\u00ecnh s\u1ea3n xu\u1ea5t v\u00e0 \u0111\u00e1p \u1ee9ng nhanh ch\u00f3ng c\u00e1c nhu c\u1ea7u in \u1ea5n c\u1ee7a kh\u00e1ch h\u00e0ng.<\/span><\/li>\n<\/ul>\n<p>&nbsp;<\/p>\n<p><span style=\"font-size: 110%; color: #000000;\"><b>Nh\u01b0\u1ee3c \u0111i\u1ec3m<\/b><\/span><\/p>\n<ul>\n<li><span style=\"font-size: 110%; color: #000000;\">Ch\u1ea5t li\u1ec7u PP d\u1ec5 x\u00e9 r\u00e1ch khi c\u00f3 v\u1ebft r\u00e1ch nh\u1ecf.<\/span><\/li>\n<li><span style=\"font-size: 110%; color: #000000;\">D\u1ec5 h\u01b0 h\u1ecfng khi ti\u1ebfp x\u00fac tr\u1ef1c ti\u1ebfp v\u1edbi n\u01b0\u1edbc ho\u1eb7c m\u00f4i tr\u01b0\u1eddng \u1ea9m.<\/span><\/li>\n<li><span style=\"font-size: 110%; color: #000000;\">L\u1edbp keo th\u01b0\u1eddng kh\u00f3 b\u00f3c khi s\u1eed d\u1ee5ng l\u00e2u ng\u00e0y, c\u1ea7n s\u1eed d\u1ee5ng x\u0103ng ho\u1eb7c h\u00f3a ch\u1ea5t \u0111\u1ec3 lo\u1ea1i b\u1ecf.<\/span><\/li>\n<li><span style=\"font-size: 110%; color: #000000;\">Ch\u1ea5t li\u1ec7u in PP l\u00e0m bi\u1ec3n qu\u1ea3ng c\u00e1o ngo\u00e0i tr\u1eddi c\u1ea7n c\u00e1n format \u0111\u1ec3 tr\u00e1nh t\u00ecnh tr\u1ea1ng phai m\u00e0u nhanh ch\u00f3ng.<\/span><\/li>\n<\/ul>\n<p><span style=\"font-size: 110%; color: #000000;\">&#8211; In PP b\u1ed3i formex l\u00e0 sau khi th\u1ef1c hi\u1ec7n in \u1ea5n b\u1ea3n thi\u1ebft k\u1ebf tr\u00ean ch\u1ea5t li\u1ec7u PP b\u1eb1ng c\u00f4ng ngh\u1ec7 in phun k\u1ef9 thu\u1eadt s\u1ed1. Ngay sau \u0111\u00f3 s\u1ea3n ph\u1ea9m s\u1ebd \u0111\u01b0\u1ee3c c\u00e1n m\u00e0ng b\u1ea3o v\u1ec7 (c\u00e1n m\u00e0ng b\u00f3ng ho\u1eb7c c\u00e1n m\u00e0ng m\u1edd) \u0111\u1ec3 tr\u00e1nh x\u00e2y x\u01b0\u1edbc b\u1ec1 m\u1eb7t \u0111\u01b0\u1ee3c in \u1ea5n. S\u1ea3n ph\u1ea9m s\u1ebd \u0111\u01b0\u1ee3c ti\u1ebfn h\u00e0nh d\u00e1n l\u00ean t\u1ea5m formex chuy\u00ean d\u1ee5ng \u0111\u1ec3 t\u1ea1o \u0111\u1ed9 c\u1ee9ng cho s\u1ea3n ph\u1ea9m. T\u00f9y v\u00e0o m\u1ee5c \u0111\u00edch s\u1eed d\u1ee5ng v\u00e0 lo\u1ea1i s\u1ea3n ph\u1ea9m m\u00e0 kh\u00e1ch h\u00e0ng c\u00f3 th\u1ec3 l\u1ef1a ch\u1ecdn \u0111\u1ed9 d\u00e0y m\u1ecfng kh\u00e1c nhau cho t\u1ea5m formex.<\/span><\/p>\n<h3><span style=\"font-size: 110%; color: #000000;\"><strong>2. \u1ee8NG D\u1ee4NG C\u1ee6A IN PP B\u1ed2I FORMEX<\/strong><\/span><\/h3>\n<p><span style=\"font-size: 110%; color: #000000;\"><img decoding=\"async\" loading=\"lazy\" class=\"alignnone size-full wp-image-1469\" src=\"http:\/\/innhanh.ai\/wp-content\/uploads\/2023\/09\/tam-fomex-scaled.jpg\" alt=\"\" width=\"2560\" height=\"1239\" \/><\/span><\/p>\n<p><span style=\"font-size: 110%; color: #000000;\">L\u00e0 d\u1ecbch v\u1ee5 in \u1ea5n ph\u1ed5 bi\u1ebfn n\u00ean \u1ee9ng d\u1ee5ng c\u1ee7a in PP b\u1ed3i formex gi\u00e1 r\u1ebb c\u0169ng \u0111\u01b0\u1ee3c s\u1eed d\u1ee5ng r\u1ed9ng r\u00e3i: B\u1ea3ng th\u00f4ng tin, k\u1ec7 tr\u01b0ng b\u00e0y poster, b\u1ea3ng t\u00ean ch\u01b0\u01a1ng tr\u00ecnh, menu qu\u00e1n \u0103n, banner tr\u01b0ng b\u00e0y,&#8230;<\/span><\/p>\n<p><span style=\"font-size: 110%; color: #000000;\"><img decoding=\"async\" loading=\"lazy\" class=\"alignnone size-full wp-image-2238\" src=\"http:\/\/innhanh.ai\/wp-content\/uploads\/2024\/07\/The_gioi_in_an_tin_imagebanner_20200220095702164-1.jpg\" alt=\"\" width=\"1930\" height=\"1930\" \/> <img decoding=\"async\" loading=\"lazy\" class=\"alignnone wp-image-2237\" src=\"http:\/\/innhanh.ai\/wp-content\/uploads\/2024\/07\/The_gioi_in_an_2022080510422019622805_in_pp_boi_format-1.jpeg\" alt=\"\" width=\"1304\" height=\"1400\" \/><\/span><\/p>\n<p><span style=\"font-size: 110%; color: #000000;\">\u01afu \u0111i\u1ec3m khi ch\u1ecdn d\u1ecbch v\u1ee5 in PP c\u00e1n formex l\u00e0 ch\u00fang c\u00f3 \u0111\u1ed9 b\u1ec1n cao, gi\u1eef m\u1ef1c t\u1ed1t trong th\u1eddi gian d\u00e0i. V\u00ec in b\u1eb1ng c\u00f4ng ngh\u1ec7 in k\u1ef9 thu\u1eadt s\u1ed1 n\u00ean h\u00ecnh \u1ea3nh in v\u00f4 c\u00f9ng s\u1eafc n\u00e9t v\u00e0 ch\u00e2n th\u1ef1c.<\/span><\/p>\n<p><span style=\"font-size: 110%; color: #000000;\">T\u1ea5m formex c\u00f3 tr\u1ecdng l\u01b0\u1ee3ng nh\u1eb9, \u0111\u1ed9 dai v\u00e0 \u0111\u1ed9 b\u1ec1n nh\u1ea5t \u0111\u1ecbnh v\u00ec th\u1ebf ng\u01b0\u1eddi d\u00f9ng s\u1ebd c\u00f3 s\u1ef1 thu\u1eadn l\u1ee3i trong vi\u1ec7c t\u1ea1o c\u00e1c h\u00ecnh kh\u1ed1i qu\u1ea3ng c\u00e1o nh\u01b0 mong mu\u1ed1n. Do v\u1eady, khi k\u1ebft h\u1ee3p pp v\u1edbi formex b\u1ea1n s\u1ebd c\u00f3 \u0111\u01b0\u1ee3c s\u1ea3n ph\u1ea9m qu\u1ea3ng c\u00e1o mang l\u1ea1i hi\u1ec7u qu\u1ea3 cao.<\/span><\/p>\n<p><span style=\"font-size: 110%; color: #000000;\"><img decoding=\"async\" loading=\"lazy\" class=\"alignnone wp-image-2234\" src=\"http:\/\/innhanh.ai\/wp-content\/uploads\/2024\/07\/in-pp-boi-formex.jpg\" alt=\"\" width=\"1304\" height=\"1739\" \/><\/span><\/p>\n<p><span style=\"font-size: 110%; color: #000000;\"><img decoding=\"async\" loading=\"lazy\" class=\"alignnone wp-image-1471\" src=\"http:\/\/innhanh.ai\/wp-content\/uploads\/2023\/09\/unnamed-1.jpg\" alt=\"\" width=\"1219\" height=\"857\" \/><img decoding=\"async\" loading=\"lazy\" class=\"alignnone wp-image-1461\" src=\"http:\/\/innhanh.ai\/wp-content\/uploads\/2023\/09\/1-in-menu-cam-tay-theo-yeu-cau-tphcm-inkythuatso-1689233914.jpg\" alt=\"\" width=\"1239\" height=\"668\" \/> <img decoding=\"async\" loading=\"lazy\" class=\"alignnone wp-image-1463\" src=\"http:\/\/innhanh.ai\/wp-content\/uploads\/2023\/09\/1662999133-d6519c48811d73432a0c3-600x450-1.jpg\" alt=\"\" width=\"574\" height=\"431\" \/> <img decoding=\"async\" loading=\"lazy\" class=\"alignnone wp-image-1462\" src=\"http:\/\/innhanh.ai\/wp-content\/uploads\/2023\/09\/872e837b02604e96a2affe8d9ddfd970.jpg\" alt=\"\" width=\"653\" height=\"432\" \/><\/span><\/p>\n<p><span style=\"font-size: 110%; color: #000000;\"><strong>\u00a0\u2014\u2014\u2014\u2014\u2014\u2014\u2014\u2014\u2014\u2014\u2014\u2014\u2014\u2014\u2014\u2014\u2014<\/strong><\/span><\/p>\n<ul>\n<li><span style=\"font-size: 110%; color: #000000;\"><b>D\u1ecaCH V\u1ee4 IN NHANH AIPRINT\u00a0<\/b><\/span><\/li>\n<li><span style=\"font-size: 110%; color: #000000;\"><strong>Hotline:<\/strong>\u00a008 2828 3366 \u2013 083 850 3366<\/span><\/li>\n<li><span style=\"font-size: 110%; color: #000000;\"><strong>Website:<\/strong>\u00a0<a style=\"color: #000000;\" href=\"https:\/\/innhanh.ai\/\">www.innhanh.ai<\/a>\u00a0\u2013\u00a0<a style=\"color: #000000;\" href=\"https:\/\/aiprint.vn\/\">www.aiprint.vn<\/a><\/span><\/li>\n<li><span style=\"font-size: 110%; color: #000000;\"><strong>Email:<\/strong>\u00a0lienhe@innhanh.Ai \u2013 aiprint.vn@gmail.com<\/span><\/li>\n<li><span style=\"font-size: 110%; color: #000000;\"><strong>Fanpage:<\/strong>\u00a0<a style=\"color: #000000;\" href=\"https:\/\/www.facebook.com\/aiprint.vn\/\">https:\/\/www.facebook.com\/aiprint.vn<\/a><\/span><\/li>\n<li><span style=\"font-size: 110%; color: #000000;\"><strong>\u0110\u1ecba ch\u1ec9:\u00a0<\/strong>\u00a057 V\u0169 Tr\u1ecdng Ph\u1ee5ng, Ph\u01b0\u1eddng T\u00e2n Th\u00e0nh, Qu\u1eadn T\u00e2n Ph\u00fa, TP. H\u1ed3 Ch\u00ed Minh.<\/span><\/li>\n<\/ul>\n<p><span style=\"font-size: 110%; color: #000000;\"><img decoding=\"async\" loading=\"lazy\" class=\"alignnone size-full wp-image-1138\" src=\"http:\/\/innhanh.ai\/wp-content\/uploads\/2023\/09\/1134-01.jpg\" alt=\"\" width=\"1922\" height=\"401\" \/><\/span><\/p>\n","protected":false},"excerpt":{"rendered":"<p>IN PP &#8211; IN PP B\u1ed2I FORMEX IN PP L\u00c0 G\u00cc? In pp\u00a0l\u00e0 m\u1ed9t m\u1ea3ng in r\u1ea5t th\u00f4ng d\u1ee5ng trong ng\u00e0nh in k\u1ef9 thu\u1eadt s\u1ed1, ph\u01b0\u01a1ng ph\u00e1p in n\u00e0y s\u1eed d\u1ee5ng v\u1eadt li\u1ec7u in l\u00e0 gi\u1ea5y PP (t\u00ean ti\u1ebfng anh l\u00e0\u00a0Polypropylen), b\u1ec1 m\u1eb7t c\u1ee7a gi\u1ea5y PP d\u00e0y, c\u00f3 kh\u1ea3 n\u0103ng b\u00e1m m\u1ef1c r\u1ea5t t\u1ed1t. Gi\u1ea5y [&#8230;]\n","protected":false},"featured_media":2232,"comment_status":"closed","ping_status":"closed","template":"","meta":{"_monsterinsights_skip_tracking":false,"_monsterinsights_sitenote_active":false,"_monsterinsights_sitenote_note":"","_monsterinsights_sitenote_category":0},"product_cat":[36],"product_tag":[],"aioseo_notices":[],"_links":{"self":[{"href":"https:\/\/innhanh.ai\/index.php\/wp-json\/wp\/v2\/product\/2196"}],"collection":[{"href":"https:\/\/innhanh.ai\/index.php\/wp-json\/wp\/v2\/product"}],"about":[{"href":"https:\/\/innhanh.ai\/index.php\/wp-json\/wp\/v2\/types\/product"}],"replies":[{"embeddable":true,"href":"https:\/\/innhanh.ai\/index.php\/wp-json\/wp\/v2\/comments?post=2196"}],"wp:featuredmedia":[{"embeddable":true,"href":"https:\/\/innhanh.ai\/index.php\/wp-json\/wp\/v2\/media\/2232"}],"wp:attachment":[{"href":"https:\/\/innhanh.ai\/index.php\/wp-json\/wp\/v2\/media?parent=2196"}],"wp:term":[{"taxonomy":"product_cat","embeddable":true,"href":"https:\/\/innhanh.ai\/index.php\/wp-json\/wp\/v2\/product_cat?post=2196"},{"taxonomy":"product_tag","embeddable":true,"href":"https:\/\/innhanh.ai\/index.php\/wp-json\/wp\/v2\/product_tag?post=2196"}],"curies":[{"name":"wp","href":"https:\/\/api.w.org\/{rel}","templated":true}]}}