{"id":22,"date":"2023-09-12T10:23:20","date_gmt":"2023-09-12T09:23:20","guid":{"rendered":"https:\/\/innhanh.ai\/?post_type=product&#038;p=22"},"modified":"2025-01-16T07:23:48","modified_gmt":"2025-01-16T07:23:48","slug":"in-decal-nhua-sua","status":"publish","type":"product","link":"https:\/\/innhanh.ai\/index.php\/product\/in-decal-nhua-sua\/","title":{"rendered":"IN NHANH DECAL NH\u1ef0A S\u1eeeA"},"content":{"rendered":"<h1 style=\"text-align: center;\"><span style=\"font-size: 110%;\"><strong>TH\u00d4NG TIN S\u1ea2N PH\u1ea8M:<\/strong><\/span><\/h1>\n<p><img decoding=\"async\" loading=\"lazy\" class=\" wp-image-1136\" src=\"http:\/\/innhanh.ai\/wp-content\/uploads\/2023\/09\/rm395-b20-google-mockup-scaled-1.jpg\" alt=\"\" width=\"1412\" height=\"941\" \/><\/p>\n<h3><span style=\"font-size: 110%;\"><strong>Decal\u00a0 s\u1eefa l\u00e0 g\u00ec?<\/strong><\/span><\/h3>\n<p><span style=\"font-size: 110%;\">Decal s\u1eefa l\u00e0 lo\u1ea1i gi\u1ea5y decal c\u00f3 m\u00e0u tr\u1eafng s\u1eefa v\u1edbi c\u1ea5u t\u1ea1o g\u1ed3m 4 l\u1edbp nh\u01b0 c\u00e1c lo\u1ea1i decal kh\u00e1c: l\u1edbp m\u1eb7t gi\u1ea5y b\u00ean ngo\u00e0i; l\u1edbp keo; l\u1edbp silicon ho\u1eb7c PE-silicon; l\u1edbp \u0111\u1ebf b\u1ea3o v\u1ec7 keo. Tuy nhi\u00ean, decal nh\u1ef1a s\u1eeda \u0111\u1ea3m b\u1ea3o \u0111\u1ed9 d\u1ebbo dai v\u00e0 b\u1ec1n b\u1ec9 n\u00ean \u0111\u01b0\u1ee3c \u1ee9ng\u00a0 d\u1ee5ng h\u1ea7u h\u1ebft trong m\u1ecdi l\u0129nh v\u1ef1c nh\u01b0 ng\u00e0nh th\u1ef1c ph\u1ea9m, m\u1ef9 ph\u1ea9m, n\u1ed9i th\u1ea5t\u2026<\/span><\/p>\n<p>&nbsp;<\/p>\n<p><span style=\"font-size: 110%;\"><img decoding=\"async\" loading=\"lazy\" class=\"alignnone wp-image-1130\" src=\"http:\/\/innhanh.ai\/wp-content\/uploads\/2023\/09\/NS-10515-1.jpg\" alt=\"\" width=\"292\" height=\"292\" \/>\u00a0<img decoding=\"async\" loading=\"lazy\" class=\"alignnone wp-image-1134\" src=\"http:\/\/innhanh.ai\/wp-content\/uploads\/2023\/09\/decal-nhua-la-gi-1-1200x770-1.jpg\" alt=\"\" width=\"470\" height=\"302\" \/><img decoding=\"async\" loading=\"lazy\" class=\"alignnone wp-image-1135\" src=\"http:\/\/innhanh.ai\/wp-content\/uploads\/2023\/09\/in-tem-decal-nhua.jpg\" alt=\"\" width=\"450\" height=\"300\" \/><\/span><\/p>\n<h3><span style=\"font-size: 110%;\"><strong>\u0110\u1eb7c \u0111i\u1ec3m c\u1ee7a decal s\u1eefa\u00a0<\/strong><\/span><\/h3>\n<p><span style=\"font-size: 110%;\"><strong>&#8211; Ch\u1ea5t li\u1ec7u:<\/strong> Th\u1ef1c t\u1ebf gi\u1ea5y in Decal s\u1eefa c\u00f3 b\u1ec1 m\u1eb7t in decal l\u00e0 <strong>lo\u1ea1i nh\u1ef1a s\u1eefa tr\u1eafng<\/strong> hay c\u00f2n g\u1ecdi l\u00e0 nh\u1ef1a PVC v\u1edbi kh\u1ea3 n\u0103ng kh\u00e1ng n\u01b0\u1edbc t\u1ed1t. Sau khi in xong c\u00e1c decal n\u00e0y s\u1ebd \u0111\u01b0\u1ee3c c\u00e1n m\u00e0ng \u0111\u1ec3 \u0111\u1ea3m b\u1ea3o h\u00ecnh \u1ea3nh m\u00e0u s\u1eafc b\u1ec1n nh\u1ea5t trong th\u1eddi gian d\u00e0i.\u00a0<\/span><\/p>\n<p><img decoding=\"async\" loading=\"lazy\" class=\"alignnone wp-image-1814\" src=\"http:\/\/innhanh.ai\/wp-content\/uploads\/2023\/09\/in-logo-dan-ly-tra-sua-9.jpg\" alt=\"\" width=\"1304\" height=\"880\" \/><\/p>\n<p><span style=\"font-size: 110%;\"><strong>&#8211; H\u00ecnh d\u1ea1ng, kh\u1ed5 in:<\/strong>\u00a0Decal nh\u1ef1a th\u01b0\u1eddng \u0111\u01b0\u1ee3c gia c\u00f4ng th\u00e0nh d\u1ea1ng cu\u1ed9n v\u1edbi kh\u1ed5 in th\u00f4ng d\u1ee5ng l\u00e0 decal s\u1eefa A4 v\u00e0 A3 chuy\u00ean d\u1ee5ng cho\u00a0in tem nh\u00e3n. Trong m\u1ed9t s\u1ed1 tr\u01b0\u1eddng h\u1ee3p s\u1eed d\u1ee5ng kh\u1ed5 in l\u1edbn h\u01a1n \u1ee9ng d\u1ee5ng \u0111\u1ec3 l\u00e0m poster d\u00e1n qu\u1ea3ng c\u00e1o ngo\u00e0i tr\u1eddi, trang tr\u00ed v\u0103n ph\u00f2ng, qu\u00e1n cafe,\u2026\u0111\u1ec3 t\u0103ng t\u00ednh th\u1ea9m m\u1ef9.<\/span><\/p>\n<ul>\n<li><span style=\"font-size: 110%;\">B\u1ebf theo d\u1ea1ng\u00a0 h\u00ecnh tr\u00f2n:\u00a0<img decoding=\"async\" loading=\"lazy\" class=\"alignnone wp-image-797\" src=\"http:\/\/innhanh.ai\/wp-content\/uploads\/2023\/09\/hinh-tron-aiprint.png\" alt=\"\" width=\"49\" height=\"49\" \/>\u00a0K\u00edch th\u01b0\u1edbc (cm) : 2\u00d72; 3\u00d73; 4\u00d74; 5\u00d75; 6\u00d76;\u2026 k\u00edch th\u01b0\u1edbc theo file.<\/span><\/li>\n<li><span style=\"font-size: 110%;\">B\u1ebf theo d\u1ea1ng\u00a0 h\u00ecnh vu\u00f4ng :\u00a0<img decoding=\"async\" loading=\"lazy\" class=\"alignnone wp-image-798\" src=\"http:\/\/innhanh.ai\/wp-content\/uploads\/2023\/09\/hinh-vuong-aiprint.png\" alt=\"\" width=\"52\" height=\"52\" \/>\u00a0 K\u00edch th\u01b0\u1edbc (cm) : 2\u00d72; 3\u00d73; 4\u00d74; 5\u00d75; 6\u00d76;\u2026 k\u00edch th\u01b0\u1edbc theo file.<\/span><\/li>\n<li><span style=\"font-size: 110%;\">B\u1ebf theo d\u1ea1ng\u00a0 h\u00ecnh ch\u1eef nh\u1eadt :<img decoding=\"async\" loading=\"lazy\" class=\"alignnone wp-image-799\" src=\"http:\/\/innhanh.ai\/wp-content\/uploads\/2023\/09\/hinh-chu-nhat-aiprint.png\" alt=\"\" width=\"55\" height=\"55\" \/>\u00a0K\u00edch th\u01b0\u1edbc : (cm) 11\u00d77; 12\u00d77; 14.5\u00d79; 19\u00d712; 4\u00d72; 5\u00d73; 6\u00d74; 7\u00d75; ;7\u00d72; 8\u00d76 .<\/span><\/li>\n<li><span style=\"font-size: 110%;\">B\u1ebf\u00a0 h\u00ecnh theo file kh\u00e1ch h\u00e0ng\u00a0 :\u00a0\u00a0<img decoding=\"async\" loading=\"lazy\" class=\"alignnone wp-image-800\" src=\"http:\/\/innhanh.ai\/wp-content\/uploads\/2023\/09\/hinh-theo-file-aiprint.png\" alt=\"\" width=\"72\" height=\"72\" \/>\u00a0k\u00edch th\u01b0\u1edbc (cm) : theo y\u00eau c\u1ea7u<\/span><\/li>\n<\/ul>\n<p><img decoding=\"async\" loading=\"lazy\" class=\"alignnone size-full wp-image-2453\" src=\"http:\/\/innhanh.ai\/wp-content\/uploads\/2024\/07\/tran-vien-01.jpg\" alt=\"\" width=\"2481\" height=\"1589\" \/><\/p>\n<p><img decoding=\"async\" loading=\"lazy\" class=\"alignnone wp-image-2195\" src=\"http:\/\/innhanh.ai\/wp-content\/uploads\/2023\/09\/decal-sua-dep.jpg\" alt=\"\" width=\"1262\" height=\"946\" \/><\/p>\n<p><span style=\"font-size: 110%;\"><strong>&#8211; C\u00f4ng ngh\u1ec7 in:<\/strong>\u00a0In \u1ea5n decal s\u1eefa th\u00ec th\u01b0\u1eddng d\u00f9ng ch\u1ea5t li\u1ec7u decal s\u1ebd \u0111\u01b0\u1ee3c ph\u1ee7 m\u1ed9t l\u1edbp Glossy chuy\u00ean d\u1ee5ng cho c\u00e1c lo\u1ea1i m\u00e1y in phun gi\u00fap cho m\u00e0u s\u1eafc \u0111\u1eb9p v\u00e0 r\u00f5 n\u00e9t.<\/span><\/p>\n<p><span style=\"font-size: 110%;\"><strong>&#8211; M\u1ef1c in:\u00a0<\/strong>M\u1ef1c trong in decal s\u1eefa s\u1ebd ph\u1ee5 thu\u1ed9c v\u00e0o y\u00eau c\u1ea7u c\u1ee7a kh\u00e1ch h\u00e0ng. N\u1ebfu nh\u01b0 kh\u00e1ch h\u00e0ng mu\u1ed1n in \u1ea5n decal th\u00f4ng th\u01b0\u1eddng \u0111\u01a1n v\u1ecb in \u1ea5n s\u1ebd s\u1eed d\u1ee5ng m\u1ef1c in Pigment UV v\u1edbi kh\u1ea3 n\u0103ng ch\u1ed1ng n\u01b0\u1edbc, sau khi in xong ch\u00fang \u0111\u01b0\u1ee3c c\u00e1n th\u00eam m\u1ed9t l\u1edbp v\u00e0ng trong \u0111\u1ec3 \u0111\u1ea3m b\u1ea3o m\u00e0u s\u1eafc in b\u1ec1n h\u01a1n.<\/span><\/p>\n<p><span style=\"font-size: 110%;\">N\u1ebfu kh\u00e1ch h\u00e0ng y\u00eau c\u1ea7u in decal s\u1eefa ch\u1ea5t l\u01b0\u1ee3ng cao th\u00ec s\u1ebd d\u00f9ng lo\u1ea1i m\u1ef1c Eco, sau khi c\u00e1n th\u00eam m\u1ed9t m\u00e0ng m\u1ecfng l\u00ean tr\u00ean s\u1ea3n ph\u1ea9m sau khi in th\u00ec v\u1edbi m\u1ef1c Eco s\u1ebd cho ch\u1ea5t l\u01b0\u1ee3ng h\u00ecnh \u1ea3nh s\u1eafc n\u00e9t v\u00e0 b\u1ec1n m\u00e0u h\u01a1n nhi\u1ec1u so v\u1edbi m\u1ef1c in tr\u00ean.<img decoding=\"async\" loading=\"lazy\" class=\"alignnone wp-image-1137\" src=\"http:\/\/innhanh.ai\/wp-content\/uploads\/2023\/09\/decal-la-gi.jpeg\" alt=\"\" width=\"1465\" height=\"693\" \/><\/span><\/p>\n<h3><span style=\"font-size: 110%;\"><strong>\u01afu \u0111i\u1ec3m c\u1ee7a decal s\u1eefa l\u00e0 g\u00ec?<\/strong><\/span><\/h3>\n<p><span style=\"font-size: 110%;\"><strong>&#8211; Decal s\u1eefa c\u00f3 th\u1ec3 d\u00e1n tr\u00ean nhi\u1ec1u lo\u1ea1i b\u1ec1 m\u1eb7t kh\u00e1c nhau:\u00a0<\/strong>V\u1edbi \u0111\u1ed9 k\u1ebft d\u00ednh cao n\u00ean c\u00e1c m\u1eabu decal s\u1eefa c\u00f3 th\u1ec3 b\u00e1m ch\u1eb7t tr\u00ean nhi\u1ec1u b\u1ec1 m\u1eb7t ph\u1eb3ng cong m\u00e0 kh\u00f4ng b\u1ecb r\u00e1ch ho\u1eb7c nh\u00e0u n\u00e1t.<\/span><\/p>\n<p><span style=\"font-size: 110%;\"><strong>&#8211; In decal s\u1eefa gi\u00fap d\u1ec5 d\u00e0ng t\u1ea1o h\u00ecnh th\u00f9 \u0111a d\u1ea1ng:<\/strong>\u00a0Decal s\u1eefa d\u1ec5 d\u00e0ng t\u1ea1o h\u00ecnh t\u1eeb ng\u1ed9 ngh\u0129nh \u0111\u00e1ng y\u00eau cho \u0111\u1ebfn t\u1ea1o h\u00ecnh sang tr\u1ecdng&#8230;\u0110\u1eb7c bi\u1ec7t, m\u1ed7i m\u1ed9t ng\u00e0nh ngh\u1ec1 \u0111\u00f2i h\u1ecfi m\u1eabu m\u00e3 kh\u00e1c nhau nh\u01b0 ng\u00e0nh m\u1ef9 ph\u1ea9m y\u00eau c\u1ea7u s\u1ef1 tinh t\u1ebf v\u00e0 \u0111\u1eb9p m\u1eb7t, ng\u00e0nh n\u1ed9i th\u1ea5t \u0111\u00f2i h\u1ecfi s\u1ef1 trau chu\u1ed1t v\u00e0 sang tr\u1ecdng\u2026.v\u1edbi c\u00e1c h\u00ecnh d\u00e1ng tr\u00f2n, bo g\u00f3c hay ph\u1ee9c t\u1ea1p h\u01a1n l\u00e0 c\u00e1c b\u00f4ng hoa, nh\u00e2n v\u1eadt \u0111\u00e1ng y\u00eau, nh\u1eefng h\u00ecnh m\u1eabu nhi\u1ec1u chi ti\u1ebft nh\u1ecf ph\u1ee9c t\u1ea1p,\u2026Decal s\u1eefa c\u00f3 th\u1ec3 \u0111\u00e1p \u1ee9ng \u0111\u01b0\u1ee3c t\u1ea5t c\u1ea3 c\u00e1c y\u00eau c\u1ea7u n\u00e0y.<\/span><\/p>\n<p><span style=\"font-size: 110%;\"><strong>&#8211; \u0110\u1ed9 b\u1ec1n cao, k\u1ebft d\u00ednh t\u1ed1t:\u00a0<\/strong>C\u00e1c lo\u1ea1i decal s\u1eefa s\u1eed d\u1ee5ng ch\u1ea5t k\u1ebft d\u00ednh \u0111\u1eb7c bi\u1ec7t \u0111\u1ea3m b\u1ea3o khi d\u00e1n decal kh\u00f4ng b\u1ecb bong tr\u00f3c d\u1ec5 d\u00e0ng. B\u00ean c\u1ea1nh \u0111\u00f3, v\u1edbi m\u00e0u tr\u1eafng s\u1eefa c\u1ee7a decal lu\u00f4n l\u00e0m n\u1ed5i b\u1eadt b\u1ea5t k\u1ef3 lo\u1ea1i m\u00e0u m\u1ef1c in n\u00e0o n\u00ean c\u00f3 t\u00ednh th\u1ea9m m\u1ef9 r\u1ea5t cao.<\/span><\/p>\n<p><span style=\"font-size: 110%;\"><strong>&#8211; Trang tr\u00ed<\/strong> showroom, qu\u00e1n cafe,\u2026t\u0103ng t\u00ednh th\u1ea9m m\u1ef9 v\u00e0 t\u1ea1o d\u1ea5u \u1ea5n ri\u00eang cho c\u1eeda h\u00e0ng.<\/span><\/p>\n<p><img decoding=\"async\" loading=\"lazy\" class=\" wp-image-1811\" src=\"http:\/\/innhanh.ai\/wp-content\/uploads\/2023\/09\/in-decal-nhua-sua-6.jpg\" alt=\"\" width=\"1292\" height=\"1292\" \/><\/p>\n<p><img decoding=\"async\" loading=\"lazy\" class=\"alignnone wp-image-1813\" src=\"http:\/\/innhanh.ai\/wp-content\/uploads\/2023\/09\/800_3740450_u6cgkc6hzpkmrvlqu6qhed2dhum9a1cs7z8dy4hb_sweet-duck-a-cute-sans-font.png\" alt=\"\" width=\"1288\" height=\"858\" \/><\/p>\n<h3><span style=\"font-size: 110%;\"><strong>\u00a0C\u00f4ng d\u1ee5ng c\u1ee7a decal s\u1eefa<\/strong><\/span><\/h3>\n<p><span style=\"font-size: 110%;\"><strong>&#8211; In tem nh\u00e3n: C\u00e1c m\u1eabu\u00a0<\/strong>decal s\u1eefa \u1ee9ng d\u1ee5ng nhi\u1ec1u trong vi\u1ec7c in \u1ea5n tem nh\u00e3n d\u00e1n h\u00e0ng h\u00f3a v\u1eeba c\u00f3 t\u00ednh th\u1ea9m m\u1ef9 cao m\u00e0 v\u1eabn b\u1ec1n b\u1ec9 ch\u1ea5t l\u01b0\u1ee3ng.<\/span><\/p>\n<p><span style=\"font-size: 110%;\"><strong>&#8211; In \u1ea5n ph\u1ea9m qu\u1ea3ng c\u00e1o ngo\u00e0i tr\u1eddi:<\/strong>\u00a0Decal s\u1eefa \u0111\u01b0\u1ee3c \u1ee9ng d\u1ee5ng trong qu\u1ea3ng c\u00e1o ngo\u00e0i tr\u1eddi nh\u01b0 in hoa v\u0103n, h\u1ecda ti\u1ebft, h\u00ecnh \u1ea3nh trang tr\u00ed, h\u1ed9p \u0111\u00e8n qu\u1ea3ng c\u00e1o,\u2026 D\u00e1n m\u1eb7t d\u1ef1ng Alu.<\/span><\/p>\n<p><span style=\"font-size: 110%;\"><strong>&#8211; In sticker, logo:\u00a0<\/strong>\u00a0Decal s\u1eefa l\u00e0 xu\u1ea5t hi\u1ec7n r\u1ea5t nhi\u1ec1u \u0111\u01b0\u1ee3c d\u00e1n tr\u00ean th\u00e2n xe, m\u1eb7t t\u01b0\u1eddng, m\u1eb7t d\u1ef1ng, alu, mica,\u2026 hay c\u00e1c m\u1eabu logo, sticker, product sticker \u0111\u1ed9c \u0111\u00e1o.<\/span><\/p>\n<p><span style=\"font-size: 110%;\">&#8212;&#8212;&#8212;&#8212;&#8212;&#8212;&#8212;&#8212;&#8212;&#8212;&#8212;&#8212;&#8212;&#8212;&#8212;&#8212;&#8212;&#8212;&#8212;&#8212;&#8212;<\/span><\/p>\n<ul>\n<li><span style=\"font-size: 110%;\"><b>D\u1ecaCH V\u1ee4 IN NHANH AIPRINT\u00a0<\/b><\/span><\/li>\n<li><span style=\"font-size: 110%;\"><strong>Hotline:<\/strong>\u00a008 2828 3366 \u2013 083 850 3366<\/span><\/li>\n<li><span style=\"font-size: 110%;\"><strong>Website:<\/strong>\u00a0<a href=\"https:\/\/innhanh.ai\/\">www.innhanh.ai<\/a>\u00a0\u2013\u00a0<a href=\"https:\/\/aiprint.vn\/\">www.aiprint.vn<\/a><\/span><\/li>\n<li><span style=\"font-size: 110%;\"><strong>Email:<\/strong>\u00a0lienhe@innhanh.Ai \u2013 aiprint.vn@gmail.com<\/span><\/li>\n<li><span style=\"font-size: 110%;\"><strong>Fanpage:<\/strong>\u00a0<a href=\"https:\/\/www.facebook.com\/aiprint.vn\/\">https:\/\/www.facebook.com\/aiprint.vn<\/a><\/span><\/li>\n<li><span style=\"font-size: 110%;\"><strong>\u0110\u1ecba ch\u1ec9:\u00a0<\/strong>\u00a057 V\u0169 Tr\u1ecdng Ph\u1ee5ng, Ph\u01b0\u1eddng T\u00e2n Th\u00e0nh, Qu\u1eadn T\u00e2n Ph\u00fa, TP. H\u1ed3 Ch\u00ed Minh.<\/span><\/li>\n<\/ul>\n<p><img decoding=\"async\" loading=\"lazy\" class=\"alignnone size-full wp-image-1138\" src=\"http:\/\/innhanh.ai\/wp-content\/uploads\/2023\/09\/1134-01.jpg\" alt=\"\" width=\"1922\" height=\"401\" \/><\/p>\n<p>&nbsp;<\/p>\n<p style=\"text-align: center;\">\n","protected":false},"excerpt":{"rendered":"<div class=\"block-price-details\">\n<div class=\"box-price-details\"><span class=\"new-price-details\"><span class=\"p-from\"><span style=\"color: #0000ff;\">IN NHANH<\/span> Gi\u00e1 ch\u1ec9 t\u1eeb <\/span>\u00a0<strong><span style=\"color: #ff0000;\">300\u0111<\/span><\/strong><span style=\"color: #0000ff;\">\/con tem.<\/span><\/span><\/div>\n<div><\/div>\n<\/div>\n<div class=\"block-short-desc\">\n<div class=\"block-short-desc\">\n<div class=\"block-price-details\">\n<div class=\"box-price-details\">\n<table class=\"table table-bordered\" style=\"height: 192px;\" width=\"562\">\n<tbody>\n<tr>\n<td><b>\u2705 Ch\u1ea5t Li\u1ec7u<\/b><\/td>\n<td>\u2b50Decal nh\u1ef1a s\u1eefa,&#8230;<\/td>\n<\/tr>\n<tr>\n<td><b>\u2705 Thi\u1ebft K\u1ebf<\/b><\/td>\n<td>\u2b50 Chuy\u00ean nghi\u1ec7p, tu\u1ef3 ch\u1ec9nh theo nhu c\u1ea7u kh\u00e1ch h\u00e0ng<\/td>\n<\/tr>\n<tr>\n<td><b>\u2705 Gia C\u00f4ng<\/b><\/td>\n<td>\u2b50\u00a0C\u00e1n m\u00e0ng b\u00f3ng, c\u00e1n m\u00e0ng m\u1edd, c\u1eaft b\u1ebf, \u00e9p,&#8230;<\/td>\n<\/tr>\n<tr>\n<td><b>\u2705 K\u00edch Th\u01b0\u1edbc<\/b><\/td>\n<td>\u2b50 \u0110a d\u1ea1ng, \u0111i\u1ec1u ch\u1ec9nh theo y\u00eau c\u1ea7u c\u1ee7a kh\u00e1ch h\u00e0ng<\/td>\n<\/tr>\n<tr>\n<td><b>\u2705 Chi Ph\u00ed<\/b><\/td>\n<td>\u2b50 Gi\u00e1 c\u1ea3 c\u1ea1nh tranh, ti\u1ebft ki\u1ec7m<\/td>\n<\/tr>\n<tr>\n<td><b>\u2705 Giao H\u00e0ng<\/b><\/td>\n<td>\u2b50 Nhanh ch\u00f3ng<\/td>\n<\/tr>\n<\/tbody>\n<\/table>\n<\/div>\n<\/div>\n<ul>\n<li><span style=\"color: #800000; font-size: 110%;\"><span style=\"color: #ff0000;\">\u0110\u1eb7t In : 0828283366 &#8211; 0868503366<\/span><\/span><\/li>\n<li><span style=\"color: #0000ff; font-size: 110%;\">Email: lienhe@innhanh.ai<\/span><\/li>\n<\/ul>\n<\/div>\n<\/div>\n","protected":false},"featured_media":1622,"comment_status":"open","ping_status":"closed","template":"","meta":{"_monsterinsights_skip_tracking":false,"_monsterinsights_sitenote_active":false,"_monsterinsights_sitenote_note":"","_monsterinsights_sitenote_category":0},"product_cat":[47],"product_tag":[],"aioseo_notices":[],"_links":{"self":[{"href":"https:\/\/innhanh.ai\/index.php\/wp-json\/wp\/v2\/product\/22"}],"collection":[{"href":"https:\/\/innhanh.ai\/index.php\/wp-json\/wp\/v2\/product"}],"about":[{"href":"https:\/\/innhanh.ai\/index.php\/wp-json\/wp\/v2\/types\/product"}],"replies":[{"embeddable":true,"href":"https:\/\/innhanh.ai\/index.php\/wp-json\/wp\/v2\/comments?post=22"}],"wp:featuredmedia":[{"embeddable":true,"href":"https:\/\/innhanh.ai\/index.php\/wp-json\/wp\/v2\/media\/1622"}],"wp:attachment":[{"href":"https:\/\/innhanh.ai\/index.php\/wp-json\/wp\/v2\/media?parent=22"}],"wp:term":[{"taxonomy":"product_cat","embeddable":true,"href":"https:\/\/innhanh.ai\/index.php\/wp-json\/wp\/v2\/product_cat?post=22"},{"taxonomy":"product_tag","embeddable":true,"href":"https:\/\/innhanh.ai\/index.php\/wp-json\/wp\/v2\/product_tag?post=22"}],"curies":[{"name":"wp","href":"https:\/\/api.w.org\/{rel}","templated":true}]}}