{"id":2221,"date":"2024-07-12T06:11:32","date_gmt":"2024-07-12T05:11:32","guid":{"rendered":"https:\/\/innhanh.ai\/?post_type=product&#038;p=2221"},"modified":"2025-01-22T09:27:46","modified_gmt":"2025-01-22T09:27:46","slug":"in-nhanh-tem-nhan-sau-rieng-tem-dan-cuong","status":"publish","type":"product","link":"https:\/\/innhanh.ai\/index.php\/product\/in-nhanh-tem-nhan-sau-rieng-tem-dan-cuong\/","title":{"rendered":"IN NHANH TEM NH\u00c3N S\u1ea6U RI\u00caNG &#8211; TEM D\u00c1N CU\u1ed0NG"},"content":{"rendered":"<h1 style=\"text-align: center;\"><strong>TEM NH\u00c3N S\u1ea6U RI\u00caNG &#8211; TEM D\u00c1N CU\u1ed0NG<\/strong><\/h1>\n<h3><strong>Tem nh\u00e3n s\u1ea7u ri\u00eang l\u00e0 g\u00ec?<\/strong><\/h3>\n<p>Tem nh\u00e3n s\u1ea7u ri\u00eang l\u00e0 c\u00e1c m\u1eabu decal tem nh\u00e3n d\u00e1n \u0111\u01b0\u1ee3c s\u1eed d\u1ee5ng \u0111\u1ec3 cung c\u1ea5p th\u00f4ng tin chi ti\u1ebft v\u1ec1 s\u1ea3n ph\u1ea9m cho ng\u01b0\u1eddi ti\u00eau d\u00f9ng, gi\u00fap h\u1ecd c\u00f3 th\u1ec3 ph\u00e2n bi\u1ec7t \u0111\u01b0\u1ee3c lo\u1ea1i s\u1ea7u ri\u00eang m\u00e0 h\u1ecd \u0111ang mua v\u00e0 bi\u1ebft th\u01b0\u01a1ng hi\u1ec7u n\u00e0o \u0111\u00e3 s\u1ea3n xu\u1ea5t v\u00e0 ph\u00e2n ph\u1ed1i s\u1ea3n ph\u1ea9m \u0111\u00f3.<\/p>\n<p><img decoding=\"async\" loading=\"lazy\" class=\"alignnone size-full wp-image-2222\" src=\"http:\/\/innhanh.ai\/wp-content\/uploads\/2024\/07\/tap-hop-17-01-scaled.jpg\" alt=\"\" width=\"2560\" height=\"2217\" \/><\/p>\n<p>Tem nh\u00e3n s\u1ea7u ri\u00eang l\u00e0 m\u1ed9t lo\u1ea1i\u00a0decal d\u00e1n\u00a0\u0111\u01b0\u1ee3c trang b\u1ecb th\u00eam 1 l\u1edbp keo \u0111\u1eb7c bi\u1ec7t gi\u00fap decal d\u00ednh ch\u1eb7t v\u00e0o bao b\u00ec c\u1ea7n d\u00e1n, lo\u1ea1i tem nh\u00e3n n\u00e0y s\u1ebd c\u00f3 4 l\u1edbp: L\u1edbp m\u1eb7t, l\u1edbp keo, l\u1edbp ch\u1ed1ng d\u00ednh v\u00e0 l\u1edbp \u0111\u1ebf.<\/p>\n<p>Ngo\u00e0i ra,\u00a0tem d\u00e1n tr\u00e1i s\u1ea7u ri\u00eang\u00a0th\u01b0\u1eddng \u0111\u01b0\u1ee3c d\u00e1n tr\u00ean ph\u1ea7n cu\u1ed1ng, n\u01a1i kh\u00e1ch h\u00e0ng c\u00f3 th\u1ec3 c\u1ea7m l\u00ean v\u00e0 \u0111\u1ecdc d\u1ec5 d\u00e0ng, ho\u1eb7c tr\u00ean th\u00f9ng s\u1ea7u ri\u00eang \u0111\u01b0\u1ee3c d\u00f9ng \u0111\u1ec3 xu\u1ea5t kh\u1ea9u.<\/p>\n<h3 id=\"ftoc-heading-3\"><strong>Tem d\u00e1n s\u1ea7u ri\u00eang \u0111\u01b0\u1ee3c l\u00e0m t\u1eeb ch\u1ea5t li\u1ec7u g\u00ec?<\/strong><\/h3>\n<h4 id=\"ftoc-heading-4\"><strong>In tem nh\u00e3n s\u1ea7u ri\u00eang b\u1eb1ng nh\u1ef1a s\u1eefa<\/strong><\/h4>\n<p>Nh\u1ef1a s\u1eefa l\u00e0 ch\u1ea5t li\u1ec7u \u0111\u01b0\u1ee3c d\u00f9ng r\u1ea5t ph\u1ed5 bi\u1ebfn \u0111\u1ec3 in tem s\u1ea7u ri\u00eang. \u01afu \u0111i\u1ec3m n\u1ed5i b\u1eadt c\u1ee7a ch\u1ea5t li\u1ec7u n\u00e0y l\u00e0 \u0111\u1ed9 b\u1ec1n cao, ch\u1ecbu \u0111\u01b0\u1ee3c t\u00e1c \u0111\u1ed9ng m\u00f4i tr\u01b0\u1eddng r\u1ea5t t\u1ed1t, kh\u00f3 b\u1ecb r\u00e1ch hay h\u01b0 h\u1ecfng khi d\u00e1n l\u00ean h\u00e0ng h\u00f3a.<\/p>\n<p>Nh\u1ef1a s\u1eefa c\u00f3 m\u00e0u tr\u1eafng \u0111\u1ee5c, m\u00e0u s\u1eafc n\u00e0y s\u1ebd gi\u00fap cho c\u00e1c th\u00f4ng tin khi in l\u00ean b\u1ec1 m\u1eb7t nh\u1ef1a s\u1eefa s\u1ebd tr\u1edf n\u00ean n\u1ed5i b\u1eadt, \u1ea5n t\u01b0\u1ee3ng.<\/p>\n<p>Tuy v\u1eady, gi\u00e1 c\u1ea3 c\u1ee7a c\u00e1c ch\u1ea5t li\u1ec7u n\u00e0y kh\u00e1 cao, kh\u00e1ch h\u00e0ng n\u00ean c\u00e2n nh\u1eafc tr\u01b0\u1edbc khi quy\u1ebft \u0111\u1ecbnh s\u1eed d\u1ee5ng.<\/p>\n<p><img decoding=\"async\" loading=\"lazy\" class=\"alignnone wp-image-2223\" src=\"http:\/\/innhanh.ai\/wp-content\/uploads\/2024\/07\/tem-sau-rieng-5.jpg\" alt=\"\" width=\"1260\" height=\"647\" \/><\/p>\n<h4 id=\"ftoc-heading-5\"><strong>L\u00e0m tem nh\u00e3n s\u1ea7u ri\u00eang b\u1eb1ng nh\u1ef1a trong<\/strong><\/h4>\n<p>Nh\u1ef1a trong c\u0169ng l\u00e0 ch\u1ea5t li\u1ec7u \u0111\u01b0\u1ee3c s\u1eed d\u1ee5ng r\u1ea5t nhi\u1ec1u \u0111\u1ec3 l\u00e0m tem nh\u00e3n cho s\u1ea7u ri\u00eang. T\u01b0\u01a1ng t\u1ef1 v\u1edbi nh\u1ef1a s\u1eefa, ch\u1ea5t li\u1ec7u n\u00e0y c\u0169ng s\u1edf h\u1eefu \u0111\u1ed9 b\u1ec1n cao, c\u00f3 th\u1ec3 ch\u1ecbu \u0111\u01b0\u1ee3c nh\u1eefng t\u00e1c \u0111\u1ed9ng t\u1eeb m\u00f4i tr\u01b0\u1eddng.<\/p>\n<p>Ngo\u00e0i ra, nh\u1ef1a trong su\u1ed1t c\u00f2n c\u00f3 th\u1ec3 nh\u00ecn xuy\u00ean qua, nh\u1edd v\u1eady n\u00ean nh\u1eefng m\u1eabu tem s\u1ea7u ri\u00eang l\u00e0m b\u1eb1ng nh\u1ef1a trong r\u1ea5t \u1ea5n t\u01b0\u1ee3ng, b\u1eaft m\u1eaft khi d\u00e1n l\u00ean s\u1ea3n ph\u1ea9m.<\/p>\n<p>M\u1eb7c d\u00f9 v\u1eady, kh\u00e1ch h\u00e0ng c\u0169ng c\u1ea7n ph\u1ea3i l\u01b0u \u00fd \u0111\u1ebfn gi\u00e1 c\u1ea3 tr\u01b0\u1edbc khi quy\u1ebft \u0111\u1ecbnh in tem s\u1ea7u ri\u00eang b\u1eb1ng ch\u1ea5t li\u1ec7u n\u00e0y.<\/p>\n<h4 id=\"ftoc-heading-6\"><strong>In \u1ea5n tem d\u00e1n s\u1ea7u ri\u00eang b\u1eb1ng gi\u1ea5y<\/strong><\/h4>\n<p>Gi\u1ea5y l\u00e0 ch\u1ea5t li\u1ec7u \u0111\u01b0\u1ee3c d\u00f9ng ph\u1ed5 bi\u1ebfn nh\u1ea5t khi in tem nh\u00e3n s\u1ea3n ph\u1ea9m n\u00f3i chung v\u00e0 in tem s\u1ea7u ri\u00eang n\u00f3i ri\u00eang.\u00a0So v\u1edbi hai ch\u1ea5t li\u1ec7u k\u1ec3 tr\u00ean, gi\u1ea5y c\u00f3 gi\u00e1 th\u00e0nh r\u1ebb h\u01a1n, \u0111a d\u1ea1ng h\u01a1n \u0111\u1ec3 kh\u00e1ch h\u00e0ng l\u1ef1a ch\u1ecdn. Qu\u00e1 tr\u00ecnh gia c\u00f4ng, in \u1ea5n c\u0169ng d\u1ec5 d\u00e0ng h\u01a1n so v\u1edbi ch\u1ea5t li\u1ec7u nh\u1ef1a.<\/p>\n<p><img decoding=\"async\" loading=\"lazy\" class=\"alignnone wp-image-2224\" src=\"http:\/\/innhanh.ai\/wp-content\/uploads\/2024\/07\/in-tem-nhan-sau-rieng-BMT-1.jpg\" alt=\"\" width=\"556\" height=\"417\" \/><img decoding=\"async\" loading=\"lazy\" class=\"alignnone wp-image-2226\" src=\"http:\/\/innhanh.ai\/wp-content\/uploads\/2024\/07\/170157-lam-dong-xuat-khau-hon-70-tan-sau-rieng-dau-tien-sang-trung-quoc.jpg\" alt=\"\" width=\"659\" height=\"417\" \/><\/p>\n<p><span style=\"font-size: 110%; color: #000000;\"><b>&#8211; <span lang=\"VI\">C\u00e1n M\u00e0ng <\/span><\/b>\u00a0decal sau khi in xong s\u1ebd \u0111\u01b0\u1ee3c c\u00e1n m\u00e0ng m\u1edd,<span lang=\"VI\"> c\u00e1n m\u00e0ng b\u00f3ng theo y\u00eau c\u1ea7u c\u1ee7a kh\u00e1ch h\u00e0ng <\/span>\u00a0gi\u00fap t\u0103ng \u0111\u1ed9 b\u1ec1n c\u0169ng nh\u01b0 v\u1ebb \u0111\u1eb9p cho\u00a0<span lang=\"VI\">nh\u00e3n d\u00e1n<\/span>.<\/span><\/p>\n<p><span style=\"font-size: 110%; color: #000000;\"><strong><b>&#8211; <\/b>B\u1ebf Bemi<\/strong> theo y\u00eau c\u1ea7u gi\u00fap kh\u00e1ch h\u00e0ng d\u1ec5 d\u00e0ng b\u00f3c t\u00e1ch ra \u0111\u1ec3 d\u00e1n l\u00ean s\u1ea3n ph\u1ea9m m\u1ed9t c\u00e1ch nhanh nh\u1ea5t .<\/span><\/p>\n<ul>\n<li><span style=\"font-size: 110%; color: #000000;\">B\u1ebf theo d\u1ea1ng\u00a0 h\u00ecnh tr\u00f2n: <img decoding=\"async\" loading=\"lazy\" class=\"alignnone wp-image-797\" src=\"http:\/\/innhanh.ai\/wp-content\/uploads\/2023\/09\/hinh-tron-aiprint.png\" alt=\"\" width=\"49\" height=\"49\" \/> K\u00edch th\u01b0\u1edbc (cm) : 2\u00d72; 3\u00d73; 4\u00d74; 5\u00d75; 6\u00d76;\u2026 k\u00edch th\u01b0\u1edbc theo file.<\/span><\/li>\n<li><span style=\"font-size: 110%; color: #000000;\">B\u1ebf theo d\u1ea1ng\u00a0 h\u00ecnh vu\u00f4ng : <img decoding=\"async\" loading=\"lazy\" class=\"alignnone wp-image-798\" src=\"http:\/\/innhanh.ai\/wp-content\/uploads\/2023\/09\/hinh-vuong-aiprint.png\" alt=\"\" width=\"52\" height=\"52\" \/>\u00a0 K\u00edch th\u01b0\u1edbc (cm) : 2\u00d72; 3\u00d73; 4\u00d74; 5\u00d75; 6\u00d76;\u2026 k\u00edch th\u01b0\u1edbc theo file.<\/span><\/li>\n<li><span style=\"font-size: 110%; color: #000000;\">B\u1ebf theo d\u1ea1ng\u00a0 h\u00ecnh ch\u1eef nh\u1eadt :<img decoding=\"async\" loading=\"lazy\" class=\"alignnone wp-image-799\" src=\"http:\/\/innhanh.ai\/wp-content\/uploads\/2023\/09\/hinh-chu-nhat-aiprint.png\" alt=\"\" width=\"55\" height=\"55\" \/> K\u00edch th\u01b0\u1edbc : (cm) 11\u00d77; 12\u00d77; 14.5\u00d79; 19\u00d712; 4\u00d72; 5\u00d73; 6\u00d74; 7\u00d75; ;7\u00d72; 8\u00d76 .<\/span><\/li>\n<li><span style=\"font-size: 110%; color: #000000;\">B\u1ebf\u00a0 h\u00ecnh theo file kh\u00e1ch h\u00e0ng\u00a0 :\u00a0 <img decoding=\"async\" loading=\"lazy\" class=\"alignnone wp-image-800\" src=\"http:\/\/innhanh.ai\/wp-content\/uploads\/2023\/09\/hinh-theo-file-aiprint.png\" alt=\"\" width=\"72\" height=\"72\" \/> k\u00edch th\u01b0\u1edbc (cm) : theo y\u00eau c\u1ea7u.<\/span><\/li>\n<\/ul>\n<p><img decoding=\"async\" loading=\"lazy\" class=\"alignnone size-full wp-image-2453\" src=\"http:\/\/innhanh.ai\/wp-content\/uploads\/2024\/07\/tran-vien-01.jpg\" alt=\"\" width=\"2481\" height=\"1589\" \/><\/p>\n<h3><strong>N\u1ed9i d\u1ee5ng in tr\u00ean tem s\u1ea7u ri\u00eang<\/strong><\/h3>\n<p>C\u00e1c n\u1ed9i dung c\u1ea7n thi\u1ebft khi in tem s\u1ea7u ri\u00eang nh\u01b0 sau:<\/p>\n<ul>\n<li>T\u00ean \u0111\u01a1n v\u1ecb kinh doanh<\/li>\n<li>Lo\u1ea1i s\u1ea7u ri\u00eang<\/li>\n<li>Logo th\u01b0\u01a1ng hi\u1ec7u<\/li>\n<li>S\u0110T li\u00ean h\u1ec7<\/li>\n<li>\u0110\u1ecba ch\u1ec9 li\u00ean h\u1ec7<\/li>\n<\/ul>\n<p><img decoding=\"async\" loading=\"lazy\" class=\"alignnone wp-image-2229\" src=\"http:\/\/innhanh.ai\/wp-content\/uploads\/2024\/07\/anh-sp-in-tem-dan-sau-rieng.jpg\" alt=\"\" width=\"1261\" height=\"1261\" \/><\/p>\n<h3><strong>K\u00edch th\u01b0\u1edbc ph\u1ed5 bi\u1ebfn c\u1ee7a tem s\u1ea7u ri\u00eang<\/strong><\/h3>\n<p>K\u00edch th\u01b0\u1edbc c\u1ee7a tem s\u1ea7u ri\u00eang s\u1ebd ph\u1ee5 thu\u1ed9c v\u00e0o nhu c\u1ea7u c\u1ee7a ng\u01b0\u1eddi \u0111\u1eb7t in, m\u1ed9t v\u00e0i k\u00edch th\u01b0\u1edbc \u0111\u01b0\u1ee3c s\u1eed d\u1ee5ng nhi\u1ec1u nh\u1ea5t khi\u00a0in \u1ea5n tem nh\u00e3n decal\u00a0d\u00e1n s\u1ea7u ri\u00eang l\u00e0:<\/p>\n<ul>\n<li>2 x 3cm; 3 x 4,5cm; 4 x 6cm; 5x 8cm; 2 x 2cm; 2.5 \u00d7 2.5cm; 3 x 3cm; 3.5 \u00d7 3.5cm; 4 x 4cm; 4.5 \u00d7 4.5cm; 5 x 5cm; 5.5 \u00d7 5.5cm; 6 x 6cm\u2026<\/li>\n<\/ul>\n<p><img decoding=\"async\" loading=\"lazy\" class=\"alignnone wp-image-2228\" src=\"http:\/\/innhanh.ai\/wp-content\/uploads\/2024\/07\/tem-nhan-sau-rieng-4.jpg\" alt=\"\" width=\"1235\" height=\"1647\" \/><\/p>\n<p><span style=\"font-size: 110%;\"><strong>\u00a0\u2014\u2014\u2014\u2014\u2014\u2014\u2014\u2014\u2014\u2014\u2014\u2014\u2014\u2014\u2014\u2014\u2014<\/strong><\/span><\/p>\n<ul>\n<li><span style=\"font-size: 110%;\"><b>D\u1ecaCH V\u1ee4 IN NHANH AIPRINT\u00a0<\/b><\/span><\/li>\n<li><span style=\"font-size: 110%;\"><strong>Hotline:<\/strong>\u00a008 2828 3366 \u2013 083 850 3366<\/span><\/li>\n<li><span style=\"font-size: 110%;\"><strong>Website:<\/strong>\u00a0<a href=\"https:\/\/innhanh.ai\/\">www.innhanh.ai<\/a>\u00a0\u2013\u00a0<a href=\"https:\/\/aiprint.vn\/\">www.aiprint.vn<\/a><\/span><\/li>\n<li><span style=\"font-size: 110%;\"><strong>Email:<\/strong>\u00a0lienhe@innhanh.Ai \u2013 aiprint.vn@gmail.com<\/span><\/li>\n<li><span style=\"font-size: 110%;\"><strong>Fanpage:<\/strong>\u00a0<a href=\"https:\/\/www.facebook.com\/aiprint.vn\/\">https:\/\/www.facebook.com\/aiprint.vn<\/a><\/span><\/li>\n<li><span style=\"font-size: 110%;\"><strong>\u0110\u1ecba ch\u1ec9:\u00a0<\/strong>\u00a057 V\u0169 Tr\u1ecdng Ph\u1ee5ng, Ph\u01b0\u1eddng T\u00e2n Th\u00e0nh, Qu\u1eadn T\u00e2n Ph\u00fa, TP. H\u1ed3 Ch\u00ed Minh.<\/span><\/li>\n<\/ul>\n<p><span style=\"font-size: 110%;\"><img decoding=\"async\" loading=\"lazy\" class=\"alignnone size-full wp-image-1138\" src=\"http:\/\/innhanh.ai\/wp-content\/uploads\/2023\/09\/1134-01.jpg\" alt=\"\" width=\"1922\" height=\"401\" \/><\/span><\/p>\n<p>&nbsp;<\/p>\n","protected":false},"excerpt":{"rendered":"<div class=\"box-price-details\"><span class=\"new-price-details\"><span class=\"p-from\"><span style=\"color: #0000ff;\"><strong>IN NHANH<\/strong><\/span> Gi\u00e1 Ch\u1ec9 t\u1eeb<\/span> <strong><span style=\"color: #ff0000;\">100\u0111<\/span><\/strong><span style=\"color: #0000ff;\">\/con tem.<\/span><\/span><\/div>\n<div><\/div>\n<div>\n<div class=\"block-price-details\">\n<div class=\"box-price-details\">\n<table class=\"table table-bordered\" style=\"height: 192px;\" width=\"562\">\n<tbody>\n<tr>\n<td><b>\u2705 Ch\u1ea5t Li\u1ec7u<\/b><\/td>\n<td>\u2b50Decal gi\u1ea5y, decal nh\u1ef1a,&#8230;<\/td>\n<\/tr>\n<tr>\n<td><b>\u2705 Thi\u1ebft K\u1ebf<\/b><\/td>\n<td>\u2b50 Chuy\u00ean nghi\u1ec7p, tu\u1ef3 ch\u1ec9nh theo nhu c\u1ea7u kh\u00e1ch h\u00e0ng<\/td>\n<\/tr>\n<tr>\n<td><b>\u2705 Gia C\u00f4ng<\/b><\/td>\n<td>\u2b50\u00a0C\u00e1n m\u00e0ng b\u00f3ng, c\u00e1n m\u00e0ng m\u1edd, c\u1eaft b\u1ebf, \u00e9p,&#8230;<\/td>\n<\/tr>\n<tr>\n<td><b>\u2705 K\u00edch Th\u01b0\u1edbc<\/b><\/td>\n<td>\u2b50 \u0110a d\u1ea1ng, \u0111i\u1ec1u ch\u1ec9nh theo y\u00eau c\u1ea7u c\u1ee7a kh\u00e1ch h\u00e0ng<\/td>\n<\/tr>\n<tr>\n<td><b>\u2705 Chi Ph\u00ed<\/b><\/td>\n<td>\u2b50 Gi\u00e1 c\u1ea3 c\u1ea1nh tranh, ti\u1ebft ki\u1ec7m<\/td>\n<\/tr>\n<tr>\n<td><b>\u2705 Giao H\u00e0ng<\/b><\/td>\n<td>\u2b50 Nhanh ch\u00f3ng<\/td>\n<\/tr>\n<\/tbody>\n<\/table>\n<\/div>\n<\/div>\n<ul>\n<li><span style=\"color: #ed1c24;\">\u0110\u1eb7t In : 0828283366 &#8211; 0838503366<\/span><\/li>\n<li><span style=\"color: #0000ff;\">Email: lienhe@innhanh.ai<\/span><\/li>\n<\/ul>\n<\/div>\n","protected":false},"featured_media":2224,"comment_status":"closed","ping_status":"closed","template":"","meta":{"_monsterinsights_skip_tracking":false,"_monsterinsights_sitenote_active":false,"_monsterinsights_sitenote_note":"","_monsterinsights_sitenote_category":0},"product_cat":[46],"product_tag":[],"aioseo_notices":[],"_links":{"self":[{"href":"https:\/\/innhanh.ai\/index.php\/wp-json\/wp\/v2\/product\/2221"}],"collection":[{"href":"https:\/\/innhanh.ai\/index.php\/wp-json\/wp\/v2\/product"}],"about":[{"href":"https:\/\/innhanh.ai\/index.php\/wp-json\/wp\/v2\/types\/product"}],"replies":[{"embeddable":true,"href":"https:\/\/innhanh.ai\/index.php\/wp-json\/wp\/v2\/comments?post=2221"}],"wp:featuredmedia":[{"embeddable":true,"href":"https:\/\/innhanh.ai\/index.php\/wp-json\/wp\/v2\/media\/2224"}],"wp:attachment":[{"href":"https:\/\/innhanh.ai\/index.php\/wp-json\/wp\/v2\/media?parent=2221"}],"wp:term":[{"taxonomy":"product_cat","embeddable":true,"href":"https:\/\/innhanh.ai\/index.php\/wp-json\/wp\/v2\/product_cat?post=2221"},{"taxonomy":"product_tag","embeddable":true,"href":"https:\/\/innhanh.ai\/index.php\/wp-json\/wp\/v2\/product_tag?post=2221"}],"curies":[{"name":"wp","href":"https:\/\/api.w.org\/{rel}","templated":true}]}}