{"id":2357,"date":"2024-07-22T03:17:13","date_gmt":"2024-07-22T02:17:13","guid":{"rendered":"https:\/\/innhanh.ai\/?post_type=product&#038;p=2357"},"modified":"2025-01-22T09:26:57","modified_gmt":"2025-01-22T09:26:57","slug":"in-nhanh-decal-tem-nhan-banh-trung-thu","status":"publish","type":"product","link":"https:\/\/innhanh.ai\/index.php\/product\/in-nhanh-decal-tem-nhan-banh-trung-thu\/","title":{"rendered":"IN NHANH DECAL TEM NH\u00c3N B\u00c1NH TRUNG THU"},"content":{"rendered":"<h1 style=\"text-align: center;\"><span style=\"font-size: 110%;\"><strong>TH\u00d4NG TIN S\u1ea2N PH\u1ea8M:<\/strong><\/span><\/h1>\n<p><img decoding=\"async\" loading=\"lazy\" class=\"alignnone size-full wp-image-2362\" src=\"http:\/\/innhanh.ai\/wp-content\/uploads\/2024\/07\/67035770_460278757863232_1431658594285125632_n.jpeg\" alt=\"\" width=\"1600\" height=\"1200\" \/><\/p>\n<div>\n<p>&nbsp;<\/p>\n<h3><span style=\"font-size: 110%;\"><strong>Tem nh\u00e3n b\u00e1nh trung thu<\/strong><\/span><\/h3>\n<p><span style=\"font-size: 110%;\">M\u1ed9t chi\u1ebfc b\u00e1nh trung thu \u0111\u01b0\u1ee3c \u0111\u1ef1ng trong bao b\u00ec \u0111\u1eb9p s\u1ebd l\u00e0 m\u1ed9t trong nh\u1eefng y\u1ebfu t\u1ed1 thu h\u00fat kh\u00e1ch h\u00e0ng. <b>In tem nh\u00e3n b\u00e1nh trung thu<\/b>\u00a0l\u00e0 d\u1ecbch v\u1ee5 gi\u00fap th\u01b0\u01a1ng hi\u1ec7u b\u00e1nh c\u00f3 \u0111\u01b0\u1ee3c \u0111i\u1ec3m c\u1ed9ng l\u1edbn nh\u1edd v\u00e0o tem nh\u00e3n b\u00e1nh \u0111\u1ed9c \u0111\u00e1o, \u1ea5n t\u01b0\u1ee3ng. In Si\u00eau T\u1ed1c s\u1ebd gi\u00fap b\u1ea1n l\u00e0m \u0111\u01b0\u1ee3c \u0111i\u1ec1u \u0111\u00f3 qua d\u1ecbch v\u1ee5 in tem nh\u00e3n b\u00e1nh trung thu v\u1edbi cam k\u1ebft th\u1eddi gian in \u1ea5n nhanh, gi\u00e1 r\u1ebb, ch\u1ea5t l\u01b0\u1ee3ng.<\/span><\/p>\n<p><img decoding=\"async\" loading=\"lazy\" class=\"alignnone size-full wp-image-2360\" src=\"http:\/\/innhanh.ai\/wp-content\/uploads\/2024\/07\/pngtree-little-bunny-mooncake-cartoon-hand-drawn-elements-mid-autumn-festival-png-image_14134077.png\" alt=\"\" width=\"2500\" height=\"2500\" \/><\/p>\n<h3><span style=\"font-size: 110%;\"><b>V\u00ec Sao Ph\u1ea3i In Tem Nh\u00e3n B\u00e1nh Trung Thu?<\/b><\/span><\/h3>\n<p><span style=\"font-size: 110%;\">Tem nh\u00e3n b\u00e1nh trung thu l\u00e0 lo\u1ea1i tem \u0111\u01b0\u1ee3c in tr\u00ean decal, c\u00f3 ghi nh\u1eefng th\u00f4ng tin v\u1ec1 th\u01b0\u01a1ng hi\u1ec7u, t\u00ean s\u1ea3n ph\u1ea9m, lo\u1ea1i s\u1ea3n ph\u1ea9m,\u2026 v\u00e0 t\u01b0\u01a1ng \u1ee9ng v\u1edbi m\u1ed7i lo\u1ea1i b\u00e1nh kh\u00e1c nhau th\u00ec tem nh\u00e3n b\u00e1nh trung thu s\u1ebd \u0111\u01b0\u1ee3c in nh\u1eefng h\u00ecnh \u1ea3nh \u0111\u1ec3 minh h\u1ecda cho b\u00e1nh.<\/span><\/p>\n<p><img decoding=\"async\" loading=\"lazy\" class=\"alignnone size-full wp-image-2358\" src=\"http:\/\/innhanh.ai\/wp-content\/uploads\/2024\/07\/448774348_436716199230874_3761614195304983043_n.jpg\" alt=\"\" width=\"1440\" height=\"1440\" \/><\/p>\n<p><span style=\"font-size: 110%;\">Hi\u1ec7n nay tr\u00ean th\u1ecb tr\u01b0\u1eddng c\u00e1c th\u01b0\u01a1ng hi\u1ec7u b\u00e1nh trung thu \u0111\u1ec1u \u01b0a chu\u1ed9ng m\u1eabu tem nh\u00e3n \u0111\u01b0\u1ee3c in tr\u00ean decal v\u00e0 d\u00e1n ri\u00eang l\u00ean t\u1eebng v\u1ecf s\u1ea3n ph\u1ea9m thay v\u00ec ch\u1ec9 in tem nh\u00e3n l\u00ean t\u00fai \u0111\u1ef1ng b\u00ean ngo\u00e0i nh\u01b0 tr\u01b0\u1edbc kia. \u0110i\u1ec1u n\u00e0y gi\u00fap doanh nghi\u1ec7p kh\u1eb3ng \u0111\u1ecbnh th\u01b0\u01a1ng hi\u1ec7u c\u1ee7a m\u00ecnh l\u00ean tr\u00ean t\u1eebng s\u1ea3n ph\u1ea9m, g\u00e2y ch\u00fa \u00fd v\u1edbi kh\u00e1ch h\u00e0ng ti\u1ec1m n\u0103ng \u2013 m\u1ed9t c\u00e1ch marketing hi\u1ec7u qu\u1ea3 m\u00e0 l\u1ea1i \u00edt t\u1ed1n k\u00e9m.<\/span><\/p>\n<p><span style=\"font-size: 110%;\">Ngo\u00e0i ra, vi\u1ec7c in tem nh\u00e3n b\u00e1nh trung thu s\u1ebd gi\u00fap kh\u00e1ch h\u00e0ng nh\u1eadn \u0111\u01b0\u1ee3c \u0111\u1ea7y \u0111\u1ee7 th\u00f4ng tin v\u1ec1 s\u1ea3n ph\u1ea9m, bi\u1ebft c\u00e1ch b\u1ea3o qu\u1ea3n, ng\u00e0y s\u1ea3n xu\u1ea5t\/h\u1ea1n s\u1eed d\u1ee5ng. Vi\u1ec7c d\u00e1n tem nh\u00e3n b\u00e1nh trung thu c\u00f2n gi\u00fap kh\u00e1ch h\u00e0ng ph\u00e2n bi\u1ec7t \u0111\u01b0\u1ee3c h\u00e0ng gi\u1ea3, h\u00e0ng nh\u00e1i, t\u1eeb \u0111\u00f3 \u0111em l\u1ea1i k\u1ebft qu\u1ea3 t\u00edch c\u1ef1c v\u1ec1 doanh s\u1ed1 cho th\u01b0\u01a1ng hi\u1ec7u c\u1ee7a b\u1ea1n.<\/span><\/p>\n<h3><span style=\"font-size: 110%;\"><b>C\u00e1c Lo\u1ea1i Tem Nh\u00e3n B\u00e1nh Trung Thu Ph\u1ed5 Bi\u1ebfn<\/b><\/span><\/h3>\n<p><span style=\"font-size: 110%;\">Tu\u1ef3 v\u00e0o y\u00eau c\u1ea7u c\u1ee7a doanh nghi\u1ec7p m\u00e0 tem nh\u00e3n b\u00e1nh trung thu c\u00f3 th\u1ec3 \u0111\u01b0\u1ee3c thi\u1ebft k\u1ebf theo nhi\u1ec1u h\u00ecnh th\u00f9 kh\u00e1c nhau, tuy nhi\u00ean hai lo\u1ea1i tem nh\u00e3n ph\u1ed5 bi\u1ebfn \u0111\u00f3 l\u00e0 tem tr\u00f2n v\u00e0 tem vu\u00f4ng.<\/span><\/p>\n<ul>\n<li aria-level=\"1\">\n<h3><span style=\"font-size: 110%;\"><b>Tem Tr\u00f2n<\/b><\/span><\/h3>\n<\/li>\n<\/ul>\n<p><span style=\"font-size: 110%;\">\u0110\u00e2y l\u00e0 lo\u1ea1i tem r\u1ea5t \u0111\u01b0\u1ee3c \u01b0a chu\u1ed9ng nh\u1edd v\u00e0o h\u00ecnh th\u00f9 \u201cd\u1ec5 th\u01b0\u01a1ng\u201d, gi\u00fap d\u1ec5 d\u00e0ng thu h\u00fat \u00e1nh nh\u00ecn t\u1eeb kh\u00e1ch h\u00e0ng.<\/span><\/p>\n<p><img decoding=\"async\" loading=\"lazy\" class=\"alignnone size-full wp-image-2361\" src=\"http:\/\/innhanh.ai\/wp-content\/uploads\/2024\/07\/ca6fd47fc2b630d57bc191cd8dc72b9e.jpg\" alt=\"\" width=\"2554\" height=\"2114\" \/><\/p>\n<ul>\n<li aria-level=\"1\">\n<h3><span style=\"font-size: 110%;\"><b>Tem Vu\u00f4ng, Tem Ch\u1eef Nh\u1eadt<\/b><\/span><\/h3>\n<\/li>\n<\/ul>\n<p><span style=\"font-size: 110%;\">Tem mang h\u00ecnh vu\u00f4ng ho\u1eb7c ch\u1eef nh\u1eadt d\u1ec5 d\u00e0ng thi\u1ebft k\u1ebf h\u01a1n h\u00ecnh tr\u00f2n, c\u00e1c th\u00f4ng tin b\u1eb1ng ch\u1eef c\u0169ng \u0111\u01b0\u1ee3c th\u1ec3 hi\u1ec7n r\u00f5 tr\u00ean tr\u00ean lo\u1ea1i tem n\u00e0y.<\/span><\/p>\n<p><img decoding=\"async\" loading=\"lazy\" class=\"alignnone wp-image-2363\" src=\"http:\/\/innhanh.ai\/wp-content\/uploads\/2024\/07\/49d1e3e0a4a8f10358a2d6688968e090-1.jpg\" alt=\"\" width=\"1278\" height=\"1566\" \/><\/p>\n<h3><span style=\"font-size: 110%;\"><b>Quy C\u00e1ch In Tem Nh\u00e3n B\u00e1nh Trung Thu<\/b><\/span><\/h3>\n<h4><span style=\"font-size: 110%;\"><b>Ch\u1ea5t Li\u1ec7u<\/b><\/span><\/h4>\n<p><span style=\"font-size: 110%;\">\u0110\u1ed1i v\u1edbi in tem nh\u00e3n b\u00e1nh trung thu, tu\u1ef3 thu\u1ed9c ph\u1ea3i nhu c\u1ea7u s\u1eed d\u1ee5ng c\u1ee7a c\u00e1c doanh nghi\u1ec7p m\u00e0 c\u01a1 s\u1edf in tem s\u1ebd ti\u1ebfn h\u00e0nh in tr\u00ean nh\u1eefng ch\u1ea5t li\u1ec7u kh\u00e1c nhau. Nh\u01b0ng c\u00f3 hai ch\u1ea5t li\u1ec7u th\u01b0\u1eddng \u0111\u01b0\u1ee3c d\u00f9ng \u0111\u1ec3 in tem nh\u00e3n ch\u00ednh l\u00e0 decal gi\u1ea5y v\u00e0 decal nh\u1ef1a.<\/span><\/p>\n<p><span style=\"font-size: 110%;\"><strong><em>Decal gi\u1ea5y:<\/em><\/strong> Decal gi\u1ea5y l\u00e0 ch\u1ea5t li\u1ec7u \u0111\u01b0\u1ee3c d\u00f9ng r\u1ea5t ph\u1ed5 bi\u1ebfn \u0111\u1ec3 in c\u00e1c lo\u1ea1i tem nh\u00e3n b\u1edfi gi\u00e1 th\u00e0nh r\u1ebb v\u00e0 c\u00e1c th\u00f4ng tin, m\u00e0u s\u1eafc \u0111\u01b0\u1ee3c in tr\u00ean decal gi\u1ea5y r\u00f5 n\u00e9t, s\u1ed1ng \u0111\u1ed9ng. Sau khi th\u00e0nh ph\u1ea9m th\u00ec tem nh\u00e3n \u0111\u01b0\u1ee3c in tr\u00ean decal gi\u1ea5y \u0111\u01b0\u1ee3c c\u00e1n m\u00e0ng \u0111\u1ec3 duy tr\u00ec ch\u1ea5t l\u01b0\u1ee3ng tem c\u0169ng nh\u01b0 t\u00ednh th\u1ea9m m\u1ef9 c\u1ee7a tem. Ngo\u00e0i ra, c\u0169ng c\u00f3 nhi\u1ec1u doanh nghi\u1ec7p ch\u1ecdn in tem tr\u00ean ch\u1ea5t li\u1ec7u gi\u1ea5y Kraft \u0111\u1ec3 ph\u00f9 h\u1ee3p v\u1edbi phong c\u00e1ch c\u1ee7a th\u01b0\u01a1ng hi\u1ec7u.<\/span><\/p>\n<p><span style=\"font-size: 110%;\"><strong><em>Decal nh\u1ef1a:<\/em><\/strong> \u0110\u00e2y l\u00e0 lo\u1ea1i decal mang \u01b0u \u0111i\u1ec3m b\u1ec1n b\u1ec9, ch\u1ed1ng th\u1ea5m n\u01b0\u1edbc, ch\u1ed1ng r\u00e1ch. Decal n\u00e0y \u0111\u01b0\u1ee3c chia l\u00e0m hai lo\u1ea1i ch\u00ednh l\u00e0 decal nh\u1ef1a trong su\u1ed1t v\u00e0 decal nh\u1ef1a tr\u1eafng s\u1eefa. Tem nh\u00e3n \u0111\u01b0\u1ee3c in tr\u00ean ch\u1ea5t li\u1ec7u decal trong su\u1ed1t mang t\u00ednh th\u1ea9m m\u1ef9 cao v\u1edbi h\u00ecnh \u1ea3nh r\u00f5 n\u00e9t, n\u1ed5i b\u1eadt. V\u1edbi decal nh\u1ef1a tr\u1eafng s\u1eefa, v\u1edbi n\u1ec1n tr\u1eafng n\u00ean c\u00e1c h\u00ecnh \u1ea3nh \u0111\u01b0\u1ee3c in l\u00ean ch\u1ea5t li\u1ec7u n\u00e0y \u0111\u01b0\u1ee3c n\u1ed5i b\u1eadt h\u01a1n so v\u1edbi decal nh\u1ef1a trong su\u1ed1t.<\/span><\/p>\n<p><img decoding=\"async\" loading=\"lazy\" class=\"alignnone size-full wp-image-2364\" src=\"http:\/\/innhanh.ai\/wp-content\/uploads\/2024\/07\/d02187dcf4a27fc84cc990464206d6ef.jpg\" alt=\"\" width=\"1280\" height=\"1280\" \/><\/p>\n<h4><span style=\"font-size: 110%;\"><b>K\u00edch Th\u01b0\u1edbc<\/b><\/span><\/h4>\n<p><span style=\"font-size: 110%;\">K\u00edch th\u01b0\u1edbc c\u1ee7a tem nh\u00e3n b\u00e1nh trung thu c\u00f2n t\u00f9y thu\u1ed9c v\u00e0o k\u00edch c\u1ee1 c\u1ee7a b\u00e1nh. Vi\u1ec7c in tem nh\u00e3n b\u00e1nh trung thu ph\u1ea3i t\u00ednh to\u00e1n d\u1ef1a tr\u00ean b\u00e1nh trung thu \u0111\u1ec3 tem nh\u00e3n khi d\u00e1n l\u00ean tr\u00f4ng h\u00e0i ho\u00e0, kh\u00f4ng qu\u00e1 l\u1edbn c\u0169ng kh\u00f4ng qu\u00e1 nh\u1ecf, \u0111em l\u1ea1i \u1ea5n t\u01b0\u1ee3ng cho c\u00e1c kh\u00e1ch h\u00e0ng. Th\u00f4ng th\u01b0\u1eddng, k\u00edch th\u01b0\u1edbc c\u1ee7a tem nh\u00e3n b\u00e1nh trung thu s\u1ebd t\u1eeb kho\u1ea3ng 1.5 cm \u2013 1.8 cm.<\/span><\/p>\n<h4><span style=\"font-size: 110%;\"><b>K\u1ef9 Thu\u1eadt In<\/b><\/span><\/h4>\n<p><span style=\"font-size: 110%;\">In nhanh k\u1ef9 thu\u1eadt s\u1ed1 v\u1edbi m\u00e1y m\u00f3c v\u00e0 c\u00f4ng ngh\u1ec7 hi\u1ec7n \u0111\u1ea1i \u0111\u1ec3 s\u1ea3n ph\u1ea9m in \u1ea5n lu\u00f4n c\u00f3 m\u00e0u s\u1eafc v\u00e0 h\u00ecnh \u1ea3nh s\u1eafc n\u00e9t nh\u1ea5t.<\/span><\/p>\n<h4><span style=\"font-size: 110%;\"><b>Gia C\u00f4ng<\/b><\/span><\/h4>\n<p><span style=\"font-size: 110%;\">Th\u00f4ng th\u01b0\u1eddng tem nh\u00e3n s\u1ebd \u0111\u01b0\u1ee3c c\u00e1c c\u01a1 s\u1edf in \u1ea5n s\u1eed d\u1ee5ng h\u00ecnh th\u1ee9c gia c\u00f4ng b\u1ebf. \u0110\u00e2y l\u00e0 h\u00ecnh th\u1ee9c t\u1ea1o th\u00e0nh ph\u1ea9m gi\u00fap ng\u01b0\u1eddi d\u00f9ng d\u1ec5 d\u00e0ng s\u1eed d\u1ee5ng, h\u00ecnh th\u1ee9c n\u00e0y gi\u00fap b\u1ecf qua c\u00f4ng \u0111o\u1ea1n c\u1eaft tem. Ngo\u00e0i ra, kh\u00e1ch h\u00e0ng c\u00f3 th\u1ec3 l\u1ef1a ch\u1ecdn h\u00ecnh th\u1ee9c gia c\u00f4ng c\u00e1n m\u00e0ng \u0111\u1ec3 h\u1ea1n ch\u1ebf phai m\u1edd m\u1ef1c in v\u00e0 c\u00f3 \u0111\u01b0\u1ee3c th\u00e0nh ph\u1ea9m tem nh\u00e3n \u0111\u1eb9p h\u01a1n.<\/span><\/p>\n<p><span style=\"font-size: 110%;\"><b><span lang=\"VI\">C\u00e1n M\u00e0ng<\/span><\/b>\u00a0sau khi in xong s\u1ebd \u0111\u01b0\u1ee3c c\u00e1n m\u00e0ng m\u1edd,<span lang=\"VI\">\u00a0c\u00e1n m\u00e0ng b\u00f3ng theo y\u00eau c\u1ea7u c\u1ee7a kh\u00e1ch h\u00e0ng\u00a0<\/span>\u00a0gi\u00fap t\u0103ng \u0111\u1ed9 b\u1ec1n c\u0169ng nh\u01b0 v\u1ebb \u0111\u1eb9p cho\u00a0<span lang=\"VI\">nh\u00e3n d\u00e1n<\/span>.<\/span><\/p>\n<ul>\n<li><span style=\"font-size: 110%;\"><strong>B\u1ebf<\/strong> theo d\u1ea1ng\u00a0 h\u00ecnh tr\u00f2n:\u00a0<img decoding=\"async\" loading=\"lazy\" class=\"alignnone wp-image-797\" src=\"http:\/\/innhanh.ai\/wp-content\/uploads\/2023\/09\/hinh-tron-aiprint.png\" alt=\"\" width=\"49\" height=\"49\" \/>\u00a0 K\u00edch th\u01b0\u1edbc (cm) : 2\u00d72; 3\u00d73; 4\u00d74; 5\u00d75; 6\u00d76;\u2026 k\u00edch th\u01b0\u1edbc theo file.<\/span><\/li>\n<li><span style=\"font-size: 110%;\"><strong>B\u1ebf<\/strong> theo d\u1ea1ng\u00a0 h\u00ecnh vu\u00f4ng :\u00a0<img decoding=\"async\" loading=\"lazy\" class=\"alignnone wp-image-798\" src=\"http:\/\/innhanh.ai\/wp-content\/uploads\/2023\/09\/hinh-vuong-aiprint.png\" alt=\"\" width=\"52\" height=\"52\" \/>\u00a0 \u00a0 K\u00edch th\u01b0\u1edbc (cm) : 2\u00d72; 3\u00d73; 4\u00d74; 5\u00d75; 6\u00d76;\u2026 k\u00edch th\u01b0\u1edbc theo file.<\/span><\/li>\n<li><span style=\"font-size: 110%;\"><strong>B\u1ebf<\/strong> theo d\u1ea1ng\u00a0 h\u00ecnh ch\u1eef nh\u1eadt :<img decoding=\"async\" loading=\"lazy\" class=\"alignnone wp-image-799\" src=\"http:\/\/innhanh.ai\/wp-content\/uploads\/2023\/09\/hinh-chu-nhat-aiprint.png\" alt=\"\" width=\"55\" height=\"55\" \/>\u00a0 K\u00edch th\u01b0\u1edbc : (cm) 11\u00d77; 12\u00d77; 14.5\u00d79; 19\u00d712; 4\u00d72; 5\u00d73; 6\u00d74; 7\u00d75; ;7\u00d72; 8\u00d76 ..<\/span><\/li>\n<li><span style=\"font-size: 110%;\"><strong>B\u1ebf<\/strong>\u00a0 h\u00ecnh theo file kh\u00e1ch h\u00e0ng\u00a0 :\u00a0\u00a0<img decoding=\"async\" loading=\"lazy\" class=\"alignnone wp-image-800\" src=\"http:\/\/innhanh.ai\/wp-content\/uploads\/2023\/09\/hinh-theo-file-aiprint.png\" alt=\"\" width=\"72\" height=\"72\" \/>\u00a0k\u00edch th\u01b0\u1edbc (cm) : theo y\u00eau c\u1ea7u.<\/span><\/li>\n<\/ul>\n<p><img decoding=\"async\" loading=\"lazy\" class=\"alignnone size-full wp-image-2453\" src=\"http:\/\/innhanh.ai\/wp-content\/uploads\/2024\/07\/tran-vien-01.jpg\" alt=\"\" width=\"2481\" height=\"1589\" \/><\/p>\n<p><img decoding=\"async\" loading=\"lazy\" class=\"alignnone wp-image-2365\" src=\"http:\/\/innhanh.ai\/wp-content\/uploads\/2024\/07\/4db0527193d73d831c1ac888acc455cb.jpg\" alt=\"\" width=\"1330\" height=\"1330\" \/><\/p>\n<p><span style=\"font-size: 110%;\"><strong>\u00a0\u2014\u2014\u2014\u2014\u2014\u2014\u2014\u2014\u2014\u2014\u2014\u2014\u2014\u2014\u2014\u2014\u2014\u2014\u2014\u2014\u2014\u2014\u2014\u2014\u2014\u2014\u2014\u2014\u2014\u2014\u2014\u2014\u2014\u2014\u2014\u2014\u2013<\/strong><\/span><\/p>\n<p><span style=\"font-size: 110%;\"><strong>LI\u00caN H\u1ec6 D\u1ecaCH V\u1ee4 IN NHANH DECAL KRAFT GI\u00c1 R\u1eba T\u1ea0I TP HCM.<\/strong><\/span><\/p>\n<ul>\n<li><span style=\"font-size: 110%;\"><b>D\u1ecaCH V\u1ee4 IN NHANH AIPRINT\u00a0<\/b><\/span><\/li>\n<li><span style=\"font-size: 110%;\"><strong>Hotline:<\/strong>\u00a008 2828 3366 \u2013 083 850 3366<\/span><\/li>\n<li><span style=\"font-size: 110%;\"><strong>Website:<\/strong>\u00a0<a href=\"https:\/\/innhanh.ai\/\">www.innhanh.ai<\/a>\u00a0\u2013\u00a0<a href=\"https:\/\/aiprint.vn\/\">www.aiprint.vn<\/a><\/span><\/li>\n<li><span style=\"font-size: 110%;\"><strong>Email:<\/strong>\u00a0lienhe@innhanh.Ai \u2013 aiprint.vn@gmail.com<\/span><\/li>\n<li><span style=\"font-size: 110%;\"><strong>Fanpage:<\/strong>\u00a0<a href=\"https:\/\/www.facebook.com\/aiprint.vn\/\">https:\/\/www.facebook.com\/aiprint.vn<\/a><\/span><\/li>\n<li><span style=\"font-size: 110%;\"><strong>\u0110\u1ecba ch\u1ec9:\u00a0<\/strong>\u00a057 V\u0169 Tr\u1ecdng Ph\u1ee5ng, Ph\u01b0\u1eddng T\u00e2n Th\u00e0nh, Qu\u1eadn T\u00e2n Ph\u00fa, TP. H\u1ed3 Ch\u00ed Minh.<\/span><\/li>\n<\/ul>\n<p><span style=\"font-size: 110%;\"><img decoding=\"async\" loading=\"lazy\" class=\"alignnone wp-image-1138 size-full\" src=\"http:\/\/innhanh.ai\/wp-content\/uploads\/2023\/09\/1134-01.jpg\" alt=\"\" width=\"1922\" height=\"401\" \/><\/span><\/p>\n<\/div>\n","protected":false},"excerpt":{"rendered":"<div class=\"box-price-details\"><span class=\"new-price-details\"><span class=\"p-from\"><strong>IN NHANH<\/strong>\u00a0Gi\u00e1 Ch\u1ec9 t\u1eeb<\/span>\u00a0<span style=\"color: #ed1c24;\"><strong>100\u0111<\/strong><\/span>\/con tem.<\/span><\/div>\n<div><\/div>\n<div>\n<div class=\"block-price-details\">\n<div class=\"box-price-details\">\n<table class=\"table table-bordered\" width=\"562\">\n<tbody>\n<tr>\n<td><b><img decoding=\"async\" class=\"emoji\" role=\"img\" draggable=\"false\" src=\"https:\/\/s.w.org\/images\/core\/emoji\/14.0.0\/svg\/2705.svg\" alt=\"\u2705\" \/>\u00a0Ch\u1ea5t Li\u1ec7u<\/b><\/td>\n<td><img decoding=\"async\" class=\"emoji\" role=\"img\" draggable=\"false\" src=\"https:\/\/s.w.org\/images\/core\/emoji\/14.0.0\/svg\/2b50.svg\" alt=\"\u2b50\" \/>Decal gi\u1ea5y, decal nh\u1ef1a, decal trong,..<\/td>\n<\/tr>\n<tr>\n<td><b><img decoding=\"async\" class=\"emoji\" role=\"img\" draggable=\"false\" src=\"https:\/\/s.w.org\/images\/core\/emoji\/14.0.0\/svg\/2705.svg\" alt=\"\u2705\" \/>\u00a0Thi\u1ebft K\u1ebf<\/b><\/td>\n<td><img decoding=\"async\" class=\"emoji\" role=\"img\" draggable=\"false\" src=\"https:\/\/s.w.org\/images\/core\/emoji\/14.0.0\/svg\/2b50.svg\" alt=\"\u2b50\" \/>\u00a0Chuy\u00ean nghi\u1ec7p, tu\u1ef3 ch\u1ec9nh theo nhu c\u1ea7u kh\u00e1ch h\u00e0ng<\/td>\n<\/tr>\n<tr>\n<td><b><img decoding=\"async\" class=\"emoji\" role=\"img\" draggable=\"false\" src=\"https:\/\/s.w.org\/images\/core\/emoji\/14.0.0\/svg\/2705.svg\" alt=\"\u2705\" \/>\u00a0Gia C\u00f4ng<\/b><\/td>\n<td><img decoding=\"async\" class=\"emoji\" role=\"img\" draggable=\"false\" src=\"https:\/\/s.w.org\/images\/core\/emoji\/14.0.0\/svg\/2b50.svg\" alt=\"\u2b50\" \/>\u00a0C\u00e1n m\u00e0ng b\u00f3ng, c\u00e1n m\u00e0ng m\u1edd, c\u1eaft b\u1ebf, \u00e9p,\u2026<\/td>\n<\/tr>\n<tr>\n<td><b><img decoding=\"async\" class=\"emoji\" role=\"img\" draggable=\"false\" src=\"https:\/\/s.w.org\/images\/core\/emoji\/14.0.0\/svg\/2705.svg\" alt=\"\u2705\" \/>\u00a0K\u00edch Th\u01b0\u1edbc<\/b><\/td>\n<td><img decoding=\"async\" class=\"emoji\" role=\"img\" draggable=\"false\" src=\"https:\/\/s.w.org\/images\/core\/emoji\/14.0.0\/svg\/2b50.svg\" alt=\"\u2b50\" \/>\u00a0\u0110a d\u1ea1ng, \u0111i\u1ec1u ch\u1ec9nh theo y\u00eau c\u1ea7u c\u1ee7a kh\u00e1ch h\u00e0ng<\/td>\n<\/tr>\n<tr>\n<td><b><img decoding=\"async\" class=\"emoji\" role=\"img\" draggable=\"false\" src=\"https:\/\/s.w.org\/images\/core\/emoji\/14.0.0\/svg\/2705.svg\" alt=\"\u2705\" \/>\u00a0Chi Ph\u00ed<\/b><\/td>\n<td><img decoding=\"async\" class=\"emoji\" role=\"img\" draggable=\"false\" src=\"https:\/\/s.w.org\/images\/core\/emoji\/14.0.0\/svg\/2b50.svg\" alt=\"\u2b50\" \/>\u00a0Gi\u00e1 c\u1ea3 c\u1ea1nh tranh, ti\u1ebft ki\u1ec7m<\/td>\n<\/tr>\n<tr>\n<td><b><img decoding=\"async\" class=\"emoji\" role=\"img\" draggable=\"false\" src=\"https:\/\/s.w.org\/images\/core\/emoji\/14.0.0\/svg\/2705.svg\" alt=\"\u2705\" \/>\u00a0Giao H\u00e0ng<\/b><\/td>\n<td><img decoding=\"async\" class=\"emoji\" role=\"img\" draggable=\"false\" src=\"https:\/\/s.w.org\/images\/core\/emoji\/14.0.0\/svg\/2b50.svg\" alt=\"\u2b50\" \/>\u00a0Nhanh ch\u00f3ng<\/td>\n<\/tr>\n<\/tbody>\n<\/table>\n<\/div>\n<\/div>\n<ul>\n<li><span style=\"color: #ed1c24;\">\u0110\u1eb7t In : 0828283366 &#8211; 0838503366<\/span><\/li>\n<li><span style=\"color: #0000ff;\">Email: lienhe@innhanh.ai<\/span><\/li>\n<\/ul>\n<\/div>\n","protected":false},"featured_media":2365,"comment_status":"closed","ping_status":"closed","template":"","meta":{"_monsterinsights_skip_tracking":false,"_monsterinsights_sitenote_active":false,"_monsterinsights_sitenote_note":"","_monsterinsights_sitenote_category":0},"product_cat":[46],"product_tag":[],"aioseo_notices":[],"_links":{"self":[{"href":"https:\/\/innhanh.ai\/index.php\/wp-json\/wp\/v2\/product\/2357"}],"collection":[{"href":"https:\/\/innhanh.ai\/index.php\/wp-json\/wp\/v2\/product"}],"about":[{"href":"https:\/\/innhanh.ai\/index.php\/wp-json\/wp\/v2\/types\/product"}],"replies":[{"embeddable":true,"href":"https:\/\/innhanh.ai\/index.php\/wp-json\/wp\/v2\/comments?post=2357"}],"wp:featuredmedia":[{"embeddable":true,"href":"https:\/\/innhanh.ai\/index.php\/wp-json\/wp\/v2\/media\/2365"}],"wp:attachment":[{"href":"https:\/\/innhanh.ai\/index.php\/wp-json\/wp\/v2\/media?parent=2357"}],"wp:term":[{"taxonomy":"product_cat","embeddable":true,"href":"https:\/\/innhanh.ai\/index.php\/wp-json\/wp\/v2\/product_cat?post=2357"},{"taxonomy":"product_tag","embeddable":true,"href":"https:\/\/innhanh.ai\/index.php\/wp-json\/wp\/v2\/product_tag?post=2357"}],"curies":[{"name":"wp","href":"https:\/\/api.w.org\/{rel}","templated":true}]}}