{"id":25,"date":"2023-09-12T10:23:54","date_gmt":"2023-09-12T09:23:54","guid":{"rendered":"https:\/\/innhanh.ai\/?post_type=product&#038;p=25"},"modified":"2025-01-09T11:19:48","modified_gmt":"2025-01-09T11:19:48","slug":"in-decan-xi-bac","status":"publish","type":"product","link":"https:\/\/innhanh.ai\/index.php\/product\/in-decan-xi-bac\/","title":{"rendered":"IN NHANH DECAL XI B\u1ea0C"},"content":{"rendered":"<h1 style=\"text-align: center;\"><span style=\"font-size: 110%;\"><strong>TH\u00d4NG TIN S\u1ea2N PH\u1ea8M :<\/strong><\/span><\/h1>\n<h3 id=\"decal-xi-bac-la-gi\" class=\"spy active\" dir=\"ltr\"><span style=\"font-size: 110%;\"><strong>Decal xi b\u1ea1c l\u00e0 g\u00ec?<\/strong><\/span><\/h3>\n<p dir=\"ltr\"><span style=\"font-size: 110%;\">Decal xi b\u1ea1c hay c\u00f2n \u0111\u01b0\u1ee3c gi\u1edbi in \u1ea5n g\u1ecdi l\u00e0 decal b\u1ea1c hay decal nh\u00f4m.\u00a0 \u0110\u00e2y l\u00e0 lo\u1ea1i decal d\u00f9ng \u0111\u1ec3 in tem nh\u00e3n b\u1eb1ng nh\u1eefng ph\u01b0\u01a1ng ph\u00e1p in kh\u00e1c nhau, b\u1ebf\u00a0 th\u00e0nh cu\u1ed9n d\u00f9ng cho\u00a0m\u00e1y in tem m\u00e3 v\u1ea1ch\u00a0ho\u1eb7c in tem nh\u00e3n b\u1eb1ng ph\u01b0\u01a1ng ph\u00e1p Flexo.<\/span><\/p>\n<p dir=\"ltr\"><span style=\"font-size: 110%;\">Decal xi b\u1ea1c l\u00e0 lo\u1ea1i gi\u1ea5y \u0111\u01b0\u1ee3c ph\u1ee7\u00a0th\u00eam m\u1ed9t l\u1edbp kim lo\u1ea1i m\u1ecfng c\u00f3 m\u00e0u b\u1ea1c tr\u00ean b\u1ec1 m\u1eb7t decal. Vi\u1ec7c tr\u00e1ng ph\u1ee7 l\u1edbp b\u1ea1c m\u00e0u gi\u00fap cho\u00a0<strong>gi\u1ea5y decal xi b\u1ea1c<\/strong>\u00a0c\u00f3 \u0111\u1ed9 b\u1ec1n cao v\u00e0 ch\u1ecbu \u0111\u1ef1ng \u0111\u01b0\u1ee3c trong m\u00f4i tr\u01b0\u1eddng th\u1eddi ti\u1ebft kh\u1eafc nghi\u1ec7t v\u00e0 h\u1ea5p th\u1ee5 \u00e1nh s\u00e1ng t\u1ed1t v\u00ec v\u1eady kh\u00e1 \u201cb\u00f3ng b\u1ea9y\u201d. V\u1edbi nh\u1eefng \u0111\u1eb7c t\u00ednh n\u00e0y, so v\u1edbi c\u00e1c d\u00f2ng decal kh\u00e1c th\u00ec lo\u1ea1i decal b\u1ea1c c\u00f3 gi\u00e1 th\u00e0nh kh\u00e1 cao, nh\u01b0ng nh\u1eadn l\u1ea1i ch\u1ea5t l\u01b0\u1ee3ng tuy\u1ec7t v\u1eddi nh\u1ea5t.<\/span><\/p>\n<p dir=\"ltr\"><span style=\"font-size: 110%;\"><img decoding=\"async\" loading=\"lazy\" class=\"alignnone wp-image-1139\" src=\"http:\/\/innhanh.ai\/wp-content\/uploads\/2023\/09\/in-tem-decal-xi-bac.jpg\" alt=\"\" width=\"389\" height=\"259\" \/> <img decoding=\"async\" loading=\"lazy\" class=\"alignnone wp-image-1141\" src=\"http:\/\/innhanh.ai\/wp-content\/uploads\/2023\/09\/1q-864.jpg\" alt=\"\" width=\"364\" height=\"264\" \/> <img decoding=\"async\" loading=\"lazy\" class=\"alignnone wp-image-1142\" src=\"http:\/\/innhanh.ai\/wp-content\/uploads\/2023\/09\/in-decal-xi-bac-min-1200x689-1.jpg\" alt=\"\" width=\"453\" height=\"260\" \/><\/span><\/p>\n<p><span style=\"font-size: 110%;\"><strong>\u2013 Ch\u1ea5t li\u1ec7u<\/strong> gi\u1ea5y decal xi b\u1ea1c.<\/span><\/p>\n<p><span style=\"font-size: 110%;\"><b>\u2013\u00a0<span lang=\"VI\">In Decal gi\u1ea5y<\/span><\/b>\u00a0\u0111\u01b0\u1ee3c in v\u1edbi k\u1ef9 thu\u1eadt in nhanh tr\u00ean c\u00e1c d\u00f2ng m\u00e1y in nhanh hi\u1ec7n \u0111\u1ea1i m\u00e0u s\u1eafc chu\u1ea9n .<\/span><\/p>\n<p><span style=\"font-size: 110%;\"><b>\u2013\u00a0<span lang=\"VI\">C\u00e1n M\u00e0ng\u00a0\u00a0<\/span><\/b>\u00a0decal sau khi in xong s\u1ebd \u0111\u01b0\u1ee3c c\u00e1n m\u00e0ng m\u1edd,<span lang=\"VI\">\u00a0c\u00e1n m\u00e0ng b\u00f3ng theo y\u00eau c\u1ea7u c\u1ee7a kh\u00e1ch h\u00e0ng\u00a0<\/span>\u00a0gi\u00fap t\u0103ng \u0111\u1ed9 b\u1ec1n c\u0169ng nh\u01b0 v\u1ebb \u0111\u1eb9p cho\u00a0<span lang=\"VI\">nh\u00e3n d\u00e1n<\/span>.<\/span><\/p>\n<p><span style=\"font-size: 110%;\"><strong>-B\u1ebf Demi<\/strong>\u00a0theo y\u00eau c\u1ea7u gi\u00fap kh\u00e1ch h\u00e0ng d\u1ec5 d\u00e0ng b\u00f3c t\u00e1ch ra \u0111\u1ec3 d\u00e1n l\u00ean s\u1ea3n ph\u1ea9m m\u1ed9t c\u00e1ch nhanh nh\u1ea5t .<\/span><\/p>\n<ul>\n<li><span style=\"font-size: 110%;\">B\u1ebf theo d\u1ea1ng\u00a0 h\u00ecnh tr\u00f2n:\u00a0<img decoding=\"async\" loading=\"lazy\" class=\"alignnone wp-image-797\" src=\"http:\/\/innhanh.ai\/wp-content\/uploads\/2023\/09\/hinh-tron-aiprint.png\" alt=\"\" width=\"49\" height=\"49\" \/>\u00a0K\u00edch th\u01b0\u1edbc (cm) : 2\u00d72; 3\u00d73; 4\u00d74; 5\u00d75; 6\u00d76;\u2026 k\u00edch th\u01b0\u1edbc theo file.<\/span><\/li>\n<li><span style=\"font-size: 110%;\">B\u1ebf theo d\u1ea1ng\u00a0 h\u00ecnh vu\u00f4ng :\u00a0<img decoding=\"async\" loading=\"lazy\" class=\"alignnone wp-image-798\" src=\"http:\/\/innhanh.ai\/wp-content\/uploads\/2023\/09\/hinh-vuong-aiprint.png\" alt=\"\" width=\"52\" height=\"52\" \/>\u00a0 K\u00edch th\u01b0\u1edbc (cm) : 2\u00d72; 3\u00d73; 4\u00d74; 5\u00d75; 6\u00d76;\u2026 k\u00edch th\u01b0\u1edbc theo file.<\/span><\/li>\n<li><span style=\"font-size: 110%;\">B\u1ebf theo d\u1ea1ng\u00a0 h\u00ecnh ch\u1eef nh\u1eadt :<img decoding=\"async\" loading=\"lazy\" class=\"alignnone wp-image-799\" src=\"http:\/\/innhanh.ai\/wp-content\/uploads\/2023\/09\/hinh-chu-nhat-aiprint.png\" alt=\"\" width=\"55\" height=\"55\" \/>\u00a0K\u00edch th\u01b0\u1edbc : (cm) 11\u00d77; 12\u00d77; 14.5\u00d79; 19\u00d712; 4\u00d72; 5\u00d73; 6\u00d74; 7\u00d75; ;7\u00d72; 8\u00d76 .<\/span><\/li>\n<li><span style=\"font-size: 110%;\">B\u1ebf\u00a0 h\u00ecnh theo file kh\u00e1ch h\u00e0ng\u00a0 :\u00a0\u00a0<img decoding=\"async\" loading=\"lazy\" class=\"alignnone wp-image-800\" src=\"http:\/\/innhanh.ai\/wp-content\/uploads\/2023\/09\/hinh-theo-file-aiprint.png\" alt=\"\" width=\"72\" height=\"72\" \/>\u00a0k\u00edch th\u01b0\u1edbc (cm) : theo y\u00eau c\u1ea7u<\/span><\/li>\n<\/ul>\n<p><img decoding=\"async\" loading=\"lazy\" class=\"alignnone size-full wp-image-2453\" src=\"http:\/\/innhanh.ai\/wp-content\/uploads\/2024\/07\/tran-vien-01.jpg\" alt=\"\" width=\"2481\" height=\"1589\" \/><\/p>\n<h3><span style=\"font-size: 110%;\"><strong>C\u1ea5u t\u1ea1o c\u1ee7a tem xi b\u1ea1c g\u1ed3m 4 l\u1edbp:<\/strong><\/span><\/h3>\n<p><span style=\"font-size: 110%;\">&#8211; L\u1edbp \u0111\u1ea7u ti\u00ean: l\u00e0 l\u1edbp m\u00e0ng metalize b\u1ec1 m\u1eb7t v\u1edbi l\u1edbp m\u1ea1 kim lo\u1ea1i m\u1ecfng kho\u1ea3n 4 micromet, \u0111\u00e2y l\u00e0 l\u1edbp \u0111\u01b0\u1ee3c in tr\u1ef1c ti\u1ebfp. N\u00f3 gi\u1ed1ng nh\u01b0 l\u1edbp kraft tr\u00ean decal kraft ho\u1eb7c l\u1edbp nh\u1ef1a PVC tr\u00ean decal nh\u1ef1a v\u1eady \u0111\u00f3.<\/span><\/p>\n<p><span style=\"font-size: 110%;\">&#8211; L\u1edbp th\u1ee9 2 :\u00a0<strong>l\u1edbp keo acrylic<\/strong>.<\/span><\/p>\n<p><span style=\"font-size: 110%;\">&#8211; L\u1edbp th\u1ee9 3: l\u1edbp silicon, PV d\u00f9ng ng\u0103n c\u00e1ch gi\u1eefa l\u1edbp keo v\u00e0 l\u1edbp n\u1ec1n.<\/span><\/p>\n<p><span style=\"font-size: 110%;\">&#8211; L\u1edbp cu\u1ed1i c\u00f9ng: l\u1edbp \u0111\u1ebf, c\u00f3 th\u1ec3 l\u00e0m b\u1eb1ng gi\u1ea5y b\u00f3ng k\u00ednh Glassine ho\u1eb7c Kraft \u0111\u1ec3 gi\u1eef l\u1edbp keo khi tem ch\u01b0a in ho\u1eb7c ch\u01b0a d\u00e1n.<\/span><\/p>\n<ul dir=\"ltr\">\n<li role=\"presentation\"><span style=\"font-size: 110%;\">Tem nh\u00e3n \u0111\u01b0\u1ee3c in t\u1eeb lo\u1ea1i b\u1ea1c decal xibac n\u00ean \u0111\u1ed9 d\u00e0y kh\u00e1 m\u1ecfng v\u00e0 \u0111\u1eb9p m\u1eaft.<\/span><\/li>\n<\/ul>\n<p><img decoding=\"async\" loading=\"lazy\" class=\"alignnone wp-image-1894\" src=\"http:\/\/innhanh.ai\/wp-content\/uploads\/2023\/09\/in-tem-decal-bac-gia-re-11.jpg\" alt=\"\" width=\"1491\" height=\"736\" \/><\/p>\n<h3><span style=\"font-size: 110%;\"><strong>T\u00ednh n\u0103ng \u01b0u vi\u1ec7t c\u1ee7a tem nh\u00e3n xi b\u1ea1c:<\/strong><\/span><\/h3>\n<p><span style=\"font-size: 110%;\">Tem nh\u00e3n xi b\u1ea1c \u0111\u01b0\u1ee3c nhi\u1ec1u kh\u00e1ch h\u00e0ng l\u1ef1a ch\u1ecdn b\u1edfi n\u00f3 c\u00f3 nhi\u1ec1u \u0111\u1eb7c t\u00ednh \u01b0u vi\u1ec7t m\u00e0 kh\u00f3 c\u00f3 lo\u1ea1i decal n\u00e0o theo k\u1ecbp. D\u00f9 n\u00f3 \u0111\u1eaft h\u01a1n nhi\u1ec1u lo\u1ea1i decal kh\u00e1c, nh\u01b0ng c\u0169ng kh\u00f4ng l\u00e0m lu m\u1edd \u0111i \u0111\u01b0\u1ee3c \u01b0u \u0111i\u1ec3m c\u1ee7a n\u00f3:<\/span><\/p>\n<p><span style=\"font-size: 110%;\">&#8211; V\u00f4 c\u00f9ng n\u1ed5i b\u1eadt tr\u01b0\u1edbc \u00e1nh s\u00e1ng.<\/span><\/p>\n<p><span style=\"font-size: 110%;\">&#8211; X\u00e9 kh\u00f4ng r\u00e1ch gi\u1ed1ng nh\u01b0 nh\u1ef1a novaz d\u00f9ng in card visit.<\/span><\/p>\n<p><span style=\"font-size: 110%;\">&#8211; M\u00e0u b\u1ea1c t\u1ea1o n\u00ean s\u1ef1 sang tr\u1ecdng.<\/span><\/p>\n<p><span style=\"font-size: 110%;\">&#8211; \u0110\u1ed9 b\u1ec1n cao, \u0111\u1ed9 b\u00e1m d\u00ednh t\u1ed1t, \u00edt bong tr\u00f3c.<\/span><\/p>\n<p><span style=\"font-size: 110%;\">&#8211; M\u1ef1c in b\u1ec1n m\u00e0u, kh\u00f3 phai theo th\u1eddi gian d\u00f9 \u0111i\u1ec1u ki\u1ec7n c\u00f3 kh\u1eafc nghi\u1ec7t.<\/span><\/p>\n<p><span style=\"font-size: 110%;\">&#8211; Keo b\u00e1m d\u00ednh t\u1ed1t \u1edf \u0111i\u1ec1u ki\u1ec7n ngo\u00e0i tr\u1eddi (m\u01b0a, n\u1eafng, nhi\u1ec7t \u0111\u1ed9 cao).<\/span><\/p>\n<p><span style=\"font-size: 110%;\">&#8211; Ch\u1ed1ng n\u01b0\u1edbc, ch\u1ed1ng \u1ea9m tuy\u1ec7t \u0111\u1ed1i.<\/span><\/p>\n<p><span style=\"font-size: 110%;\">&#8211; Kh\u00f3 l\u00e0m gi\u1ea3, b\u1edfi \u0111\u00e3 b\u00f3c d\u00e1n th\u00ec kh\u00f4ng th\u1ec3 s\u1eed d\u1ee5ng l\u1ea1i.<\/span><\/p>\n<p><img decoding=\"async\" loading=\"lazy\" class=\"alignnone wp-image-1144\" src=\"http:\/\/innhanh.ai\/wp-content\/uploads\/2023\/09\/temxibac4.jpg\" alt=\"\" width=\"1570\" height=\"1267\" \/><\/p>\n<h3 id=\"cac-thong-so-cua-giay-decal-xi-bac\" class=\"spy active\" dir=\"ltr\"><span style=\"font-size: 110%;\"><strong>C\u00e1c th\u00f4ng s\u1ed1 c\u1ee7a gi\u1ea5y decal xi b\u1ea1c:<\/strong><\/span><\/h3>\n<ul dir=\"ltr\">\n<li role=\"presentation\"><span style=\"font-size: 110%;\">Lo\u1ea1i decal: Xi b\u1ea1c<\/span><\/li>\n<li role=\"presentation\"><span style=\"font-size: 110%;\">Lo\u1ea1i s\u1ea3n ph\u1ea9m: Gi\u1ea5y in tem, nh\u00e3n\u00a0<\/span><\/li>\n<li role=\"presentation\"><span style=\"font-size: 110%;\">Kh\u1ed5 tem: Decal tr\u01a1n ch\u01b0a b\u1ebf kh\u1ed5<\/span><\/li>\n<li role=\"presentation\"><span style=\"font-size: 110%;\">\u00a0M\u1ed9t v\u00e0i k\u00edch c\u1ee1 ph\u1ed5 bi\u1ebfn khi kh\u00e1ch h\u00e0ng in tem b\u1ea1c l\u00e0: 20x10mm; 25x15mm; 40x20mm; 35x22mm; 80x80mm; 90x50mm; 80x50mm; 100x50mm; 60x50mm; 73x53mm;\u2026<\/span><\/li>\n<li role=\"presentation\"><span style=\"font-size: 110%;\">Ph\u01b0\u01a1ng ph\u00e1p in: b\u1ebf th\u00e0nh cu\u1ed9n ho\u1eb7c in tem b\u1eb1ng ph\u01b0\u01a1ng ph\u00e1p in Flexo<\/span><\/li>\n<li role=\"presentation\"><span style=\"font-size: 110%;\">Xu\u1ea5t x\u1ee9: Vi\u1ec7t Nam<\/span><\/li>\n<li role=\"presentation\"><span style=\"font-size: 110%;\">M\u00e0u s\u1eafc: N\u1ec1n tr\u1eafng nh\u00e1m b\u00f3ng xi b\u1ea1c<\/span><\/li>\n<li role=\"presentation\"><span style=\"font-size: 110%;\">M\u1ef1c in: M\u1ef1c in m\u00e3 v\u1ea1ch resin, m\u1ef1c in m\u00e3 v\u1ea1ch wax &#8211; resin, m\u1ef1c in Ribbon.<\/span><\/li>\n<\/ul>\n<h3><span style=\"font-size: 110%;\"><strong>\u1ee8ng d\u1ee5ng th\u1ef1c t\u1ebf c\u1ee7a in decal xi b\u1ea1c<\/strong><\/span><\/h3>\n<p><span style=\"font-size: 110%;\">Trong th\u1ef1c t\u1ebf, vi\u1ec7c\u00a0<u>in decal xi b\u1ea1c<\/u>\u00a0c\u00f3 r\u1ea5t nhi\u1ec1u \u1ee9ng d\u1ee5ng kh\u00e1c nhau. Ch\u00fang t\u00f4i s\u1ebd n\u00eau ra m\u1ed9t s\u1ed1 \u1ee9ng d\u1ee5ng kh\u00e1 n\u1ed5i ti\u1ebfng c\u1ee7a d\u00f2ng tem b\u1ea1c n\u00e0y d\u01b0\u1edbi \u0111\u00e2y. C\u00f2n vi\u1ec7c kh\u00e1ch h\u00e0ng s\u1eed d\u1ee5ng nh\u00e3n d\u00e1n xi b\u1ea1c n\u00e0y v\u00e0o m\u1ee5c \u0111\u00edch ri\u00eang bi\u1ec7t th\u00ec v\u1eabn \u0111\u01b0\u1ee3c nh\u00e9:<\/span><\/p>\n<p><span style=\"font-size: 110%;\">&#8211; In tem b\u1ea3o h\u00e0nh.<\/span><\/p>\n<p><span style=\"font-size: 110%;\">&#8211; In nh\u00e3n d\u00e1n s\u1ea3n ph\u1ea9m.<\/span><\/p>\n<p><span style=\"font-size: 110%;\">&#8211; L\u00e0m tem d\u00e1n chai l\u1ecd m\u1ef9 ph\u1ea9m.<\/span><\/p>\n<p><span style=\"font-size: 110%;\">&#8211; In tem ni\u00eam phong s\u1ea3n ph\u1ea9m.<\/span><\/p>\n<p><span style=\"font-size: 110%;\">&#8211; In tem m\u00e3 v\u1ea1ch, qr code.<\/span><\/p>\n<p><span style=\"font-size: 110%;\">&#8211; In tem th\u00f4ng s\u1ed1 k\u1ef9 thu\u1eadt.<\/span><\/p>\n<p><span style=\"font-size: 110%;\"><u><img decoding=\"async\" loading=\"lazy\" class=\"alignnone size-full wp-image-1143\" src=\"http:\/\/innhanh.ai\/wp-content\/uploads\/2023\/09\/257509819_1111096232995772_5920604134980515503_n.jpg\" alt=\"\" width=\"2048\" height=\"1388\" \/><\/u><\/span><\/p>\n<h3><span style=\"font-size: 110%;\"><strong>Nh\u01b0\u1ee3c \u0111i\u1ec3m c\u1ee7a vi\u1ec7c in decal xi b\u1ea1c<\/strong><\/span><\/h3>\n<p><span style=\"font-size: 110%;\">&#8211; Gi\u00e1 th\u00e0nh cao h\u01a1n nhi\u1ec1u so v\u1edbi c\u00e1c lo\u1ea1i gi\u1ea5y in\u00a0<u>m\u00e3 v\u1ea1ch<\/u>\u00a0kh\u00e1c.<\/span><\/p>\n<p><span style=\"font-size: 110%;\">&#8211; Th\u1eddi gian b\u1ebf tem l\u00e2u h\u01a1n gi\u1ea5y decal th\u01b0\u1eddng.<\/span><\/p>\n<p><span style=\"font-size: 110%;\">&#8211; M\u1ef1c in \u0111i k\u00e8m ph\u1ea3i l\u00e0 lo\u1ea1i m\u1ef1c t\u1ed1t nh\u1ea5t, gi\u00e1 th\u00e0nh c\u1ee7a lo\u1ea1i m\u1ef1c n\u00e0y c\u0169ng \u0111\u1eaft nh\u1ea5t.<\/span><\/p>\n<p><span style=\"font-size: 110%;\">&#8211; L\u00e0m tu\u1ed5i th\u1ecd \u0111\u1ea7u in c\u1ee7a m\u00e1y gi\u1ea3m s\u00fat do ph\u1ea3i l\u00e0m n\u00f3ng \u1edf m\u1ee9c cao nh\u1ea5t l\u00e0m n\u00f3ng ch\u1ea3y m\u1ef1c.<\/span><\/p>\n<p><span style=\"font-size: 110%;\">\u2014\u2014\u2014\u2014\u2014\u2014\u2014\u2014\u2014\u2014\u2014\u2014\u2014\u2014\u2014\u2014\u2014\u2014\u2014\u2014\u2014<\/span><\/p>\n<ul>\n<li><span style=\"font-size: 110%;\"><b>D\u1ecaCH V\u1ee4 IN NHANH AIPRINT\u00a0<\/b><\/span><\/li>\n<li><span style=\"font-size: 110%;\"><strong>Hotline:<\/strong>\u00a008 2828 3366 \u2013 083 850 3366<\/span><\/li>\n<li><span style=\"font-size: 110%;\"><strong>Website:<\/strong>\u00a0<a href=\"https:\/\/innhanh.ai\/\">www.innhanh.ai<\/a>\u00a0\u2013\u00a0<a href=\"https:\/\/aiprint.vn\/\">www.aiprint.vn<\/a><\/span><\/li>\n<li><span style=\"font-size: 110%;\"><strong>Email:<\/strong>\u00a0lienhe@innhanh.Ai \u2013 aiprint.vn@gmail.com<\/span><\/li>\n<li><span style=\"font-size: 110%;\"><strong>Fanpage:<\/strong>\u00a0<a href=\"https:\/\/www.facebook.com\/aiprint.vn\/\">https:\/\/www.facebook.com\/aiprint.vn<\/a><\/span><\/li>\n<li><span style=\"font-size: 110%;\"><strong>\u0110\u1ecba ch\u1ec9:\u00a0<\/strong>\u00a057 V\u0169 Tr\u1ecdng Ph\u1ee5ng, Ph\u01b0\u1eddng T\u00e2n Th\u00e0nh, Qu\u1eadn T\u00e2n Ph\u00fa, TP. H\u1ed3 Ch\u00ed Minh.<\/span><\/li>\n<\/ul>\n<p><span style=\"font-size: 110%;\"><img decoding=\"async\" loading=\"lazy\" class=\"alignnone size-full wp-image-1138\" src=\"http:\/\/innhanh.ai\/wp-content\/uploads\/2023\/09\/1134-01.jpg\" alt=\"\" width=\"1922\" height=\"401\" \/><\/span><\/p>\n","protected":false},"excerpt":{"rendered":"<div class=\"block-price-details\">\n<div class=\"box-price-details\">\n<p><span class=\"new-price-details\"><span class=\"p-from\"><span style=\"color: #0000ff;\">IN NHANH<\/span> Gi\u00e1 ch\u1ec9 t\u1eeb <\/span>\u00a0<strong><span style=\"color: #ff0000;\">300\u0111<\/span><\/strong><span style=\"color: #0000ff;\">\/con tem.<\/span><\/span><\/p>\n<table class=\"table table-bordered\" style=\"height: 192px;\" width=\"562\">\n<tbody>\n<tr>\n<td><b>\u2705 Ch\u1ea5t Li\u1ec7u<\/b><\/td>\n<td>\u2b50Decal\u00a0 xi b\u1ea1c,..<\/td>\n<\/tr>\n<tr>\n<td><b>\u2705 Thi\u1ebft K\u1ebf<\/b><\/td>\n<td>\u2b50 Chuy\u00ean nghi\u1ec7p, tu\u1ef3 ch\u1ec9nh theo nhu c\u1ea7u kh\u00e1ch h\u00e0ng<\/td>\n<\/tr>\n<tr>\n<td><b>\u2705 Gia C\u00f4ng<\/b><\/td>\n<td>\u2b50\u00a0C\u00e1n m\u00e0ng b\u00f3ng, c\u00e1n m\u00e0ng m\u1edd, c\u1eaft b\u1ebf, \u00e9p,&#8230;<\/td>\n<\/tr>\n<tr>\n<td><b>\u2705 K\u00edch Th\u01b0\u1edbc<\/b><\/td>\n<td>\u2b50 \u0110a d\u1ea1ng, \u0111i\u1ec1u ch\u1ec9nh theo y\u00eau c\u1ea7u c\u1ee7a kh\u00e1ch h\u00e0ng<\/td>\n<\/tr>\n<tr>\n<td><b>\u2705 Chi Ph\u00ed<\/b><\/td>\n<td>\u2b50 Gi\u00e1 c\u1ea3 c\u1ea1nh tranh, ti\u1ebft ki\u1ec7m<\/td>\n<\/tr>\n<tr>\n<td><b>\u2705 Giao H\u00e0ng<\/b><\/td>\n<td>\u2b50 Nhanh ch\u00f3ng<\/td>\n<\/tr>\n<\/tbody>\n<\/table>\n<\/div>\n<\/div>\n<ul>\n<li><span style=\"color: #800000; font-size: 110%;\"><span style=\"color: #ff0000;\">\u0110\u1eb7t In : 0828283366 &#8211; 0838503366<\/span><\/span><\/li>\n<li><span style=\"color: #0000ff; font-size: 110%;\">Email: lienhe@innhanh.ai<\/span><\/li>\n<\/ul>\n<p>&nbsp;<\/p>\n","protected":false},"featured_media":26,"comment_status":"open","ping_status":"closed","template":"","meta":{"_monsterinsights_skip_tracking":false,"_monsterinsights_sitenote_active":false,"_monsterinsights_sitenote_note":"","_monsterinsights_sitenote_category":0},"product_cat":[47],"product_tag":[],"aioseo_notices":[],"_links":{"self":[{"href":"https:\/\/innhanh.ai\/index.php\/wp-json\/wp\/v2\/product\/25"}],"collection":[{"href":"https:\/\/innhanh.ai\/index.php\/wp-json\/wp\/v2\/product"}],"about":[{"href":"https:\/\/innhanh.ai\/index.php\/wp-json\/wp\/v2\/types\/product"}],"replies":[{"embeddable":true,"href":"https:\/\/innhanh.ai\/index.php\/wp-json\/wp\/v2\/comments?post=25"}],"wp:featuredmedia":[{"embeddable":true,"href":"https:\/\/innhanh.ai\/index.php\/wp-json\/wp\/v2\/media\/26"}],"wp:attachment":[{"href":"https:\/\/innhanh.ai\/index.php\/wp-json\/wp\/v2\/media?parent=25"}],"wp:term":[{"taxonomy":"product_cat","embeddable":true,"href":"https:\/\/innhanh.ai\/index.php\/wp-json\/wp\/v2\/product_cat?post=25"},{"taxonomy":"product_tag","embeddable":true,"href":"https:\/\/innhanh.ai\/index.php\/wp-json\/wp\/v2\/product_tag?post=25"}],"curies":[{"name":"wp","href":"https:\/\/api.w.org\/{rel}","templated":true}]}}