{"id":2590,"date":"2025-01-20T05:04:23","date_gmt":"2025-01-20T05:04:23","guid":{"rendered":"https:\/\/innhanh.ai\/?post_type=product&#038;p=2590"},"modified":"2025-01-22T09:22:18","modified_gmt":"2025-01-22T09:22:18","slug":"tem-dan-hop-banh","status":"publish","type":"product","link":"https:\/\/innhanh.ai\/index.php\/product\/tem-dan-hop-banh\/","title":{"rendered":"TEM D\u00c1N H\u1ed8P B\u00c1NH"},"content":{"rendered":"<p><img decoding=\"async\" loading=\"lazy\" class=\"alignnone wp-image-2597\" src=\"http:\/\/innhanh.ai\/wp-content\/uploads\/2025\/01\/d61745ae723c446048a76f44c7f3d14b.jpg\" alt=\"\" width=\"959\" height=\"959\" \/> <img decoding=\"async\" loading=\"lazy\" class=\"alignnone wp-image-2591\" src=\"http:\/\/innhanh.ai\/wp-content\/uploads\/2025\/01\/tem-dan-hop-banh-2-1200x900-1.jpg\" alt=\"\" width=\"958\" height=\"719\" \/> <img decoding=\"async\" loading=\"lazy\" class=\"alignnone wp-image-2596\" src=\"http:\/\/innhanh.ai\/wp-content\/uploads\/2025\/01\/tem-banh-bao-4.jpg\" alt=\"\" width=\"957\" height=\"957\" \/> <img decoding=\"async\" loading=\"lazy\" class=\"alignnone wp-image-2595\" src=\"http:\/\/innhanh.ai\/wp-content\/uploads\/2025\/01\/tem-banh-bao-1.jpg\" alt=\"\" width=\"957\" height=\"957\" \/> <img decoding=\"async\" loading=\"lazy\" class=\"alignnone wp-image-2594\" src=\"http:\/\/innhanh.ai\/wp-content\/uploads\/2025\/01\/tem-dan-hop-banh-1-1200x900-1.jpg\" alt=\"\" width=\"957\" height=\"718\" \/> <img decoding=\"async\" loading=\"lazy\" class=\"alignnone wp-image-2593\" src=\"http:\/\/innhanh.ai\/wp-content\/uploads\/2025\/01\/tem-dan-hop-banh-3.jpg\" alt=\"\" width=\"956\" height=\"765\" \/> <img decoding=\"async\" loading=\"lazy\" class=\"alignnone wp-image-2592\" src=\"http:\/\/innhanh.ai\/wp-content\/uploads\/2025\/01\/in-tem-dan-hop-banh-dep-mat.jpg\" alt=\"\" width=\"956\" height=\"956\" \/><\/p>\n<p><strong>\u00a0\u2014\u2014\u2014\u2014\u2014\u2014\u2014\u2014\u2014\u2014\u2014\u2014\u2014\u2014\u2014\u2014\u2014\u2014\u2014\u2014\u2014\u2014\u2014\u2014\u2014\u2014\u2014\u2014\u2014\u2014\u2014\u2014\u2014\u2014\u2014\u2014\u2013<\/strong><\/p>\n<p><strong>LI\u00caN H\u1ec6 D\u1ecaCH V\u1ee4 IN NHANH DECAL TEM N\u00d4NG S\u1ea2N GI\u00c1 R\u1eba T\u1ea0I TP HCM.<\/strong><\/p>\n<ul>\n<li><b>D\u1ecaCH V\u1ee4 IN NHANH AIPRINT\u00a0<\/b><\/li>\n<li><strong>Hotline:<\/strong>\u00a008 2828 3366 \u2013 083 850 3366<\/li>\n<li><strong>Website:<\/strong>\u00a0<a href=\"https:\/\/innhanh.ai\/\">www.innhanh.ai<\/a>\u00a0\u2013\u00a0<a href=\"https:\/\/aiprint.vn\/\">www.aiprint.vn<\/a><\/li>\n<li><strong>Email:<\/strong>\u00a0lienhe@innhanh.Ai \u2013 aiprint.vn@gmail.com<\/li>\n<li><strong>Fanpage:<\/strong>\u00a0<a href=\"https:\/\/www.facebook.com\/aiprint.vn\/\">https:\/\/www.facebook.com\/aiprint.vn<\/a><\/li>\n<li><strong>\u0110\u1ecba ch\u1ec9:\u00a0<\/strong>\u00a057 V\u0169 Tr\u1ecdng Ph\u1ee5ng, Ph\u01b0\u1eddng T\u00e2n Th\u00e0nh, Qu\u1eadn T\u00e2n Ph\u00fa, TP. H\u1ed3 Ch\u00ed Minh.<\/li>\n<\/ul>\n<p><img decoding=\"async\" loading=\"lazy\" class=\"alignnone size-full wp-image-1152\" src=\"http:\/\/innhanh.ai\/wp-content\/uploads\/2024\/06\/1134-01-1.jpg\" alt=\"\" width=\"1922\" height=\"401\" \/><\/p>\n","protected":false},"excerpt":{"rendered":"<div class=\"box-price-details\"><span class=\"new-price-details\"><span class=\"p-from\"><strong>IN NHANH<\/strong> Gi\u00e1 Ch\u1ec9 t\u1eeb <strong><span style=\"color: #ed1c24;\">1<\/span><span style=\"color: #ed1c24;\">0<\/span><\/strong><\/span><strong><span style=\"color: #ed1c24;\">0\u0111<\/span><\/strong>\/con tem.<\/span><\/div>\n<div><\/div>\n<div>\n<div class=\"block-price-details\">\n<div class=\"box-price-details\">\n<table class=\"table table-bordered\" width=\"562\">\n<tbody>\n<tr>\n<td><b><img decoding=\"async\" class=\"emoji\" role=\"img\" draggable=\"false\" src=\"https:\/\/s.w.org\/images\/core\/emoji\/14.0.0\/svg\/2705.svg\" alt=\"\u2705\" \/>\u00a0Ch\u1ea5t Li\u1ec7u<\/b><\/td>\n<td><img decoding=\"async\" class=\"emoji\" role=\"img\" draggable=\"false\" src=\"https:\/\/s.w.org\/images\/core\/emoji\/14.0.0\/svg\/2b50.svg\" alt=\"\u2b50\" \/> Decal gi\u1ea5y, decal nh\u1ef1a s\u1eefa, decal nh\u1ef1a trong,..<\/td>\n<\/tr>\n<tr>\n<td><b><img decoding=\"async\" class=\"emoji\" role=\"img\" draggable=\"false\" src=\"https:\/\/s.w.org\/images\/core\/emoji\/14.0.0\/svg\/2705.svg\" alt=\"\u2705\" \/>\u00a0Thi\u1ebft K\u1ebf<\/b><\/td>\n<td><img decoding=\"async\" class=\"emoji\" role=\"img\" draggable=\"false\" src=\"https:\/\/s.w.org\/images\/core\/emoji\/14.0.0\/svg\/2b50.svg\" alt=\"\u2b50\" \/>\u00a0Chuy\u00ean nghi\u1ec7p, tu\u1ef3 ch\u1ec9nh theo nhu c\u1ea7u kh\u00e1ch h\u00e0ng<\/td>\n<\/tr>\n<tr>\n<td><b><img decoding=\"async\" class=\"emoji\" role=\"img\" draggable=\"false\" src=\"https:\/\/s.w.org\/images\/core\/emoji\/14.0.0\/svg\/2705.svg\" alt=\"\u2705\" \/>\u00a0Gia C\u00f4ng<\/b><\/td>\n<td><img decoding=\"async\" class=\"emoji\" role=\"img\" draggable=\"false\" src=\"https:\/\/s.w.org\/images\/core\/emoji\/14.0.0\/svg\/2b50.svg\" alt=\"\u2b50\" \/>\u00a0C\u00e1n m\u00e0ng b\u00f3ng, c\u00e1n m\u00e0ng m\u1edd, c\u1eaft b\u1ebf, \u00e9p,\u2026<\/td>\n<\/tr>\n<tr>\n<td><b><img decoding=\"async\" class=\"emoji\" role=\"img\" draggable=\"false\" src=\"https:\/\/s.w.org\/images\/core\/emoji\/14.0.0\/svg\/2705.svg\" alt=\"\u2705\" \/>\u00a0K\u00edch Th\u01b0\u1edbc<\/b><\/td>\n<td><img decoding=\"async\" class=\"emoji\" role=\"img\" draggable=\"false\" src=\"https:\/\/s.w.org\/images\/core\/emoji\/14.0.0\/svg\/2b50.svg\" alt=\"\u2b50\" \/>\u00a0\u0110a d\u1ea1ng, \u0111i\u1ec1u ch\u1ec9nh theo y\u00eau c\u1ea7u c\u1ee7a kh\u00e1ch h\u00e0ng<\/td>\n<\/tr>\n<tr>\n<td><b><img decoding=\"async\" class=\"emoji\" role=\"img\" draggable=\"false\" src=\"https:\/\/s.w.org\/images\/core\/emoji\/14.0.0\/svg\/2705.svg\" alt=\"\u2705\" \/>\u00a0Chi Ph\u00ed<\/b><\/td>\n<td><img decoding=\"async\" class=\"emoji\" role=\"img\" draggable=\"false\" src=\"https:\/\/s.w.org\/images\/core\/emoji\/14.0.0\/svg\/2b50.svg\" alt=\"\u2b50\" \/>\u00a0Gi\u00e1 c\u1ea3 c\u1ea1nh tranh, ti\u1ebft ki\u1ec7m<\/td>\n<\/tr>\n<tr>\n<td><b><img decoding=\"async\" class=\"emoji\" role=\"img\" draggable=\"false\" src=\"https:\/\/s.w.org\/images\/core\/emoji\/14.0.0\/svg\/2705.svg\" alt=\"\u2705\" \/>\u00a0Giao H\u00e0ng<\/b><\/td>\n<td><img decoding=\"async\" class=\"emoji\" role=\"img\" draggable=\"false\" src=\"https:\/\/s.w.org\/images\/core\/emoji\/14.0.0\/svg\/2b50.svg\" alt=\"\u2b50\" \/>\u00a0Nhanh ch\u00f3ng<\/td>\n<\/tr>\n<\/tbody>\n<\/table>\n<\/div>\n<\/div>\n<ul>\n<li><span style=\"color: #ed1c24;\">\u0110\u1eb7t In : 0828283366 \u2013 0838503366<\/span><\/li>\n<li><span style=\"color: #0000ff;\">Email: lienhe@innhanh.ai<\/span><\/li>\n<\/ul>\n<\/div>\n","protected":false},"featured_media":2591,"comment_status":"closed","ping_status":"closed","template":"","meta":{"_monsterinsights_skip_tracking":false,"_monsterinsights_sitenote_active":false,"_monsterinsights_sitenote_note":"","_monsterinsights_sitenote_category":0},"product_cat":[46],"product_tag":[],"aioseo_notices":[],"_links":{"self":[{"href":"https:\/\/innhanh.ai\/index.php\/wp-json\/wp\/v2\/product\/2590"}],"collection":[{"href":"https:\/\/innhanh.ai\/index.php\/wp-json\/wp\/v2\/product"}],"about":[{"href":"https:\/\/innhanh.ai\/index.php\/wp-json\/wp\/v2\/types\/product"}],"replies":[{"embeddable":true,"href":"https:\/\/innhanh.ai\/index.php\/wp-json\/wp\/v2\/comments?post=2590"}],"wp:featuredmedia":[{"embeddable":true,"href":"https:\/\/innhanh.ai\/index.php\/wp-json\/wp\/v2\/media\/2591"}],"wp:attachment":[{"href":"https:\/\/innhanh.ai\/index.php\/wp-json\/wp\/v2\/media?parent=2590"}],"wp:term":[{"taxonomy":"product_cat","embeddable":true,"href":"https:\/\/innhanh.ai\/index.php\/wp-json\/wp\/v2\/product_cat?post=2590"},{"taxonomy":"product_tag","embeddable":true,"href":"https:\/\/innhanh.ai\/index.php\/wp-json\/wp\/v2\/product_tag?post=2590"}],"curies":[{"name":"wp","href":"https:\/\/api.w.org\/{rel}","templated":true}]}}