{"id":2660,"date":"2025-01-21T07:03:47","date_gmt":"2025-01-21T07:03:47","guid":{"rendered":"https:\/\/innhanh.ai\/?post_type=product&#038;p=2660"},"modified":"2025-01-22T09:15:06","modified_gmt":"2025-01-22T09:15:06","slug":"sticker-tem-dan-niem-phong-hop-hang","status":"publish","type":"product","link":"https:\/\/innhanh.ai\/index.php\/product\/sticker-tem-dan-niem-phong-hop-hang\/","title":{"rendered":"STICKER TEM D\u00c1N NI\u00caM PHONG H\u1ed8P H\u00c0NG"},"content":{"rendered":"<p><img decoding=\"async\" loading=\"lazy\" class=\"alignnone wp-image-2671\" src=\"http:\/\/innhanh.ai\/wp-content\/uploads\/2025\/01\/Sbc6b6d69c5284189a3fce36072e50dd7A.jpg_720x720q80.jpg\" alt=\"\" width=\"1016\" height=\"1016\" \/> <img decoding=\"async\" loading=\"lazy\" class=\"alignnone wp-image-2670\" src=\"http:\/\/innhanh.ai\/wp-content\/uploads\/2025\/01\/23ff0805cd72b0cddb20c6177e362283.jpg\" alt=\"\" width=\"1017\" height=\"1017\" \/> <img decoding=\"async\" loading=\"lazy\" class=\"alignnone wp-image-2666\" src=\"http:\/\/innhanh.ai\/wp-content\/uploads\/2025\/01\/8d20096a944bcb32bcba4dc61c6ff84c.jpg\" alt=\"\" width=\"1018\" height=\"1252\" \/> <img decoding=\"async\" loading=\"lazy\" class=\"alignnone wp-image-2669\" src=\"http:\/\/innhanh.ai\/wp-content\/uploads\/2025\/01\/3d8369ed7d2cb39834b24c6d66f0267b.jpg\" alt=\"\" width=\"1022\" height=\"681\" \/> <img decoding=\"async\" loading=\"lazy\" class=\"alignnone wp-image-2668\" src=\"http:\/\/innhanh.ai\/wp-content\/uploads\/2025\/01\/d5731a5862572fd0b72dbe7b7677a0da.jpg\" alt=\"\" width=\"1019\" height=\"637\" \/> <img decoding=\"async\" loading=\"lazy\" class=\"alignnone wp-image-2667\" src=\"http:\/\/innhanh.ai\/wp-content\/uploads\/2025\/01\/7ff53c857230495ed57ee2ad412e6594.jpg\" alt=\"\" width=\"1020\" height=\"1530\" \/> <img decoding=\"async\" loading=\"lazy\" class=\"alignnone wp-image-2665\" src=\"http:\/\/innhanh.ai\/wp-content\/uploads\/2025\/01\/0bcd386e47a3c284fa7ca04bc9499726.jpg\" alt=\"\" width=\"1021\" height=\"1499\" \/> <img decoding=\"async\" loading=\"lazy\" class=\"alignnone wp-image-2664\" src=\"http:\/\/innhanh.ai\/wp-content\/uploads\/2025\/01\/2d0c26d340ef0b310ee236ae9469a57c.jpg\" alt=\"\" width=\"1021\" height=\"1362\" \/> <img decoding=\"async\" loading=\"lazy\" class=\"alignnone wp-image-2663\" src=\"http:\/\/innhanh.ai\/wp-content\/uploads\/2025\/01\/69155f926b7935be8e642e92e6fb312e.jpg\" alt=\"\" width=\"1023\" height=\"1534\" \/> <img decoding=\"async\" loading=\"lazy\" class=\"alignnone wp-image-2662\" src=\"http:\/\/innhanh.ai\/wp-content\/uploads\/2025\/01\/Sticker-thank-you-tem-niem-phong-hop-hang-14.jpg\" alt=\"\" width=\"1024\" height=\"946\" \/> <img decoding=\"async\" loading=\"lazy\" class=\"alignnone size-full wp-image-2661\" src=\"http:\/\/innhanh.ai\/wp-content\/uploads\/2025\/01\/617776066c1d0437c1834a86d85ad502.jpg\" alt=\"\" width=\"1024\" height=\"1024\" \/><\/p>\n<p><strong>\u2014\u2014\u2014\u2014\u2014\u2014\u2014\u2014\u2014\u2014\u2014\u2014\u2014\u2014\u2014\u2014\u2014\u2014\u2014\u2014\u2014\u2014\u2014\u2014\u2014\u2014\u2014\u2014\u2014\u2014\u2014\u2014\u2014\u2014\u2014\u2014\u2013<\/strong><\/p>\n<p><strong>LI\u00caN H\u1ec6 D\u1ecaCH V\u1ee4 IN NHANH GI\u00c1 R\u1eba T\u1ea0I TP HCM.<\/strong><\/p>\n<ul>\n<li><b>D\u1ecaCH V\u1ee4 IN NHANH AIPRINT\u00a0<\/b><\/li>\n<li><strong>Hotline:<\/strong>\u00a008 2828 3366 \u2013 083 850 3366<\/li>\n<li><strong>Website:<\/strong>\u00a0<a href=\"https:\/\/innhanh.ai\/\">www.innhanh.ai<\/a>\u00a0\u2013\u00a0<a href=\"https:\/\/aiprint.vn\/\">www.aiprint.vn<\/a><\/li>\n<li><strong>Email:<\/strong>\u00a0lienhe@innhanh.Ai \u2013 aiprint.vn@gmail.com<\/li>\n<li><strong>Fanpage:<\/strong>\u00a0<a href=\"https:\/\/www.facebook.com\/aiprint.vn\/\">https:\/\/www.facebook.com\/aiprint.vn<\/a><\/li>\n<li><strong>\u0110\u1ecba ch\u1ec9:\u00a0<\/strong>\u00a057 V\u0169 Tr\u1ecdng Ph\u1ee5ng, Ph\u01b0\u1eddng T\u00e2n Th\u00e0nh, Qu\u1eadn T\u00e2n Ph\u00fa, TP. H\u1ed3 Ch\u00ed Minh.<\/li>\n<\/ul>\n<p><img decoding=\"async\" loading=\"lazy\" class=\"alignnone size-full wp-image-1152\" src=\"http:\/\/innhanh.ai\/wp-content\/uploads\/2024\/06\/1134-01-1.jpg\" alt=\"\" width=\"1922\" height=\"401\" \/><\/p>\n","protected":false},"excerpt":{"rendered":"<div class=\"box-price-details\"><span class=\"new-price-details\"><span class=\"p-from\"><strong>IN NHANH<\/strong> Gi\u00e1 Ch\u1ec9 t\u1eeb <strong><span style=\"color: #ed1c24;\">3<\/span><span style=\"color: #ed1c24;\">0<\/span><\/strong><\/span><strong><span style=\"color: #ed1c24;\">0\u0111<\/span><\/strong>\/con tem.<\/span><\/div>\n<div><\/div>\n<div>\n<div class=\"block-price-details\">\n<div class=\"box-price-details\">\n<table class=\"table table-bordered\" width=\"562\">\n<tbody>\n<tr>\n<td><b><img decoding=\"async\" class=\"emoji\" role=\"img\" draggable=\"false\" src=\"https:\/\/s.w.org\/images\/core\/emoji\/14.0.0\/svg\/2705.svg\" alt=\"\u2705\" \/>\u00a0Ch\u1ea5t Li\u1ec7u<\/b><\/td>\n<td><img decoding=\"async\" class=\"emoji\" role=\"img\" draggable=\"false\" src=\"https:\/\/s.w.org\/images\/core\/emoji\/14.0.0\/svg\/2b50.svg\" alt=\"\u2b50\" \/> Decal gi\u1ea5y, decal nh\u1ef1a s\u1eefa, decal nh\u1ef1a trong,..<\/td>\n<\/tr>\n<tr>\n<td><b><img decoding=\"async\" class=\"emoji\" role=\"img\" draggable=\"false\" src=\"https:\/\/s.w.org\/images\/core\/emoji\/14.0.0\/svg\/2705.svg\" alt=\"\u2705\" \/>\u00a0Thi\u1ebft K\u1ebf<\/b><\/td>\n<td><img decoding=\"async\" class=\"emoji\" role=\"img\" draggable=\"false\" src=\"https:\/\/s.w.org\/images\/core\/emoji\/14.0.0\/svg\/2b50.svg\" alt=\"\u2b50\" \/>\u00a0Chuy\u00ean nghi\u1ec7p, tu\u1ef3 ch\u1ec9nh theo nhu c\u1ea7u kh\u00e1ch h\u00e0ng<\/td>\n<\/tr>\n<tr>\n<td><b><img decoding=\"async\" class=\"emoji\" role=\"img\" draggable=\"false\" src=\"https:\/\/s.w.org\/images\/core\/emoji\/14.0.0\/svg\/2705.svg\" alt=\"\u2705\" \/>\u00a0Gia C\u00f4ng<\/b><\/td>\n<td><img decoding=\"async\" class=\"emoji\" role=\"img\" draggable=\"false\" src=\"https:\/\/s.w.org\/images\/core\/emoji\/14.0.0\/svg\/2b50.svg\" alt=\"\u2b50\" \/>\u00a0C\u00e1n m\u00e0ng b\u00f3ng, c\u00e1n m\u00e0ng m\u1edd, c\u1eaft b\u1ebf, \u00e9p,\u2026<\/td>\n<\/tr>\n<tr>\n<td><b><img decoding=\"async\" class=\"emoji\" role=\"img\" draggable=\"false\" src=\"https:\/\/s.w.org\/images\/core\/emoji\/14.0.0\/svg\/2705.svg\" alt=\"\u2705\" \/>\u00a0K\u00edch Th\u01b0\u1edbc<\/b><\/td>\n<td><img decoding=\"async\" class=\"emoji\" role=\"img\" draggable=\"false\" src=\"https:\/\/s.w.org\/images\/core\/emoji\/14.0.0\/svg\/2b50.svg\" alt=\"\u2b50\" \/>\u00a0\u0110a d\u1ea1ng, \u0111i\u1ec1u ch\u1ec9nh theo y\u00eau c\u1ea7u c\u1ee7a kh\u00e1ch h\u00e0ng<\/td>\n<\/tr>\n<tr>\n<td><b><img decoding=\"async\" class=\"emoji\" role=\"img\" draggable=\"false\" src=\"https:\/\/s.w.org\/images\/core\/emoji\/14.0.0\/svg\/2705.svg\" alt=\"\u2705\" \/>\u00a0Chi Ph\u00ed<\/b><\/td>\n<td><img decoding=\"async\" class=\"emoji\" role=\"img\" draggable=\"false\" src=\"https:\/\/s.w.org\/images\/core\/emoji\/14.0.0\/svg\/2b50.svg\" alt=\"\u2b50\" \/>\u00a0Gi\u00e1 c\u1ea3 c\u1ea1nh tranh, ti\u1ebft ki\u1ec7m<\/td>\n<\/tr>\n<tr>\n<td><b><img decoding=\"async\" class=\"emoji\" role=\"img\" draggable=\"false\" src=\"https:\/\/s.w.org\/images\/core\/emoji\/14.0.0\/svg\/2705.svg\" alt=\"\u2705\" \/>\u00a0Giao H\u00e0ng<\/b><\/td>\n<td><img decoding=\"async\" class=\"emoji\" role=\"img\" draggable=\"false\" src=\"https:\/\/s.w.org\/images\/core\/emoji\/14.0.0\/svg\/2b50.svg\" alt=\"\u2b50\" \/>\u00a0Nhanh ch\u00f3ng<\/td>\n<\/tr>\n<\/tbody>\n<\/table>\n<\/div>\n<\/div>\n<ul>\n<li><span style=\"color: #ed1c24;\">\u0110\u1eb7t In : 0828283366 \u2013 0838503366<\/span><\/li>\n<li><span style=\"color: #0000ff;\">Email: lienhe@innhanh.ai<\/span><\/li>\n<\/ul>\n<\/div>\n","protected":false},"featured_media":2664,"comment_status":"closed","ping_status":"closed","template":"","meta":{"_monsterinsights_skip_tracking":false,"_monsterinsights_sitenote_active":false,"_monsterinsights_sitenote_note":"","_monsterinsights_sitenote_category":0},"product_cat":[46],"product_tag":[],"aioseo_notices":[],"_links":{"self":[{"href":"https:\/\/innhanh.ai\/index.php\/wp-json\/wp\/v2\/product\/2660"}],"collection":[{"href":"https:\/\/innhanh.ai\/index.php\/wp-json\/wp\/v2\/product"}],"about":[{"href":"https:\/\/innhanh.ai\/index.php\/wp-json\/wp\/v2\/types\/product"}],"replies":[{"embeddable":true,"href":"https:\/\/innhanh.ai\/index.php\/wp-json\/wp\/v2\/comments?post=2660"}],"wp:featuredmedia":[{"embeddable":true,"href":"https:\/\/innhanh.ai\/index.php\/wp-json\/wp\/v2\/media\/2664"}],"wp:attachment":[{"href":"https:\/\/innhanh.ai\/index.php\/wp-json\/wp\/v2\/media?parent=2660"}],"wp:term":[{"taxonomy":"product_cat","embeddable":true,"href":"https:\/\/innhanh.ai\/index.php\/wp-json\/wp\/v2\/product_cat?post=2660"},{"taxonomy":"product_tag","embeddable":true,"href":"https:\/\/innhanh.ai\/index.php\/wp-json\/wp\/v2\/product_tag?post=2660"}],"curies":[{"name":"wp","href":"https:\/\/api.w.org\/{rel}","templated":true}]}}