{"id":2678,"date":"2025-01-21T07:12:23","date_gmt":"2025-01-21T07:12:23","guid":{"rendered":"https:\/\/innhanh.ai\/?post_type=product&#038;p=2678"},"modified":"2025-01-22T09:07:58","modified_gmt":"2025-01-22T09:07:58","slug":"in-nhan-canh-bao","status":"publish","type":"product","link":"https:\/\/innhanh.ai\/index.php\/product\/in-nhan-canh-bao\/","title":{"rendered":"IN NH\u00c3N C\u1ea2NH B\u00c1O"},"content":{"rendered":"<h2 style=\"font-weight: 500;\"><span style=\"font-weight: 400;\"><b><strong>In nh\u00e3n c\u1ea3nh b\u00e1o<\/strong><\/b><b><strong>\u00a0&#8211; In nhanh Aiprint<\/strong><\/b><\/span><\/h2>\n<p><img decoding=\"async\" loading=\"lazy\" class=\"alignnone size-medium wp-image-2686 aligncenter\" src=\"http:\/\/innhanh.ai\/wp-content\/uploads\/2025\/01\/hinh-anh-46.jpg\" alt=\"\" width=\"300\" height=\"300\" \/><\/p>\n<p style=\"font-weight: 400;\"><span style=\"font-weight: 400;\"><b><strong>Trong xu h\u01b0\u1edbng kinh doanh hi\u1ec7n \u0111\u1ea1i, Tem nh\u00e3n s\u1ea3n ph\u1ea9m kh\u00f4ng ch\u1ec9 d\u1eebng l\u1ea1i \u1edf vi\u1ec7c ghi ch\u00fa th\u00f4ng tin nh\u01b0: T\u00ean c\u00f4ng ty, \u0111\u1ecba ch\u1ec9, h\u01b0\u1edbng d\u1eabn s\u1eed d\u1ee5ng,\u2026 m\u00e0 \u0111\u00e2y c\u00f2n l\u00e0 m\u1ed9t trong nh\u1eefng y\u1ebfu t\u1ed1 t\u1ea1o c\u1ea3m x\u00fac cho kh\u00e1ch h\u00e0ng, gi\u00fap gia t\u0103ng t\u1ef7 l\u1ec7 chuy\u1ec3n \u0111\u1ed5i cao h\u01a1n cho s\u1ea3n ph\u1ea9m.V\u1edbi s\u1ef1 b\u00f9ng n\u1ed5 c\u1ee7a kinh doanh online, \u0111\u00e3 k\u00e9o theo v\u00f4 v\u00e0n c\u00e1c n\u1ed9i dung &amp; m\u1ee5c \u0111\u00edch s\u1eed d\u1ee5ng c\u1ee7a Tem nh\u00e3n: t\u1eeb tem c\u1ea3nh b\u00e1o, tem ch\u1ed1ng h\u00e0ng gi\u1ea3, tem c\u1ea3m \u01a1n, tem th\u1ec3 hi\u1ec7n m\u1ed9t bi\u1ec3u t\u01b0\u1ee3ng vui nh\u1ed9n hay \u0111\u01a1n gi\u1ea3n ch\u1ec9 l\u00e0 m\u1ed9t logo th\u01b0\u01a1ng hi\u1ec7u. Ch\u1ea5t li\u1ec7u l\u00e0m tem d\u00e1n n\u00e0y c\u00f3 kh\u1ea3 n\u0103ng b\u00e1m d\u00ednh l\u00ean chai, kh\u1ea3 n\u0103ng ch\u1ecbu n\u01b0\u1edbc, ch\u1ecbu nhi\u1ec7t t\u1ed1t. Vi\u1ec7c in logo d\u00e1n n\u00e0y g\u00f3p ph\u1ea7n x\u00e2y d\u1ef1ng h\u00ecnh \u1ea3nh c\u1eeda h\u00e0ng trong t\u00e2m tr\u00ed kh\u00e1ch h\u00e0ng, l\u00e0 m\u1ed9t trong nh\u1eefng ph\u01b0\u01a1ng ph\u00e1p marketing hi\u1ec7u qu\u1ea3.<\/strong><\/b><\/span><\/p>\n<p><img decoding=\"async\" loading=\"lazy\" class=\" wp-image-2684 aligncenter\" src=\"http:\/\/innhanh.ai\/wp-content\/uploads\/2025\/01\/8ac74f8266911fab0ebe55fdbed8d0ba.jpg\" alt=\"\" width=\"265\" height=\"439\" \/><\/p>\n<p style=\"font-weight: 400;\"><span style=\"font-weight: 400;\"><b><strong>H\u00e3y c\u00f9ng tham kh\u1ea3o th\u00f4ng tin c\u1ee7a\u00a0<\/strong><\/b><b><strong>decal c\u1ea3nh b\u00e1o\u00a0t\u1ea1i In nhanh Aiprint nh\u00e9!<\/strong><\/b><\/span><\/p>\n<p style=\"font-weight: 400;\"><span style=\"font-weight: 400;\">K\u1ef9 thu\u1eadt in, k\u00edch th\u01b0\u1edbc v\u00e0 ch\u1ea5t li\u1ec7u\u00a0<b><strong>c\u1ee7a nh\u00e3n c\u1ea3nh b\u00e1o<\/strong><\/b><\/span><\/p>\n<p style=\"font-weight: 400;\"><span style=\"font-weight: 400;\">&#8211;\u00a0In nh\u00e3n c\u1ea3nh b\u00e1o:<b><strong>\u00a0<\/strong><\/b>\u0111\u01b0\u1ee3c in v\u1edbi k\u1ef9 thu\u1eadt in offset \u2013 k\u1ef9 thu\u1eadt in hi\u1ec7n \u0111\u1ea1i ph\u1ed5 bi\u1ebfn nh\u1ea5t cho ra s\u1ea3n ph\u1ea9m m\u00e0u s\u1eafc \u0111\u1eb9p.<\/span><\/p>\n<p style=\"font-weight: 400;\"><span style=\"font-weight: 400;\"><em>&#8211; K\u00edch th\u01b0\u1edbc in\u00a0<\/em><em>Nh\u00e3n c\u1ea3nh b\u00e1o\u00a0<\/em>\u00a0th\u00e0nh ph\u1ea9m l\u00e0 5x5cm,5x10cm,10x10cm, 15x10cm v\u00e0 15x15cm.<\/span><\/p>\n<p style=\"font-weight: 400;\"><span style=\"font-weight: 400;\">&#8211; Ch\u1ea5t li\u1ec7u\u00a0decal\u00a0khi b\u1ea1n s\u1eed d\u1ee5ng d\u00e1n c\u1ea3nh b\u00e1o:<\/span><\/p>\n<ul style=\"font-weight: 400;\">\n<li>Decal gi\u1ea5y: D\u1ec5 in \u1ea5n, d\u1ec5 l\u00ean m\u00e0u, in \u0111\u01b0\u1ee3c nhi\u1ec1u m\u00e0u s\u1eafc kh\u00e1c nhau, gi\u00e1 r\u1ebb nh\u1ea5t. Th\u01b0\u1eddng decal gi\u1ea5y s\u1eed d\u1ee5ng d\u00e1n tr\u00ean c\u00e1c h\u1ed9p m\u1ef9 ph\u1ea9m, h\u1ed9p thu\u1ed1c ho\u1eb7c h\u1ed9p \u0111\u1ef1ng c\u00e1c \u0111\u1ed3 trong \u0111i\u1ec1u ki\u1ec7n b\u1ea3o qu\u1ea3n b\u00ecnh th\u01b0\u1eddng, kh\u00f4ng kh\u1eafc nghi\u1ec7t. L\u00fd do b\u1edfi tem gi\u1ea5y r\u1ea5t d\u1ec5 r\u00e1ch v\u00e0 th\u1ea5m n\u01b0\u1edbc n\u00ean kh\u00f4ng ph\u00f9 h\u1ee3p \u0111\u1ec3 d\u00f9ng cho c\u00e1c s\u1ea3n ph\u1ea9m \u0111\u00f4ng l\u1ea1nh ho\u1eb7c ti\u1ebfp x\u00fac nhi\u1ec1u v\u1edbi n\u01b0\u1edbc\u2026<\/li>\n<li>Decal nh\u1ef1a: \u0110\u1ed1i v\u1edbi c\u00e1c d\u00f2ng s\u1ea3n ph\u1ea9m \u0111\u00f3ng h\u1ed9p: th\u1ee7y h\u1ea3i s\u1ea3n, tr\u00e1i c\u00e2y, kem\u2026 \u0111\u01b0\u1ee3c b\u1ea3o qu\u1ea3n trong m\u00f4i tr\u01b0\u1eddng nh\u01b0 t\u1ee7 l\u1ea1nh, hay trong m\u00f4i tr\u01b0\u1eddng n\u01b0\u1edbc th\u00ec l\u1ef1a ch\u1ecdn decal nh\u1ef1a PVC l\u00e0 gi\u1ea3i ph\u00e1p t\u1ed1i \u01b0u. Vi\u1ec7c n\u00e0y tr\u00e1nh cho nh\u00e3n d\u00e1n kh\u00f4ng b\u1ecb bay hay nh\u00f2e m\u00e0u, kh\u00f4ng b\u1ecb bong. N\u00ean l\u1ef1a ch\u1ecdn lo\u1ea1i \u0111\u1ebf d\u00e0y, keo kh\u00f4. Kh\u00f4ng n\u00ean v\u00ec ham in tem decal gi\u00e1 r\u1ebb m\u00e0 l\u1ef1a ch\u1ecdn lo\u1ea1i decal k\u00e9m ch\u1ea5t l\u01b0\u1ee3ng.<\/li>\n<li>Decal PVC ho\u1eb7c BOPP cho \u0111\u1ed9 dai, ch\u1ed1ng r\u00e1ch trong qu\u00e1 tr\u00ecnh v\u1eadn chuy\u1ec3n.<\/li>\n<\/ul>\n<p style=\"font-weight: 400;\"><span style=\"font-weight: 400;\"><b><strong>&#8211;\u00a0Quy c\u00e1ch in:<\/strong><\/b>\u00a0L\u1ef1a ch\u1ecdn c\u00e1n b\u00f3ng ho\u1eb7c c\u00e1n m\u1edd: C\u00e1n m\u1edd ho\u1eb7c laminate mang l\u1ea1i c\u00e1i nh\u00ecn sang tr\u1ecdng, c\u1ed5 \u0111i\u1ec3n v\u00e0 d\u1ec5 \u0111\u1ecdc, trong khi l\u1edbp m\u00e0ng b\u00f3ng s\u1ebd b\u1ed5 sung th\u00eam m\u1ed9t s\u1ed1 hi\u1ec7u \u1ee9ng ph\u1ee5 cho nh\u00e3n, l\u00e0m cho nh\u00e3n s\u00e1ng b\u00f3ng v\u00e0 ph\u1ea3n chi\u1ebfu m\u1ecdi \u00e1nh nh\u00ecn.<\/span><\/p>\n<p style=\"font-weight: 400;\"><span style=\"font-weight: 400;\">C\u00e1c h\u00ecnh d\u1ea1ng c\u1ee7a\u00a0<em>in nh\u00e3n c\u1ea3nh b\u00e1o<\/em>\u00a0th\u01b0\u1eddng l\u00e0 h\u00ecnh vu\u00f4ng, h\u00ecnh tr\u00f2n, h\u00ecnh elip, b\u1ea1n c\u1ea7n g\u1edfi file k\u00e8m k\u00edch th\u01b0\u1edbc v\u00e0 s\u1ed1 l\u01b0\u1ee3ng in\u00a0<b><strong>In nhanh Aiprint<\/strong><\/b>\u00a0s\u1ebd t\u00ednh gi\u00e1 v\u00e0 b\u00e1o th\u1eddi gian giao h\u00e0ng nhanh nh\u1ea5t.<\/span><\/p>\n<p><img decoding=\"async\" loading=\"lazy\" class=\"wp-image-2685 aligncenter\" src=\"http:\/\/innhanh.ai\/wp-content\/uploads\/2025\/01\/eeb431df732ce015f7fd12e979bc289a.jpg\" alt=\"\" width=\"496\" height=\"1257\" \/><\/p>\n<p style=\"font-weight: 400;\"><span style=\"font-weight: 400;\"><b><strong>In<\/strong><\/b>\u00a0<b><strong>decal c\u1ea3nh b\u00e1o<\/strong><\/b><b><strong>\u00a0<\/strong><\/b><b><strong>c\u00f3 t\u00e1c d\u1ee5ng g\u00ec?<\/strong><\/b><\/span><\/p>\n<ul style=\"font-weight: 400;\">\n<li>L\u1edbp keo ch\u1eafc ch\u1eafn c\u00f3 \u0111\u1ed9 b\u1ec1n cao v\u00e0 kh\u00f4ng d\u1ec5 x\u00e9 r\u00e1ch v\u00e0 ch\u1ed1ng n\u01b0\u1edbc.<\/li>\n<li>M\u00e0u in n\u00e0y b\u00e1m ch\u1eafc tr\u00ean nhi\u1ec1u ch\u1ea5t li\u1ec7u kh\u00e1c nhau, N\u00f3 l\u00ean m\u00e0u \u0111\u1eb9p, \u0111\u1eadm, \u0111\u1ec1u, kh\u00f4ng thay \u0111\u1ed5i \u0111\u1ed9 \u0111\u1eadm nh\u1ea1t tr\u00ean c\u00e1c b\u1ea3n in kh\u00e1c nhau.<\/li>\n<li>Qu\u1ea3ng b\u00e1 h\u00ecnh \u1ea3nh doanh nghi\u1ec7p, th\u1ec3 hi\u1ec7n s\u1ef1 chuy\u00ean nghi\u1ec7p trong kinh doanh.<\/li>\n<li>T\u1ea1o s\u1ef1 c\u1ea1nh tranh cho s\u1ea3n ph\u1ea9m v\u1edbi c\u00e1c th\u01b0\u01a1ng hi\u1ec7u kh\u00e1c tr\u00ean th\u1ecb tr\u01b0\u1eddng.<\/li>\n<li>Kh\u1eb3ng \u0111\u1ecbnh gi\u00e1 tr\u1ecb\u00a0th\u01b0\u01a1ng hi\u1ec7u v\u00e0 th\u00fac \u0111\u1ea9y s\u1ef1 l\u1ef1a ch\u1ecdn c\u1ee7a ng\u01b0\u1eddi ti\u00eau d\u00f9ng.<\/li>\n<\/ul>\n<p style=\"font-weight: 400;\"><span style=\"font-weight: 400;\"><b><strong>Th\u00eam v\u00e0o \u0111\u00f3<\/strong><\/b>, Qu\u00fd kh\u00e1ch c\u00f3 th\u1ec3 tham kh\u1ea3o th\u00eam 1 s\u1ed1 s\u1ea3n ph\u1ea9m\u00a0<b><strong>In nh\u00e3n d\u00e1n<\/strong><\/b>\u00a0kh\u00e1c t\u1eeb\u00a0<em>In nhanh Aiprint<\/em>\u00a0\u0111\u1ec3\u00a0\u0111\u00e1p \u1ee9ng mong mu\u1ed1n\u00a0c\u1ee7a m\u00ecnh:<\/span><\/p>\n<ul style=\"font-weight: 400;\">\n<li>In nh\u00e3n nh\u1ef1a\u00a0\u0111\u1ed9 b\u1ec1n cao, d\u1ebbo dai, ch\u1ecbu nhi\u1ec7t t\u1ed1t, ch\u1ecbu \u0111\u01b0\u1ee3c \u0111\u1ed9 \u1ea9m, ch\u1ed1ng th\u1ea5m n\u01b0\u1edbc, kh\u00f4ng phai m\u00e0u. b\u00e1m d\u00ednh tr\u00ean nhi\u1ec1u ch\u1ea5t li\u1ec7u.<\/li>\n<li>In nh\u00e3n gi\u1ea5y\u00a0in logo, th\u00f4ng tin n\u1ed9i dung l\u00ean s\u1ea3n ph\u1ea9m \u0111\u1eb7c bi\u1ec7t v\u1edbi chi ph\u00ed r\u1ebb v\u00e0 ti\u1ec7n l\u1ee3i.<\/li>\n<li>In nh\u00e3n h\u1ed9p\u00a0Bao b\u00ec l\u00e0 c\u1ea5p m\u1ed9t ph\u1ea7n kh\u00f4ng th\u1ec3 thi\u1ebfu khi mu\u1ed1n b\u00e1n s\u1ea3n ph\u1ea9m ra th\u1ecb tr\u01b0\u1eddng.<\/li>\n<li>In nh\u00e3n kraft\u00a0t\u00ednh ch\u1ea5t d\u1ec5 ph\u00e2n h\u1ee7y, b\u1ea3o v\u1ec7 m\u00f4i tr\u01b0\u1eddng c\u0169ng nh\u01b0 m\u00e0u s\u1eafc n\u1ed5i b\u1eadt t\u1ea1o \u1ea5n t\u01b0\u1ee3ng t\u1ed1t v\u1edbi kh\u00e1ch h\u00e0ng.<\/li>\n<li>In nh\u00e3n chai l\u1ecd\u00a0Thu\u1ed9c d\u1ea1ng tem nilon, c\u00f3 kh\u1ea3 n\u0103ng b\u00e1m d\u00ednh l\u00ean chai, kh\u1ea3 n\u0103ng ch\u1ecbu n\u01b0\u1edbc, ch\u1ecbu nhi\u1ec7t t\u1ed1t.<\/li>\n<li>In nh\u00e3n gi\u00e1\u00a0\u0111i\u1ec3m gi\u00e1 r\u1ebb v\u00e0 ti\u1ec7n l\u1ee3i Decal gi\u1ea5y l\u00e0 lo\u1ea1i nh\u00e3n decal \u0111\u01b0\u1ee3c s\u1eed d\u1ee5ng ph\u1ed5 bi\u1ebfn, r\u1ed9ng r\u00e3i nh\u1ea5t tr\u00ean c\u00e1c s\u1ea3n ph\u1ea9m hi\u1ec7n nay.<\/li>\n<li>In nh\u00e3n danh thi\u1ebfp\u00a0l\u00e0 s\u1ea3n ph\u1ea9m \u0111\u01b0\u1ee3c nhi\u1ec1u kh\u00e1ch h\u00e0ng l\u1ef1a ch\u1ecdn s\u1eed d\u1ee5ng trong vi\u1ec7c b\u00e1n h\u00e0ng<\/li>\n<li>In nh\u00e3n ghi ch\u00fa\u00a0\u00a0C\u0169ng gi\u1ed1ng nh\u01b0 s\u1ea3n ph\u1ea9m gi\u1ea5y ghi ch\u00fa, nh\u00e3n ghi ch\u00fa d\u00f9ng \u0111\u1ec3 ghi nh\u1eefng th\u00f4ng tin c\u1ea7n thi\u1ebft v\u1ec1 s\u1ea3n ph\u1ea9m hay cho m\u1ee5c \u0111\u00edch c\u00e1 nh\u00e2n<\/li>\n<li>In nh\u00e3n v\u1eadn chuy\u1ec3n\u00a0\u0111\u1ec3 con ng\u01b0\u1eddi v\u00e0 m\u00e1y m\u00f3c c\u00f3 th\u1ec3 \u0111\u1ecdc \u0111\u01b0\u1ee3c, v\u00ec v\u1eady ch\u00fang c\u1ea7n ph\u1ea3i r\u00f5 r\u00e0ng v\u00e0 d\u1ec5 \u0111\u1ecdc.<\/li>\n<\/ul>\n<p><img decoding=\"async\" loading=\"lazy\" class=\" wp-image-2688\" src=\"http:\/\/innhanh.ai\/wp-content\/uploads\/2025\/01\/in-tem-canh-bao-1.jpg\" alt=\"\" width=\"867\" height=\"639\" \/><\/p>\n<p><img decoding=\"async\" loading=\"lazy\" class=\"alignnone wp-image-2687\" src=\"http:\/\/innhanh.ai\/wp-content\/uploads\/2025\/01\/canhbao2.jpg\" alt=\"\" width=\"866\" height=\"861\" \/> \u00a0\u00a0\u00a0<img decoding=\"async\" loading=\"lazy\" class=\"alignnone wp-image-2683\" src=\"http:\/\/innhanh.ai\/wp-content\/uploads\/2025\/01\/tem-nhan-hang-de-vo-11.jpg\" alt=\"\" width=\"866\" height=\"452\" \/> <img decoding=\"async\" loading=\"lazy\" class=\"alignnone wp-image-2682\" src=\"http:\/\/innhanh.ai\/wp-content\/uploads\/2025\/01\/tem-dan-hang-de-vo-01.jpg\" alt=\"\" width=\"866\" height=\"623\" \/> <img decoding=\"async\" loading=\"lazy\" class=\"alignnone wp-image-2681\" src=\"http:\/\/innhanh.ai\/wp-content\/uploads\/2025\/01\/tem-nhan-hang-de-vo-9.jpg\" alt=\"\" width=\"865\" height=\"850\" \/> <img decoding=\"async\" loading=\"lazy\" class=\"alignnone wp-image-2680\" src=\"http:\/\/innhanh.ai\/wp-content\/uploads\/2025\/01\/909-1_e7433ed4abec4eefa3f834d10c99c754_master.jpg\" alt=\"\" width=\"867\" height=\"990\" \/> <img decoding=\"async\" loading=\"lazy\" class=\"alignnone wp-image-2679\" src=\"http:\/\/innhanh.ai\/wp-content\/uploads\/2025\/01\/tem-nhan-trong-san-xuat.jpg\" alt=\"\" width=\"866\" height=\"577\" \/><\/p>\n<p><strong>\u2014\u2014\u2014\u2014\u2014\u2014\u2014\u2014\u2014\u2014\u2014\u2014\u2014\u2014\u2014\u2014\u2014\u2014\u2014\u2014\u2014\u2014\u2014\u2014\u2014\u2014\u2014\u2014\u2014\u2014\u2014\u2014\u2014\u2014\u2014\u2014\u2013<\/strong><\/p>\n<p><strong>LI\u00caN H\u1ec6 D\u1ecaCH V\u1ee4 IN NHANH GI\u00c1 R\u1eba T\u1ea0I TP HCM.<\/strong><\/p>\n<ul>\n<li><b>D\u1ecaCH V\u1ee4 IN NHANH AIPRINT\u00a0<\/b><\/li>\n<li><strong>Hotline:<\/strong>\u00a008 2828 3366 \u2013 083 850 3366<\/li>\n<li><strong>Website:<\/strong>\u00a0<a href=\"https:\/\/innhanh.ai\/\">www.innhanh.ai<\/a>\u00a0\u2013\u00a0<a href=\"https:\/\/aiprint.vn\/\">www.aiprint.vn<\/a><\/li>\n<li><strong>Email:<\/strong>\u00a0lienhe@innhanh.Ai \u2013 aiprint.vn@gmail.com<\/li>\n<li><strong>Fanpage:<\/strong>\u00a0<a href=\"https:\/\/www.facebook.com\/aiprint.vn\/\">https:\/\/www.facebook.com\/aiprint.vn<\/a><\/li>\n<li><strong>\u0110\u1ecba ch\u1ec9:\u00a0<\/strong>\u00a057 V\u0169 Tr\u1ecdng Ph\u1ee5ng, Ph\u01b0\u1eddng T\u00e2n Th\u00e0nh, Qu\u1eadn T\u00e2n Ph\u00fa, TP. H\u1ed3 Ch\u00ed Minh.<\/li>\n<\/ul>\n<p><img decoding=\"async\" loading=\"lazy\" class=\"alignnone size-full wp-image-1152\" src=\"http:\/\/innhanh.ai\/wp-content\/uploads\/2024\/06\/1134-01-1.jpg\" alt=\"\" width=\"1922\" height=\"401\" \/><\/p>\n","protected":false},"excerpt":{"rendered":"<div class=\"box-price-details\"><span class=\"new-price-details\"><span class=\"p-from\"><strong>IN NHANH<\/strong>\u00a0Gi\u00e1 Ch\u1ec9 t\u1eeb<\/span>\u00a0<span style=\"background-color: #ffffff; color: #ed1c24;\"><strong>100\u0111<\/strong><\/span>\/con tem.<\/span><\/div>\n<div><\/div>\n<div>\n<div class=\"block-price-details\">\n<div class=\"box-price-details\">\n<table class=\"table table-bordered\" width=\"562\">\n<tbody>\n<tr>\n<td><b><img decoding=\"async\" class=\"emoji\" role=\"img\" draggable=\"false\" src=\"https:\/\/s.w.org\/images\/core\/emoji\/14.0.0\/svg\/2705.svg\" alt=\"\u2705\" \/>\u00a0Ch\u1ea5t Li\u1ec7u<\/b><\/td>\n<td><img decoding=\"async\" class=\"emoji\" role=\"img\" draggable=\"false\" src=\"https:\/\/s.w.org\/images\/core\/emoji\/14.0.0\/svg\/2b50.svg\" alt=\"\u2b50\" \/>Decal gi\u1ea5y, decal nh\u1ef1a, decal trong,..<\/td>\n<\/tr>\n<tr>\n<td><b><img decoding=\"async\" class=\"emoji\" role=\"img\" draggable=\"false\" src=\"https:\/\/s.w.org\/images\/core\/emoji\/14.0.0\/svg\/2705.svg\" alt=\"\u2705\" \/>\u00a0Thi\u1ebft K\u1ebf<\/b><\/td>\n<td><img decoding=\"async\" class=\"emoji\" role=\"img\" draggable=\"false\" src=\"https:\/\/s.w.org\/images\/core\/emoji\/14.0.0\/svg\/2b50.svg\" alt=\"\u2b50\" \/>\u00a0Chuy\u00ean nghi\u1ec7p, tu\u1ef3 ch\u1ec9nh theo nhu c\u1ea7u kh\u00e1ch h\u00e0ng<\/td>\n<\/tr>\n<tr>\n<td><b><img decoding=\"async\" class=\"emoji\" role=\"img\" draggable=\"false\" src=\"https:\/\/s.w.org\/images\/core\/emoji\/14.0.0\/svg\/2705.svg\" alt=\"\u2705\" \/>\u00a0Gia C\u00f4ng<\/b><\/td>\n<td><img decoding=\"async\" class=\"emoji\" role=\"img\" draggable=\"false\" src=\"https:\/\/s.w.org\/images\/core\/emoji\/14.0.0\/svg\/2b50.svg\" alt=\"\u2b50\" \/>\u00a0C\u00e1n m\u00e0ng b\u00f3ng, c\u00e1n m\u00e0ng m\u1edd, c\u1eaft b\u1ebf, \u00e9p,\u2026<\/td>\n<\/tr>\n<tr>\n<td><b><img decoding=\"async\" class=\"emoji\" role=\"img\" draggable=\"false\" src=\"https:\/\/s.w.org\/images\/core\/emoji\/14.0.0\/svg\/2705.svg\" alt=\"\u2705\" \/>\u00a0K\u00edch Th\u01b0\u1edbc<\/b><\/td>\n<td><img decoding=\"async\" class=\"emoji\" role=\"img\" draggable=\"false\" src=\"https:\/\/s.w.org\/images\/core\/emoji\/14.0.0\/svg\/2b50.svg\" alt=\"\u2b50\" \/>\u00a0\u0110a d\u1ea1ng, \u0111i\u1ec1u ch\u1ec9nh theo y\u00eau c\u1ea7u c\u1ee7a kh\u00e1ch h\u00e0ng<\/td>\n<\/tr>\n<tr>\n<td><b><img decoding=\"async\" class=\"emoji\" role=\"img\" draggable=\"false\" src=\"https:\/\/s.w.org\/images\/core\/emoji\/14.0.0\/svg\/2705.svg\" alt=\"\u2705\" \/>\u00a0Chi Ph\u00ed<\/b><\/td>\n<td><img decoding=\"async\" class=\"emoji\" role=\"img\" draggable=\"false\" src=\"https:\/\/s.w.org\/images\/core\/emoji\/14.0.0\/svg\/2b50.svg\" alt=\"\u2b50\" \/>\u00a0Gi\u00e1 c\u1ea3 c\u1ea1nh tranh, ti\u1ebft ki\u1ec7m<\/td>\n<\/tr>\n<tr>\n<td><b><img decoding=\"async\" class=\"emoji\" role=\"img\" draggable=\"false\" src=\"https:\/\/s.w.org\/images\/core\/emoji\/14.0.0\/svg\/2705.svg\" alt=\"\u2705\" \/>\u00a0Giao H\u00e0ng<\/b><\/td>\n<td><img decoding=\"async\" class=\"emoji\" role=\"img\" draggable=\"false\" src=\"https:\/\/s.w.org\/images\/core\/emoji\/14.0.0\/svg\/2b50.svg\" alt=\"\u2b50\" \/>\u00a0Nhanh ch\u00f3ng<\/td>\n<\/tr>\n<\/tbody>\n<\/table>\n<\/div>\n<\/div>\n<ul>\n<li>\u0110\u1eb7t In : 0828283366 \u2013 0838503366<\/li>\n<li>Email: lienhe@innhanh.ai<\/li>\n<\/ul>\n<\/div>\n","protected":false},"featured_media":2679,"comment_status":"closed","ping_status":"closed","template":"","meta":{"_monsterinsights_skip_tracking":false,"_monsterinsights_sitenote_active":false,"_monsterinsights_sitenote_note":"","_monsterinsights_sitenote_category":0},"product_cat":[46],"product_tag":[],"aioseo_notices":[],"_links":{"self":[{"href":"https:\/\/innhanh.ai\/index.php\/wp-json\/wp\/v2\/product\/2678"}],"collection":[{"href":"https:\/\/innhanh.ai\/index.php\/wp-json\/wp\/v2\/product"}],"about":[{"href":"https:\/\/innhanh.ai\/index.php\/wp-json\/wp\/v2\/types\/product"}],"replies":[{"embeddable":true,"href":"https:\/\/innhanh.ai\/index.php\/wp-json\/wp\/v2\/comments?post=2678"}],"wp:featuredmedia":[{"embeddable":true,"href":"https:\/\/innhanh.ai\/index.php\/wp-json\/wp\/v2\/media\/2679"}],"wp:attachment":[{"href":"https:\/\/innhanh.ai\/index.php\/wp-json\/wp\/v2\/media?parent=2678"}],"wp:term":[{"taxonomy":"product_cat","embeddable":true,"href":"https:\/\/innhanh.ai\/index.php\/wp-json\/wp\/v2\/product_cat?post=2678"},{"taxonomy":"product_tag","embeddable":true,"href":"https:\/\/innhanh.ai\/index.php\/wp-json\/wp\/v2\/product_tag?post=2678"}],"curies":[{"name":"wp","href":"https:\/\/api.w.org\/{rel}","templated":true}]}}