{"id":2711,"date":"2025-01-22T01:42:39","date_gmt":"2025-01-22T01:42:39","guid":{"rendered":"https:\/\/innhanh.ai\/?post_type=product&#038;p=2711"},"modified":"2025-01-22T09:12:42","modified_gmt":"2025-01-22T09:12:42","slug":"in-tem-dan-phu","status":"publish","type":"product","link":"https:\/\/innhanh.ai\/index.php\/product\/in-tem-dan-phu\/","title":{"rendered":"IN TEM D\u00c1N PH\u1ee4"},"content":{"rendered":"<h1 class=\"entry-title\">Tem ph\u1ee5 l\u00e0 g\u00ec? C\u00f4ng d\u1ee5ng v\u00e0 nh\u1eefng quy \u0111\u1ecbnh v\u1ec1 tem ph\u1ee5<\/h1>\n<p><strong>Tem ph\u1ee5 l\u00e0<\/strong> m\u1ed9t lo\u1ea1i\u00a0tem nh\u00e3n d\u00e1n\u00a0tr\u00ean bao b\u00ec c\u1ee7a c\u00e1c s\u1ea3n ph\u1ea9m nh\u1eadp kh\u1ea9u v\u00e0o th\u1ecb tr\u01b0\u1eddng Vi\u1ec7t Nam. Nh\u1edd\u00a0in tem ph\u1ee5, ng\u01b0\u1eddi ti\u00eau d\u00f9ng c\u00f3 th\u1ec3 bi\u1ebft \u0111\u01b0\u1ee3c c\u00e1c th\u00f4ng tin quan tr\u1ecdng v\u1ec1 s\u1ea3n ph\u1ea9m v\u00e0 c\u00f3 th\u1ec3 l\u1ef1a ch\u1ecdn m\u1ed9t c\u00e1ch h\u1ee3p l\u00fd.<\/p>\n<h2 id=\"toc-azoka-tem-phu-la-gi\" class=\"ftwp-heading\">Tem ph\u1ee5 l\u00e0 g\u00ec?<\/h2>\n<p>Tem ph\u1ee5 l\u00e0 nh\u00e3n d\u00e1n cung c\u1ea5p c\u00e1c th\u00f4ng tin c\u1ea7n thi\u1ebft c\u1ee7a s\u1ea3n ph\u1ea9m b\u1eb1ng ti\u1ebfng Vi\u1ec7t \u0111\u01b0\u1ee3c \u0111\u00ednh k\u00e8m b\u00ean nh\u00e3n d\u00e1n g\u1ed1c ti\u1ebfng n\u01b0\u1edbc ngo\u00e0i.\u00a0<strong>Theo Ngh\u1ecb \u0111\u1ecbnh s\u1ed1 43\/2017\/N\u0110 \u2013 CP<\/strong>\u00a0quy \u0111\u1ecbnh v\u1ec1 nh\u00e3n h\u00e0ng h\u00f3a, tem ph\u1ee5 l\u00e0 y\u00eau c\u1ea7u b\u1eaft bu\u1ed9c cho s\u1ea3n ph\u1ea9m tr\u01b0\u1edbc khi b\u00e1n ho\u1eb7c l\u01b0u h\u00e0nh.<\/p>\n<p>Tem ph\u1ee5 gi\u00fap \u0111\u00e1nh gi\u00e1 ch\u1ea5t l\u01b0\u1ee3ng s\u1ea3n ph\u1ea9m, x\u00e1c \u0111\u1ecbnh \u0111\u01b0\u1ee3c ngu\u1ed3n g\u1ed1c c\u1ee7a h\u00e0ng h\u00f3a tr\u00ean th\u1ecb tr\u01b0\u1eddng..<\/p>\n<h3 id=\"toc-azoka-noi-dung-tren-tem-nhan-phu-la-gi\" class=\"ftwp-heading\">N\u1ed9i dung tr\u00ean tem nh\u00e3n ph\u1ee5 l\u00e0 g\u00ec?<\/h3>\n<p>M\u1eabu tem nh\u00e3n ph\u1ee5\u00a0c\u1ee7a h\u00e0ng h\u00f3a b\u1eaft bu\u1ed9c ph\u1ea3i th\u1ec3 hi\u1ec7n c\u00e1c n\u1ed9i dung sau:<\/p>\n<ul>\n<li>T\u00ean h\u00e0ng ho\u00e1.<\/li>\n<li>T\u00ean v\u00e0 \u0111\u1ecba ch\u1ec9 c\u1ee7a t\u1ed5 ch\u1ee9c, c\u00e1 nh\u00e2n ch\u1ecbu tr\u00e1ch nhi\u1ec7m v\u1ec1 h\u00e0ng ho\u00e1.<\/li>\n<li>Xu\u1ea5t x\u1ee9 h\u00e0ng ho\u00e1.<\/li>\n<li>Ngo\u00e0i ra, t\u00f9y v\u00e0o t\u1eebng s\u1ea3n ph\u1ea9m kh\u00e1c nhau, tem ph\u1ee5 c\u1ea7n ch\u1ee9a c\u00e1c th\u00f4ng tin sau:<\/li>\n<li>H\u01b0\u1edbng d\u1eabn s\u1eed d\u1ee5ng<\/li>\n<li>Th\u00e0nh ph\u1ea7n c\u00f4ng th\u1ee9c \u0111\u1ea7y \u0111\u1ee7<\/li>\n<li>T\u00ean n\u01b0\u1edbc s\u1ea3n xu\u1ea5t<\/li>\n<li>T\u00ean v\u00e0 \u0111\u1ecba ch\u1ec9 c\u1ee7a t\u1ed5 ch\u1ee9c, c\u00e1 nh\u00e2n ch\u1ecbu tr\u00e1ch nhi\u1ec7m \u0111\u01b0a s\u1ea3n ph\u1ea9m ra th\u1ecb tr\u01b0\u1eddng<\/li>\n<li>\u0110\u1ecbnh l\u01b0\u1ee3ng th\u1ec3 hi\u1ec7n b\u1eb1ng kh\u1ed1i l\u01b0\u1ee3ng t\u1ecbnh ho\u1eb7c th\u1ec3 t\u00edch<\/li>\n<li>S\u1ed1 l\u00f4 s\u1ea3n xu\u1ea5t<\/li>\n<li>Ng\u00e0y s\u1ea3n xu\u1ea5t ho\u1eb7c h\u1ea1n d\u00f9ng ph\u1ea3i \u0111\u01b0\u1ee3c th\u1ec3 hi\u1ec7n m\u1ed9t c\u00e1ch r\u00f5 r\u00e0ng<\/li>\n<li>L\u01b0u \u00fd v\u1ec1 an to\u00e0n khi s\u1eed d\u1ee5ng (n\u1ebfu c\u00f3).<\/li>\n<li>Th\u00f4ng s\u1ed1 k\u1ef9 thu\u1eadt v\u00e0 c\u1ea3nh b\u00e1o (n\u1ebfu c\u00f3).<\/li>\n<\/ul>\n<p><img decoding=\"async\" loading=\"lazy\" class=\" wp-image-2718\" src=\"http:\/\/innhanh.ai\/wp-content\/uploads\/2025\/01\/cong-dung-cua-tem-phu.jpg\" alt=\"\" width=\"923\" height=\"600\" \/><\/p>\n<h3 id=\"toc-azoka-cach-dan-tem-nhan-phu\" class=\"ftwp-heading\">C\u00e1ch d\u00e1n tem nh\u00e3n ph\u1ee5<\/h3>\n<p>Tem ph\u1ee5 ph\u1ea3i \u0111\u01b0\u1ee3c d\u00e1n \u1edf v\u1ecb tr\u00ed d\u1ec5 nh\u00ecn, th\u00f4ng tin \u0111\u01b0\u1ee3c in \u1ea5n \u0111\u1ea7y \u0111\u1ee7, kh\u00f4ng t\u00e1ch r\u1eddi nhau. \u0110\u1eb7c bi\u1ec7t, tem kh\u00f4ng \u0111\u01b0\u1ee3c che \u0111i nh\u1eefng n\u1ed9i dung b\u1eaft bu\u1ed9c \u1edf c\u1ee7a nh\u00e3n g\u1ed1c.<\/p>\n<h3 id=\"toc-azoka-chat-lieu-duoc-dung-de-in-tem-phu-la-gi\" class=\"ftwp-heading\">Ch\u1ea5t li\u1ec7u \u0111\u01b0\u1ee3c d\u00f9ng \u0111\u1ec3 in tem ph\u1ee5 l\u00e0 g\u00ec?<\/h3>\n<p>Ch\u1ea5t li\u1ec7u in tem nh\u00e3n ph\u1ee5 c\u00f3 th\u1ec3 kh\u00e1c nhau t\u00f9y v\u00e0o m\u1ee5c \u0111\u00edch s\u1eed d\u1ee5ng v\u00e0 y\u00eau c\u1ea7u c\u1ee7a c\u00e1c t\u1ed5 ch\u1ee9c c\u00e1 nh\u00e2n. M\u1ed9t s\u1ed1 ch\u1ea5t li\u1ec7u th\u01b0\u1eddng d\u00f9ng \u0111\u1ec3 in l\u00e0:<\/p>\n<ul>\n<li><strong>Decal gi\u1ea5y<\/strong>: Gi\u00e1 th\u00e0nh r\u1ebb, m\u1ecfng, d\u1ec5 d\u00e0ng c\u1eaft th\u00e0nh nhi\u1ec1u k\u00edch th\u01b0\u1edbc mong mu\u1ed1n. \u0110\u00e2y l\u00e0 m\u1ed9t trong nh\u1eefng ch\u1ea5t li\u1ec7u ph\u1ed5 bi\u1ebfn nh\u1ea5t khi in tem ph\u1ee5 hay\u00a0tem nh\u00e3n d\u00e1n s\u1ea3n ph\u1ea9m. Tuy nhi\u00ean ch\u1ea5t li\u1ec7u n\u00e0y d\u1ec5 r\u00e1ch khi g\u1eb7p n\u01b0\u1edbc, v\u00ec v\u1eady ch\u1ec9 ph\u00f9 h\u1ee3p v\u1edbi m\u00f4i tr\u01b0\u1eddng b\u00ecnh th\u01b0\u1eddng.<\/li>\n<li><strong>Decal nh\u1ef1a<\/strong>: \u0110\u00e2y lo\u1ea1i ch\u1ea5t li\u1ec7u cao c\u1ea5p h\u01a1n decal gi\u1ea5y. Decal nh\u1ef1a c\u00f3 \u0111\u1ed9 b\u1ec1n cao, s\u00e1ng b\u00f3ng, d\u1ebbo dai, kh\u00f3 b\u1ecb l\u00e0m r\u00e1ch hay tr\u1ea7y x\u01b0\u1edbc. V\u1eadt li\u1ec7u n\u00e0y s\u1eed d\u1ee5ng \u0111\u01b0\u1ee3c trong m\u00f4i tr\u01b0\u1eddng \u1ea9m \u01b0\u1edbt hay nhi\u1ec7t \u0111\u1ed9 cao. C\u00f2n th\u01b0\u1eddng \u0111\u01b0\u1ee3c \u1ee9ng d\u1ee5ng l\u00e0m\u00a0sticker d\u00e1n,\u00a0tem b\u1ea3o h\u00e0nh,\u00a0tem ni\u00eam phong,\u00a0tem v\u1ee1,\u00a0tem ch\u1ed1ng h\u00e0ng gi\u1ea3,\u2026<\/li>\n<\/ul>\n<p><img decoding=\"async\" loading=\"lazy\" class=\"alignnone wp-image-2717\" src=\"http:\/\/innhanh.ai\/wp-content\/uploads\/2025\/01\/in-tem-phu-2.jpg\" alt=\"\" width=\"922\" height=\"922\" \/><\/p>\n<h2 id=\"toc-azoka-cong-dung-huu-hieu-cua-tem-nhan-phu-la-gi\" class=\"ftwp-heading\">C\u00f4ng d\u1ee5ng h\u1eefu hi\u1ec7u c\u1ee7a tem nh\u00e3n ph\u1ee5 l\u00e0 g\u00ec?<\/h2>\n<p>Tem ph\u1ee5 \u0111\u00f3ng vai tr\u00f2 r\u1ea5t quan tr\u1ecdng khi mu\u1ed1n kinh doanh c\u00e1c s\u1ea3n ph\u1ea9m c\u1ee7a th\u1ecb tr\u01b0\u1eddng n\u01b0\u1edbc ngo\u00e0i t\u1ea1i Vi\u1ec7t Nam<\/p>\n<p><strong>Cung c\u1ea5p th\u00f4ng tin s\u1ea3n ph\u1ea9m<\/strong><\/p>\n<p>Tem ph\u1ee5 cho bi\u1ebft c\u00e1c th\u00f4ng tin quan tr\u1ecdng nh\u01b0 t\u00ean, th\u00e0nh ph\u1ea7n, c\u00f4ng d\u1ee5ng, xu\u1ea5t x\u1ee9 c\u1ee7a s\u1ea3n ph\u1ea9m.<\/p>\n<p>Nh\u1eefng th\u00f4ng tin n\u00e0y gi\u00fap ng\u01b0\u1eddi ti\u00eau d\u00f9ng hi\u1ec3u r\u00f5 h\u01a1n v\u1ec1 s\u1ea3n ph\u1ea9m. T\u1eeb \u0111\u00f3 c\u00f3 th\u00eam th\u00f4ng tin, t\u00ecm hi\u1ec3u v\u00e0 l\u1ef1a ch\u1ecdn s\u1ea3n ph\u1ea9m ph\u00f9 h\u1ee3p.<\/p>\n<p><strong>H\u01b0\u1edbng d\u1eabn s\u1eed d\u1ee5ng<\/strong><\/p>\n<p>V\u1edbi m\u1ed9t s\u1ed1 s\u1ea3n ph\u1ea9m li\u00ean quan t\u1edbi s\u1ee9c kho\u1ebb con ng\u01b0\u1eddi nh\u01b0\u00a0thu\u1ed1c,\u00a0th\u1ef1c ph\u1ea9m ch\u1ee9c n\u0103ng.. h\u01b0\u1edbng d\u1eabn s\u1eed d\u1ee5ng r\u1ea5t quan tr\u1ecdng.<\/p>\n<p>Tem ch\u1ec9 ra c\u00e1ch s\u1eed d\u1ee5ng, li\u1ec1u l\u01b0\u1ee3ng, th\u1eddi h\u1ea1n s\u1eed d\u1ee5ng, c\u1ea3nh b\u00e1o v\u00e0 l\u01b0u \u00fd khi s\u1eed d\u1ee5ng s\u1ea3n ph\u1ea9m. \u0110i\u1ec1u n\u00e0y gi\u00fap ng\u01b0\u1eddi ti\u00eau d\u00f9ng s\u1eed d\u1ee5ng s\u1ea3n ph\u1ea9m m\u1ed9t c\u00e1ch an to\u00e0n v\u00e0 hi\u1ec7u qu\u1ea3. .<\/p>\n<p><strong>Ki\u1ec3m tra ch\u1ea5t l\u01b0\u1ee3ng<\/strong><\/p>\n<p>Tem ph\u1ee5 gi\u00fap c\u00e1c \u0111\u01a1n v\u1ecb t\u1ed5 ch\u1ee9c nh\u01b0 h\u1ea3i quan, c\u00f4ng an c\u00f3 th\u1ec3 ki\u1ec3m tra s\u1ea3n ph\u1ea9m. T\u00ecm hi\u1ec3u r\u00f5 \u0111\u01b0\u1ee3c ngu\u1ed3n g\u1ed1c xu\u1ea5t x\u1ee9, nh\u1eadn bi\u1ebft \u0111\u01b0\u1ee3c h\u00e0ng gi\u1ea3, h\u00e0ng l\u1eadu, h\u00e0ng k\u00e9m ch\u1ea5t l\u01b0\u1ee3ng. Qua \u0111\u00f3 \u0111\u1ea3m b\u1ea3o ch\u1ea5t l\u01b0\u1ee3ng s\u1ea3n ph\u1ea9m cho ng\u01b0\u1eddi ti\u00eau d\u00f9ng.<\/p>\n<p><img decoding=\"async\" loading=\"lazy\" class=\"alignnone wp-image-2716\" src=\"http:\/\/innhanh.ai\/wp-content\/uploads\/2025\/01\/cau-tao-tem-decal-xi-bac.jpeg\" alt=\"\" width=\"923\" height=\"712\" \/> <img decoding=\"async\" loading=\"lazy\" class=\"alignnone wp-image-2715\" src=\"http:\/\/innhanh.ai\/wp-content\/uploads\/2025\/01\/tem-nhan-phu-la-gi.jpg\" alt=\"\" width=\"925\" height=\"500\" \/> <img decoding=\"async\" loading=\"lazy\" class=\"alignnone wp-image-2714\" src=\"http:\/\/innhanh.ai\/wp-content\/uploads\/2025\/01\/quy-dinh-tem-nhan-phu-la-gi.jpg\" alt=\"\" width=\"924\" height=\"857\" \/> <img decoding=\"async\" loading=\"lazy\" class=\"alignnone wp-image-2713\" src=\"http:\/\/innhanh.ai\/wp-content\/uploads\/2025\/01\/tem-nhan-phu-la-gi-1200x675-1.jpg\" alt=\"\" width=\"926\" height=\"521\" \/> <img decoding=\"async\" loading=\"lazy\" class=\"alignnone wp-image-2712\" src=\"http:\/\/innhanh.ai\/wp-content\/uploads\/2025\/01\/kich-thuoc-tem-phu-sua-chua.jpg\" alt=\"\" width=\"926\" height=\"926\" \/><\/p>\n<p><strong>\u2014\u2014\u2014\u2014\u2014\u2014\u2014\u2014\u2014\u2014\u2014\u2014\u2014\u2014\u2014\u2014\u2014\u2014\u2014\u2014\u2014\u2014\u2014\u2014\u2014\u2014\u2014\u2014\u2014\u2014\u2014\u2014\u2014\u2014\u2014\u2014\u2013<\/strong><\/p>\n<p><strong>LI\u00caN H\u1ec6 D\u1ecaCH V\u1ee4 IN NHANH GI\u00c1 R\u1eba T\u1ea0I TP HCM.<\/strong><\/p>\n<ul>\n<li><b>D\u1ecaCH V\u1ee4 IN NHANH AIPRINT\u00a0<\/b><\/li>\n<li><strong>Hotline:<\/strong>\u00a008 2828 3366 \u2013 083 850 3366<\/li>\n<li><strong>Website:<\/strong>\u00a0<a href=\"https:\/\/innhanh.ai\/\">www.innhanh.ai<\/a>\u00a0\u2013\u00a0<a href=\"https:\/\/aiprint.vn\/\">www.aiprint.vn<\/a><\/li>\n<li><strong>Email:<\/strong>\u00a0lienhe@innhanh.Ai \u2013 aiprint.vn@gmail.com<\/li>\n<li><strong>Fanpage:<\/strong>\u00a0<a href=\"https:\/\/www.facebook.com\/aiprint.vn\/\">https:\/\/www.facebook.com\/aiprint.vn<\/a><\/li>\n<li><strong>\u0110\u1ecba ch\u1ec9:\u00a0<\/strong>\u00a057 V\u0169 Tr\u1ecdng Ph\u1ee5ng, Ph\u01b0\u1eddng T\u00e2n Th\u00e0nh, Qu\u1eadn T\u00e2n Ph\u00fa, TP. H\u1ed3 Ch\u00ed Minh.<\/li>\n<\/ul>\n<p><img decoding=\"async\" loading=\"lazy\" class=\"alignnone size-full wp-image-1152\" src=\"http:\/\/innhanh.ai\/wp-content\/uploads\/2024\/06\/1134-01-1.jpg\" alt=\"\" width=\"1922\" height=\"401\" \/><\/p>\n","protected":false},"excerpt":{"rendered":"<div class=\"box-price-details\"><span class=\"new-price-details\"><span class=\"p-from\"><strong>IN NHANH<\/strong>\u00a0Gi\u00e1 Ch\u1ec9 t\u1eeb<\/span> <strong><span style=\"color: #ed1c24;\">200\u0111\/<\/span><\/strong>con tem.<\/span><\/div>\n<div><\/div>\n<div>\n<div class=\"block-price-details\">\n<div class=\"box-price-details\">\n<table class=\"table table-bordered\" width=\"562\">\n<tbody>\n<tr>\n<td><b><img decoding=\"async\" class=\"emoji\" role=\"img\" draggable=\"false\" src=\"https:\/\/s.w.org\/images\/core\/emoji\/14.0.0\/svg\/2705.svg\" alt=\"\u2705\" \/>\u00a0Ch\u1ea5t Li\u1ec7u<\/b><\/td>\n<td><img decoding=\"async\" class=\"emoji\" role=\"img\" draggable=\"false\" src=\"https:\/\/s.w.org\/images\/core\/emoji\/14.0.0\/svg\/2b50.svg\" alt=\"\u2b50\" \/>Decal gi\u1ea5y, decal nh\u1ef1a,&#8230;<\/td>\n<\/tr>\n<tr>\n<td><b><img decoding=\"async\" class=\"emoji\" role=\"img\" draggable=\"false\" src=\"https:\/\/s.w.org\/images\/core\/emoji\/14.0.0\/svg\/2705.svg\" alt=\"\u2705\" \/>\u00a0Thi\u1ebft K\u1ebf<\/b><\/td>\n<td><img decoding=\"async\" class=\"emoji\" role=\"img\" draggable=\"false\" src=\"https:\/\/s.w.org\/images\/core\/emoji\/14.0.0\/svg\/2b50.svg\" alt=\"\u2b50\" \/>\u00a0Chuy\u00ean nghi\u1ec7p, tu\u1ef3 ch\u1ec9nh theo nhu c\u1ea7u kh\u00e1ch h\u00e0ng<\/td>\n<\/tr>\n<tr>\n<td><b><img decoding=\"async\" class=\"emoji\" role=\"img\" draggable=\"false\" src=\"https:\/\/s.w.org\/images\/core\/emoji\/14.0.0\/svg\/2705.svg\" alt=\"\u2705\" \/>\u00a0Gia C\u00f4ng<\/b><\/td>\n<td><img decoding=\"async\" class=\"emoji\" role=\"img\" draggable=\"false\" src=\"https:\/\/s.w.org\/images\/core\/emoji\/14.0.0\/svg\/2b50.svg\" alt=\"\u2b50\" \/>\u00a0C\u00e1n m\u00e0ng b\u00f3ng, c\u00e1n m\u00e0ng m\u1edd, c\u1eaft b\u1ebf, \u00e9p,\u2026<\/td>\n<\/tr>\n<tr>\n<td><b><img decoding=\"async\" class=\"emoji\" role=\"img\" draggable=\"false\" src=\"https:\/\/s.w.org\/images\/core\/emoji\/14.0.0\/svg\/2705.svg\" alt=\"\u2705\" \/>\u00a0K\u00edch Th\u01b0\u1edbc<\/b><\/td>\n<td><img decoding=\"async\" class=\"emoji\" role=\"img\" draggable=\"false\" src=\"https:\/\/s.w.org\/images\/core\/emoji\/14.0.0\/svg\/2b50.svg\" alt=\"\u2b50\" \/>\u00a0\u0110a d\u1ea1ng, \u0111i\u1ec1u ch\u1ec9nh theo y\u00eau c\u1ea7u c\u1ee7a kh\u00e1ch h\u00e0ng<\/td>\n<\/tr>\n<tr>\n<td><b><img decoding=\"async\" class=\"emoji\" role=\"img\" draggable=\"false\" src=\"https:\/\/s.w.org\/images\/core\/emoji\/14.0.0\/svg\/2705.svg\" alt=\"\u2705\" \/>\u00a0Chi Ph\u00ed<\/b><\/td>\n<td><img decoding=\"async\" class=\"emoji\" role=\"img\" draggable=\"false\" src=\"https:\/\/s.w.org\/images\/core\/emoji\/14.0.0\/svg\/2b50.svg\" alt=\"\u2b50\" \/>\u00a0Gi\u00e1 c\u1ea3 c\u1ea1nh tranh, ti\u1ebft ki\u1ec7m<\/td>\n<\/tr>\n<tr>\n<td><b><img decoding=\"async\" class=\"emoji\" role=\"img\" draggable=\"false\" src=\"https:\/\/s.w.org\/images\/core\/emoji\/14.0.0\/svg\/2705.svg\" alt=\"\u2705\" \/>\u00a0Giao H\u00e0ng<\/b><\/td>\n<td><img decoding=\"async\" class=\"emoji\" role=\"img\" draggable=\"false\" src=\"https:\/\/s.w.org\/images\/core\/emoji\/14.0.0\/svg\/2b50.svg\" alt=\"\u2b50\" \/>\u00a0Nhanh ch\u00f3ng<\/td>\n<\/tr>\n<\/tbody>\n<\/table>\n<\/div>\n<\/div>\n<ul>\n<li><span style=\"color: #d83131;\">\u0110\u1eb7t In : 0828283366 \u2013 0838503366<\/span><\/li>\n<li><span style=\"color: #0000ff;\">Email: lienhe@innhanh.ai<\/span><\/li>\n<\/ul>\n<\/div>\n","protected":false},"featured_media":2713,"comment_status":"closed","ping_status":"closed","template":"","meta":{"_monsterinsights_skip_tracking":false,"_monsterinsights_sitenote_active":false,"_monsterinsights_sitenote_note":"","_monsterinsights_sitenote_category":0},"product_cat":[46],"product_tag":[],"aioseo_notices":[],"_links":{"self":[{"href":"https:\/\/innhanh.ai\/index.php\/wp-json\/wp\/v2\/product\/2711"}],"collection":[{"href":"https:\/\/innhanh.ai\/index.php\/wp-json\/wp\/v2\/product"}],"about":[{"href":"https:\/\/innhanh.ai\/index.php\/wp-json\/wp\/v2\/types\/product"}],"replies":[{"embeddable":true,"href":"https:\/\/innhanh.ai\/index.php\/wp-json\/wp\/v2\/comments?post=2711"}],"wp:featuredmedia":[{"embeddable":true,"href":"https:\/\/innhanh.ai\/index.php\/wp-json\/wp\/v2\/media\/2713"}],"wp:attachment":[{"href":"https:\/\/innhanh.ai\/index.php\/wp-json\/wp\/v2\/media?parent=2711"}],"wp:term":[{"taxonomy":"product_cat","embeddable":true,"href":"https:\/\/innhanh.ai\/index.php\/wp-json\/wp\/v2\/product_cat?post=2711"},{"taxonomy":"product_tag","embeddable":true,"href":"https:\/\/innhanh.ai\/index.php\/wp-json\/wp\/v2\/product_tag?post=2711"}],"curies":[{"name":"wp","href":"https:\/\/api.w.org\/{rel}","templated":true}]}}