{"id":360,"date":"2023-09-18T03:41:08","date_gmt":"2023-09-18T02:41:08","guid":{"rendered":"https:\/\/innhanh.ai\/?post_type=product&#038;p=360"},"modified":"2025-01-09T11:19:37","modified_gmt":"2025-01-09T11:19:37","slug":"in-nhanh-decal-nhua-trong","status":"publish","type":"product","link":"https:\/\/innhanh.ai\/index.php\/product\/in-nhanh-decal-nhua-trong\/","title":{"rendered":"IN NHANH DECAL NH\u1ef0A TRONG"},"content":{"rendered":"<h1 style=\"text-align: center;\"><span style=\"font-size: 110%;\"><strong>TH\u00d4NG TIN S\u1ea2N PH\u1ea8M :<\/strong><\/span><\/h1>\n<h3><strong><span style=\"font-size: 110%;\">Decal trong l\u00e0 g\u00ec?<\/span><\/strong><\/h3>\n<p><span style=\"font-size: 110%;\">Decal trong l\u00e0 1 lo\u1ea1i decal nh\u1ef1a c\u00f3 b\u1ec1 m\u1eb7t trong su\u1ed1t c\u00f3 th\u1ec3 nh\u00ecn xuy\u00ean th\u1ea5u qua \u0111\u01b0\u1ee3c. Khi d\u00f9ng \u0111\u1ec3 d\u00e1n l\u00ean c\u00e1c b\u1ec1 m\u1eb7t trong su\u1ed1t nh\u01b0 th\u1ee7y tinh, k\u00ednh, nh\u1ef1a trong, b\u1ea1n c\u00f3 th\u1ec3 nh\u00ecn xuy\u00ean v\u00e0 th\u1ea5y nh\u1eefng g\u00ec b\u00ean trong.<\/span><\/p>\n<p><img decoding=\"async\" loading=\"lazy\" class=\"alignnone wp-image-1840\" src=\"http:\/\/innhanh.ai\/wp-content\/uploads\/2023\/09\/6b850040336131.577ba56152daa-scaled.jpg\" alt=\"\" width=\"1394\" height=\"929\" \/><\/p>\n<p><img decoding=\"async\" loading=\"lazy\" class=\"alignnone wp-image-1835\" src=\"http:\/\/innhanh.ai\/wp-content\/uploads\/2023\/09\/97fe2428e0e5c0f09d707659e0e5dafc.jpg\" alt=\"\" width=\"1394\" height=\"2091\" \/><\/p>\n<p><span style=\"font-size: 110%;\"><strong>&#8211; Ch\u1ea5t li\u1ec7u<\/strong> Deal nh\u1ef1a trong su\u1ed1t<\/span><\/p>\n<p><span style=\"font-size: 110%;\"><b>&#8211; <span lang=\"VI\">C\u00e1n M\u00e0ng\u00a0 <\/span><\/b>decal sau khi in xong s\u1ebd \u0111\u01b0\u1ee3c c\u00e1n m\u00e0ng m\u1edd<span lang=\"VI\">\u00a0c\u00e1n m\u00e0ng b\u00f3ng theo y\u00eau c\u1ea7u c\u1ee7a kh\u00e1ch h\u00e0ng <\/span>\u00a0gi\u00fap t\u0103ng \u0111\u1ed9 b\u1ec1n c\u0169ng nh\u01b0 v\u1ebb \u0111\u1eb9p cho\u00a0<span lang=\"VI\">nh\u00e3n d\u00e1n<\/span>.<\/span><\/p>\n<p><span style=\"font-size: 110%;\"><strong>-B\u1ebf Bemi<\/strong> theo y\u00eau c\u1ea7u gi\u00fap kh\u00e1ch h\u00e0ng d\u1ec5 d\u00e0ng b\u00f3c t\u00e1ch ra \u0111\u1ec3 d\u00e1n l\u00ean s\u1ea3n ph\u1ea9m m\u1ed9t c\u00e1ch nhanh nh\u1ea5t .<\/span><\/p>\n<p><span style=\"font-size: 110%;\"><img decoding=\"async\" loading=\"lazy\" class=\"alignnone wp-image-806\" src=\"http:\/\/innhanh.ai\/wp-content\/uploads\/2023\/09\/in-nhanh-ai-01-1.jpg\" alt=\"\" width=\"550\" height=\"550\" \/><img decoding=\"async\" loading=\"lazy\" class=\"alignnone wp-image-1132\" src=\"http:\/\/innhanh.ai\/wp-content\/uploads\/2023\/09\/tem-decal-nhua.jpg\" alt=\"\" width=\"680\" height=\"553\" \/><\/span><\/p>\n<p>&nbsp;<\/p>\n<ul>\n<li><span style=\"font-size: 110%;\">B\u1ebf theo d\u1ea1ng\u00a0 h\u00ecnh tr\u00f2n:\u00a0<img decoding=\"async\" loading=\"lazy\" class=\"alignnone wp-image-797\" src=\"http:\/\/innhanh.ai\/wp-content\/uploads\/2023\/09\/hinh-tron-aiprint.png\" alt=\"\" width=\"49\" height=\"49\" \/>\u00a0K\u00edch th\u01b0\u1edbc (cm) : 2\u00d72; 3\u00d73; 4\u00d74; 5\u00d75; 6\u00d76;\u2026 k\u00edch th\u01b0\u1edbc theo file.<\/span><\/li>\n<li><span style=\"font-size: 110%;\">B\u1ebf theo d\u1ea1ng\u00a0 h\u00ecnh vu\u00f4ng :\u00a0<img decoding=\"async\" loading=\"lazy\" class=\"alignnone wp-image-798\" src=\"http:\/\/innhanh.ai\/wp-content\/uploads\/2023\/09\/hinh-vuong-aiprint.png\" alt=\"\" width=\"52\" height=\"52\" \/>\u00a0 K\u00edch th\u01b0\u1edbc (cm) : 2\u00d72; 3\u00d73; 4\u00d74; 5\u00d75; 6\u00d76;\u2026 k\u00edch th\u01b0\u1edbc theo file.<\/span><\/li>\n<li><span style=\"font-size: 110%;\">B\u1ebf theo d\u1ea1ng\u00a0 h\u00ecnh ch\u1eef nh\u1eadt :<img decoding=\"async\" loading=\"lazy\" class=\"alignnone wp-image-799\" src=\"http:\/\/innhanh.ai\/wp-content\/uploads\/2023\/09\/hinh-chu-nhat-aiprint.png\" alt=\"\" width=\"55\" height=\"55\" \/>\u00a0K\u00edch th\u01b0\u1edbc : (cm) 11\u00d77; 12\u00d77; 14.5\u00d79; 19\u00d712; 4\u00d72; 5\u00d73; 6\u00d74; 7\u00d75; ;7\u00d72; 8\u00d76 .<\/span><\/li>\n<li><span style=\"font-size: 110%;\">B\u1ebf\u00a0 h\u00ecnh theo file kh\u00e1ch h\u00e0ng\u00a0 :\u00a0\u00a0<img decoding=\"async\" loading=\"lazy\" class=\"alignnone wp-image-800\" src=\"http:\/\/innhanh.ai\/wp-content\/uploads\/2023\/09\/hinh-theo-file-aiprint.png\" alt=\"\" width=\"72\" height=\"72\" \/>\u00a0k\u00edch th\u01b0\u1edbc (cm) : theo y\u00eau c\u1ea7u<\/span><\/li>\n<\/ul>\n<p><img decoding=\"async\" loading=\"lazy\" class=\"alignnone size-full wp-image-2453\" src=\"http:\/\/innhanh.ai\/wp-content\/uploads\/2024\/07\/tran-vien-01.jpg\" alt=\"\" width=\"2481\" height=\"1589\" \/><\/p>\n<p><span style=\"font-size: 110%;\"><img decoding=\"async\" loading=\"lazy\" class=\"alignnone wp-image-1129\" src=\"http:\/\/innhanh.ai\/wp-content\/uploads\/2023\/09\/269124fbc34f7e9dc7f0063012030ce5.jpg\" alt=\"\" width=\"1563\" height=\"1678\" \/><\/span><\/p>\n<h3><span style=\"font-size: 110%;\"><strong>\u0110\u1eb7c \u0111i\u1ec3m c\u1ee7a ch\u1ea5t li\u1ec7u decal trong su\u1ed1t<\/strong><\/span><\/h3>\n<ul>\n<li><span style=\"font-size: 110%;\">Decal trong su\u1ed1t v\u1ec1 th\u00e0nh ph\u1ea7n c\u01a1 b\u1ea3n c\u0169ng s\u1ebd gi\u1ed1ng c\u00e1c lo\u1ea1i decal kh\u00e1c tuy nhi\u00ean ch\u00fang s\u1ebd \u0111\u01b0\u1ee3c x\u1eed l\u00fd \u0111\u1ec3 tr\u00f4ng gi\u1ed1ng 1 l\u1edbp m\u00e0ng nilong trong su\u1ed1t. Khi d\u00e1n decal trong l\u00ean c\u00e1c v\u1eadt li\u1ec7u trong su\u1ed1t, ng\u01b0\u1eddi xem c\u00f3 th\u1ec3 nh\u00ecn v\u00e0o b\u00ean trong. V\u00ec th\u1ebf ch\u1ea5t li\u1ec7u n\u00e0y hi\u1ec7n nay \u0111ang \u0111\u01b0\u1ee3c nhi\u1ec1u c\u1eeda h\u00e0ng c\u00f3 c\u1eeda k\u00ednh \u1ee9ng d\u1ee5ng.<\/span><\/li>\n<li><span style=\"font-size: 110%;\">N\u1ebfu mu\u1ed1n h\u00ecnh \u1ea3nh in hi\u1ec3n th\u1ecb n\u1ed5i nh\u01b0 tr\u00ean decal s\u1eefa th\u00ec b\u1eaft bu\u1ed9c ph\u1ea3i s\u1eed d\u1ee5ng h\u1ec7 th\u1ed1ng 5 m\u00e0u. Bao g\u1ed3m 4 m\u00e0u CMYK v\u00e0 c\u1ea3 m\u00e0u tr\u1eafng \u0111\u1ec3 l\u00f3t d\u01b0\u1edbi n\u1ec1n.<\/span><\/li>\n<li><span style=\"font-size: 110%;\">\u0110\u1ed1i v\u1edbi nh\u1eefng s\u1ea3n ph\u1ea9m khi ph\u00e2n ph\u1ed1i b\u1ea1n mu\u1ed1n kh\u00e1ch h\u00e0ng nh\u00ecn xuy\u00ean v\u00e0o b\u00ean trong nh\u01b0 tr\u00e0 s\u1eefa, th\u1ef1c ph\u1ea9m th\u00ec b\u1eaft bu\u1ed9c ph\u1ea3i s\u1eed d\u1ee5ng decal trong l\u00e0m tem nh\u00e3n.<\/span><\/li>\n<li><span style=\"font-size: 110%;\">Decal trong do thu\u1ed9c lo\u1ea1i decal nh\u1ef1a n\u00ean c\u00f3 kh\u1ea3 n\u0103ng b\u00e1m d\u00ednh t\u1ed1t, c\u00f3 th\u1ec3 d\u00e1n cho c\u00e1c s\u1ea3n ph\u1ea9m s\u1eed d\u1ee5ng trong m\u00f4i tr\u01b0\u1eddng \u1ea9m \u01b0\u1edbt.<\/span><\/li>\n<li><span style=\"font-size: 110%;\">\u0110\u1ed9 b\u1ec1n c\u1ee7a ch\u1ea5t li\u1ec7u n\u00e0y khi d\u00e1n c\u00f3 th\u1ec3 l\u00ean \u0111\u1ebfn v\u00e0i n\u0103m v\u00ec th\u1ebf c\u1eeda h\u00e0ng, ng\u01b0\u1eddi d\u00f9ng ho\u00e0n to\u00e0n y\u00ean t\u00e2m v\u1ec1 ch\u1ea5t l\u01b0\u1ee3ng.<\/span><\/li>\n<\/ul>\n<p><img decoding=\"async\" loading=\"lazy\" class=\"alignnone wp-image-1838\" src=\"http:\/\/innhanh.ai\/wp-content\/uploads\/2023\/09\/z5424142497436_8c1f9039fbbf3cb37609172dc12c3745.jpg\" alt=\"\" width=\"582\" height=\"446\" \/> <img decoding=\"async\" loading=\"lazy\" class=\"alignnone wp-image-1839\" src=\"http:\/\/innhanh.ai\/wp-content\/uploads\/2023\/09\/tem-dan-ly-decal-trong-1.jpg\" alt=\"\" width=\"642\" height=\"448\" \/><\/p>\n<h3><span style=\"font-size: 110%;\">\u01afu \u0111i\u1ec3m c\u1ee7a ch\u1ea5t li\u1ec7u decal trong<\/span><\/h3>\n<ul>\n<li><span style=\"font-size: 110%;\">S\u1ea3n ph\u1ea9m nh\u00ecn \u0111\u01b0\u1ee3c xuy\u00ean th\u1ea5u, c\u00f3 \u0111\u1ed9 d\u1ebbo dai, m\u1ecfng nh\u1eb9, kh\u00f3 b\u1ecb x\u00e9 r\u00e1ch trong qu\u00e1 tr\u00ecnh s\u1eed d\u1ee5ng.<\/span><\/li>\n<li><span style=\"font-size: 110%;\">C\u00f3 t\u00ednh thu\u1eadn ti\u1ec7n khi s\u1eed d\u1ee5ng ngo\u00e0i tr\u1eddi, kh\u00f4ng s\u1ee3 m\u01b0a n\u1eafng, c\u00f3 \u0111\u1ed9 b\u1ec1n, k\u1ebft d\u00ednh cao.<\/span><\/li>\n<li><span style=\"font-size: 110%;\">C\u00f3 kh\u1ea3 n\u0103ng b\u00e1m d\u00ednh t\u1ed1t l\u00ean nhi\u1ec1u lo\u1ea1i v\u1eadt li\u1ec7u, b\u1ec1 m\u1eb7t kh\u00e1c nhau.<\/span><\/li>\n<li><span style=\"font-size: 110%;\">C\u00f3 kh\u1ea3 n\u0103ng ch\u1ed1ng th\u1ea5m n\u01b0\u1edbc hi\u1ec7u qu\u1ea3, c\u00f3 th\u1ec3 s\u1eed d\u1ee5ng d\u00e1n l\u00ean c\u00e1c s\u1ea3n ph\u1ea9m s\u1eed d\u1ee5ng trong m\u00f4i tr\u01b0\u1eddng \u1ea9m \u01b0\u1edbt, t\u1ee7 l\u1ea1nh.<\/span><\/li>\n<\/ul>\n<p><img decoding=\"async\" loading=\"lazy\" class=\"alignnone wp-image-1842\" src=\"http:\/\/innhanh.ai\/wp-content\/uploads\/2023\/09\/hinh-8-min-1024x1024-1.jpg\" alt=\"\" width=\"1484\" height=\"1484\" \/> <img decoding=\"async\" loading=\"lazy\" class=\"alignnone wp-image-1843\" src=\"http:\/\/innhanh.ai\/wp-content\/uploads\/2023\/09\/132317949876304066.jpg\" alt=\"\" width=\"1483\" height=\"1483\" \/><\/p>\n<h3><span style=\"font-size: 110%;\"><b>Decal nh\u00e3n gi\u1ea5y Decal Nh\u1ef1a trong c\u00f3 t\u00e1c d\u1ee5ng :\u00a0<\/b><\/span><\/h3>\n<ul>\n<li><span lang=\"VI\" style=\"font-size: 110%;\">C\u00f3 \u0111\u1ed9 b\u1ec1n cao v\u00e0 kh\u00f4ng d\u1ec5 x\u00e9 r\u00e1ch<\/span><\/li>\n<li><span style=\"font-size: 110%;\">Cung c\u1ea5p \u0111\u1ea7y \u0111\u1ee7 th\u00f4ng tin<span lang=\"VI\">\u00a0s\u1ea3n ph\u1ea9m<\/span>\u00a0<span lang=\"VI\">cho kh\u00e1ch h\u00e0ng<\/span>\u00a0v\u1ec1 ch\u1ea5t l\u01b0\u1ee3ng ngu\u1ed3n g\u1ed1c c\u1ee7a h\u00e0ng h\u00f3a<span lang=\"VI\">.<\/span><\/span><\/li>\n<li><span style=\"font-size: 110%;\">Qu\u1ea3ng b\u00e1 h\u00ecnh \u1ea3nh doanh nghi\u1ec7p<span lang=\"VI\">, th\u1ec3 hi\u1ec7n s\u1ef1 chuy\u00ean nghi\u1ec7p trong kinh doanh.<\/span><\/span><\/li>\n<li><span style=\"font-size: 110%;\">T\u1ea1o s\u1ef1 c\u1ea1nh tranh cho s\u1ea3n ph\u1ea9m v\u1edbi c\u00e1c th\u01b0\u01a1ng hi\u1ec7u kh\u00e1c tr\u00ean th\u1ecb tr\u01b0\u1eddng<span lang=\"VI\">.<\/span><\/span><\/li>\n<li><span style=\"font-size: 110%;\"><span lang=\"VI\">Kh\u1eb3ng \u0111\u1ecbnh gi\u00e1 tr\u1ecb<\/span>\u00a0th\u01b0\u01a1ng hi\u1ec7u v\u00e0 th\u00fac \u0111\u1ea9y s\u1ef1 l\u1ef1a ch\u1ecdn c\u1ee7a ng\u01b0\u1eddi ti\u00eau d\u00f9n<span lang=\"VI\">g.<\/span><\/span><\/li>\n<\/ul>\n<p><img decoding=\"async\" loading=\"lazy\" class=\"alignnone size-full wp-image-1844\" src=\"http:\/\/innhanh.ai\/wp-content\/uploads\/2023\/09\/trong-2-scaled-1.jpg\" alt=\"\" width=\"2560\" height=\"1920\" \/><\/p>\n<p><strong>\u00a0\u2014\u2014\u2014\u2014\u2014\u2014\u2014\u2014\u2014\u2014\u2014\u2014\u2014\u2014\u2014\u2014\u2014<\/strong><\/p>\n<ul>\n<li><b>D\u1ecaCH V\u1ee4 IN NHANH AIPRINT\u00a0<\/b><\/li>\n<li><strong>Hotline:<\/strong>\u00a008 2828 3366 \u2013 083 850 3366<\/li>\n<li><strong>Website:<\/strong>\u00a0<a href=\"https:\/\/innhanh.ai\/\">www.innhanh.ai<\/a>\u00a0\u2013\u00a0<a href=\"https:\/\/aiprint.vn\/\">www.aiprint.vn<\/a><\/li>\n<li><strong>Email:<\/strong>\u00a0lienhe@innhanh.Ai \u2013 aiprint.vn@gmail.com<\/li>\n<li><strong>Fanpage:<\/strong>\u00a0<a href=\"https:\/\/www.facebook.com\/aiprint.vn\/\">https:\/\/www.facebook.com\/aiprint.vn<\/a><\/li>\n<li><strong>\u0110\u1ecba ch\u1ec9:\u00a0<\/strong>\u00a057 V\u0169 Tr\u1ecdng Ph\u1ee5ng, Ph\u01b0\u1eddng T\u00e2n Th\u00e0nh, Qu\u1eadn T\u00e2n Ph\u00fa, TP. H\u1ed3 Ch\u00ed Minh.<\/li>\n<\/ul>\n<p><img decoding=\"async\" loading=\"lazy\" class=\"alignnone size-full wp-image-1138\" src=\"http:\/\/innhanh.ai\/wp-content\/uploads\/2023\/09\/1134-01.jpg\" alt=\"\" width=\"1922\" height=\"401\" \/><\/p>\n<p style=\"text-align: center;\">\n","protected":false},"excerpt":{"rendered":"<div class=\"block-price-details\">\n<div class=\"box-price-details\">\n<div class=\"block-price-details\">\n<div class=\"box-price-details\"><span class=\"new-price-details\"><span class=\"p-from\"><span style=\"color: #0000ff;\">IN NHANH<\/span> Gi\u00e1 ch\u1ec9 t\u1eeb <\/span>\u00a0<strong><span style=\"color: #ff0000;\">100\u0111<\/span><\/strong><span style=\"color: #0000ff;\">\/con tem.<\/span><\/span><\/div>\n<div><\/div>\n<\/div>\n<div class=\"block-short-desc\">\n<div class=\"block-short-desc\">\n<div class=\"block-price-details\">\n<div class=\"box-price-details\">\n<table class=\"table table-bordered\" style=\"height: 192px;\" width=\"562\">\n<tbody>\n<tr>\n<td><b>\u2705 Ch\u1ea5t Li\u1ec7u<\/b><\/td>\n<td>\u2b50Decal nh\u1ef1a Trong,&#8230;<\/td>\n<\/tr>\n<tr>\n<td><b>\u2705 Thi\u1ebft K\u1ebf<\/b><\/td>\n<td>\u2b50 Chuy\u00ean nghi\u1ec7p, tu\u1ef3 ch\u1ec9nh theo nhu c\u1ea7u kh\u00e1ch h\u00e0ng<\/td>\n<\/tr>\n<tr>\n<td><b>\u2705 Gia C\u00f4ng<\/b><\/td>\n<td>\u2b50\u00a0C\u00e1n m\u00e0ng b\u00f3ng, c\u00e1n m\u00e0ng m\u1edd, c\u1eaft b\u1ebf, \u00e9p,&#8230;<\/td>\n<\/tr>\n<tr>\n<td><b>\u2705 K\u00edch Th\u01b0\u1edbc<\/b><\/td>\n<td>\u2b50 \u0110a d\u1ea1ng, \u0111i\u1ec1u ch\u1ec9nh theo y\u00eau c\u1ea7u c\u1ee7a kh\u00e1ch h\u00e0ng<\/td>\n<\/tr>\n<tr>\n<td><b>\u2705 Chi Ph\u00ed<\/b><\/td>\n<td>\u2b50 Gi\u00e1 c\u1ea3 c\u1ea1nh tranh, ti\u1ebft ki\u1ec7m<\/td>\n<\/tr>\n<tr>\n<td><b>\u2705 Giao H\u00e0ng<\/b><\/td>\n<td>\u2b50 Nhanh ch\u00f3ng<\/td>\n<\/tr>\n<\/tbody>\n<\/table>\n<\/div>\n<\/div>\n<ul>\n<li><span style=\"color: #800000; font-size: 110%;\"><span style=\"color: #ff0000;\">\u0110\u1eb7t In : 0828283366 &#8211; 0868503366<\/span><\/span><\/li>\n<li><span style=\"color: #0000ff; font-size: 110%;\">Email: lienhe@innhanh.ai<\/span><\/li>\n<\/ul>\n<\/div>\n<\/div>\n<\/div>\n<\/div>\n","protected":false},"featured_media":361,"comment_status":"open","ping_status":"closed","template":"","meta":{"_monsterinsights_skip_tracking":false,"_monsterinsights_sitenote_active":false,"_monsterinsights_sitenote_note":"","_monsterinsights_sitenote_category":0},"product_cat":[47],"product_tag":[],"aioseo_notices":[],"_links":{"self":[{"href":"https:\/\/innhanh.ai\/index.php\/wp-json\/wp\/v2\/product\/360"}],"collection":[{"href":"https:\/\/innhanh.ai\/index.php\/wp-json\/wp\/v2\/product"}],"about":[{"href":"https:\/\/innhanh.ai\/index.php\/wp-json\/wp\/v2\/types\/product"}],"replies":[{"embeddable":true,"href":"https:\/\/innhanh.ai\/index.php\/wp-json\/wp\/v2\/comments?post=360"}],"wp:featuredmedia":[{"embeddable":true,"href":"https:\/\/innhanh.ai\/index.php\/wp-json\/wp\/v2\/media\/361"}],"wp:attachment":[{"href":"https:\/\/innhanh.ai\/index.php\/wp-json\/wp\/v2\/media?parent=360"}],"wp:term":[{"taxonomy":"product_cat","embeddable":true,"href":"https:\/\/innhanh.ai\/index.php\/wp-json\/wp\/v2\/product_cat?post=360"},{"taxonomy":"product_tag","embeddable":true,"href":"https:\/\/innhanh.ai\/index.php\/wp-json\/wp\/v2\/product_tag?post=360"}],"curies":[{"name":"wp","href":"https:\/\/api.w.org\/{rel}","templated":true}]}}