{"id":435,"date":"2023-09-18T11:31:32","date_gmt":"2023-09-18T10:31:32","guid":{"rendered":"https:\/\/innhanh.ai\/?post_type=product&#038;p=435"},"modified":"2025-01-09T11:19:12","modified_gmt":"2025-01-09T11:19:12","slug":"in-nhanh-decal-vo","status":"publish","type":"product","link":"https:\/\/innhanh.ai\/index.php\/product\/in-nhanh-decal-vo\/","title":{"rendered":"IN NHANH DECAL V\u1ee0 &#8211; TEM NI\u00caM PHONG"},"content":{"rendered":"<h1 style=\"text-align: center;\"><strong>TH\u00d4NG TIN S\u1ea2N PH\u1ea8M :<\/strong><\/h1>\n<h4><strong>Tem v\u1ee1 (b\u1ea3o h\u00e0nh \/ ni\u00eam phong)<\/strong> decal gi\u1ea5y l\u00e0 lo\u1ea1i tem \u0111\u01b0\u1ee3c in b\u1eb1ng ch\u1ea5t li\u1ec7u decal gi\u1ea5y\/ decal v\u1ee1. Lo\u1ea1i tem n\u00e0y \u0111\u01b0\u1ee3c c\u1ea5u t\u1ea1o b\u1edfi nhi\u1ec1u l\u1edbp kh\u00e1c nhau nh\u01b0 l\u1edbp b\u1ec1 m\u1eb7t \u0111\u01b0\u1ee3c l\u00e0m t\u1eeb gi\u1ea5y, th\u1ec3 hi\u1ec7n c\u00e1c th\u00f4ng tin nh\u01b0 t\u00ean, logo doanh nghi\u1ec7p, th\u1eddi h\u1ea1n b\u1ea3o h\u00e0nh\u2026<\/h4>\n<p><img decoding=\"async\" loading=\"lazy\" class=\"wp-image-1846 aligncenter\" src=\"http:\/\/innhanh.ai\/wp-content\/uploads\/2023\/09\/in-tem-vo-tem-be.png\" alt=\"\" width=\"831\" height=\"623\" \/><\/p>\n<p><strong>\u2013 Ch\u1ea5t li\u1ec7u\u00a0<\/strong> gi\u1ea5y decal v\u1ee1.<\/p>\n<p><b>\u2013\u00a0<span lang=\"VI\">In Decal gi\u1ea5y<\/span><\/b>\u00a0\u0111\u01b0\u1ee3c in v\u1edbi k\u1ef9 thu\u1eadt in nhanh tr\u00ean c\u00e1c d\u00f2ng m\u00e1y in nhanh hi\u1ec7n \u0111\u1ea1i m\u00e0u s\u1eafc chu\u1ea9n .<\/p>\n<p><strong>-B\u1ebf Demi<\/strong>\u00a0theo y\u00eau c\u1ea7u gi\u00fap kh\u00e1ch h\u00e0ng d\u1ec5 d\u00e0ng b\u00f3c t\u00e1ch ra \u0111\u1ec3 d\u00e1n l\u00ean s\u1ea3n ph\u1ea9m m\u1ed9t c\u00e1ch nhanh nh\u1ea5t .<\/p>\n<p><img decoding=\"async\" loading=\"lazy\" class=\"alignnone size-full wp-image-1015\" src=\"http:\/\/innhanh.ai\/wp-content\/uploads\/2023\/09\/in-tem-dan-nap-thung-carton.jpg\" alt=\"\" width=\"1800\" height=\"945\" \/><\/p>\n<ul>\n<li>B\u1ebf theo d\u1ea1ng\u00a0 h\u00ecnh tr\u00f2n:\u00a0<img decoding=\"async\" loading=\"lazy\" class=\"alignnone wp-image-797\" src=\"http:\/\/innhanh.ai\/wp-content\/uploads\/2023\/09\/hinh-tron-aiprint.png\" alt=\"\" width=\"49\" height=\"49\" \/>\u00a0 K\u00edch th\u01b0\u1edbc (cm) : 2\u00d72; 3\u00d73; 4\u00d74; 5\u00d75; 6\u00d76;&#8230; k\u00edch th\u01b0\u1edbc theo file.<\/li>\n<li>B\u1ebf theo d\u1ea1ng\u00a0 h\u00ecnh vu\u00f4ng :\u00a0<img decoding=\"async\" loading=\"lazy\" class=\"alignnone wp-image-798\" src=\"http:\/\/innhanh.ai\/wp-content\/uploads\/2023\/09\/hinh-vuong-aiprint.png\" alt=\"\" width=\"52\" height=\"52\" \/>\u00a0 \u00a0 K\u00edch th\u01b0\u1edbc (cm) : 2\u00d72; 3\u00d73; 4\u00d74; 5\u00d75; 6\u00d76;&#8230; k\u00edch th\u01b0\u1edbc theo file.<\/li>\n<li>B\u1ebf theo d\u1ea1ng\u00a0 h\u00ecnh ch\u1eef nh\u1eadt :<img decoding=\"async\" loading=\"lazy\" class=\"alignnone wp-image-799\" src=\"http:\/\/innhanh.ai\/wp-content\/uploads\/2023\/09\/hinh-chu-nhat-aiprint.png\" alt=\"\" width=\"55\" height=\"55\" \/>\u00a0 K\u00edch th\u01b0\u1edbc : (cm) 11\u00d77; 12\u00d77; 14.5\u00d79; 19\u00d712; 4\u00d72; 5\u00d73; 6\u00d74; 7\u00d75; ;7\u00d72; 8\u00d76 ..<\/li>\n<li>B\u1ebf\u00a0 h\u00ecnh theo file kh\u00e1ch h\u00e0ng\u00a0 :\u00a0\u00a0<img decoding=\"async\" loading=\"lazy\" class=\"alignnone wp-image-800\" src=\"http:\/\/innhanh.ai\/wp-content\/uploads\/2023\/09\/hinh-theo-file-aiprint.png\" alt=\"\" width=\"72\" height=\"72\" \/> k\u00edch th\u01b0\u1edbc (cm) : theo y\u00eau c\u1ea7u.<\/li>\n<\/ul>\n<p><img decoding=\"async\" loading=\"lazy\" class=\"alignnone size-full wp-image-2453\" src=\"http:\/\/innhanh.ai\/wp-content\/uploads\/2024\/07\/tran-vien-01.jpg\" alt=\"\" width=\"2481\" height=\"1589\" \/><\/p>\n<p><img decoding=\"async\" loading=\"lazy\" class=\"alignnone size-full wp-image-1012\" src=\"http:\/\/innhanh.ai\/wp-content\/uploads\/2023\/09\/Untitled-2.jpg\" alt=\"\" width=\"1456\" height=\"872\" \/><\/p>\n<h3>\u0110\u1eb7c t\u00ednh c\u1ee7a tem ni\u00eam phong<\/h3>\n<p>S\u1eed d\u1ee5ng \u0111\u1ec3 d\u00e1n b\u00ean tr\u00ean bao b\u00ec s\u1ea3n ph\u1ea9m, c\u00e1c thi\u1ebft b\u1ecb m\u00e1y m\u00f3c, gi\u1ea5y t\u1edd v\u0103n ph\u00f2ng c\u1ea7n c\u00f3 \u0111\u1ed9 b\u1ec1n l\u00e2u d\u00e0i theo th\u1eddi gian, kh\u00f3 b\u1ecb r\u00e1ch khi va ch\u1ea1m. M\u1ed9t s\u1ed1 lo\u1ea1i tem ni\u00eam phong \u0111\u1eb7c bi\u1ec7t nh\u01b0 guarantee label, tem hologram th\u01b0\u1eddng c\u00f3 \u0111\u1ed9 b\u00e1m d\u00ednh ch\u1eafc v\u00e0 khi b\u1ea1n b\u00f3c ra s\u1ebd \u0111\u1ec3 l\u1ea1i m\u1ed9t l\u1edbp gi\u1ea5y b\u00e1m l\u1ea1i tr\u00ean b\u1ec1 m\u1eb7t hay \u0111\u1ec3 l\u1ea1i m\u1ed9t l\u1edbp d\u01b0\u1edbi ch\u1eef c\u1ea3nh b\u00e1o (Opened) \u0111\u1ec3 cho b\u00e1o hi\u1ec7u v\u1eadt ph\u1ea9m \u0111\u01b0\u1ee3c d\u00e1n \u0111\u00e3 b\u1ecb m\u1edf.<\/p>\n<p>V\u1edbi nh\u1eefng \u0111\u1eb7c t\u00ednh nh\u01b0 tr\u00ean tem ni\u00eam phong gi\u00fap h\u1ea1n ch\u1ebf vi\u1ec7c tr\u00e1o \u0111\u1ed5i s\u1ea3n ph\u1ea9m c\u0169ng nh\u01b0 gi\u00fap ng\u01b0\u1eddi ti\u00eau d\u00f9ng h\u00e0ng h\u00f3a d\u1ec5 d\u00e0ng nh\u1eadn ra \u0111\u01b0\u1ee3c n\u1ed9i dung m\u00e0 nh\u00e0 s\u1ea3n xu\u1ea5t c\u1ea3nh b\u00e1o.<\/p>\n<h3>Y\u00eau c\u1ea7u \u0111\u1ed1i v\u1edbi tem v\u1ee1 \/ tem ni\u00eam phong<\/h3>\n<p>Ph\u1ea3i \u0111\u1ea3m b\u1ea3o d\u00e1n k\u00edn c\u00e1c chi ti\u1ebft m\u00e0 ng\u01b0\u1eddi s\u1eed d\u1ee5ng c\u00f3 th\u1ec3 d\u1ef1a v\u00e0o \u0111\u00f3 \u0111\u1ec3 b\u00f3c ra. D\u1ec5 b\u1ecb h\u1ecfng, c\u00f3 th\u1ec3 ph\u00e1 h\u1ee7y d\u1ec5 d\u00e0ng \u0111\u1ec3 nh\u1eadn bi\u1ebft tr\u01b0\u1eddng h\u1ee3p ng\u01b0\u1eddi d\u00f9ng c\u1ed1 t\u00ecnh b\u00f3c ra khi kh\u00f4ng c\u00f3 s\u1ef1 cho ph\u00e9<img decoding=\"async\" loading=\"lazy\" class=\"alignnone size-full wp-image-1013\" style=\"color: #333333;\" src=\"http:\/\/innhanh.ai\/wp-content\/uploads\/2023\/09\/in-tem-bao-hanh-in-tem-decal-be-gia-re-6.jpg\" alt=\"\" width=\"2448\" height=\"1638\" \/><\/p>\n<ul>\n<li>\n<h3>M\u1ed9t s\u1ed1 \u1ee9ng d\u1ee5ng c\u1ee7a tem ni\u00eam phong<\/h3>\n<p>Ni\u00eam phong s\u1ea3n ph\u1ea9m b\u00e1n cho kh\u00e1ch h\u00e0ng, ch\u1ed1ng tr\u00e1o \u0111\u1ed5i, tranh c\u00e3i, ch\u1ed1ng h\u00e0ng gi\u1ea3.<\/p>\n<p>S\u1eed d\u1ee5ng ni\u00eam phong h\u1ed3 s\u01a1 ph\u00e1p l\u00fd c\u00e1c v\u1ee5 \u00e1n, ng\u00e2n h\u00e0ng, v\u1eadt ch\u1ee9ng.<\/p>\n<p>Ni\u00eam phong th\u01b0 t\u00edn, chuy\u1ec3n ph\u00e1t nhanh, v\u1eadn chuy\u1ec3n<\/p>\n<p>Ni\u00eam phong c\u00e1c ph\u01b0\u01a1ng ti\u1ec7n, c\u00f4ng c\u1ee5 c\u00f3 th\u1ec3 l\u1ea5y c\u1eafp th\u00f4ng tin nh\u01b0 camera m\u00e1y \u1ea3nh, \u0111i\u1ec7n tho\u1ea1i, khe th\u1ebb nh\u1edb, d\u00e2y c\u00e1p usb,\u2026<\/p>\n<p>Ni\u00eam phong s\u1ea3n ph\u1ea9m xu\u1ea5t x\u01b0\u1edfng, c\u1eeda, ni\u00eam phong h\u00e0ng h\u00f3a, ni\u00eam phong m\u1ef9 ph\u1ea9m<\/p>\n<p><strong>M\u1ee5c \u0111\u00edch s\u1eed d\u1ee5ng:<\/strong>\u00a0ng\u0103n ng\u1eeba s\u1eed d\u1ee5ng, tr\u00e1o \u0111\u1ed5i s\u1ea3n ph\u1ea9m, v\u1eadt d\u1ee5ng \u0111\u00e3 b\u1ecb ni\u00eam phong. Ph\u00e1t hi\u1ec7n c\u00e1c tr\u01b0\u1eddng h\u1ee3p vi ph\u1ea1m quy \u0111\u1ecbnh ni\u00eam phong.<\/li>\n<\/ul>\n<p><img decoding=\"async\" loading=\"lazy\" class=\"alignnone wp-image-1845\" src=\"http:\/\/innhanh.ai\/wp-content\/uploads\/2023\/09\/tem-bao-hanh-tem-ruou-2.jpg\" alt=\"\" width=\"1549\" height=\"938\" \/><\/p>\n<p><strong>\u00a0&#8212;&#8212;&#8212;&#8212;&#8212;&#8212;&#8212;&#8212;&#8212;&#8212;&#8212;&#8212;&#8212;&#8212;&#8212;&#8212;&#8212;&#8212;&#8212;&#8212;&#8212;&#8212;&#8212;&#8212;&#8212;&#8212;&#8212;&#8212;&#8212;&#8212;&#8212;&#8212;&#8212;&#8212;&#8212;&#8212;&#8211;<\/strong><\/p>\n<p><strong>LI\u00caN H\u1ec6 D\u1ecaCH V\u1ee4 IN NHANH TEM V\u1ee0 &#8211; TEM NI\u00caM PHONG GI\u00c1 R\u1eba T\u1ea0I TP HCM.<\/strong><\/p>\n<ul>\n<li><b>D\u1ecaCH V\u1ee4 IN NHANH AIPRINT\u00a0<\/b><\/li>\n<li><strong>Hotline:<\/strong>\u00a008 2828 3366 \u2013 083 850 3366<\/li>\n<li><strong>Website:<\/strong>\u00a0<a href=\"https:\/\/innhanh.ai\/\">www.innhanh.ai<\/a> \u2013 <a href=\"https:\/\/aiprint.vn\/\">www.aiprint.vn<\/a><\/li>\n<li><strong>Email:<\/strong>\u00a0lienhe@innhanh.Ai \u2013 aiprint.vn@gmail.com<\/li>\n<li><strong>Fanpage:<\/strong>\u00a0<a href=\"https:\/\/www.facebook.com\/aiprint.vn\/\">https:\/\/www.facebook.com\/aiprint.vn<\/a><\/li>\n<li><strong>\u0110\u1ecba ch\u1ec9:\u00a0<\/strong>\u00a057 V\u0169 Tr\u1ecdng Ph\u1ee5ng, Ph\u01b0\u1eddng T\u00e2n Th\u00e0nh, Qu\u1eadn T\u00e2n Ph\u00fa, TP. H\u1ed3 Ch\u00ed Minh.<\/li>\n<\/ul>\n<p><img decoding=\"async\" loading=\"lazy\" class=\"alignnone size-full wp-image-1138\" src=\"http:\/\/innhanh.ai\/wp-content\/uploads\/2023\/09\/1134-01.jpg\" alt=\"\" width=\"1922\" height=\"401\" \/><\/p>\n<div class=\"blog-share text-center\"><\/div>\n<div class=\"blog-share text-center\"><\/div>\n","protected":false},"excerpt":{"rendered":"<div class=\"block-price-details\">\n<div class=\"box-price-details\">\n<p><span class=\"new-price-details\"><span class=\"p-from\"><span style=\"color: #0000ff;\">IN NHANH<\/span> Gi\u00e1 ch\u1ec9 t\u1eeb <\/span>\u00a0<strong><span style=\"color: #ff0000;\">200<\/span><\/strong><span style=\"color: #0000ff;\">\/con tem.<\/span><\/span><\/p>\n<table class=\"table table-bordered\" style=\"height: 192px;\" width=\"562\">\n<tbody>\n<tr>\n<td><b>\u2705 Ch\u1ea5t Li\u1ec7u<\/b><\/td>\n<td>\u2b50Decal\u00a0 Tem B\u1ec3 ,..<\/td>\n<\/tr>\n<tr>\n<td><b>\u2705 Thi\u1ebft K\u1ebf<\/b><\/td>\n<td>\u2b50 Chuy\u00ean nghi\u1ec7p, tu\u1ef3 ch\u1ec9nh theo nhu c\u1ea7u kh\u00e1ch h\u00e0ng<\/td>\n<\/tr>\n<tr>\n<td><b>\u2705 Gia C\u00f4ng<\/b><\/td>\n<td>\u2b50\u00a0C\u00e1n m\u00e0ng b\u00f3ng, c\u00e1n m\u00e0ng m\u1edd, c\u1eaft b\u1ebf, \u00e9p,&#8230;<\/td>\n<\/tr>\n<tr>\n<td><b>\u2705 K\u00edch Th\u01b0\u1edbc<\/b><\/td>\n<td>\u2b50 \u0110a d\u1ea1ng, \u0111i\u1ec1u ch\u1ec9nh theo y\u00eau c\u1ea7u c\u1ee7a kh\u00e1ch h\u00e0ng<\/td>\n<\/tr>\n<tr>\n<td><b>\u2705 Chi Ph\u00ed<\/b><\/td>\n<td>\u2b50 Gi\u00e1 c\u1ea3 c\u1ea1nh tranh, ti\u1ebft ki\u1ec7m<\/td>\n<\/tr>\n<tr>\n<td><b>\u2705 Giao H\u00e0ng<\/b><\/td>\n<td>\u2b50 Nhanh ch\u00f3ng<\/td>\n<\/tr>\n<\/tbody>\n<\/table>\n<\/div>\n<\/div>\n<ul>\n<li><span style=\"color: #800000; font-size: 110%;\"><span style=\"color: #ff0000;\">\u0110\u1eb7t In : 0828283366 &#8211; 0838503366<\/span><\/span><\/li>\n<li><span style=\"color: #0000ff; font-size: 110%;\">Email: lienhe@innhanh.ai<\/span><\/li>\n<\/ul>\n<p>&nbsp;<\/p>\n","protected":false},"featured_media":468,"comment_status":"open","ping_status":"closed","template":"","meta":{"_monsterinsights_skip_tracking":false,"_monsterinsights_sitenote_active":false,"_monsterinsights_sitenote_note":"","_monsterinsights_sitenote_category":0},"product_cat":[47],"product_tag":[],"aioseo_notices":[],"_links":{"self":[{"href":"https:\/\/innhanh.ai\/index.php\/wp-json\/wp\/v2\/product\/435"}],"collection":[{"href":"https:\/\/innhanh.ai\/index.php\/wp-json\/wp\/v2\/product"}],"about":[{"href":"https:\/\/innhanh.ai\/index.php\/wp-json\/wp\/v2\/types\/product"}],"replies":[{"embeddable":true,"href":"https:\/\/innhanh.ai\/index.php\/wp-json\/wp\/v2\/comments?post=435"}],"wp:featuredmedia":[{"embeddable":true,"href":"https:\/\/innhanh.ai\/index.php\/wp-json\/wp\/v2\/media\/468"}],"wp:attachment":[{"href":"https:\/\/innhanh.ai\/index.php\/wp-json\/wp\/v2\/media?parent=435"}],"wp:term":[{"taxonomy":"product_cat","embeddable":true,"href":"https:\/\/innhanh.ai\/index.php\/wp-json\/wp\/v2\/product_cat?post=435"},{"taxonomy":"product_tag","embeddable":true,"href":"https:\/\/innhanh.ai\/index.php\/wp-json\/wp\/v2\/product_tag?post=435"}],"curies":[{"name":"wp","href":"https:\/\/api.w.org\/{rel}","templated":true}]}}