{"id":443,"date":"2023-09-18T11:45:47","date_gmt":"2023-09-18T10:45:47","guid":{"rendered":"https:\/\/innhanh.ai\/?post_type=product&#038;p=443"},"modified":"2025-01-09T11:18:54","modified_gmt":"2025-01-09T11:18:54","slug":"in-nhanh-decal-xi-vang","status":"publish","type":"product","link":"https:\/\/innhanh.ai\/index.php\/product\/in-nhanh-decal-xi-vang\/","title":{"rendered":"IN NHANH DECAL XI V\u00c0NG"},"content":{"rendered":"<h1 style=\"text-align: center;\"><span style=\"font-size: 110%;\"><strong>TH\u00d4NG TIN S\u1ea2N PH\u1ea8M :<\/strong><\/span><\/h1>\n<p><span style=\"font-size: 110%;\"><strong>\u2013 Ch\u1ea5t li\u1ec7u<\/strong> gi\u1ea5y decal xi \u0111\u1ebf v\u00e0ng .<\/span><\/p>\n<p><span style=\"font-size: 110%;\"><b>\u2013\u00a0<span lang=\"VI\">In Decal gi\u1ea5y<\/span><\/b>\u00a0\u0111\u01b0\u1ee3c in v\u1edbi k\u1ef9 thu\u1eadt in nhanh tr\u00ean c\u00e1c d\u00f2ng m\u00e1y in nhanh hi\u1ec7n \u0111\u1ea1i m\u00e0u s\u1eafc chu\u1ea9n .<\/span><\/p>\n<p><span style=\"font-size: 110%;\"><b>\u2013\u00a0<span lang=\"VI\">C\u00e1n M\u00e0ng\u00a0\u00a0<\/span><\/b>\u00a0decal sau khi in xong s\u1ebd \u0111\u01b0\u1ee3c c\u00e1n m\u00e0ng m\u1edd,<span lang=\"VI\">\u00a0c\u00e1n m\u00e0ng b\u00f3ng theo y\u00eau c\u1ea7u c\u1ee7a kh\u00e1ch h\u00e0ng\u00a0<\/span>\u00a0gi\u00fap t\u0103ng \u0111\u1ed9 b\u1ec1n c\u0169ng nh\u01b0 v\u1ebb \u0111\u1eb9p cho\u00a0<span lang=\"VI\">nh\u00e3n d\u00e1n<\/span>.<\/span><\/p>\n<p><span style=\"font-size: 110%;\"><strong>-B\u1ebf Demi<\/strong>\u00a0theo y\u00eau c\u1ea7u gi\u00fap kh\u00e1ch h\u00e0ng d\u1ec5 d\u00e0ng b\u00f3c t\u00e1ch ra \u0111\u1ec3 d\u00e1n l\u00ean s\u1ea3n ph\u1ea9m m\u1ed9t c\u00e1ch nhanh nh\u1ea5t .<\/span><\/p>\n<p><img decoding=\"async\" loading=\"lazy\" class=\"alignnone wp-image-1113\" src=\"http:\/\/innhanh.ai\/wp-content\/uploads\/2023\/09\/in-decal-xi-gia-re-nhat-1_1597047034.jpg\" alt=\"\" width=\"386\" height=\"299\" \/> \u00a0<img decoding=\"async\" loading=\"lazy\" class=\"alignnone wp-image-1115\" src=\"http:\/\/innhanh.ai\/wp-content\/uploads\/2023\/09\/d6bc8e357ceec1490cc0f7e908d2a877.jpg\" alt=\"\" width=\"384\" height=\"297\" \/> <img decoding=\"async\" loading=\"lazy\" class=\"alignnone wp-image-1116\" src=\"http:\/\/innhanh.ai\/wp-content\/uploads\/2023\/09\/dc-xi.jpg\" alt=\"\" width=\"419\" height=\"297\" \/><\/p>\n<ul>\n<li><span style=\"font-size: 110%;\">B\u1ebf theo d\u1ea1ng\u00a0 h\u00ecnh tr\u00f2n:\u00a0<img decoding=\"async\" loading=\"lazy\" class=\"alignnone wp-image-797\" src=\"http:\/\/innhanh.ai\/wp-content\/uploads\/2023\/09\/hinh-tron-aiprint.png\" alt=\"\" width=\"49\" height=\"49\" \/>\u00a0K\u00edch th\u01b0\u1edbc (cm) : 2\u00d72; 3\u00d73; 4\u00d74; 5\u00d75; 6\u00d76;\u2026 k\u00edch th\u01b0\u1edbc theo file.<\/span><\/li>\n<li><span style=\"font-size: 110%;\">B\u1ebf theo d\u1ea1ng\u00a0 h\u00ecnh vu\u00f4ng :\u00a0<img decoding=\"async\" loading=\"lazy\" class=\"alignnone wp-image-798\" src=\"http:\/\/innhanh.ai\/wp-content\/uploads\/2023\/09\/hinh-vuong-aiprint.png\" alt=\"\" width=\"52\" height=\"52\" \/>\u00a0 K\u00edch th\u01b0\u1edbc (cm) : 2\u00d72; 3\u00d73; 4\u00d74; 5\u00d75; 6\u00d76;\u2026 k\u00edch th\u01b0\u1edbc theo file.<\/span><\/li>\n<li><span style=\"font-size: 110%;\">B\u1ebf theo d\u1ea1ng\u00a0 h\u00ecnh ch\u1eef nh\u1eadt :<img decoding=\"async\" loading=\"lazy\" class=\"alignnone wp-image-799\" src=\"http:\/\/innhanh.ai\/wp-content\/uploads\/2023\/09\/hinh-chu-nhat-aiprint.png\" alt=\"\" width=\"55\" height=\"55\" \/>\u00a0K\u00edch th\u01b0\u1edbc : (cm) 11\u00d77; 12\u00d77; 14.5\u00d79; 19\u00d712; 4\u00d72; 5\u00d73; 6\u00d74; 7\u00d75; ;7\u00d72; 8\u00d76 .<\/span><\/li>\n<li><span style=\"font-size: 110%;\">B\u1ebf\u00a0 h\u00ecnh theo file kh\u00e1ch h\u00e0ng\u00a0 :\u00a0\u00a0<img decoding=\"async\" loading=\"lazy\" class=\"alignnone wp-image-800\" src=\"http:\/\/innhanh.ai\/wp-content\/uploads\/2023\/09\/hinh-theo-file-aiprint.png\" alt=\"\" width=\"72\" height=\"72\" \/>\u00a0k\u00edch th\u01b0\u1edbc (cm) : theo y\u00eau c\u1ea7u<\/span><\/li>\n<\/ul>\n<p><img decoding=\"async\" loading=\"lazy\" class=\"alignnone size-full wp-image-2453\" src=\"http:\/\/innhanh.ai\/wp-content\/uploads\/2024\/07\/tran-vien-01.jpg\" alt=\"\" width=\"2481\" height=\"1589\" \/><\/p>\n<h3 style=\"font-weight: 400;\"><span style=\"font-size: 110%;\"><b><strong>Decal xi v\u00e0ng l\u00e0 g\u00ec?<\/strong><\/b><\/span><\/h3>\n<p style=\"font-weight: 400;\"><span style=\"font-size: 110%;\">Decal xi n\u00f3i chung hay decal xi v\u00e0ng n\u00f3i ri\u00eang l\u00e0 decal d\u00e1n \u0111\u01b0\u1ee3c ph\u1ee7 m\u1ed9t ho\u1eb7c nh\u00ecu l\u1edbp h\u1ee3p ch\u1ea5t c\u00f3 m\u00e0u v\u00e0ng b\u00f3ng, \u00e1nh kim. Th\u01b0\u1eddng d\u00f9ng cho c\u00e1c th\u01b0\u01a1ng hi\u1ec7u \u0111i\u1ec7n t\u1eed, m\u1ef9 ph\u1ea9m, trang s\u1ee9c \u0111\u1ec3 t\u00f4n l\u00ean s\u1ef1 sang tr\u1ecdng v\u00e0 \u0111\u1eb3ng c\u1ea5p c\u1ee7a 2 b\u00ean b\u00e1n-mua !!!<\/span><\/p>\n<h3 style=\"font-weight: 400;\"><span style=\"font-size: 110%;\"><b><strong>\u01afu v\u00e0 nh\u01b0\u1ee3c \u0111i\u1ec3m c\u1ee7a decal xi v\u00e0ng<\/strong><\/b><\/span><\/h3>\n<p style=\"font-weight: 400;\"><span style=\"font-size: 110%;\"><b><strong>\u01afu \u0111i\u1ec3m<\/strong><\/b><\/span><\/p>\n<p style=\"font-weight: 400;\"><span style=\"font-size: 110%;\">Trong th\u1eddi \u0111i\u1ec3m n\u1ec1n kinh t\u1ebf \u0111ang ph\u00e1t tri\u1ec3n, s\u1ef1 thay \u0111\u1ed5i lu\u00f4n di\u1ec5n ra h\u1eb1ng ng\u00e0y, ch\u00fang ta lu\u00f4n c\u1ea7n s\u1ef1 b\u1ee9t ph\u00e1 c\u0169ng nh\u01b0 kh\u1eb3ng \u0111\u1ecbnh th\u01b0\u01a1ng hi\u1ec7u m\u1ed9t c\u00e1ch b\u1ec1n v\u1eefng v\u00e0 l\u00e2u d\u00e0i.<\/span><\/p>\n<p style=\"font-weight: 400;\"><span style=\"font-size: 110%;\">Lu\u00f4n \u0111\u1ea1i di\u1ec7n cho \u0111\u1eb3ng c\u1ea5p, qu\u00fd ph\u00e1i v\u00e0 s\u1ef1 xa x\u1ec9,decal xi v\u00e0ng lu\u00f4n cu\u1ed1n h\u00fat m\u1ecdi \u00e1nh m\u1eaft v\u00e0 s\u1ef1 ch\u00fa \u00fd c\u1ee7a m\u1ecdi ng\u01b0\u1eddi xung quanh, nh\u1eefng s\u1ea3n ph\u1ea9m \u0111\u01b0\u1ee3c kho\u00e1c l\u00ean m\u00ecnh m\u1ed9t l\u1edbp decal v\u00e0ng s\u1ebd hi\u1ec3n th\u1ecb v\u00e0 bi\u1ec3u tr\u01b0ng cho s\u1ef1 \u0111\u1eb3ng c\u1ea5p c\u1ee7a doanh nghi\u1ec7p,nh\u00e0 \u0111\u1ea7u t\u01b0, v\u00e0 l\u00e0 m\u1ed9t \u0111i\u1ec3m l\u1edbn cho s\u1ef1 cao c\u1ea5p c\u1ee7a s\u1ea3n ph\u1ea9m,n\u00f3i l\u00ean gi\u00e1 tr\u1ecb c\u1ee7a ng\u01b0\u1eddi mua v\u00e0 s\u1ef1 tinh t\u01b0\u1eddng trong vi\u1ec7c l\u1ef1a ch\u1ecdn s\u1ea3n ph\u1ea9m c\u1ee7a ng\u01b0\u1eddi d\u00f9ng.<\/span><\/p>\n<p style=\"font-weight: 400;\"><span style=\"font-size: 110%;\"><b><strong>Nh\u01b0\u1ee3c \u0111i\u1ec3m<\/strong><\/b><\/span><\/p>\n<p style=\"font-weight: 400;\"><span style=\"font-size: 110%;\">M\u1ed9t trong nh\u1eefng ch\u1ea5t li\u1ec7u decal c\u00f3 gi\u00e1 th\u00e0nh cao b\u1eadc nh\u1ea5t, c\u0169ng nh\u01b0 b\u1ebf r\u1ea5t l\u00e2u n\u00ean c\u0169ng d\u1eabn \u0111\u1ebfn lo\u1ea1i m\u1ef1c in c\u0169ng ph\u1ea3i l\u00e0 lo\u1ea1i t\u1ed1t nh\u1ea5t v\u00e0 m\u1eafc nh\u1ea5t.<\/span><\/p>\n<p style=\"font-weight: 400;\"><span style=\"font-size: 110%;\">\u0110\u1ed9 hao m\u00f2n m\u00e1y m\u00f3c c\u0169ng thu\u1ed9c d\u1ea1ng l\u1edbn nh\u1ea5t.<\/span><\/p>\n<p style=\"font-weight: 400;\"><span style=\"font-size: 110%;\">\u0110\u00f2i h\u1ecfi ng\u01b0\u1eddi d\u00f9ng ph\u1ea3i th\u1eadt k\u0129 c\u00e0ng trong vi\u1ec7c l\u1ef1a ch\u1ecdn c\u01a1 s\u1edf thi c\u00f4ng v\u00e0 s\u1ea3n xu\u1ea5t.<\/span><\/p>\n<p style=\"font-weight: 400;\"><span style=\"font-size: 110%;\"><b><strong>C\u1ea5u t\u1ea1o c\u1ee7a decal xi v\u00e0ng<\/strong><\/b><\/span><\/p>\n<p style=\"font-weight: 400;\"><span style=\"font-size: 110%;\">Decal xi v\u00e0ng \u0111\u01b0\u1ee3c c\u1ea5u t\u1ea1o t\u1eeb 3 l\u1edbp:<\/span><\/p>\n<p style=\"font-weight: 400;\"><span style=\"font-size: 110%;\">L\u1edbp ngo\u00e0i \u0111\u01b0\u1ee3c ph\u1ee7 l\u00ean m\u1ed9t l\u1edbp PET-P m\u00e0u v\u00e0ng, l\u00e0 m\u1ed9t lo\u1ea1i nh\u1ef1a an to\u00e0n kh\u00f4ng \u1ea3nh h\u01b0\u1edfng t\u1edbi s\u1ee9c kh\u1ecfe v\u00e0 m\u00f4i tr\u01b0\u1eddng.<\/span><\/p>\n<p style=\"font-weight: 400;\"><span style=\"font-size: 110%;\">L\u1edbp th\u1ee9 2 l\u00e0 l\u1edbp keo Crylic cho \u0111\u1ed9 b\u00e1m v\u00e0 kh\u00e1ng d\u1ea7u kh\u00e1ng n\u01b0\u1edbc cao, m\u1ed9t trong nh\u1eefng \u0111i\u1ec3m t\u1ea1o n\u00ean \u0111\u1ed9 ch\u1eafc ch\u1eafn cho decal xi v\u00e0ng.<\/span><\/p>\n<p style=\"font-weight: 400;\"><span style=\"font-size: 110%;\">L\u1edbp cu\u1ed1i c\u00f9ng\u00a0 l\u00e0 l\u1edbp \u0111\u1ebf t\u1eeb gi\u1ea5y kraft ph\u1ee7 pe.<\/span><\/p>\n<p style=\"font-weight: 400;\"><span style=\"font-size: 110%;\"><b><strong>\u1ee9ng d\u1ee5ng c\u1ee7a decal xi v\u00e0ng trong cu\u1ed9c s\u1ed1ng.<\/strong><\/b><\/span><\/p>\n<p style=\"font-weight: 400;\"><span style=\"font-size: 110%;\">Nh\u1edd s\u1ef1 b\u1eaft m\u1eaft v\u00e0 t\u0103ng v\u1ebb sang tr\u1ecdng cho s\u1ea3n ph\u1ea9m, decal xi v\u00e0ng th\u01b0\u1eddng \u0111\u01b0\u1ee3c s\u1eed d\u1ee5ng cho c\u00e1c s\u1ea3n ph\u1ea9m v\u00e0 d\u1ef1 \u00e1n cao c\u1ea5p.<\/span><\/p>\n<p style=\"font-weight: 400;\"><span style=\"font-size: 110%;\">M\u1ef9 ph\u1ea9m,s\u1ea3n ph\u1ea9m th\u1eddi trang cao c\u1ea5p&#8230;<\/span><\/p>\n<p style=\"font-weight: 400;\"><span style=\"font-size: 110%;\">\u0110\u1ed3 \u0111i\u1ec7n gia d\u1ee5ng,d\u1ee5ng c\u1ee5 thi\u1ebft b\u1ecb \u0111i\u1ec7n t\u1eed.<\/span><\/p>\n<p><img decoding=\"async\" loading=\"lazy\" class=\"alignnone wp-image-1114\" src=\"http:\/\/innhanh.ai\/wp-content\/uploads\/2023\/09\/240531226_1820633724789947_3420878079477174843_n.jpg\" alt=\"\" width=\"1324\" height=\"1324\" \/><\/p>\n<h3><span style=\"font-size: 110%;\"><b>Decal xi \u0111\u1ebf v\u00e0ng c\u00f3 t\u00e1c d\u1ee5ng :\u00a0<\/b><\/span><\/h3>\n<ul>\n<li><span lang=\"VI\" style=\"font-size: 110%;\">L\u1edbp keo ch\u1eafc ch\u1eafn c\u00f3 \u0111\u1ed9 b\u1ec1n cao v\u00e0 kh\u00f4ng d\u1ec5 x\u00e9 r\u00e1ch<\/span><\/li>\n<li><span lang=\"VI\" style=\"font-size: 110%;\">Ti\u1ec7n l\u1ee3i d\u1ec5 d\u00e0ng khi s\u1eed d\u1ee5ng, in nhanh v\u1edbi s\u1ed1 l\u01b0\u1ee3ng linh \u0111\u1ed9ng<\/span><\/li>\n<li><span style=\"font-size: 110%;\">Cung c\u1ea5p \u0111\u1ea7y \u0111\u1ee7 th\u00f4ng tin<span lang=\"VI\">\u00a0s\u1ea3n ph\u1ea9m<\/span>\u00a0<span lang=\"VI\">cho kh\u00e1ch h\u00e0ng<\/span>\u00a0v\u1ec1 ch\u1ea5t l\u01b0\u1ee3ng ngu\u1ed3n g\u1ed1c c\u1ee7a h\u00e0ng h\u00f3a<span lang=\"VI\">.<\/span><\/span><\/li>\n<li><span style=\"font-size: 110%;\">Qu\u1ea3ng b\u00e1 h\u00ecnh \u1ea3nh doanh nghi\u1ec7p<span lang=\"VI\">, th\u1ec3 hi\u1ec7n s\u1ef1 chuy\u00ean nghi\u1ec7p trong kinh doanh.<\/span><\/span><\/li>\n<li><span style=\"font-size: 110%;\">T\u1ea1o s\u1ef1 c\u1ea1nh tranh cho s\u1ea3n ph\u1ea9m v\u1edbi c\u00e1c th\u01b0\u01a1ng hi\u1ec7u kh\u00e1c tr\u00ean th\u1ecb tr\u01b0\u1eddng<span lang=\"VI\">.<\/span><\/span><\/li>\n<li><span style=\"font-size: 110%;\"><span lang=\"VI\">Kh\u1eb3ng \u0111\u1ecbnh gi\u00e1 tr\u1ecb<\/span>\u00a0th\u01b0\u01a1ng hi\u1ec7u v\u00e0 th\u00fac \u0111\u1ea9y s\u1ef1 l\u1ef1a ch\u1ecdn c\u1ee7a ng\u01b0\u1eddi ti\u00eau d\u00f9n<span lang=\"VI\">g.<\/span><\/span><\/li>\n<\/ul>\n<p><span style=\"font-size: 110%;\"><strong>\u00a0\u2014\u2014\u2014\u2014\u2014\u2014\u2014\u2014\u2014\u2014\u2014\u2014\u2014\u2014\u2014\u2014\u2014<\/strong><\/span><\/p>\n<ul>\n<li><span style=\"font-size: 110%;\"><b>D\u1ecaCH V\u1ee4 IN NHANH AIPRINT\u00a0<\/b><\/span><\/li>\n<li><span style=\"font-size: 110%;\"><strong>Hotline:<\/strong>\u00a008 2828 3366 \u2013 083 850 3366<\/span><\/li>\n<li><span style=\"font-size: 110%;\"><strong>Website:<\/strong>\u00a0<a href=\"https:\/\/innhanh.ai\/\">www.innhanh.ai<\/a>\u00a0\u2013\u00a0<a href=\"https:\/\/aiprint.vn\/\">www.aiprint.vn<\/a><\/span><\/li>\n<li><span style=\"font-size: 110%;\"><strong>Email:<\/strong>\u00a0lienhe@innhanh.Ai \u2013 aiprint.vn@gmail.com<\/span><\/li>\n<li><span style=\"font-size: 110%;\"><strong>Fanpage:<\/strong>\u00a0<a href=\"https:\/\/www.facebook.com\/aiprint.vn\/\">https:\/\/www.facebook.com\/aiprint.vn<\/a><\/span><\/li>\n<li><span style=\"font-size: 110%;\"><strong>\u0110\u1ecba ch\u1ec9:\u00a0<\/strong>\u00a057 V\u0169 Tr\u1ecdng Ph\u1ee5ng, Ph\u01b0\u1eddng T\u00e2n Th\u00e0nh, Qu\u1eadn T\u00e2n Ph\u00fa, TP. H\u1ed3 Ch\u00ed Minh.<\/span><\/li>\n<\/ul>\n<p><img decoding=\"async\" loading=\"lazy\" class=\"alignnone size-full wp-image-1138\" src=\"http:\/\/innhanh.ai\/wp-content\/uploads\/2023\/09\/1134-01.jpg\" alt=\"\" width=\"1922\" height=\"401\" \/><\/p>\n","protected":false},"excerpt":{"rendered":"<div class=\"block-price-details\">\n<div class=\"box-price-details\">\n<div class=\"block-price-details\">\n<div class=\"box-price-details\">\n<p><span class=\"new-price-details\"><span class=\"p-from\"><span style=\"color: #0000ff;\">IN NHANH<\/span> Gi\u00e1 ch\u1ec9 t\u1eeb <\/span>\u00a0<strong><span style=\"color: #ff0000;\">300\u0111<\/span><\/strong><span style=\"color: #0000ff;\">\/con tem.<\/span><\/span><\/p>\n<table class=\"table table-bordered\" style=\"height: 192px;\" width=\"562\">\n<tbody>\n<tr>\n<td><b>\u2705 Ch\u1ea5t Li\u1ec7u<\/b><\/td>\n<td>\u2b50Decal\u00a0 xi b\u1ea1c,..<\/td>\n<\/tr>\n<tr>\n<td><b>\u2705 Thi\u1ebft K\u1ebf<\/b><\/td>\n<td>\u2b50 Chuy\u00ean nghi\u1ec7p, tu\u1ef3 ch\u1ec9nh theo nhu c\u1ea7u kh\u00e1ch h\u00e0ng<\/td>\n<\/tr>\n<tr>\n<td><b>\u2705 Gia C\u00f4ng<\/b><\/td>\n<td>\u2b50\u00a0C\u00e1n m\u00e0ng b\u00f3ng, c\u00e1n m\u00e0ng m\u1edd, c\u1eaft b\u1ebf, \u00e9p,&#8230;<\/td>\n<\/tr>\n<tr>\n<td><b>\u2705 K\u00edch Th\u01b0\u1edbc<\/b><\/td>\n<td>\u2b50 \u0110a d\u1ea1ng, \u0111i\u1ec1u ch\u1ec9nh theo y\u00eau c\u1ea7u c\u1ee7a kh\u00e1ch h\u00e0ng<\/td>\n<\/tr>\n<tr>\n<td><b>\u2705 Chi Ph\u00ed<\/b><\/td>\n<td>\u2b50 Gi\u00e1 c\u1ea3 c\u1ea1nh tranh, ti\u1ebft ki\u1ec7m<\/td>\n<\/tr>\n<tr>\n<td><b>\u2705 Giao H\u00e0ng<\/b><\/td>\n<td>\u2b50 Nhanh ch\u00f3ng<\/td>\n<\/tr>\n<\/tbody>\n<\/table>\n<\/div>\n<\/div>\n<ul>\n<li><span style=\"color: #800000; font-size: 110%;\"><span style=\"color: #ff0000;\">\u0110\u1eb7t In : 0828283366 &#8211; 0868503366<\/span><\/span><\/li>\n<li><span style=\"color: #0000ff; font-size: 110%;\">Email: lienhe@innhanh.ai<\/span><\/li>\n<\/ul>\n<p>&nbsp;<\/p>\n<\/div>\n<\/div>\n<p>&nbsp;<\/p>\n","protected":false},"featured_media":1115,"comment_status":"open","ping_status":"closed","template":"","meta":{"_monsterinsights_skip_tracking":false,"_monsterinsights_sitenote_active":false,"_monsterinsights_sitenote_note":"","_monsterinsights_sitenote_category":0},"product_cat":[47],"product_tag":[],"aioseo_notices":[],"_links":{"self":[{"href":"https:\/\/innhanh.ai\/index.php\/wp-json\/wp\/v2\/product\/443"}],"collection":[{"href":"https:\/\/innhanh.ai\/index.php\/wp-json\/wp\/v2\/product"}],"about":[{"href":"https:\/\/innhanh.ai\/index.php\/wp-json\/wp\/v2\/types\/product"}],"replies":[{"embeddable":true,"href":"https:\/\/innhanh.ai\/index.php\/wp-json\/wp\/v2\/comments?post=443"}],"wp:featuredmedia":[{"embeddable":true,"href":"https:\/\/innhanh.ai\/index.php\/wp-json\/wp\/v2\/media\/1115"}],"wp:attachment":[{"href":"https:\/\/innhanh.ai\/index.php\/wp-json\/wp\/v2\/media?parent=443"}],"wp:term":[{"taxonomy":"product_cat","embeddable":true,"href":"https:\/\/innhanh.ai\/index.php\/wp-json\/wp\/v2\/product_cat?post=443"},{"taxonomy":"product_tag","embeddable":true,"href":"https:\/\/innhanh.ai\/index.php\/wp-json\/wp\/v2\/product_tag?post=443"}],"curies":[{"name":"wp","href":"https:\/\/api.w.org\/{rel}","templated":true}]}}