{"id":546,"date":"2023-09-22T10:54:29","date_gmt":"2023-09-22T09:54:29","guid":{"rendered":"https:\/\/innhanh.ai\/?post_type=product&#038;p=546"},"modified":"2025-01-16T07:15:12","modified_gmt":"2025-01-16T07:15:12","slug":"in-nhanh-decal-giay","status":"publish","type":"product","link":"https:\/\/innhanh.ai\/index.php\/product\/in-nhanh-decal-giay\/","title":{"rendered":"IN NHANH DECAL GI\u1ea4Y"},"content":{"rendered":"<h1 style=\"text-align: center;\"><span style=\"font-size: 110%;\"><strong>TH\u00d4NG TIN S\u1ea2N PH\u1ea8M :<\/strong><\/span><\/h1>\n<h3><span style=\"font-size: 110%;\"><strong>Gi\u1ea5y decal l\u00e0 g\u00ec?<\/strong><\/span><\/h3>\n<p><span style=\"font-size: 110%;\"><strong><u>Gi\u1ea5y decal l\u00e0<\/u>\u00a0<\/strong>lo\u1ea1i\u00a0<b>gi\u1ea5y<\/b>\u00a0d\u00e1n t\u1ef1 d\u00ednh, c\u00f3 l\u1edbp gi\u1ea5y \u0111\u1ebf b\u00ean d\u01b0\u1edbi, l\u1edbp keo \u1edf gi\u1eefa, b\u1ec1 m\u1eb7t l\u00e1ng b\u00f3ng \u0111\u01b0\u1ee3c in logo, nh\u00e3n hi\u1ec7u, tem nh\u00e3n, sticker r\u00f5 n\u00e9t \u0111\u1ec3 d\u00e1n l\u00ean v\u1eadt ph\u1ea9m, V\u1edbi c\u1ea5u t\u1ea1o v\u1eefng ch\u1eafc bao g\u1ed3m\u00a0<strong>4<\/strong>\u00a0l\u1edbp (l\u1edbp m\u1eb7t, l\u1edbp keo, l\u1edbp ng\u0103n c\u00e1ch d\u00ednh, l\u1edbp \u0111\u1ebf) gi\u00fap\u00a0<b>gi\u1ea5y decal<\/b>\u00a0\u0111\u01b0\u1ee3c in v\u1edbi h\u00ecnh \u1ea3nh t\u1ed1t r\u00f5 n\u00e9t b\u1ec1n b\u1ec9 d\u00ednh ch\u1eafc tr\u00ean m\u1ecdi b\u1ec1 m\u1eb7t \u1edf nhi\u1ec1u m\u00f4i tr\u01b0\u1eddng kh\u00e1c nhau d\u01b0\u1edbi s\u1ef1 t\u00e1c \u0111\u1ed9ng c\u1ee7a nhi\u1ec7t, \u00e1p l\u1ef1c..<\/span><\/p>\n<p><img decoding=\"async\" loading=\"lazy\" class=\"alignnone size-full wp-image-2361\" src=\"http:\/\/innhanh.ai\/wp-content\/uploads\/2024\/07\/ca6fd47fc2b630d57bc191cd8dc72b9e.jpg\" alt=\"\" width=\"2554\" height=\"2114\" \/><\/p>\n<h3><span style=\"font-size: 110%;\">C\u1ea5u t\u1ea1o gi\u1ea5y decal?<\/span><\/h3>\n<p><span style=\"font-size: 110%;\">Th\u00f4ng th\u01b0\u1eddng,\u00a0<b>decal gi\u1ea5y<\/b>\u00a0s\u1ebd c\u00f3 c\u1ea5u t\u1ea1o g\u1ed3m 4 l\u1edbp:<\/span><\/p>\n<p><span style=\"font-size: 110%;\"><img decoding=\"async\" loading=\"lazy\" class=\"alignnone size-full wp-image-1816 aligncenter\" src=\"http:\/\/innhanh.ai\/wp-content\/uploads\/2023\/09\/decal-la-gi-2-min.jpg\" alt=\"\" width=\"700\" height=\"400\" \/><\/span><\/p>\n<ul>\n<li><span style=\"font-size: 110%;\">L\u1edbp b\u1ec1 m\u1eb7t: \u0111\u01b0\u1ee3c l\u00e0m b\u1eb1ng nhi\u1ec1u ch\u1ea5t li\u1ec7u kh\u00e1c nhau nh\u01b0 kim lo\u1ea1i, nh\u1ef1a, gi\u1ea5y, v\u1ea3i,&#8230;<\/span><\/li>\n<li><span style=\"font-size: 110%;\">L\u1edbp keo: n\u1eb1m ph\u1ee7 l\u00ean m\u1eb7t \u0111\u00e1y c\u1ee7a l\u1edbp b\u1ec1 m\u1eb7t;<\/span><\/li>\n<li><span style=\"font-size: 110%;\">L\u1edbp ng\u0103n c\u00e1ch d\u00ednh: s\u1ebd gi\u00fap ng\u0103n l\u1edbp keo d\u00ednh ch\u1eb7t v\u00e0o l\u1edbp b\u1ea3o v\u1ec7;<\/span><\/li>\n<li><span style=\"font-size: 110%;\">L\u1edbp b\u1ea3o v\u1ec7 keo: hay c\u00f2n \u0111\u01b0\u1ee3c g\u1ecdi l\u00e0 l\u1edbp \u0111\u1ebf. Khi c\u00f3 nhu c\u1ea7u s\u1eed d\u1ee5ng ng\u01b0\u1eddi d\u00f9ng m\u1edbi ti\u1ebfn h\u00e0nh l\u1ed9t l\u1edbp b\u1ea3o v\u1ec7 keo.<\/span><\/li>\n<\/ul>\n<p><span style=\"font-size: 110%;\"><img decoding=\"async\" loading=\"lazy\" class=\"alignnone wp-image-1818\" src=\"http:\/\/innhanh.ai\/wp-content\/uploads\/2023\/09\/Sbc6b6d69c5284189a3fce36072e50dd7A.jpg_720x720q80.jpg\" alt=\"\" width=\"1012\" height=\"1012\" \/><\/span><\/p>\n<h3><span style=\"font-size: 110%;\"><b>&#8211; <\/b><b>Decal nh\u00e3n gi\u1ea5y c\u00f3 t\u00e1c d\u1ee5ng :\u00a0<\/b><\/span><\/h3>\n<ul>\n<li><span lang=\"VI\" style=\"font-size: 110%;\">L\u1edbp keo ch\u1eafc ch\u1eafn d\u1ec5 d\u00e0ng thao t\u00e1c d\u00e1n l\u00ean s\u1ea3n ph\u1ea9m.<\/span><\/li>\n<li><span lang=\"VI\" style=\"font-size: 110%;\">Ti\u1ec7n l\u1ee3i d\u1ec5 d\u00e0ng khi s\u1eed d\u1ee5ng, in nhanh v\u1edbi s\u1ed1 l\u01b0\u1ee3ng linh \u0111\u1ed9ng<\/span><\/li>\n<li><span style=\"font-size: 110%;\">Cung c\u1ea5p \u0111\u1ea7y \u0111\u1ee7 th\u00f4ng tin<span lang=\"VI\">\u00a0s\u1ea3n ph\u1ea9m<\/span>\u00a0<span lang=\"VI\">cho kh\u00e1ch h\u00e0ng<\/span>\u00a0v\u1ec1 ch\u1ea5t l\u01b0\u1ee3ng ngu\u1ed3n g\u1ed1c c\u1ee7a h\u00e0ng h\u00f3a<span lang=\"VI\">.<\/span><\/span><\/li>\n<li><span style=\"font-size: 110%;\">Qu\u1ea3ng b\u00e1 h\u00ecnh \u1ea3nh doanh nghi\u1ec7p<span lang=\"VI\">, th\u1ec3 hi\u1ec7n s\u1ef1 chuy\u00ean nghi\u1ec7p trong kinh doanh.<\/span><\/span><\/li>\n<li><span style=\"font-size: 110%;\">T\u1ea1o s\u1ef1 c\u1ea1nh tranh cho s\u1ea3n ph\u1ea9m v\u1edbi c\u00e1c th\u01b0\u01a1ng hi\u1ec7u kh\u00e1c tr\u00ean th\u1ecb tr\u01b0\u1eddng<span lang=\"VI\">.<\/span><\/span><\/li>\n<li><span style=\"font-size: 110%;\"><span lang=\"VI\">Kh\u1eb3ng \u0111\u1ecbnh gi\u00e1 tr\u1ecb<\/span>\u00a0th\u01b0\u01a1ng hi\u1ec7u v\u00e0 th\u00fac \u0111\u1ea9y s\u1ef1 l\u1ef1a ch\u1ecdn c\u1ee7a ng\u01b0\u1eddi ti\u00eau d\u00f9n<span lang=\"VI\">g.<\/span><\/span><\/li>\n<\/ul>\n<p><span style=\"font-size: 110%;\">\u00a0\u00a0<\/span><\/p>\n<p><img decoding=\"async\" loading=\"lazy\" class=\"alignnone size-full wp-image-2453\" src=\"http:\/\/innhanh.ai\/wp-content\/uploads\/2024\/07\/tran-vien-01.jpg\" alt=\"\" width=\"2481\" height=\"1589\" \/><\/p>\n<p>&nbsp;<\/p>\n<p>&nbsp;<\/p>\n<p>&nbsp;<\/p>\n<p>&nbsp;<\/p>\n<p><span style=\"font-size: 110%;\"><img decoding=\"async\" loading=\"lazy\" class=\"alignnone size-full wp-image-1817\" src=\"http:\/\/innhanh.ai\/wp-content\/uploads\/2023\/09\/352-scaled.jpg\" alt=\"\" width=\"1775\" height=\"2560\" \/><\/span><\/p>\n<p>&nbsp;<\/p>\n<ul>\n<li><b>D\u1ecaCH V\u1ee4 IN NHANH AIPRINT\u00a0<\/b><\/li>\n<li><strong>Hotline:<\/strong>\u00a008 2828 3366 \u2013 083 850 3366<\/li>\n<li><strong>Website:<\/strong>\u00a0<a href=\"https:\/\/innhanh.ai\/\">www.innhanh.ai<\/a>\u00a0\u2013\u00a0<a href=\"https:\/\/aiprint.vn\/\">www.aiprint.vn<\/a><\/li>\n<li><strong>Email:<\/strong>\u00a0lienhe@innhanh.Ai \u2013 aiprint.vn@gmail.com<\/li>\n<li><strong>Fanpage:<\/strong>\u00a0<a href=\"https:\/\/www.facebook.com\/aiprint.vn\/\">https:\/\/www.facebook.com\/aiprint.vn<\/a><\/li>\n<li><strong>\u0110\u1ecba ch\u1ec9:\u00a0<\/strong>\u00a057 V\u0169 Tr\u1ecdng Ph\u1ee5ng, Ph\u01b0\u1eddng T\u00e2n Th\u00e0nh, Qu\u1eadn T\u00e2n Ph\u00fa, TP. H\u1ed3 Ch\u00ed Minh.<\/li>\n<\/ul>\n<p><span style=\"font-size: 110%;\"><img decoding=\"async\" loading=\"lazy\" class=\"alignnone size-full wp-image-1138\" src=\"http:\/\/innhanh.ai\/wp-content\/uploads\/2023\/09\/1134-01.jpg\" alt=\"\" width=\"1922\" height=\"401\" \/><\/span><\/p>\n<p style=\"text-align: center;\">\n","protected":false},"excerpt":{"rendered":"<div class=\"block-price-details\">\n<div class=\"box-price-details\"><span class=\"new-price-details\"><span class=\"p-from\"><span style=\"color: #0000ff;\"><strong>IN NHANH<\/strong><\/span> Gi\u00e1 Ch\u1ec9 t\u1eeb<\/span> <strong><span style=\"color: #ff0000;\">50\u0111<\/span><span style=\"color: #0000ff;\">\/con tem.<\/span><\/strong><\/span><\/div>\n<div>\n<div class=\"block-price-details\">\n<div class=\"box-price-details\">\n<table class=\"table table-bordered\" style=\"height: 192px;\" width=\"562\">\n<tbody>\n<tr>\n<td><b>\u2705 Ch\u1ea5t Li\u1ec7u<\/b><\/td>\n<td>\u2b50Decal Gi\u1ea5y &#8230;<\/td>\n<\/tr>\n<tr>\n<td><b>\u2705 Thi\u1ebft K\u1ebf<\/b><\/td>\n<td>\u2b50 Chuy\u00ean nghi\u1ec7p, tu\u1ef3 ch\u1ec9nh theo nhu c\u1ea7u kh\u00e1ch h\u00e0ng<\/td>\n<\/tr>\n<tr>\n<td><b>\u2705 Gia C\u00f4ng<\/b><\/td>\n<td>\u2b50\u00a0C\u00e1n m\u00e0ng b\u00f3ng, c\u00e1n m\u00e0ng m\u1edd, c\u1eaft b\u1ebf, \u00e9p,&#8230;<\/td>\n<\/tr>\n<tr>\n<td><b>\u2705 K\u00edch Th\u01b0\u1edbc<\/b><\/td>\n<td>\u2b50 \u0110a d\u1ea1ng, \u0111i\u1ec1u ch\u1ec9nh theo y\u00eau c\u1ea7u c\u1ee7a kh\u00e1ch h\u00e0ng<\/td>\n<\/tr>\n<tr>\n<td><b>\u2705 Chi Ph\u00ed<\/b><\/td>\n<td>\u2b50 Gi\u00e1 c\u1ea3 c\u1ea1nh tranh, ti\u1ebft ki\u1ec7m<\/td>\n<\/tr>\n<tr>\n<td><b>\u2705 Giao H\u00e0ng<\/b><\/td>\n<td>\u2b50 Nhanh ch\u00f3ng<\/td>\n<\/tr>\n<\/tbody>\n<\/table>\n<\/div>\n<\/div>\n<ul>\n<li><span style=\"color: #800000; font-size: 110%;\"><span style=\"color: #ff0000;\">\u0110\u1eb7t In : 0828283366 &#8211; 0838503366<\/span><\/span><\/li>\n<li><span style=\"color: #0000ff; font-size: 110%;\">Email: lienhe@innhanh.ai<\/span><\/li>\n<\/ul>\n<p>&nbsp;<\/p>\n<\/div>\n<\/div>\n","protected":false},"featured_media":1118,"comment_status":"open","ping_status":"closed","template":"","meta":{"_monsterinsights_skip_tracking":false,"_monsterinsights_sitenote_active":false,"_monsterinsights_sitenote_note":"","_monsterinsights_sitenote_category":0},"product_cat":[47],"product_tag":[],"aioseo_notices":[],"_links":{"self":[{"href":"https:\/\/innhanh.ai\/index.php\/wp-json\/wp\/v2\/product\/546"}],"collection":[{"href":"https:\/\/innhanh.ai\/index.php\/wp-json\/wp\/v2\/product"}],"about":[{"href":"https:\/\/innhanh.ai\/index.php\/wp-json\/wp\/v2\/types\/product"}],"replies":[{"embeddable":true,"href":"https:\/\/innhanh.ai\/index.php\/wp-json\/wp\/v2\/comments?post=546"}],"wp:featuredmedia":[{"embeddable":true,"href":"https:\/\/innhanh.ai\/index.php\/wp-json\/wp\/v2\/media\/1118"}],"wp:attachment":[{"href":"https:\/\/innhanh.ai\/index.php\/wp-json\/wp\/v2\/media?parent=546"}],"wp:term":[{"taxonomy":"product_cat","embeddable":true,"href":"https:\/\/innhanh.ai\/index.php\/wp-json\/wp\/v2\/product_cat?post=546"},{"taxonomy":"product_tag","embeddable":true,"href":"https:\/\/innhanh.ai\/index.php\/wp-json\/wp\/v2\/product_tag?post=546"}],"curies":[{"name":"wp","href":"https:\/\/api.w.org\/{rel}","templated":true}]}}